{"id":1054,"date":"2022-05-02T10:56:36","date_gmt":"2022-05-02T08:56:36","guid":{"rendered":"https:\/\/hooliganelf.pl\/?post_type=product&#038;p=1054"},"modified":"2026-01-06T16:17:50","modified_gmt":"2026-01-06T15:17:50","slug":"lesny-zbawiciel","status":"publish","type":"product","link":"http:\/\/hooliganelf.pl\/en\/shop\/skladaki-podarunkowe\/lesny-zbawiciel\/","title":{"rendered":"Zestaw Le\u015bny Zbawiciel"},"content":{"rendered":"<p>Le\u015bny Zbawiciel to taki ma\u0142y, praktyczny gang wielozadaniowych agent\u00f3w spod jasnej gwiazdy.<\/p>\n<p>Dla tych, co ju\u017c znaj\u0105 moje zami\u0142owanie do wielozadaniowo\u015bci nie trza t\u0142umaczy\u0107, \u017ce z tymi trzema ziomkami daleko w las zajdziesz i przy wielu misjach oka\u017c\u0105 si\u0119 bardzo pomocni.<\/p>\n<p style=\"text-align: center;\">Przedstawiam:<\/p>\n<p><strong>Czyste B\u0142oto<\/strong> &#8211; mieszanina arcy-delikatnej acz mocarnej bia\u0142ej glinki z olejami, krzemem, nagietkiem i niauli. Myj\u0105, \u0142agodz\u0105, dezynfekuj\u0105 i piel\u0119gnuj\u0105. Twarz, z\u0119by, miejsca intymne. Rany, wysypki, obrz\u0119ki.\u00a0 Naturalna prostota i konkretna skuteczno\u015b\u0107. S\u0105 doniesienia, o goleniu brody nim. Osobiscie myj\u0119 nim \u015bwie\u017ce tatua\u017ce i nie wyobra\u017cam sobie ju\u017c innej opcji..Wiecej o nim<a href=\"https:\/\/hooliganelf.pl\/en\/shop\/praktyczne-mazidla\/czyste-bloto\/\"> tu<\/a><\/p>\n<p><strong>Sun Essence lub Earth Aroma<\/strong>&#8211;\u00a0 olej z pestek winogron i szajka olejk\u00f3w eterycznych dobranych tak, \u017ceby ludzie chcieli by\u0107 blisko a komary i kleszcze dawa\u0142y drapaka, oby dalej. Do piel\u0119gnacji cia\u0142a i w\u0142os\u00f3w, do perfumowania si\u0119, do masowania. Wi\u0119cej poczytasz <a href=\"https:\/\/hooliganelf.pl\/en\/shop\/praktyczne-mazidla\/sun-essence\/\">tu<\/a><\/p>\n<p><strong>Salvation Balm 15ml <\/strong>\u00a0&#8211; ma\u0142y taki, niepozorny, ale moc czerpie z ca\u0142ego pszczelego roju. Nadal odkrywam jego mo\u017cliwe zastosowania. Przede wszystkim instant piel\u0119gnacja i ukojenie- suchych ust, sw\u0119dzenia, pieczenia, podra\u017cnionych od smarkania nozdrzy.. drobne ranki ,ugryzienia komar\u00f3w, suche sk\u00f3rki na paznokciach.. no ja tam zawsze mam go gdzie\u015b w kieszeni, jeden w samochodzie i jeden w plecaku na wszelki, gdyby tamte dwa si\u0119 zgubily. Wi\u0119cej o nim <a href=\"https:\/\/hooliganelf.pl\/en\/shop\/praktyczne-mazidla\/salvation-balm\/\">tutaj<\/a><\/p>\n<p>Tak\u017ce taki zestawik mo\u017cesz sprezentowa\u0107 sobie albo innemu ludzikowi, m\u0119\u017cczy\u017anie, kobiecie czy kosmicie.<\/p>\n<p>&nbsp;<\/p>\n<p>&nbsp;<\/p>\n<blockquote><p>&nbsp;<\/p><\/blockquote>","protected":false},"excerpt":{"rendered":"<p>Le\u015bny Zbawiciel to taki ma\u0142y, praktyczny gang wielozadaniowych agent\u00f3w spod jasnej gwiazdy. Dla tych, co ju\u017c znaj\u0105 moje zami\u0142owanie do wielozadaniowo\u015bci nie trza t\u0142umaczy\u0107, \u017ce z tymi trzema ziomkami daleko w las zajdziesz i przy wielu misjach oka\u017c\u0105 si\u0119 bardzo pomocni. Przedstawiam: Czyste B\u0142oto &#8211; mieszanina arcy-delikatnej acz mocarnej bia\u0142ej glinki z olejami, krzemem, nagietkiem i niauli. Myj\u0105, \u0142agodz\u0105, dezynfekuj\u0105 i piel\u0119gnuj\u0105. Twarz, z\u0119by, miejsca intymne. Rany, wysypki, obrz\u0119ki.\u00a0 Naturalna prostota i konkretna skuteczno\u015b\u0107. S\u0105 doniesienia, o goleniu brody nim. Osobiscie myj\u0119 nim \u015bwie\u017ce tatua\u017ce i nie wyobra\u017cam sobie ju\u017c innej opcji..Wiecej o nim tu Sun Essence lub Earth Aroma&#8211;\u00a0 olej z pestek winogron i szajka olejk\u00f3w eterycznych dobranych tak, \u017ceby ludzie chcieli by\u0107 blisko a komary i kleszcze dawa\u0142y drapaka, oby dalej. Do piel\u0119gnacji cia\u0142a i w\u0142os\u00f3w, do perfumowania si\u0119, do masowania. Wi\u0119cej poczytasz tu Salvation Balm 15ml \u00a0&#8211; ma\u0142y taki, niepozorny, ale moc czerpie z ca\u0142ego pszczelego roju. Nadal odkrywam jego mo\u017cliwe zastosowania. Przede wszystkim instant piel\u0119gnacja i ukojenie- suchych ust, sw\u0119dzenia, pieczenia, podra\u017cnionych od smarkania nozdrzy.. drobne ranki ,ugryzienia komar\u00f3w, suche sk\u00f3rki na paznokciach.. no ja tam zawsze mam go gdzie\u015b w kieszeni, jeden w samochodzie i jeden w plecaku na wszelki, gdyby tamte dwa si\u0119 zgubily. Wi\u0119cej o nim tutaj Tak\u017ce taki zestawik mo\u017cesz sprezentowa\u0107 sobie albo innemu ludzikowi, m\u0119\u017cczy\u017anie, kobiecie czy kosmicie. &nbsp; &nbsp; &nbsp;<\/p>","protected":false},"featured_media":1055,"comment_status":"open","ping_status":"closed","template":"","meta":[],"product_brand":[],"product_cat":[45,19],"product_tag":[],"class_list":{"0":"post-1054","1":"product","2":"type-product","3":"status-publish","4":"has-post-thumbnail","6":"product_cat-nowosci","7":"product_cat-skladaki-podarunkowe","9":"first","10":"instock","11":"sale","12":"shipping-taxable","13":"purchasable","14":"product-type-variable"},"yoast_head":"<!-- This site is optimized with the Yoast SEO plugin v27.3 - https:\/\/yoast.com\/product\/yoast-seo-wordpress\/ -->\n<title>Zestaw Le\u015bny Zbawiciel - Hooligan Elf<\/title>\n<meta name=\"robots\" content=\"index, follow, max-snippet:-1, max-image-preview:large, max-video-preview:-1\" \/>\n<link rel=\"canonical\" href=\"https:\/\/hooliganelf.pl\/en\/shop\/skladaki-podarunkowe\/lesny-zbawiciel\/\" \/>\n<meta property=\"og:locale\" content=\"en_GB\" \/>\n<meta property=\"og:type\" content=\"article\" \/>\n<meta property=\"og:title\" content=\"Zestaw Le\u015bny Zbawiciel - Hooligan Elf\" \/>\n<meta property=\"og:description\" content=\"Le\u015bny Zbawiciel to taki ma\u0142y, praktyczny gang wielozadaniowych agent\u00f3w spod jasnej gwiazdy. Dla tych, co ju\u017c znaj\u0105 moje zami\u0142owanie do wielozadaniowo\u015bci nie trza t\u0142umaczy\u0107, \u017ce z tymi trzema ziomkami daleko w las zajdziesz i przy wielu misjach oka\u017c\u0105 si\u0119 bardzo pomocni. Przedstawiam: Czyste B\u0142oto &#8211; mieszanina arcy-delikatnej acz mocarnej bia\u0142ej glinki z olejami, krzemem, nagietkiem i niauli. Myj\u0105, \u0142agodz\u0105, dezynfekuj\u0105 i piel\u0119gnuj\u0105. Twarz, z\u0119by, miejsca intymne. Rany, wysypki, obrz\u0119ki.\u00a0 Naturalna prostota i konkretna skuteczno\u015b\u0107. S\u0105 doniesienia, o goleniu brody nim. Osobiscie myj\u0119 nim \u015bwie\u017ce tatua\u017ce i nie wyobra\u017cam sobie ju\u017c innej opcji..Wiecej o nim tu Sun Essence lub Earth Aroma&#8211;\u00a0 olej z pestek winogron i szajka olejk\u00f3w eterycznych dobranych tak, \u017ceby ludzie chcieli by\u0107 blisko a komary i kleszcze dawa\u0142y drapaka, oby dalej. Do piel\u0119gnacji cia\u0142a i w\u0142os\u00f3w, do perfumowania si\u0119, do masowania. Wi\u0119cej poczytasz tu Salvation Balm 15ml \u00a0&#8211; ma\u0142y taki, niepozorny, ale moc czerpie z ca\u0142ego pszczelego roju. Nadal odkrywam jego mo\u017cliwe zastosowania. Przede wszystkim instant piel\u0119gnacja i ukojenie- suchych ust, sw\u0119dzenia, pieczenia, podra\u017cnionych od smarkania nozdrzy.. drobne ranki ,ugryzienia komar\u00f3w, suche sk\u00f3rki na paznokciach.. no ja tam zawsze mam go gdzie\u015b w kieszeni, jeden w samochodzie i jeden w plecaku na wszelki, gdyby tamte dwa si\u0119 zgubily. Wi\u0119cej o nim tutaj Tak\u017ce taki zestawik mo\u017cesz sprezentowa\u0107 sobie albo innemu ludzikowi, m\u0119\u017cczy\u017anie, kobiecie czy kosmicie. &nbsp; &nbsp; &nbsp;\" \/>\n<meta property=\"og:url\" content=\"https:\/\/hooliganelf.pl\/en\/shop\/skladaki-podarunkowe\/lesny-zbawiciel\/\" \/>\n<meta property=\"og:site_name\" content=\"Hooligan Elf\" \/>\n<meta property=\"article:publisher\" content=\"https:\/\/www.facebook.com\/HooliganElf\/\" \/>\n<meta property=\"article:modified_time\" content=\"2026-01-06T15:17:50+00:00\" \/>\n<meta property=\"og:image\" content=\"https:\/\/hooliganelf.pl\/wp-content\/uploads\/2022\/05\/lesny-zbawiciel.jpg\" \/>\n\t<meta property=\"og:image:width\" content=\"1798\" \/>\n\t<meta property=\"og:image:height\" content=\"2542\" \/>\n\t<meta property=\"og:image:type\" content=\"image\/jpeg\" \/>\n<meta name=\"twitter:card\" content=\"summary_large_image\" \/>\n<meta name=\"twitter:label1\" content=\"Estimated reading time\" \/>\n\t<meta name=\"twitter:data1\" content=\"2 minutes\" \/>\n<script type=\"application\/ld+json\" class=\"yoast-schema-graph\">{\"@context\":\"https:\\\/\\\/schema.org\",\"@graph\":[{\"@type\":\"WebPage\",\"@id\":\"https:\\\/\\\/hooliganelf.pl\\\/shop\\\/skladaki-podarunkowe\\\/lesny-zbawiciel\\\/\",\"url\":\"https:\\\/\\\/hooliganelf.pl\\\/shop\\\/skladaki-podarunkowe\\\/lesny-zbawiciel\\\/\",\"name\":\"Zestaw Le\u015bny Zbawiciel - Hooligan Elf\",\"isPartOf\":{\"@id\":\"https:\\\/\\\/hooliganelf.pl\\\/#website\"},\"primaryImageOfPage\":{\"@id\":\"https:\\\/\\\/hooliganelf.pl\\\/shop\\\/skladaki-podarunkowe\\\/lesny-zbawiciel\\\/#primaryimage\"},\"image\":{\"@id\":\"https:\\\/\\\/hooliganelf.pl\\\/shop\\\/skladaki-podarunkowe\\\/lesny-zbawiciel\\\/#primaryimage\"},\"thumbnailUrl\":\"https:\\\/\\\/hooliganelf.pl\\\/wp-content\\\/uploads\\\/2022\\\/05\\\/lesny-zbawiciel.jpg\",\"datePublished\":\"2022-05-02T08:56:36+00:00\",\"dateModified\":\"2026-01-06T15:17:50+00:00\",\"breadcrumb\":{\"@id\":\"https:\\\/\\\/hooliganelf.pl\\\/shop\\\/skladaki-podarunkowe\\\/lesny-zbawiciel\\\/#breadcrumb\"},\"inLanguage\":\"en-GB\",\"potentialAction\":[{\"@type\":\"ReadAction\",\"target\":[\"https:\\\/\\\/hooliganelf.pl\\\/shop\\\/skladaki-podarunkowe\\\/lesny-zbawiciel\\\/\"]}]},{\"@type\":\"ImageObject\",\"inLanguage\":\"en-GB\",\"@id\":\"https:\\\/\\\/hooliganelf.pl\\\/shop\\\/skladaki-podarunkowe\\\/lesny-zbawiciel\\\/#primaryimage\",\"url\":\"https:\\\/\\\/hooliganelf.pl\\\/wp-content\\\/uploads\\\/2022\\\/05\\\/lesny-zbawiciel.jpg\",\"contentUrl\":\"https:\\\/\\\/hooliganelf.pl\\\/wp-content\\\/uploads\\\/2022\\\/05\\\/lesny-zbawiciel.jpg\",\"width\":1798,\"height\":2542},{\"@type\":\"BreadcrumbList\",\"@id\":\"https:\\\/\\\/hooliganelf.pl\\\/shop\\\/skladaki-podarunkowe\\\/lesny-zbawiciel\\\/#breadcrumb\",\"itemListElement\":[{\"@type\":\"ListItem\",\"position\":1,\"name\":\"Strona g\u0142\u00f3wna\",\"item\":\"https:\\\/\\\/hooliganelf.pl\\\/\"},{\"@type\":\"ListItem\",\"position\":2,\"name\":\"Stragan\",\"item\":\"https:\\\/\\\/hooliganelf.pl\\\/pl\\\/shop\\\/\"},{\"@type\":\"ListItem\",\"position\":3,\"name\":\"Zestaw Le\u015bny Zbawiciel\"}]},{\"@type\":\"WebSite\",\"@id\":\"https:\\\/\\\/hooliganelf.pl\\\/#website\",\"url\":\"https:\\\/\\\/hooliganelf.pl\\\/\",\"name\":\"Hooligan Elf\",\"description\":\"Le\u015bne wymys\u0142y dzikiej kobiety\",\"publisher\":{\"@id\":\"https:\\\/\\\/hooliganelf.pl\\\/#organization\"},\"potentialAction\":[{\"@type\":\"SearchAction\",\"target\":{\"@type\":\"EntryPoint\",\"urlTemplate\":\"https:\\\/\\\/hooliganelf.pl\\\/?s={search_term_string}\"},\"query-input\":{\"@type\":\"PropertyValueSpecification\",\"valueRequired\":true,\"valueName\":\"search_term_string\"}}],\"inLanguage\":\"en-GB\"},{\"@type\":\"Organization\",\"@id\":\"https:\\\/\\\/hooliganelf.pl\\\/#organization\",\"name\":\"Hooligan Elf\",\"url\":\"https:\\\/\\\/hooliganelf.pl\\\/\",\"logo\":{\"@type\":\"ImageObject\",\"inLanguage\":\"en-GB\",\"@id\":\"https:\\\/\\\/hooliganelf.pl\\\/#\\\/schema\\\/logo\\\/image\\\/\",\"url\":\"https:\\\/\\\/hooliganelf.pl\\\/wp-content\\\/uploads\\\/2021\\\/10\\\/logo-nowe-czarne-bez-tla.png\",\"contentUrl\":\"https:\\\/\\\/hooliganelf.pl\\\/wp-content\\\/uploads\\\/2021\\\/10\\\/logo-nowe-czarne-bez-tla.png\",\"width\":1278,\"height\":735,\"caption\":\"Hooligan Elf\"},\"image\":{\"@id\":\"https:\\\/\\\/hooliganelf.pl\\\/#\\\/schema\\\/logo\\\/image\\\/\"},\"sameAs\":[\"https:\\\/\\\/www.facebook.com\\\/HooliganElf\\\/\",\"https:\\\/\\\/www.instagram.com\\\/hooligan.elf\\\/\"]}]}<\/script>\n<!-- \/ Yoast SEO plugin. -->","yoast_head_json":{"title":"Zestaw Le\u015bny Zbawiciel - Hooligan Elf","robots":{"index":"index","follow":"follow","max-snippet":"max-snippet:-1","max-image-preview":"max-image-preview:large","max-video-preview":"max-video-preview:-1"},"canonical":"https:\/\/hooliganelf.pl\/en\/shop\/skladaki-podarunkowe\/lesny-zbawiciel\/","og_locale":"en_GB","og_type":"article","og_title":"Zestaw Le\u015bny Zbawiciel - Hooligan Elf","og_description":"Le\u015bny Zbawiciel to taki ma\u0142y, praktyczny gang wielozadaniowych agent\u00f3w spod jasnej gwiazdy. Dla tych, co ju\u017c znaj\u0105 moje zami\u0142owanie do wielozadaniowo\u015bci nie trza t\u0142umaczy\u0107, \u017ce z tymi trzema ziomkami daleko w las zajdziesz i przy wielu misjach oka\u017c\u0105 si\u0119 bardzo pomocni. Przedstawiam: Czyste B\u0142oto &#8211; mieszanina arcy-delikatnej acz mocarnej bia\u0142ej glinki z olejami, krzemem, nagietkiem i niauli. Myj\u0105, \u0142agodz\u0105, dezynfekuj\u0105 i piel\u0119gnuj\u0105. Twarz, z\u0119by, miejsca intymne. Rany, wysypki, obrz\u0119ki.\u00a0 Naturalna prostota i konkretna skuteczno\u015b\u0107. S\u0105 doniesienia, o goleniu brody nim. Osobiscie myj\u0119 nim \u015bwie\u017ce tatua\u017ce i nie wyobra\u017cam sobie ju\u017c innej opcji..Wiecej o nim tu Sun Essence lub Earth Aroma&#8211;\u00a0 olej z pestek winogron i szajka olejk\u00f3w eterycznych dobranych tak, \u017ceby ludzie chcieli by\u0107 blisko a komary i kleszcze dawa\u0142y drapaka, oby dalej. Do piel\u0119gnacji cia\u0142a i w\u0142os\u00f3w, do perfumowania si\u0119, do masowania. Wi\u0119cej poczytasz tu Salvation Balm 15ml \u00a0&#8211; ma\u0142y taki, niepozorny, ale moc czerpie z ca\u0142ego pszczelego roju. Nadal odkrywam jego mo\u017cliwe zastosowania. Przede wszystkim instant piel\u0119gnacja i ukojenie- suchych ust, sw\u0119dzenia, pieczenia, podra\u017cnionych od smarkania nozdrzy.. drobne ranki ,ugryzienia komar\u00f3w, suche sk\u00f3rki na paznokciach.. no ja tam zawsze mam go gdzie\u015b w kieszeni, jeden w samochodzie i jeden w plecaku na wszelki, gdyby tamte dwa si\u0119 zgubily. Wi\u0119cej o nim tutaj Tak\u017ce taki zestawik mo\u017cesz sprezentowa\u0107 sobie albo innemu ludzikowi, m\u0119\u017cczy\u017anie, kobiecie czy kosmicie. &nbsp; &nbsp; &nbsp;","og_url":"https:\/\/hooliganelf.pl\/en\/shop\/skladaki-podarunkowe\/lesny-zbawiciel\/","og_site_name":"Hooligan Elf","article_publisher":"https:\/\/www.facebook.com\/HooliganElf\/","article_modified_time":"2026-01-06T15:17:50+00:00","og_image":[{"width":1798,"height":2542,"url":"https:\/\/hooliganelf.pl\/wp-content\/uploads\/2022\/05\/lesny-zbawiciel.jpg","type":"image\/jpeg"}],"twitter_card":"summary_large_image","twitter_misc":{"Estimated reading time":"2 minutes"},"schema":{"@context":"https:\/\/schema.org","@graph":[{"@type":"WebPage","@id":"https:\/\/hooliganelf.pl\/shop\/skladaki-podarunkowe\/lesny-zbawiciel\/","url":"https:\/\/hooliganelf.pl\/shop\/skladaki-podarunkowe\/lesny-zbawiciel\/","name":"Zestaw Le\u015bny Zbawiciel - Hooligan Elf","isPartOf":{"@id":"https:\/\/hooliganelf.pl\/#website"},"primaryImageOfPage":{"@id":"https:\/\/hooliganelf.pl\/shop\/skladaki-podarunkowe\/lesny-zbawiciel\/#primaryimage"},"image":{"@id":"https:\/\/hooliganelf.pl\/shop\/skladaki-podarunkowe\/lesny-zbawiciel\/#primaryimage"},"thumbnailUrl":"https:\/\/hooliganelf.pl\/wp-content\/uploads\/2022\/05\/lesny-zbawiciel.jpg","datePublished":"2022-05-02T08:56:36+00:00","dateModified":"2026-01-06T15:17:50+00:00","breadcrumb":{"@id":"https:\/\/hooliganelf.pl\/shop\/skladaki-podarunkowe\/lesny-zbawiciel\/#breadcrumb"},"inLanguage":"en-GB","potentialAction":[{"@type":"ReadAction","target":["https:\/\/hooliganelf.pl\/shop\/skladaki-podarunkowe\/lesny-zbawiciel\/"]}]},{"@type":"ImageObject","inLanguage":"en-GB","@id":"https:\/\/hooliganelf.pl\/shop\/skladaki-podarunkowe\/lesny-zbawiciel\/#primaryimage","url":"https:\/\/hooliganelf.pl\/wp-content\/uploads\/2022\/05\/lesny-zbawiciel.jpg","contentUrl":"https:\/\/hooliganelf.pl\/wp-content\/uploads\/2022\/05\/lesny-zbawiciel.jpg","width":1798,"height":2542},{"@type":"BreadcrumbList","@id":"https:\/\/hooliganelf.pl\/shop\/skladaki-podarunkowe\/lesny-zbawiciel\/#breadcrumb","itemListElement":[{"@type":"ListItem","position":1,"name":"Strona g\u0142\u00f3wna","item":"https:\/\/hooliganelf.pl\/"},{"@type":"ListItem","position":2,"name":"Stragan","item":"https:\/\/hooliganelf.pl\/pl\/shop\/"},{"@type":"ListItem","position":3,"name":"Zestaw Le\u015bny Zbawiciel"}]},{"@type":"WebSite","@id":"https:\/\/hooliganelf.pl\/#website","url":"https:\/\/hooliganelf.pl\/","name":"Hooligan Elf","description":"Le\u015bne wymys\u0142y dzikiej kobiety","publisher":{"@id":"https:\/\/hooliganelf.pl\/#organization"},"potentialAction":[{"@type":"SearchAction","target":{"@type":"EntryPoint","urlTemplate":"https:\/\/hooliganelf.pl\/?s={search_term_string}"},"query-input":{"@type":"PropertyValueSpecification","valueRequired":true,"valueName":"search_term_string"}}],"inLanguage":"en-GB"},{"@type":"Organization","@id":"https:\/\/hooliganelf.pl\/#organization","name":"Hooligan Elf","url":"https:\/\/hooliganelf.pl\/","logo":{"@type":"ImageObject","inLanguage":"en-GB","@id":"https:\/\/hooliganelf.pl\/#\/schema\/logo\/image\/","url":"https:\/\/hooliganelf.pl\/wp-content\/uploads\/2021\/10\/logo-nowe-czarne-bez-tla.png","contentUrl":"https:\/\/hooliganelf.pl\/wp-content\/uploads\/2021\/10\/logo-nowe-czarne-bez-tla.png","width":1278,"height":735,"caption":"Hooligan Elf"},"image":{"@id":"https:\/\/hooliganelf.pl\/#\/schema\/logo\/image\/"},"sameAs":["https:\/\/www.facebook.com\/HooliganElf\/","https:\/\/www.instagram.com\/hooligan.elf\/"]}]}},"_links":{"self":[{"href":"http:\/\/hooliganelf.pl\/en\/wp-json\/wp\/v2\/product\/1054","targetHints":{"allow":["GET"]}}],"collection":[{"href":"http:\/\/hooliganelf.pl\/en\/wp-json\/wp\/v2\/product"}],"about":[{"href":"http:\/\/hooliganelf.pl\/en\/wp-json\/wp\/v2\/types\/product"}],"replies":[{"embeddable":true,"href":"http:\/\/hooliganelf.pl\/en\/wp-json\/wp\/v2\/comments?post=1054"}],"wp:featuredmedia":[{"embeddable":true,"href":"http:\/\/hooliganelf.pl\/en\/wp-json\/wp\/v2\/media\/1055"}],"wp:attachment":[{"href":"http:\/\/hooliganelf.pl\/en\/wp-json\/wp\/v2\/media?parent=1054"}],"wp:term":[{"taxonomy":"product_brand","embeddable":true,"href":"http:\/\/hooliganelf.pl\/en\/wp-json\/wp\/v2\/product_brand?post=1054"},{"taxonomy":"product_cat","embeddable":true,"href":"http:\/\/hooliganelf.pl\/en\/wp-json\/wp\/v2\/product_cat?post=1054"},{"taxonomy":"product_tag","embeddable":true,"href":"http:\/\/hooliganelf.pl\/en\/wp-json\/wp\/v2\/product_tag?post=1054"}],"curies":[{"name":"wp","href":"https:\/\/api.w.org\/{rel}","templated":true}]}}