{"id":2211,"date":"2023-08-12T18:17:33","date_gmt":"2023-08-12T16:17:33","guid":{"rendered":"https:\/\/hooliganelf.pl\/?post_type=product&#038;p=2211"},"modified":"2025-12-29T12:50:17","modified_gmt":"2025-12-29T11:50:17","slug":"marokanskie-pachnidla-w-kostce","status":"publish","type":"product","link":"http:\/\/hooliganelf.pl\/en\/shop\/praktyczne-mazidla\/marokanskie-pachnidla-w-kostce\/","title":{"rendered":"Maroka\u0144skie Pachnid\u0142o w kostce"},"content":{"rendered":"<p>Mroka\u0144skie pachnid\u0142a w kostce na bazie wosku pszczelego w ko\u0144cu s\u0105! S\u0105 i pachn\u0105 tak, \u017ce trudno w to uwierzy\u0107..<\/p>\n<p>\u015awietnie wywa\u017cone, intesywne ale nie przyt\u0142aczaj\u0105ce zapachy prosto z Maroko.<\/p>\n<p>&nbsp;<\/p>\n<p>Je\u015bli kiedy\u015b ju\u017c mia\u0142_\u015b okazj\u0119 mie\u0107 takie cu\u015b w r\u0119kach, ale nie powali\u0142o Ci\u0119 na kolana, bardzo prawdopodobnie by\u0142 to turystyczny bubel z parafiny- pachn\u0105cy, ale twardy jak kamie\u0144 nie pozostawiaj\u0105cy zapachu na sk\u00f3rze. Te\u017c si\u0119 na to da\u0142am nabra\u0107 i by\u0142am bardzo rozczarowana.<\/p>\n<p>&nbsp;<\/p>\n<p>ALE!<\/p>\n<p>&nbsp;<\/p>\n<p>Te tu cude\u0144ka maj\u0105 w bazie wosk pszczeli, dlatego smarowanie nimi sk\u00f3ry, w\u0142os\u00f3w\u00a0 ( dread\u00f3w!) i ubra\u0144 to\u00a0 pachn\u0105ca przyjemno\u015b\u0107.<\/p>\n<p>&nbsp;<\/p>\n<p>Nie pytaj, jakie w sk\u0142adzie ma ro\u015bliny, bo to wiedz\u0105 chyba tylko Berberzy z G\u00f3r Altasu, ale pewnikiem jest, ze jakiekolwiek ro\u015bliny tam sypi\u0105, to sypi\u0105 je g\u0119sto do oleju w celu maceracji i wyt\u0142aczania, bo to nie s\u0105 \u017cadne tam olejki eteryczne, tylko ekstrakty z ca\u0142ych ro\u015blin, dlatego ich zapach jest g\u0142\u0119bszy i utrzymuje si\u0119 d\u0142u\u017cej.<\/p>\n<p>&nbsp;<\/p>\n<p>Jak to pachnie, pytasz..<\/p>\n<p>Najlepiej by\u0142oby pow\u0105cha\u0107, ale postaram si\u0119 namalowa\u0107 s\u0142owami 2 dost\u0119pne na obecn\u0105 chwil\u0119 zapachy:<\/p>\n<p>&nbsp;<\/p>\n<p><strong>Pustynny Szyk<\/strong><\/p>\n<p><em>Czy da si\u0119 stan\u0105\u0107 jedn\u0105 nog\u0105 na pustyni, ale nie mie\u0107 piasku w kieszeniach przez miesi\u0105c? Pustynny Szyk to zapach, kt\u00f3ry zabiera w podr\u00f3\u017c po piaszczystych wydmach Sahary. G\u0142\u0119boki, lekko ostry zapach przynosi na my\u015bl pal\u0105ce S\u0142o\u0144ce dzikiego Maroko, prze\u0142amany s\u0142odk\u0105 nut\u0105 kontemplacji bezkresnego morza z\u0142ocistego piasku. G\u0142owa w chmurach i nogi zakopane w piasku po kostki- oto pustynny stan umys\u0142u.<\/em><\/p>\n<p>&nbsp;<\/p>\n<p><strong>Sen Nomada (NIEDOST\u0118PNY)<\/strong><\/p>\n<p><em>Jak pachnie sen lekki acz syc\u0105cy? Z\u0142o\u017cony z wielu kwiatowych nut zapach wybrzmiewa dojrza\u0142ym i stabilnym spokojem. S\u0142odycz przywo\u0142uje u\u015bmiech i beztrosk\u0105 akceptacj\u0119 chwili, bo przecie\u017c Tu i Teraz jest dobrze. Sen okazuje si\u0119 jaw\u0105- W\u0119dr\u00f3wka dobieg\u0142a ko\u0144ca, oto Jeste\u015b na miejscu, mo\u017cesz ju\u017c zluzowa\u0107 szarawary.<\/em><\/p>\n<p>&nbsp;<\/p>\n<p><strong>Ka\u017cda kostka spakowana jest w lniany woreczek<\/strong><\/p>\n<p><strong>Gdziekolwiek jej nie w\u0142o\u017cysz, b\u0119dzie roztacza\u0107 swoje mistyczne fluidy.<\/strong><\/p>","protected":false},"excerpt":{"rendered":"<p>Mroka\u0144skie pachnid\u0142a w kostce na bazie wosku pszczelego w ko\u0144cu s\u0105! S\u0105 i pachn\u0105 tak, \u017ce trudno w to uwierzy\u0107.. \u015awietnie wywa\u017cone, intesywne ale nie przyt\u0142aczaj\u0105ce zapachy prosto z Maroko. &nbsp; Je\u015bli kiedy\u015b ju\u017c mia\u0142_\u015b okazj\u0119 mie\u0107 takie cu\u015b w r\u0119kach, ale nie powali\u0142o Ci\u0119 na kolana, bardzo prawdopodobnie by\u0142 to turystyczny bubel z parafiny- pachn\u0105cy, ale twardy jak kamie\u0144 nie pozostawiaj\u0105cy zapachu na sk\u00f3rze. Te\u017c si\u0119 na to da\u0142am nabra\u0107 i by\u0142am bardzo rozczarowana. &nbsp; ALE! &nbsp; Te tu cude\u0144ka maj\u0105 w bazie wosk pszczeli, dlatego smarowanie nimi sk\u00f3ry, w\u0142os\u00f3w\u00a0 ( dread\u00f3w!) i ubra\u0144 to\u00a0 pachn\u0105ca przyjemno\u015b\u0107. &nbsp; Nie pytaj, jakie w sk\u0142adzie ma ro\u015bliny, bo to wiedz\u0105 chyba tylko Berberzy z G\u00f3r Altasu, ale pewnikiem jest, ze jakiekolwiek ro\u015bliny tam sypi\u0105, to sypi\u0105 je g\u0119sto do oleju w celu maceracji i wyt\u0142aczania, bo to nie s\u0105 \u017cadne tam olejki eteryczne, tylko ekstrakty z ca\u0142ych ro\u015blin, dlatego ich zapach jest g\u0142\u0119bszy i utrzymuje si\u0119 d\u0142u\u017cej. &nbsp; Jak to pachnie, pytasz.. Najlepiej by\u0142oby pow\u0105cha\u0107, ale postaram si\u0119 namalowa\u0107 s\u0142owami 2 dost\u0119pne na obecn\u0105 chwil\u0119 zapachy: &nbsp; Pustynny Szyk Czy da si\u0119 stan\u0105\u0107 jedn\u0105 nog\u0105 na pustyni, ale nie mie\u0107 piasku w kieszeniach przez miesi\u0105c? Pustynny Szyk to zapach, kt\u00f3ry zabiera w podr\u00f3\u017c po piaszczystych wydmach Sahary. G\u0142\u0119boki, lekko ostry zapach przynosi na my\u015bl pal\u0105ce S\u0142o\u0144ce dzikiego Maroko, prze\u0142amany s\u0142odk\u0105 nut\u0105 kontemplacji bezkresnego morza z\u0142ocistego piasku. G\u0142owa w chmurach i nogi zakopane w piasku po kostki- oto pustynny stan umys\u0142u. &nbsp; Sen Nomada (NIEDOST\u0118PNY) Jak pachnie sen lekki acz syc\u0105cy? Z\u0142o\u017cony z wielu kwiatowych nut zapach wybrzmiewa dojrza\u0142ym i stabilnym spokojem. S\u0142odycz przywo\u0142uje u\u015bmiech i beztrosk\u0105 akceptacj\u0119 chwili, bo przecie\u017c Tu i Teraz jest dobrze. Sen okazuje si\u0119 jaw\u0105- W\u0119dr\u00f3wka dobieg\u0142a ko\u0144ca, oto Jeste\u015b na miejscu, mo\u017cesz ju\u017c zluzowa\u0107 szarawary. &nbsp; Ka\u017cda kostka spakowana jest w lniany woreczek Gdziekolwiek jej nie w\u0142o\u017cysz, b\u0119dzie roztacza\u0107 swoje mistyczne fluidy.<\/p>","protected":false},"featured_media":2214,"comment_status":"open","ping_status":"closed","template":"","meta":[],"product_brand":[],"product_cat":[45,18],"product_tag":[],"class_list":{"0":"post-2211","1":"product","2":"type-product","3":"status-publish","4":"has-post-thumbnail","6":"product_cat-nowosci","7":"product_cat-praktyczne-mazidla","9":"first","10":"outofstock","11":"sale","12":"shipping-taxable","13":"purchasable","14":"product-type-variable","15":"has-default-attributes"},"yoast_head":"<!-- This site is optimized with the Yoast SEO plugin v27.3 - https:\/\/yoast.com\/product\/yoast-seo-wordpress\/ -->\n<title>maroka\u0144skie perfumy w kostce www.hooliganelf.pl hooligan elf<\/title>\n<meta name=\"description\" content=\"Maroka\u0144skie pachnid\u0142a w kostce na bazie wosku pszczelego do perfumowania sk\u00f3ry, w\u0142os\u00f3w, dead\u00f3w i ubra\u0144\" \/>\n<meta name=\"robots\" content=\"index, follow, max-snippet:-1, max-image-preview:large, max-video-preview:-1\" \/>\n<link rel=\"canonical\" href=\"https:\/\/hooliganelf.pl\/en\/shop\/praktyczne-mazidla\/marokanskie-pachnidla-w-kostce\/\" \/>\n<meta property=\"og:locale\" content=\"en_GB\" \/>\n<meta property=\"og:type\" content=\"article\" \/>\n<meta property=\"og:title\" content=\"maroka\u0144skie perfumy w kostce www.hooliganelf.pl hooligan elf\" \/>\n<meta property=\"og:description\" content=\"Maroka\u0144skie pachnid\u0142a w kostce na bazie wosku pszczelego do perfumowania sk\u00f3ry, w\u0142os\u00f3w, dead\u00f3w i ubra\u0144\" \/>\n<meta property=\"og:url\" content=\"https:\/\/hooliganelf.pl\/en\/shop\/praktyczne-mazidla\/marokanskie-pachnidla-w-kostce\/\" \/>\n<meta property=\"og:site_name\" content=\"Hooligan Elf\" \/>\n<meta property=\"article:publisher\" content=\"https:\/\/www.facebook.com\/HooliganElf\/\" \/>\n<meta property=\"article:modified_time\" content=\"2025-12-29T11:50:17+00:00\" \/>\n<meta property=\"og:image\" content=\"https:\/\/hooliganelf.pl\/wp-content\/uploads\/2023\/08\/Screenshot_20230812_163331_com.instagram.android.jpg\" \/>\n\t<meta property=\"og:image:width\" content=\"875\" \/>\n\t<meta property=\"og:image:height\" content=\"1169\" \/>\n\t<meta property=\"og:image:type\" content=\"image\/jpeg\" \/>\n<meta name=\"twitter:card\" content=\"summary_large_image\" \/>\n<meta name=\"twitter:label1\" content=\"Estimated reading time\" \/>\n\t<meta name=\"twitter:data1\" content=\"2 minutes\" \/>\n<script type=\"application\/ld+json\" class=\"yoast-schema-graph\">{\"@context\":\"https:\\\/\\\/schema.org\",\"@graph\":[{\"@type\":\"WebPage\",\"@id\":\"https:\\\/\\\/hooliganelf.pl\\\/shop\\\/praktyczne-mazidla\\\/marokanskie-pachnidla-w-kostce\\\/\",\"url\":\"https:\\\/\\\/hooliganelf.pl\\\/shop\\\/praktyczne-mazidla\\\/marokanskie-pachnidla-w-kostce\\\/\",\"name\":\"maroka\u0144skie perfumy w kostce www.hooliganelf.pl hooligan elf\",\"isPartOf\":{\"@id\":\"https:\\\/\\\/hooliganelf.pl\\\/#website\"},\"primaryImageOfPage\":{\"@id\":\"https:\\\/\\\/hooliganelf.pl\\\/shop\\\/praktyczne-mazidla\\\/marokanskie-pachnidla-w-kostce\\\/#primaryimage\"},\"image\":{\"@id\":\"https:\\\/\\\/hooliganelf.pl\\\/shop\\\/praktyczne-mazidla\\\/marokanskie-pachnidla-w-kostce\\\/#primaryimage\"},\"thumbnailUrl\":\"https:\\\/\\\/hooliganelf.pl\\\/wp-content\\\/uploads\\\/2023\\\/08\\\/Screenshot_20230812_163331_com.instagram.android.jpg\",\"datePublished\":\"2023-08-12T16:17:33+00:00\",\"dateModified\":\"2025-12-29T11:50:17+00:00\",\"description\":\"Maroka\u0144skie pachnid\u0142a w kostce na bazie wosku pszczelego do perfumowania sk\u00f3ry, w\u0142os\u00f3w, dead\u00f3w i ubra\u0144\",\"breadcrumb\":{\"@id\":\"https:\\\/\\\/hooliganelf.pl\\\/shop\\\/praktyczne-mazidla\\\/marokanskie-pachnidla-w-kostce\\\/#breadcrumb\"},\"inLanguage\":\"en-GB\",\"potentialAction\":[{\"@type\":\"ReadAction\",\"target\":[\"https:\\\/\\\/hooliganelf.pl\\\/shop\\\/praktyczne-mazidla\\\/marokanskie-pachnidla-w-kostce\\\/\"]}]},{\"@type\":\"ImageObject\",\"inLanguage\":\"en-GB\",\"@id\":\"https:\\\/\\\/hooliganelf.pl\\\/shop\\\/praktyczne-mazidla\\\/marokanskie-pachnidla-w-kostce\\\/#primaryimage\",\"url\":\"https:\\\/\\\/hooliganelf.pl\\\/wp-content\\\/uploads\\\/2023\\\/08\\\/Screenshot_20230812_163331_com.instagram.android.jpg\",\"contentUrl\":\"https:\\\/\\\/hooliganelf.pl\\\/wp-content\\\/uploads\\\/2023\\\/08\\\/Screenshot_20230812_163331_com.instagram.android.jpg\",\"width\":875,\"height\":1169},{\"@type\":\"BreadcrumbList\",\"@id\":\"https:\\\/\\\/hooliganelf.pl\\\/shop\\\/praktyczne-mazidla\\\/marokanskie-pachnidla-w-kostce\\\/#breadcrumb\",\"itemListElement\":[{\"@type\":\"ListItem\",\"position\":1,\"name\":\"Strona g\u0142\u00f3wna\",\"item\":\"https:\\\/\\\/hooliganelf.pl\\\/\"},{\"@type\":\"ListItem\",\"position\":2,\"name\":\"Stragan\",\"item\":\"https:\\\/\\\/hooliganelf.pl\\\/pl\\\/shop\\\/\"},{\"@type\":\"ListItem\",\"position\":3,\"name\":\"Maroka\u0144skie Pachnid\u0142o w kostce\"}]},{\"@type\":\"WebSite\",\"@id\":\"https:\\\/\\\/hooliganelf.pl\\\/#website\",\"url\":\"https:\\\/\\\/hooliganelf.pl\\\/\",\"name\":\"Hooligan Elf\",\"description\":\"Le\u015bne wymys\u0142y dzikiej kobiety\",\"publisher\":{\"@id\":\"https:\\\/\\\/hooliganelf.pl\\\/#organization\"},\"potentialAction\":[{\"@type\":\"SearchAction\",\"target\":{\"@type\":\"EntryPoint\",\"urlTemplate\":\"https:\\\/\\\/hooliganelf.pl\\\/?s={search_term_string}\"},\"query-input\":{\"@type\":\"PropertyValueSpecification\",\"valueRequired\":true,\"valueName\":\"search_term_string\"}}],\"inLanguage\":\"en-GB\"},{\"@type\":\"Organization\",\"@id\":\"https:\\\/\\\/hooliganelf.pl\\\/#organization\",\"name\":\"Hooligan Elf\",\"url\":\"https:\\\/\\\/hooliganelf.pl\\\/\",\"logo\":{\"@type\":\"ImageObject\",\"inLanguage\":\"en-GB\",\"@id\":\"https:\\\/\\\/hooliganelf.pl\\\/#\\\/schema\\\/logo\\\/image\\\/\",\"url\":\"https:\\\/\\\/hooliganelf.pl\\\/wp-content\\\/uploads\\\/2021\\\/10\\\/logo-nowe-czarne-bez-tla.png\",\"contentUrl\":\"https:\\\/\\\/hooliganelf.pl\\\/wp-content\\\/uploads\\\/2021\\\/10\\\/logo-nowe-czarne-bez-tla.png\",\"width\":1278,\"height\":735,\"caption\":\"Hooligan Elf\"},\"image\":{\"@id\":\"https:\\\/\\\/hooliganelf.pl\\\/#\\\/schema\\\/logo\\\/image\\\/\"},\"sameAs\":[\"https:\\\/\\\/www.facebook.com\\\/HooliganElf\\\/\",\"https:\\\/\\\/www.instagram.com\\\/hooligan.elf\\\/\"]}]}<\/script>\n<!-- \/ Yoast SEO plugin. -->","yoast_head_json":{"title":"maroka\u0144skie perfumy w kostce www.hooliganelf.pl hooligan elf","description":"Maroka\u0144skie pachnid\u0142a w kostce na bazie wosku pszczelego do perfumowania sk\u00f3ry, w\u0142os\u00f3w, dead\u00f3w i ubra\u0144","robots":{"index":"index","follow":"follow","max-snippet":"max-snippet:-1","max-image-preview":"max-image-preview:large","max-video-preview":"max-video-preview:-1"},"canonical":"https:\/\/hooliganelf.pl\/en\/shop\/praktyczne-mazidla\/marokanskie-pachnidla-w-kostce\/","og_locale":"en_GB","og_type":"article","og_title":"maroka\u0144skie perfumy w kostce www.hooliganelf.pl hooligan elf","og_description":"Maroka\u0144skie pachnid\u0142a w kostce na bazie wosku pszczelego do perfumowania sk\u00f3ry, w\u0142os\u00f3w, dead\u00f3w i ubra\u0144","og_url":"https:\/\/hooliganelf.pl\/en\/shop\/praktyczne-mazidla\/marokanskie-pachnidla-w-kostce\/","og_site_name":"Hooligan Elf","article_publisher":"https:\/\/www.facebook.com\/HooliganElf\/","article_modified_time":"2025-12-29T11:50:17+00:00","og_image":[{"width":875,"height":1169,"url":"https:\/\/hooliganelf.pl\/wp-content\/uploads\/2023\/08\/Screenshot_20230812_163331_com.instagram.android.jpg","type":"image\/jpeg"}],"twitter_card":"summary_large_image","twitter_misc":{"Estimated reading time":"2 minutes"},"schema":{"@context":"https:\/\/schema.org","@graph":[{"@type":"WebPage","@id":"https:\/\/hooliganelf.pl\/shop\/praktyczne-mazidla\/marokanskie-pachnidla-w-kostce\/","url":"https:\/\/hooliganelf.pl\/shop\/praktyczne-mazidla\/marokanskie-pachnidla-w-kostce\/","name":"maroka\u0144skie perfumy w kostce www.hooliganelf.pl hooligan elf","isPartOf":{"@id":"https:\/\/hooliganelf.pl\/#website"},"primaryImageOfPage":{"@id":"https:\/\/hooliganelf.pl\/shop\/praktyczne-mazidla\/marokanskie-pachnidla-w-kostce\/#primaryimage"},"image":{"@id":"https:\/\/hooliganelf.pl\/shop\/praktyczne-mazidla\/marokanskie-pachnidla-w-kostce\/#primaryimage"},"thumbnailUrl":"https:\/\/hooliganelf.pl\/wp-content\/uploads\/2023\/08\/Screenshot_20230812_163331_com.instagram.android.jpg","datePublished":"2023-08-12T16:17:33+00:00","dateModified":"2025-12-29T11:50:17+00:00","description":"Maroka\u0144skie pachnid\u0142a w kostce na bazie wosku pszczelego do perfumowania sk\u00f3ry, w\u0142os\u00f3w, dead\u00f3w i ubra\u0144","breadcrumb":{"@id":"https:\/\/hooliganelf.pl\/shop\/praktyczne-mazidla\/marokanskie-pachnidla-w-kostce\/#breadcrumb"},"inLanguage":"en-GB","potentialAction":[{"@type":"ReadAction","target":["https:\/\/hooliganelf.pl\/shop\/praktyczne-mazidla\/marokanskie-pachnidla-w-kostce\/"]}]},{"@type":"ImageObject","inLanguage":"en-GB","@id":"https:\/\/hooliganelf.pl\/shop\/praktyczne-mazidla\/marokanskie-pachnidla-w-kostce\/#primaryimage","url":"https:\/\/hooliganelf.pl\/wp-content\/uploads\/2023\/08\/Screenshot_20230812_163331_com.instagram.android.jpg","contentUrl":"https:\/\/hooliganelf.pl\/wp-content\/uploads\/2023\/08\/Screenshot_20230812_163331_com.instagram.android.jpg","width":875,"height":1169},{"@type":"BreadcrumbList","@id":"https:\/\/hooliganelf.pl\/shop\/praktyczne-mazidla\/marokanskie-pachnidla-w-kostce\/#breadcrumb","itemListElement":[{"@type":"ListItem","position":1,"name":"Strona g\u0142\u00f3wna","item":"https:\/\/hooliganelf.pl\/"},{"@type":"ListItem","position":2,"name":"Stragan","item":"https:\/\/hooliganelf.pl\/pl\/shop\/"},{"@type":"ListItem","position":3,"name":"Maroka\u0144skie Pachnid\u0142o w kostce"}]},{"@type":"WebSite","@id":"https:\/\/hooliganelf.pl\/#website","url":"https:\/\/hooliganelf.pl\/","name":"Hooligan Elf","description":"Le\u015bne wymys\u0142y dzikiej kobiety","publisher":{"@id":"https:\/\/hooliganelf.pl\/#organization"},"potentialAction":[{"@type":"SearchAction","target":{"@type":"EntryPoint","urlTemplate":"https:\/\/hooliganelf.pl\/?s={search_term_string}"},"query-input":{"@type":"PropertyValueSpecification","valueRequired":true,"valueName":"search_term_string"}}],"inLanguage":"en-GB"},{"@type":"Organization","@id":"https:\/\/hooliganelf.pl\/#organization","name":"Hooligan Elf","url":"https:\/\/hooliganelf.pl\/","logo":{"@type":"ImageObject","inLanguage":"en-GB","@id":"https:\/\/hooliganelf.pl\/#\/schema\/logo\/image\/","url":"https:\/\/hooliganelf.pl\/wp-content\/uploads\/2021\/10\/logo-nowe-czarne-bez-tla.png","contentUrl":"https:\/\/hooliganelf.pl\/wp-content\/uploads\/2021\/10\/logo-nowe-czarne-bez-tla.png","width":1278,"height":735,"caption":"Hooligan Elf"},"image":{"@id":"https:\/\/hooliganelf.pl\/#\/schema\/logo\/image\/"},"sameAs":["https:\/\/www.facebook.com\/HooliganElf\/","https:\/\/www.instagram.com\/hooligan.elf\/"]}]}},"_links":{"self":[{"href":"http:\/\/hooliganelf.pl\/en\/wp-json\/wp\/v2\/product\/2211","targetHints":{"allow":["GET"]}}],"collection":[{"href":"http:\/\/hooliganelf.pl\/en\/wp-json\/wp\/v2\/product"}],"about":[{"href":"http:\/\/hooliganelf.pl\/en\/wp-json\/wp\/v2\/types\/product"}],"replies":[{"embeddable":true,"href":"http:\/\/hooliganelf.pl\/en\/wp-json\/wp\/v2\/comments?post=2211"}],"wp:featuredmedia":[{"embeddable":true,"href":"http:\/\/hooliganelf.pl\/en\/wp-json\/wp\/v2\/media\/2214"}],"wp:attachment":[{"href":"http:\/\/hooliganelf.pl\/en\/wp-json\/wp\/v2\/media?parent=2211"}],"wp:term":[{"taxonomy":"product_brand","embeddable":true,"href":"http:\/\/hooliganelf.pl\/en\/wp-json\/wp\/v2\/product_brand?post=2211"},{"taxonomy":"product_cat","embeddable":true,"href":"http:\/\/hooliganelf.pl\/en\/wp-json\/wp\/v2\/product_cat?post=2211"},{"taxonomy":"product_tag","embeddable":true,"href":"http:\/\/hooliganelf.pl\/en\/wp-json\/wp\/v2\/product_tag?post=2211"}],"curies":[{"name":"wp","href":"https:\/\/api.w.org\/{rel}","templated":true}]}}