{"id":118,"date":"2021-10-24T21:49:46","date_gmt":"2021-10-24T19:49:46","guid":{"rendered":"https:\/\/hooliganelf.pl\/?post_type=product&#038;p=118"},"modified":"2026-02-27T11:53:55","modified_gmt":"2026-02-27T10:53:55","slug":"white-lotus","status":"publish","type":"product","link":"http:\/\/hooliganelf.pl\/pl\/shop\/hooliganskie-ziola\/white-lotus\/","title":{"rendered":"White Lotus"},"content":{"rendered":"<p>Mieszanka zio\u0142owa White Lotus zawiera szyszki chmielu, podbia\u0142 i kwiaty bia\u0142ego lotosu. Programowana Prawd\u0105, umiej\u0119tno\u015bci\u0105 rozr\u00f3\u017cniania jej od fa\u0142szu oraz dostrzegania jej w Sobie i otaczaj\u0105cym \u015bwiecie. Obcowanie z ni\u0105 wyostrza zmys\u0142y i budzi intuicj\u0119.<\/p>\n<p>\u015awietnie dogaduje si\u0119 z kolekcjonersk\u0105 Santa Mari\u0105 wspomagaj\u0105c jej podnosz\u0105ce na duchu w\u0142a\u015bciwo\u015bci. Ka\u017cda mieszanka jest r\u0119cznie mielona, wibracyjnie programowana i strojona w misie tybeta\u0144skiej. Dost\u0119pna paczka 25g lub pr\u00f3bka 2g na oko\u0142o 2 skr\u0119taki.<\/p>\n<p>Produkt strickte kolekcjonerski, do postawienia na kominku, o\u0142tarzu czy co tam robicie z zio\u0142ami, kt\u00f3re kolekcjonujecie..<\/p>\n<p>Zawiera Podbia\u0142, Damian\u0119, Glistnik Jask\u00f3\u0142cze Ziele, Szyszki Chmielu i Bia\u0142y Lotos.<\/p>\n<p>Paczka zawiera 25g. suszu.<\/p>\n","protected":false},"excerpt":{"rendered":"<p>Mieszanka zio\u0142owa White Lotus zawiera szyszki chmielu, podbia\u0142 i kwiaty bia\u0142ego lotosu. Programowana Prawd\u0105, umiej\u0119tno\u015bci\u0105 rozr\u00f3\u017cniania jej od fa\u0142szu oraz dostrzegania jej w Sobie i otaczaj\u0105cym \u015bwiecie. Obcowanie z ni\u0105 wyostrza zmys\u0142y i budzi intuicj\u0119.<\/p>\n","protected":false},"featured_media":115,"comment_status":"open","ping_status":"closed","template":"","meta":[],"product_brand":[],"product_cat":[16],"product_tag":[],"class_list":{"0":"post-118","1":"product","2":"type-product","3":"status-publish","4":"has-post-thumbnail","6":"product_cat-hooliganskie-ziola","8":"first","9":"outofstock","10":"shipping-taxable","11":"purchasable","12":"product-type-simple"},"yoast_head":"<!-- This site is optimized with the Yoast SEO plugin v27.4 - https:\/\/yoast.com\/product\/yoast-seo-wordpress\/ -->\n<title>White Lotus - Hooligan Elf<\/title>\n<meta name=\"robots\" content=\"index, follow, max-snippet:-1, max-image-preview:large, max-video-preview:-1\" \/>\n<link rel=\"canonical\" href=\"https:\/\/hooliganelf.pl\/pl\/shop\/hooliganskie-ziola\/white-lotus\/\" \/>\n<meta property=\"og:locale\" content=\"pl_PL\" \/>\n<meta property=\"og:type\" content=\"article\" \/>\n<meta property=\"og:title\" content=\"White Lotus - Hooligan Elf\" \/>\n<meta property=\"og:description\" content=\"Mieszanka zio\u0142owa White Lotus zawiera szyszki chmielu, podbia\u0142 i kwiaty bia\u0142ego lotosu. Programowana Prawd\u0105, umiej\u0119tno\u015bci\u0105 rozr\u00f3\u017cniania jej od fa\u0142szu oraz dostrzegania jej w Sobie i otaczaj\u0105cym \u015bwiecie. Obcowanie z ni\u0105 wyostrza zmys\u0142y i budzi intuicj\u0119.\" \/>\n<meta property=\"og:url\" content=\"https:\/\/hooliganelf.pl\/pl\/shop\/hooliganskie-ziola\/white-lotus\/\" \/>\n<meta property=\"og:site_name\" content=\"Hooligan Elf\" \/>\n<meta property=\"article:publisher\" content=\"https:\/\/www.facebook.com\/HooliganElf\/\" \/>\n<meta property=\"article:modified_time\" content=\"2026-02-27T10:53:55+00:00\" \/>\n<meta property=\"og:image\" content=\"https:\/\/hooliganelf.pl\/wp-content\/uploads\/2021\/10\/lotus-scaled.jpg\" \/>\n\t<meta property=\"og:image:width\" content=\"1862\" \/>\n\t<meta property=\"og:image:height\" content=\"2560\" \/>\n\t<meta property=\"og:image:type\" content=\"image\/jpeg\" \/>\n<meta name=\"twitter:card\" content=\"summary_large_image\" \/>\n<meta name=\"twitter:label1\" content=\"Szacowany czas czytania\" \/>\n\t<meta name=\"twitter:data1\" content=\"1 minuta\" \/>\n<script type=\"application\/ld+json\" class=\"yoast-schema-graph\">{\"@context\":\"https:\\\/\\\/schema.org\",\"@graph\":[{\"@type\":\"WebPage\",\"@id\":\"https:\\\/\\\/hooliganelf.pl\\\/shop\\\/hooliganskie-ziola\\\/white-lotus\\\/\",\"url\":\"https:\\\/\\\/hooliganelf.pl\\\/shop\\\/hooliganskie-ziola\\\/white-lotus\\\/\",\"name\":\"White Lotus - Hooligan Elf\",\"isPartOf\":{\"@id\":\"https:\\\/\\\/hooliganelf.pl\\\/#website\"},\"primaryImageOfPage\":{\"@id\":\"https:\\\/\\\/hooliganelf.pl\\\/shop\\\/hooliganskie-ziola\\\/white-lotus\\\/#primaryimage\"},\"image\":{\"@id\":\"https:\\\/\\\/hooliganelf.pl\\\/shop\\\/hooliganskie-ziola\\\/white-lotus\\\/#primaryimage\"},\"thumbnailUrl\":\"https:\\\/\\\/hooliganelf.pl\\\/wp-content\\\/uploads\\\/2021\\\/10\\\/lotus-scaled.jpg\",\"datePublished\":\"2021-10-24T19:49:46+00:00\",\"dateModified\":\"2026-02-27T10:53:55+00:00\",\"breadcrumb\":{\"@id\":\"https:\\\/\\\/hooliganelf.pl\\\/shop\\\/hooliganskie-ziola\\\/white-lotus\\\/#breadcrumb\"},\"inLanguage\":\"pl-PL\",\"potentialAction\":[{\"@type\":\"ReadAction\",\"target\":[\"https:\\\/\\\/hooliganelf.pl\\\/shop\\\/hooliganskie-ziola\\\/white-lotus\\\/\"]}]},{\"@type\":\"ImageObject\",\"inLanguage\":\"pl-PL\",\"@id\":\"https:\\\/\\\/hooliganelf.pl\\\/shop\\\/hooliganskie-ziola\\\/white-lotus\\\/#primaryimage\",\"url\":\"https:\\\/\\\/hooliganelf.pl\\\/wp-content\\\/uploads\\\/2021\\\/10\\\/lotus-scaled.jpg\",\"contentUrl\":\"https:\\\/\\\/hooliganelf.pl\\\/wp-content\\\/uploads\\\/2021\\\/10\\\/lotus-scaled.jpg\",\"width\":1862,\"height\":2560},{\"@type\":\"BreadcrumbList\",\"@id\":\"https:\\\/\\\/hooliganelf.pl\\\/shop\\\/hooliganskie-ziola\\\/white-lotus\\\/#breadcrumb\",\"itemListElement\":[{\"@type\":\"ListItem\",\"position\":1,\"name\":\"Strona g\u0142\u00f3wna\",\"item\":\"https:\\\/\\\/hooliganelf.pl\\\/\"},{\"@type\":\"ListItem\",\"position\":2,\"name\":\"Stragan\",\"item\":\"https:\\\/\\\/hooliganelf.pl\\\/pl\\\/shop\\\/\"},{\"@type\":\"ListItem\",\"position\":3,\"name\":\"White Lotus\"}]},{\"@type\":\"WebSite\",\"@id\":\"https:\\\/\\\/hooliganelf.pl\\\/#website\",\"url\":\"https:\\\/\\\/hooliganelf.pl\\\/\",\"name\":\"Hooligan Elf\",\"description\":\"Le\u015bne wymys\u0142y dzikiej kobiety\",\"publisher\":{\"@id\":\"https:\\\/\\\/hooliganelf.pl\\\/#organization\"},\"potentialAction\":[{\"@type\":\"SearchAction\",\"target\":{\"@type\":\"EntryPoint\",\"urlTemplate\":\"https:\\\/\\\/hooliganelf.pl\\\/?s={search_term_string}\"},\"query-input\":{\"@type\":\"PropertyValueSpecification\",\"valueRequired\":true,\"valueName\":\"search_term_string\"}}],\"inLanguage\":\"pl-PL\"},{\"@type\":\"Organization\",\"@id\":\"https:\\\/\\\/hooliganelf.pl\\\/#organization\",\"name\":\"Hooligan Elf\",\"url\":\"https:\\\/\\\/hooliganelf.pl\\\/\",\"logo\":{\"@type\":\"ImageObject\",\"inLanguage\":\"pl-PL\",\"@id\":\"https:\\\/\\\/hooliganelf.pl\\\/#\\\/schema\\\/logo\\\/image\\\/\",\"url\":\"https:\\\/\\\/hooliganelf.pl\\\/wp-content\\\/uploads\\\/2021\\\/10\\\/logo-nowe-czarne-bez-tla.png\",\"contentUrl\":\"https:\\\/\\\/hooliganelf.pl\\\/wp-content\\\/uploads\\\/2021\\\/10\\\/logo-nowe-czarne-bez-tla.png\",\"width\":1278,\"height\":735,\"caption\":\"Hooligan Elf\"},\"image\":{\"@id\":\"https:\\\/\\\/hooliganelf.pl\\\/#\\\/schema\\\/logo\\\/image\\\/\"},\"sameAs\":[\"https:\\\/\\\/www.facebook.com\\\/HooliganElf\\\/\",\"https:\\\/\\\/www.instagram.com\\\/hooligan.elf\\\/\"]}]}<\/script>\n<!-- \/ Yoast SEO plugin. -->","yoast_head_json":{"title":"White Lotus - Hooligan Elf","robots":{"index":"index","follow":"follow","max-snippet":"max-snippet:-1","max-image-preview":"max-image-preview:large","max-video-preview":"max-video-preview:-1"},"canonical":"https:\/\/hooliganelf.pl\/pl\/shop\/hooliganskie-ziola\/white-lotus\/","og_locale":"pl_PL","og_type":"article","og_title":"White Lotus - Hooligan Elf","og_description":"Mieszanka zio\u0142owa White Lotus zawiera szyszki chmielu, podbia\u0142 i kwiaty bia\u0142ego lotosu. Programowana Prawd\u0105, umiej\u0119tno\u015bci\u0105 rozr\u00f3\u017cniania jej od fa\u0142szu oraz dostrzegania jej w Sobie i otaczaj\u0105cym \u015bwiecie. Obcowanie z ni\u0105 wyostrza zmys\u0142y i budzi intuicj\u0119.","og_url":"https:\/\/hooliganelf.pl\/pl\/shop\/hooliganskie-ziola\/white-lotus\/","og_site_name":"Hooligan Elf","article_publisher":"https:\/\/www.facebook.com\/HooliganElf\/","article_modified_time":"2026-02-27T10:53:55+00:00","og_image":[{"width":1862,"height":2560,"url":"https:\/\/hooliganelf.pl\/wp-content\/uploads\/2021\/10\/lotus-scaled.jpg","type":"image\/jpeg"}],"twitter_card":"summary_large_image","twitter_misc":{"Szacowany czas czytania":"1 minuta"},"schema":{"@context":"https:\/\/schema.org","@graph":[{"@type":"WebPage","@id":"https:\/\/hooliganelf.pl\/shop\/hooliganskie-ziola\/white-lotus\/","url":"https:\/\/hooliganelf.pl\/shop\/hooliganskie-ziola\/white-lotus\/","name":"White Lotus - Hooligan Elf","isPartOf":{"@id":"https:\/\/hooliganelf.pl\/#website"},"primaryImageOfPage":{"@id":"https:\/\/hooliganelf.pl\/shop\/hooliganskie-ziola\/white-lotus\/#primaryimage"},"image":{"@id":"https:\/\/hooliganelf.pl\/shop\/hooliganskie-ziola\/white-lotus\/#primaryimage"},"thumbnailUrl":"https:\/\/hooliganelf.pl\/wp-content\/uploads\/2021\/10\/lotus-scaled.jpg","datePublished":"2021-10-24T19:49:46+00:00","dateModified":"2026-02-27T10:53:55+00:00","breadcrumb":{"@id":"https:\/\/hooliganelf.pl\/shop\/hooliganskie-ziola\/white-lotus\/#breadcrumb"},"inLanguage":"pl-PL","potentialAction":[{"@type":"ReadAction","target":["https:\/\/hooliganelf.pl\/shop\/hooliganskie-ziola\/white-lotus\/"]}]},{"@type":"ImageObject","inLanguage":"pl-PL","@id":"https:\/\/hooliganelf.pl\/shop\/hooliganskie-ziola\/white-lotus\/#primaryimage","url":"https:\/\/hooliganelf.pl\/wp-content\/uploads\/2021\/10\/lotus-scaled.jpg","contentUrl":"https:\/\/hooliganelf.pl\/wp-content\/uploads\/2021\/10\/lotus-scaled.jpg","width":1862,"height":2560},{"@type":"BreadcrumbList","@id":"https:\/\/hooliganelf.pl\/shop\/hooliganskie-ziola\/white-lotus\/#breadcrumb","itemListElement":[{"@type":"ListItem","position":1,"name":"Strona g\u0142\u00f3wna","item":"https:\/\/hooliganelf.pl\/"},{"@type":"ListItem","position":2,"name":"Stragan","item":"https:\/\/hooliganelf.pl\/pl\/shop\/"},{"@type":"ListItem","position":3,"name":"White Lotus"}]},{"@type":"WebSite","@id":"https:\/\/hooliganelf.pl\/#website","url":"https:\/\/hooliganelf.pl\/","name":"Hooligan Elf","description":"Le\u015bne wymys\u0142y dzikiej kobiety","publisher":{"@id":"https:\/\/hooliganelf.pl\/#organization"},"potentialAction":[{"@type":"SearchAction","target":{"@type":"EntryPoint","urlTemplate":"https:\/\/hooliganelf.pl\/?s={search_term_string}"},"query-input":{"@type":"PropertyValueSpecification","valueRequired":true,"valueName":"search_term_string"}}],"inLanguage":"pl-PL"},{"@type":"Organization","@id":"https:\/\/hooliganelf.pl\/#organization","name":"Hooligan Elf","url":"https:\/\/hooliganelf.pl\/","logo":{"@type":"ImageObject","inLanguage":"pl-PL","@id":"https:\/\/hooliganelf.pl\/#\/schema\/logo\/image\/","url":"https:\/\/hooliganelf.pl\/wp-content\/uploads\/2021\/10\/logo-nowe-czarne-bez-tla.png","contentUrl":"https:\/\/hooliganelf.pl\/wp-content\/uploads\/2021\/10\/logo-nowe-czarne-bez-tla.png","width":1278,"height":735,"caption":"Hooligan Elf"},"image":{"@id":"https:\/\/hooliganelf.pl\/#\/schema\/logo\/image\/"},"sameAs":["https:\/\/www.facebook.com\/HooliganElf\/","https:\/\/www.instagram.com\/hooligan.elf\/"]}]}},"_links":{"self":[{"href":"http:\/\/hooliganelf.pl\/pl\/wp-json\/wp\/v2\/product\/118","targetHints":{"allow":["GET"]}}],"collection":[{"href":"http:\/\/hooliganelf.pl\/pl\/wp-json\/wp\/v2\/product"}],"about":[{"href":"http:\/\/hooliganelf.pl\/pl\/wp-json\/wp\/v2\/types\/product"}],"replies":[{"embeddable":true,"href":"http:\/\/hooliganelf.pl\/pl\/wp-json\/wp\/v2\/comments?post=118"}],"wp:featuredmedia":[{"embeddable":true,"href":"http:\/\/hooliganelf.pl\/pl\/wp-json\/wp\/v2\/media\/115"}],"wp:attachment":[{"href":"http:\/\/hooliganelf.pl\/pl\/wp-json\/wp\/v2\/media?parent=118"}],"wp:term":[{"taxonomy":"product_brand","embeddable":true,"href":"http:\/\/hooliganelf.pl\/pl\/wp-json\/wp\/v2\/product_brand?post=118"},{"taxonomy":"product_cat","embeddable":true,"href":"http:\/\/hooliganelf.pl\/pl\/wp-json\/wp\/v2\/product_cat?post=118"},{"taxonomy":"product_tag","embeddable":true,"href":"http:\/\/hooliganelf.pl\/pl\/wp-json\/wp\/v2\/product_tag?post=118"}],"curies":[{"name":"wp","href":"https:\/\/api.w.org\/{rel}","templated":true}]}}