{"id":1624,"date":"2022-11-11T23:23:13","date_gmt":"2022-11-11T22:23:13","guid":{"rendered":"https:\/\/hooliganelf.pl\/?post_type=product&#038;p=1624"},"modified":"2025-12-26T14:10:47","modified_gmt":"2025-12-26T13:10:47","slug":"drewniany-widelec-10","status":"publish","type":"product","link":"http:\/\/hooliganelf.pl\/pl\/shop\/drewutnia\/drewniane-sztucce\/drewniany-widelec-10\/","title":{"rendered":"Widelec"},"content":{"rendered":"<h3>Ten bukowy widelec to praktyczny, pi\u0119kny i charakterny dodatek do osprz\u0119tu ka\u017cdego, kto lubi \u017cy\u0107 z natur\u0105 za pan brat!<\/h3>\n<h3>Robi r\u00f3\u017cnic\u0119 nie tylko dlatego, \u017ce jest drewniany, ale dlatego, \u017ce powstaje z jednego kawa\u0142ka drewna, co sprawia, \u017ce ka\u017cdy egzemplarz ma unikalny rysunek s\u0142oj\u00f3w i swoj\u0105 \u201emikroosobowo\u015b\u0107\u201d, a przy jedzeniu daje efekt, kt\u00f3rego nie da metal ani plastik: mi\u0119kki kontakt z ustami i naturalne podbicie smaku potraw.<\/h3>\n<h3>No i wszyscy b\u0119d\u0105 Ci m\u00f3wi\u0107, jaki masz pi\u0119kny widelec! Szpan na ca\u0142y las!<\/h3>\n<h3>Jest idealny do owsianki, sa\u0142atek, nie rysuje patelni, garnk\u00f3w i \u015bwietnie sprawdza si\u0119 jako kompan dzikich wypraw.<\/h3>\n<p><strong>Widelec z drewna bukowego, wykonany z dba\u0142o\u015bci\u0105 i pasj\u0105, b\u0119dzie b\u0142ogos\u0142awi\u0107 ka\u017cdy k\u0119s jedzenia \ud83d\ude09<\/strong><\/p>\n<p><em><strong>Jak dba\u0107 o drewniane sztu\u0107ce<\/strong><\/em><\/p>\n<p><em>Drewno wymaga znacznie wi\u0119cej troski i uwagi ni\u017c inne materia\u0142y. Tego rodzaju przybory i naczynia nie nadaj\u0105 si\u0119 do zmywarki ani do d\u0142ugotrwa\u0142ego namaczania. Po u\u017cyciu nale\u017cy je wyczy\u015bci\u0107 g\u0105bk\u0105 z p\u0142ynem i\u00a0 wysuszy\u0107. Od czasu do czasu dobrze im zrobi potraktowanie ochronnym olejem, np lnianym albo oliw\u0105 lub jakikolwiek masz w kuchni. Odpowiednie nat\u0142uszczenie impregnuje drewno i zapobiega wch\u0142anianiu si\u0119 wody.<\/em><\/p>\n","protected":false},"excerpt":{"rendered":"<p>Ten bukowy widelec to praktyczny, pi\u0119kny i charakterny dodatek do osprz\u0119tu ka\u017cdego, kto lubi \u017cy\u0107 z natur\u0105 za pan brat! Robi r\u00f3\u017cnic\u0119 nie tylko dlatego, \u017ce jest drewniany, ale dlatego, \u017ce powstaje z jednego kawa\u0142ka drewna, co sprawia, \u017ce ka\u017cdy egzemplarz ma unikalny rysunek s\u0142oj\u00f3w i swoj\u0105 \u201emikroosobowo\u015b\u0107\u201d, a przy jedzeniu daje efekt, kt\u00f3rego nie da metal ani plastik: mi\u0119kki kontakt z ustami i naturalne podbicie smaku potraw. No i wszyscy b\u0119d\u0105 Ci m\u00f3wi\u0107, jaki masz pi\u0119kny widelec! Szpan na ca\u0142y las! Jest idealny do owsianki, sa\u0142atek, nie rysuje patelni, garnk\u00f3w i \u015bwietnie sprawdza si\u0119 jako kompan dzikich wypraw. Widelec z drewna bukowego, wykonany z dba\u0142o\u015bci\u0105 i pasj\u0105, b\u0119dzie b\u0142ogos\u0142awi\u0107 ka\u017cdy k\u0119s jedzenia \ud83d\ude09 Jak dba\u0107 o drewniane sztu\u0107ce Drewno wymaga znacznie wi\u0119cej troski i uwagi ni\u017c inne materia\u0142y. Tego rodzaju przybory i naczynia nie nadaj\u0105 si\u0119 do zmywarki ani do d\u0142ugotrwa\u0142ego namaczania. Po u\u017cyciu nale\u017cy je wyczy\u015bci\u0107 g\u0105bk\u0105 z p\u0142ynem i\u00a0 wysuszy\u0107. Od czasu do czasu dobrze im zrobi potraktowanie ochronnym olejem, np lnianym albo oliw\u0105 lub jakikolwiek masz w kuchni. Odpowiednie nat\u0142uszczenie impregnuje drewno i zapobiega wch\u0142anianiu si\u0119 wody.<\/p>\n","protected":false},"featured_media":1587,"comment_status":"open","ping_status":"closed","template":"","meta":[],"product_brand":[],"product_cat":[51],"product_tag":[],"class_list":{"0":"post-1624","1":"product","2":"type-product","3":"status-publish","4":"has-post-thumbnail","6":"product_cat-drewniane-sztucce","8":"first","9":"outofstock","10":"shipping-taxable","11":"purchasable","12":"product-type-simple"},"yoast_head":"<!-- This site is optimized with the Yoast SEO plugin v27.3 - https:\/\/yoast.com\/product\/yoast-seo-wordpress\/ -->\n<title>Widelec - Hooligan Elf<\/title>\n<meta name=\"robots\" content=\"index, follow, max-snippet:-1, max-image-preview:large, max-video-preview:-1\" \/>\n<link rel=\"canonical\" href=\"https:\/\/hooliganelf.pl\/pl\/shop\/drewutnia\/drewniane-sztucce\/drewniany-widelec-10\/\" \/>\n<meta property=\"og:locale\" content=\"pl_PL\" \/>\n<meta property=\"og:type\" content=\"article\" \/>\n<meta property=\"og:title\" content=\"Widelec - Hooligan Elf\" \/>\n<meta property=\"og:description\" content=\"Ten bukowy widelec to praktyczny, pi\u0119kny i charakterny dodatek do osprz\u0119tu ka\u017cdego, kto lubi \u017cy\u0107 z natur\u0105 za pan brat! Robi r\u00f3\u017cnic\u0119 nie tylko dlatego, \u017ce jest drewniany, ale dlatego, \u017ce powstaje z jednego kawa\u0142ka drewna, co sprawia, \u017ce ka\u017cdy egzemplarz ma unikalny rysunek s\u0142oj\u00f3w i swoj\u0105 \u201emikroosobowo\u015b\u0107\u201d, a przy jedzeniu daje efekt, kt\u00f3rego nie da metal ani plastik: mi\u0119kki kontakt z ustami i naturalne podbicie smaku potraw. No i wszyscy b\u0119d\u0105 Ci m\u00f3wi\u0107, jaki masz pi\u0119kny widelec! Szpan na ca\u0142y las! Jest idealny do owsianki, sa\u0142atek, nie rysuje patelni, garnk\u00f3w i \u015bwietnie sprawdza si\u0119 jako kompan dzikich wypraw. Widelec z drewna bukowego, wykonany z dba\u0142o\u015bci\u0105 i pasj\u0105, b\u0119dzie b\u0142ogos\u0142awi\u0107 ka\u017cdy k\u0119s jedzenia \ud83d\ude09 Jak dba\u0107 o drewniane sztu\u0107ce Drewno wymaga znacznie wi\u0119cej troski i uwagi ni\u017c inne materia\u0142y. Tego rodzaju przybory i naczynia nie nadaj\u0105 si\u0119 do zmywarki ani do d\u0142ugotrwa\u0142ego namaczania. Po u\u017cyciu nale\u017cy je wyczy\u015bci\u0107 g\u0105bk\u0105 z p\u0142ynem i\u00a0 wysuszy\u0107. Od czasu do czasu dobrze im zrobi potraktowanie ochronnym olejem, np lnianym albo oliw\u0105 lub jakikolwiek masz w kuchni. Odpowiednie nat\u0142uszczenie impregnuje drewno i zapobiega wch\u0142anianiu si\u0119 wody.\" \/>\n<meta property=\"og:url\" content=\"https:\/\/hooliganelf.pl\/pl\/shop\/drewutnia\/drewniane-sztucce\/drewniany-widelec-10\/\" \/>\n<meta property=\"og:site_name\" content=\"Hooligan Elf\" \/>\n<meta property=\"article:publisher\" content=\"https:\/\/www.facebook.com\/HooliganElf\/\" \/>\n<meta property=\"article:modified_time\" content=\"2025-12-26T13:10:47+00:00\" \/>\n<meta property=\"og:image\" content=\"https:\/\/hooliganelf.pl\/wp-content\/uploads\/2022\/11\/IMG_20220901_123625-762x1024.jpg\" \/>\n\t<meta property=\"og:image:width\" content=\"762\" \/>\n\t<meta property=\"og:image:height\" content=\"1024\" \/>\n\t<meta property=\"og:image:type\" content=\"image\/jpeg\" \/>\n<meta name=\"twitter:card\" content=\"summary_large_image\" \/>\n<meta name=\"twitter:label1\" content=\"Szacowany czas czytania\" \/>\n\t<meta name=\"twitter:data1\" content=\"1 minuta\" \/>\n<script type=\"application\/ld+json\" class=\"yoast-schema-graph\">{\"@context\":\"https:\\\/\\\/schema.org\",\"@graph\":[{\"@type\":\"WebPage\",\"@id\":\"https:\\\/\\\/hooliganelf.pl\\\/shop\\\/drewutnia\\\/drewniane-sztucce\\\/drewniany-widelec-10\\\/\",\"url\":\"https:\\\/\\\/hooliganelf.pl\\\/shop\\\/drewutnia\\\/drewniane-sztucce\\\/drewniany-widelec-10\\\/\",\"name\":\"Widelec - Hooligan Elf\",\"isPartOf\":{\"@id\":\"https:\\\/\\\/hooliganelf.pl\\\/#website\"},\"primaryImageOfPage\":{\"@id\":\"https:\\\/\\\/hooliganelf.pl\\\/shop\\\/drewutnia\\\/drewniane-sztucce\\\/drewniany-widelec-10\\\/#primaryimage\"},\"image\":{\"@id\":\"https:\\\/\\\/hooliganelf.pl\\\/shop\\\/drewutnia\\\/drewniane-sztucce\\\/drewniany-widelec-10\\\/#primaryimage\"},\"thumbnailUrl\":\"https:\\\/\\\/hooliganelf.pl\\\/wp-content\\\/uploads\\\/2022\\\/11\\\/IMG_20220901_123625.jpg\",\"datePublished\":\"2022-11-11T22:23:13+00:00\",\"dateModified\":\"2025-12-26T13:10:47+00:00\",\"breadcrumb\":{\"@id\":\"https:\\\/\\\/hooliganelf.pl\\\/shop\\\/drewutnia\\\/drewniane-sztucce\\\/drewniany-widelec-10\\\/#breadcrumb\"},\"inLanguage\":\"pl-PL\",\"potentialAction\":[{\"@type\":\"ReadAction\",\"target\":[\"https:\\\/\\\/hooliganelf.pl\\\/shop\\\/drewutnia\\\/drewniane-sztucce\\\/drewniany-widelec-10\\\/\"]}]},{\"@type\":\"ImageObject\",\"inLanguage\":\"pl-PL\",\"@id\":\"https:\\\/\\\/hooliganelf.pl\\\/shop\\\/drewutnia\\\/drewniane-sztucce\\\/drewniany-widelec-10\\\/#primaryimage\",\"url\":\"https:\\\/\\\/hooliganelf.pl\\\/wp-content\\\/uploads\\\/2022\\\/11\\\/IMG_20220901_123625.jpg\",\"contentUrl\":\"https:\\\/\\\/hooliganelf.pl\\\/wp-content\\\/uploads\\\/2022\\\/11\\\/IMG_20220901_123625.jpg\",\"width\":1523,\"height\":2048},{\"@type\":\"BreadcrumbList\",\"@id\":\"https:\\\/\\\/hooliganelf.pl\\\/shop\\\/drewutnia\\\/drewniane-sztucce\\\/drewniany-widelec-10\\\/#breadcrumb\",\"itemListElement\":[{\"@type\":\"ListItem\",\"position\":1,\"name\":\"Strona g\u0142\u00f3wna\",\"item\":\"https:\\\/\\\/hooliganelf.pl\\\/\"},{\"@type\":\"ListItem\",\"position\":2,\"name\":\"Stragan\",\"item\":\"https:\\\/\\\/hooliganelf.pl\\\/pl\\\/shop\\\/\"},{\"@type\":\"ListItem\",\"position\":3,\"name\":\"Widelec\"}]},{\"@type\":\"WebSite\",\"@id\":\"https:\\\/\\\/hooliganelf.pl\\\/#website\",\"url\":\"https:\\\/\\\/hooliganelf.pl\\\/\",\"name\":\"Hooligan Elf\",\"description\":\"Le\u015bne wymys\u0142y dzikiej kobiety\",\"publisher\":{\"@id\":\"https:\\\/\\\/hooliganelf.pl\\\/#organization\"},\"potentialAction\":[{\"@type\":\"SearchAction\",\"target\":{\"@type\":\"EntryPoint\",\"urlTemplate\":\"https:\\\/\\\/hooliganelf.pl\\\/?s={search_term_string}\"},\"query-input\":{\"@type\":\"PropertyValueSpecification\",\"valueRequired\":true,\"valueName\":\"search_term_string\"}}],\"inLanguage\":\"pl-PL\"},{\"@type\":\"Organization\",\"@id\":\"https:\\\/\\\/hooliganelf.pl\\\/#organization\",\"name\":\"Hooligan Elf\",\"url\":\"https:\\\/\\\/hooliganelf.pl\\\/\",\"logo\":{\"@type\":\"ImageObject\",\"inLanguage\":\"pl-PL\",\"@id\":\"https:\\\/\\\/hooliganelf.pl\\\/#\\\/schema\\\/logo\\\/image\\\/\",\"url\":\"https:\\\/\\\/hooliganelf.pl\\\/wp-content\\\/uploads\\\/2021\\\/10\\\/logo-nowe-czarne-bez-tla.png\",\"contentUrl\":\"https:\\\/\\\/hooliganelf.pl\\\/wp-content\\\/uploads\\\/2021\\\/10\\\/logo-nowe-czarne-bez-tla.png\",\"width\":1278,\"height\":735,\"caption\":\"Hooligan Elf\"},\"image\":{\"@id\":\"https:\\\/\\\/hooliganelf.pl\\\/#\\\/schema\\\/logo\\\/image\\\/\"},\"sameAs\":[\"https:\\\/\\\/www.facebook.com\\\/HooliganElf\\\/\",\"https:\\\/\\\/www.instagram.com\\\/hooligan.elf\\\/\"]}]}<\/script>\n<!-- \/ Yoast SEO plugin. -->","yoast_head_json":{"title":"Widelec - Hooligan Elf","robots":{"index":"index","follow":"follow","max-snippet":"max-snippet:-1","max-image-preview":"max-image-preview:large","max-video-preview":"max-video-preview:-1"},"canonical":"https:\/\/hooliganelf.pl\/pl\/shop\/drewutnia\/drewniane-sztucce\/drewniany-widelec-10\/","og_locale":"pl_PL","og_type":"article","og_title":"Widelec - Hooligan Elf","og_description":"Ten bukowy widelec to praktyczny, pi\u0119kny i charakterny dodatek do osprz\u0119tu ka\u017cdego, kto lubi \u017cy\u0107 z natur\u0105 za pan brat! Robi r\u00f3\u017cnic\u0119 nie tylko dlatego, \u017ce jest drewniany, ale dlatego, \u017ce powstaje z jednego kawa\u0142ka drewna, co sprawia, \u017ce ka\u017cdy egzemplarz ma unikalny rysunek s\u0142oj\u00f3w i swoj\u0105 \u201emikroosobowo\u015b\u0107\u201d, a przy jedzeniu daje efekt, kt\u00f3rego nie da metal ani plastik: mi\u0119kki kontakt z ustami i naturalne podbicie smaku potraw. No i wszyscy b\u0119d\u0105 Ci m\u00f3wi\u0107, jaki masz pi\u0119kny widelec! Szpan na ca\u0142y las! Jest idealny do owsianki, sa\u0142atek, nie rysuje patelni, garnk\u00f3w i \u015bwietnie sprawdza si\u0119 jako kompan dzikich wypraw. Widelec z drewna bukowego, wykonany z dba\u0142o\u015bci\u0105 i pasj\u0105, b\u0119dzie b\u0142ogos\u0142awi\u0107 ka\u017cdy k\u0119s jedzenia \ud83d\ude09 Jak dba\u0107 o drewniane sztu\u0107ce Drewno wymaga znacznie wi\u0119cej troski i uwagi ni\u017c inne materia\u0142y. Tego rodzaju przybory i naczynia nie nadaj\u0105 si\u0119 do zmywarki ani do d\u0142ugotrwa\u0142ego namaczania. Po u\u017cyciu nale\u017cy je wyczy\u015bci\u0107 g\u0105bk\u0105 z p\u0142ynem i\u00a0 wysuszy\u0107. Od czasu do czasu dobrze im zrobi potraktowanie ochronnym olejem, np lnianym albo oliw\u0105 lub jakikolwiek masz w kuchni. Odpowiednie nat\u0142uszczenie impregnuje drewno i zapobiega wch\u0142anianiu si\u0119 wody.","og_url":"https:\/\/hooliganelf.pl\/pl\/shop\/drewutnia\/drewniane-sztucce\/drewniany-widelec-10\/","og_site_name":"Hooligan Elf","article_publisher":"https:\/\/www.facebook.com\/HooliganElf\/","article_modified_time":"2025-12-26T13:10:47+00:00","og_image":[{"width":762,"height":1024,"url":"https:\/\/hooliganelf.pl\/wp-content\/uploads\/2022\/11\/IMG_20220901_123625-762x1024.jpg","type":"image\/jpeg"}],"twitter_card":"summary_large_image","twitter_misc":{"Szacowany czas czytania":"1 minuta"},"schema":{"@context":"https:\/\/schema.org","@graph":[{"@type":"WebPage","@id":"https:\/\/hooliganelf.pl\/shop\/drewutnia\/drewniane-sztucce\/drewniany-widelec-10\/","url":"https:\/\/hooliganelf.pl\/shop\/drewutnia\/drewniane-sztucce\/drewniany-widelec-10\/","name":"Widelec - Hooligan Elf","isPartOf":{"@id":"https:\/\/hooliganelf.pl\/#website"},"primaryImageOfPage":{"@id":"https:\/\/hooliganelf.pl\/shop\/drewutnia\/drewniane-sztucce\/drewniany-widelec-10\/#primaryimage"},"image":{"@id":"https:\/\/hooliganelf.pl\/shop\/drewutnia\/drewniane-sztucce\/drewniany-widelec-10\/#primaryimage"},"thumbnailUrl":"https:\/\/hooliganelf.pl\/wp-content\/uploads\/2022\/11\/IMG_20220901_123625.jpg","datePublished":"2022-11-11T22:23:13+00:00","dateModified":"2025-12-26T13:10:47+00:00","breadcrumb":{"@id":"https:\/\/hooliganelf.pl\/shop\/drewutnia\/drewniane-sztucce\/drewniany-widelec-10\/#breadcrumb"},"inLanguage":"pl-PL","potentialAction":[{"@type":"ReadAction","target":["https:\/\/hooliganelf.pl\/shop\/drewutnia\/drewniane-sztucce\/drewniany-widelec-10\/"]}]},{"@type":"ImageObject","inLanguage":"pl-PL","@id":"https:\/\/hooliganelf.pl\/shop\/drewutnia\/drewniane-sztucce\/drewniany-widelec-10\/#primaryimage","url":"https:\/\/hooliganelf.pl\/wp-content\/uploads\/2022\/11\/IMG_20220901_123625.jpg","contentUrl":"https:\/\/hooliganelf.pl\/wp-content\/uploads\/2022\/11\/IMG_20220901_123625.jpg","width":1523,"height":2048},{"@type":"BreadcrumbList","@id":"https:\/\/hooliganelf.pl\/shop\/drewutnia\/drewniane-sztucce\/drewniany-widelec-10\/#breadcrumb","itemListElement":[{"@type":"ListItem","position":1,"name":"Strona g\u0142\u00f3wna","item":"https:\/\/hooliganelf.pl\/"},{"@type":"ListItem","position":2,"name":"Stragan","item":"https:\/\/hooliganelf.pl\/pl\/shop\/"},{"@type":"ListItem","position":3,"name":"Widelec"}]},{"@type":"WebSite","@id":"https:\/\/hooliganelf.pl\/#website","url":"https:\/\/hooliganelf.pl\/","name":"Hooligan Elf","description":"Le\u015bne wymys\u0142y dzikiej kobiety","publisher":{"@id":"https:\/\/hooliganelf.pl\/#organization"},"potentialAction":[{"@type":"SearchAction","target":{"@type":"EntryPoint","urlTemplate":"https:\/\/hooliganelf.pl\/?s={search_term_string}"},"query-input":{"@type":"PropertyValueSpecification","valueRequired":true,"valueName":"search_term_string"}}],"inLanguage":"pl-PL"},{"@type":"Organization","@id":"https:\/\/hooliganelf.pl\/#organization","name":"Hooligan Elf","url":"https:\/\/hooliganelf.pl\/","logo":{"@type":"ImageObject","inLanguage":"pl-PL","@id":"https:\/\/hooliganelf.pl\/#\/schema\/logo\/image\/","url":"https:\/\/hooliganelf.pl\/wp-content\/uploads\/2021\/10\/logo-nowe-czarne-bez-tla.png","contentUrl":"https:\/\/hooliganelf.pl\/wp-content\/uploads\/2021\/10\/logo-nowe-czarne-bez-tla.png","width":1278,"height":735,"caption":"Hooligan Elf"},"image":{"@id":"https:\/\/hooliganelf.pl\/#\/schema\/logo\/image\/"},"sameAs":["https:\/\/www.facebook.com\/HooliganElf\/","https:\/\/www.instagram.com\/hooligan.elf\/"]}]}},"_links":{"self":[{"href":"http:\/\/hooliganelf.pl\/pl\/wp-json\/wp\/v2\/product\/1624","targetHints":{"allow":["GET"]}}],"collection":[{"href":"http:\/\/hooliganelf.pl\/pl\/wp-json\/wp\/v2\/product"}],"about":[{"href":"http:\/\/hooliganelf.pl\/pl\/wp-json\/wp\/v2\/types\/product"}],"replies":[{"embeddable":true,"href":"http:\/\/hooliganelf.pl\/pl\/wp-json\/wp\/v2\/comments?post=1624"}],"wp:featuredmedia":[{"embeddable":true,"href":"http:\/\/hooliganelf.pl\/pl\/wp-json\/wp\/v2\/media\/1587"}],"wp:attachment":[{"href":"http:\/\/hooliganelf.pl\/pl\/wp-json\/wp\/v2\/media?parent=1624"}],"wp:term":[{"taxonomy":"product_brand","embeddable":true,"href":"http:\/\/hooliganelf.pl\/pl\/wp-json\/wp\/v2\/product_brand?post=1624"},{"taxonomy":"product_cat","embeddable":true,"href":"http:\/\/hooliganelf.pl\/pl\/wp-json\/wp\/v2\/product_cat?post=1624"},{"taxonomy":"product_tag","embeddable":true,"href":"http:\/\/hooliganelf.pl\/pl\/wp-json\/wp\/v2\/product_tag?post=1624"}],"curies":[{"name":"wp","href":"https:\/\/api.w.org\/{rel}","templated":true}]}}