{"id":3822,"date":"2024-12-09T18:55:23","date_gmt":"2024-12-09T17:55:23","guid":{"rendered":"https:\/\/hooliganelf.pl\/?post_type=product&#038;p=3822"},"modified":"2026-01-06T16:17:51","modified_gmt":"2026-01-06T15:17:51","slug":"zestaw-wunjo-2","status":"publish","type":"product","link":"http:\/\/hooliganelf.pl\/pl\/shop\/skladaki-podarunkowe\/zestaw-wunjo-2\/","title":{"rendered":"Zestaw Wunjo"},"content":{"rendered":"<p>Zestaw Wunjo to podr\u0119czny i praktyczny team zbawczo- wonny:<\/p>\n<blockquote><p>&gt;&gt;\u00a0<a href=\"https:\/\/hooliganelf.pl\/shop\/praktyczne-mazidla\/salvation-balm\/\">Salvation Balm,<\/a> czyli niepozorny gagatek kryj\u0105cy w sobie ca\u0142a gam\u0119 pomocnych zastosowa\u0144. Mazide\u0142ko na bazie wosku pszczelego do ratowania spierzchni\u0119tych ust i innych sucho\u015bci, obtar\u0107, uk\u0105sze\u0144 itp. Dobrze mie\u0107 go zawsze w kieszeni.<\/p>\n<p>&gt;&gt; <a href=\"https:\/\/hooliganelf.pl\/shop\/praktyczne-mazidla\/marokanskie-pachnidla-w-kostce\/https:\/\/hooliganelf.pl\/shop\/praktyczne-mazidla\/marokanskie-pachnidla-w-kostce\/\">Pustynny szyk<\/a> to maroka\u0144skie pachnid\u0142o w kostce do zastosowania na sk\u00f3r\u0119, ubrania, dredy czy brod\u0119. Zapakowania w lniany woreczek b\u0119dzie roztacza\u0107 pustynn\u0105 wo\u0144 gdziekolwiek si\u0119 znajdzie- w torebce, plecaku, samochodzie, szufladzie.<\/p>\n<p>&#8220;<em>Czy da si\u0119 stan\u0105\u0107 jedn\u0105 nog\u0105 na pustyni, ale nie mie\u0107 piasku w kieszeniach przez miesi\u0105c? Pustynny Szyk to zapach, kt\u00f3ry zabiera w podr\u00f3\u017c po piaszczystych wydmach Sahary. G\u0142\u0119boki, lekko ostry zapach przynosi na my\u015bl pal\u0105ce S\u0142o\u0144ce dzikiego Maroko, prze\u0142amany s\u0142odk\u0105 nut\u0105 kontemplacji bezkresnego morza z\u0142ocistego piasku. G\u0142owa w chmurach i nogi zakopane w piasku po kostki- oto pustynny stan umys\u0142u.&#8221;<\/em><\/p><\/blockquote>\n<p>Zapakowane w strojne pude\u0142ko tekturowe, gotowe na prezent.<\/p>\n<p>&nbsp;<\/p>\n","protected":false},"excerpt":{"rendered":"<p>Zestaw Wunjo to podr\u0119czny i praktyczny team zbawczo- wonny: &gt;&gt;\u00a0Salvation Balm, czyli niepozorny gagatek kryj\u0105cy w sobie ca\u0142a gam\u0119 pomocnych zastosowa\u0144. Mazide\u0142ko na bazie wosku pszczelego do ratowania spierzchni\u0119tych ust i innych sucho\u015bci, obtar\u0107, uk\u0105sze\u0144 itp. Dobrze mie\u0107 go zawsze w kieszeni. &gt;&gt; Pustynny szyk to maroka\u0144skie pachnid\u0142o w kostce do zastosowania na sk\u00f3r\u0119, ubrania, dredy czy brod\u0119. Zapakowania w lniany woreczek b\u0119dzie roztacza\u0107 pustynn\u0105 wo\u0144 gdziekolwiek si\u0119 znajdzie- w torebce, plecaku, samochodzie, szufladzie. &#8220;Czy da si\u0119 stan\u0105\u0107 jedn\u0105 nog\u0105 na pustyni, ale nie mie\u0107 piasku w kieszeniach przez miesi\u0105c? Pustynny Szyk to zapach, kt\u00f3ry zabiera w podr\u00f3\u017c po piaszczystych wydmach Sahary. G\u0142\u0119boki, lekko ostry zapach przynosi na my\u015bl pal\u0105ce S\u0142o\u0144ce dzikiego Maroko, prze\u0142amany s\u0142odk\u0105 nut\u0105 kontemplacji bezkresnego morza z\u0142ocistego piasku. G\u0142owa w chmurach i nogi zakopane w piasku po kostki- oto pustynny stan umys\u0142u.&#8221; Zapakowane w strojne pude\u0142ko tekturowe, gotowe na prezent. &nbsp;<\/p>\n","protected":false},"featured_media":3824,"comment_status":"open","ping_status":"closed","template":"","meta":[],"product_brand":[],"product_cat":[19],"product_tag":[],"class_list":{"0":"post-3822","1":"product","2":"type-product","3":"status-publish","4":"has-post-thumbnail","6":"product_cat-skladaki-podarunkowe","8":"first","9":"outofstock","10":"sale","11":"shipping-taxable","12":"purchasable","13":"product-type-simple"},"yoast_head":"<!-- This site is optimized with the Yoast SEO plugin v27.3 - https:\/\/yoast.com\/product\/yoast-seo-wordpress\/ -->\n<title>Zestaw Wunjo - Hooligan Elf<\/title>\n<meta name=\"robots\" content=\"index, follow, max-snippet:-1, max-image-preview:large, max-video-preview:-1\" \/>\n<link rel=\"canonical\" href=\"https:\/\/hooliganelf.pl\/pl\/shop\/skladaki-podarunkowe\/zestaw-wunjo-2\/\" \/>\n<meta property=\"og:locale\" content=\"pl_PL\" \/>\n<meta property=\"og:type\" content=\"article\" \/>\n<meta property=\"og:title\" content=\"Zestaw Wunjo - Hooligan Elf\" \/>\n<meta property=\"og:description\" content=\"Zestaw Wunjo to podr\u0119czny i praktyczny team zbawczo- wonny: &gt;&gt;\u00a0Salvation Balm, czyli niepozorny gagatek kryj\u0105cy w sobie ca\u0142a gam\u0119 pomocnych zastosowa\u0144. Mazide\u0142ko na bazie wosku pszczelego do ratowania spierzchni\u0119tych ust i innych sucho\u015bci, obtar\u0107, uk\u0105sze\u0144 itp. Dobrze mie\u0107 go zawsze w kieszeni. &gt;&gt; Pustynny szyk to maroka\u0144skie pachnid\u0142o w kostce do zastosowania na sk\u00f3r\u0119, ubrania, dredy czy brod\u0119. Zapakowania w lniany woreczek b\u0119dzie roztacza\u0107 pustynn\u0105 wo\u0144 gdziekolwiek si\u0119 znajdzie- w torebce, plecaku, samochodzie, szufladzie. &#8220;Czy da si\u0119 stan\u0105\u0107 jedn\u0105 nog\u0105 na pustyni, ale nie mie\u0107 piasku w kieszeniach przez miesi\u0105c? Pustynny Szyk to zapach, kt\u00f3ry zabiera w podr\u00f3\u017c po piaszczystych wydmach Sahary. G\u0142\u0119boki, lekko ostry zapach przynosi na my\u015bl pal\u0105ce S\u0142o\u0144ce dzikiego Maroko, prze\u0142amany s\u0142odk\u0105 nut\u0105 kontemplacji bezkresnego morza z\u0142ocistego piasku. G\u0142owa w chmurach i nogi zakopane w piasku po kostki- oto pustynny stan umys\u0142u.&#8221; Zapakowane w strojne pude\u0142ko tekturowe, gotowe na prezent. &nbsp;\" \/>\n<meta property=\"og:url\" content=\"https:\/\/hooliganelf.pl\/pl\/shop\/skladaki-podarunkowe\/zestaw-wunjo-2\/\" \/>\n<meta property=\"og:site_name\" content=\"Hooligan Elf\" \/>\n<meta property=\"article:publisher\" content=\"https:\/\/www.facebook.com\/HooliganElf\/\" \/>\n<meta property=\"article:modified_time\" content=\"2026-01-06T15:17:51+00:00\" \/>\n<meta property=\"og:image\" content=\"https:\/\/hooliganelf.pl\/wp-content\/uploads\/2024\/12\/wunjo.jpg\" \/>\n\t<meta property=\"og:image:width\" content=\"1582\" \/>\n\t<meta property=\"og:image:height\" content=\"2048\" \/>\n\t<meta property=\"og:image:type\" content=\"image\/jpeg\" \/>\n<meta name=\"twitter:card\" content=\"summary_large_image\" \/>\n<meta name=\"twitter:label1\" content=\"Szacowany czas czytania\" \/>\n\t<meta name=\"twitter:data1\" content=\"1 minuta\" \/>\n<script type=\"application\/ld+json\" class=\"yoast-schema-graph\">{\"@context\":\"https:\\\/\\\/schema.org\",\"@graph\":[{\"@type\":\"WebPage\",\"@id\":\"https:\\\/\\\/hooliganelf.pl\\\/shop\\\/skladaki-podarunkowe\\\/zestaw-wunjo-2\\\/\",\"url\":\"https:\\\/\\\/hooliganelf.pl\\\/shop\\\/skladaki-podarunkowe\\\/zestaw-wunjo-2\\\/\",\"name\":\"Zestaw Wunjo - Hooligan Elf\",\"isPartOf\":{\"@id\":\"https:\\\/\\\/hooliganelf.pl\\\/#website\"},\"primaryImageOfPage\":{\"@id\":\"https:\\\/\\\/hooliganelf.pl\\\/shop\\\/skladaki-podarunkowe\\\/zestaw-wunjo-2\\\/#primaryimage\"},\"image\":{\"@id\":\"https:\\\/\\\/hooliganelf.pl\\\/shop\\\/skladaki-podarunkowe\\\/zestaw-wunjo-2\\\/#primaryimage\"},\"thumbnailUrl\":\"https:\\\/\\\/hooliganelf.pl\\\/wp-content\\\/uploads\\\/2024\\\/12\\\/wunjo.jpg\",\"datePublished\":\"2024-12-09T17:55:23+00:00\",\"dateModified\":\"2026-01-06T15:17:51+00:00\",\"breadcrumb\":{\"@id\":\"https:\\\/\\\/hooliganelf.pl\\\/shop\\\/skladaki-podarunkowe\\\/zestaw-wunjo-2\\\/#breadcrumb\"},\"inLanguage\":\"pl-PL\",\"potentialAction\":[{\"@type\":\"ReadAction\",\"target\":[\"https:\\\/\\\/hooliganelf.pl\\\/shop\\\/skladaki-podarunkowe\\\/zestaw-wunjo-2\\\/\"]}]},{\"@type\":\"ImageObject\",\"inLanguage\":\"pl-PL\",\"@id\":\"https:\\\/\\\/hooliganelf.pl\\\/shop\\\/skladaki-podarunkowe\\\/zestaw-wunjo-2\\\/#primaryimage\",\"url\":\"https:\\\/\\\/hooliganelf.pl\\\/wp-content\\\/uploads\\\/2024\\\/12\\\/wunjo.jpg\",\"contentUrl\":\"https:\\\/\\\/hooliganelf.pl\\\/wp-content\\\/uploads\\\/2024\\\/12\\\/wunjo.jpg\",\"width\":1582,\"height\":2048},{\"@type\":\"BreadcrumbList\",\"@id\":\"https:\\\/\\\/hooliganelf.pl\\\/shop\\\/skladaki-podarunkowe\\\/zestaw-wunjo-2\\\/#breadcrumb\",\"itemListElement\":[{\"@type\":\"ListItem\",\"position\":1,\"name\":\"Strona g\u0142\u00f3wna\",\"item\":\"https:\\\/\\\/hooliganelf.pl\\\/\"},{\"@type\":\"ListItem\",\"position\":2,\"name\":\"Stragan\",\"item\":\"https:\\\/\\\/hooliganelf.pl\\\/pl\\\/shop\\\/\"},{\"@type\":\"ListItem\",\"position\":3,\"name\":\"Zestaw Wunjo\"}]},{\"@type\":\"WebSite\",\"@id\":\"https:\\\/\\\/hooliganelf.pl\\\/#website\",\"url\":\"https:\\\/\\\/hooliganelf.pl\\\/\",\"name\":\"Hooligan Elf\",\"description\":\"Le\u015bne wymys\u0142y dzikiej kobiety\",\"publisher\":{\"@id\":\"https:\\\/\\\/hooliganelf.pl\\\/#organization\"},\"potentialAction\":[{\"@type\":\"SearchAction\",\"target\":{\"@type\":\"EntryPoint\",\"urlTemplate\":\"https:\\\/\\\/hooliganelf.pl\\\/?s={search_term_string}\"},\"query-input\":{\"@type\":\"PropertyValueSpecification\",\"valueRequired\":true,\"valueName\":\"search_term_string\"}}],\"inLanguage\":\"pl-PL\"},{\"@type\":\"Organization\",\"@id\":\"https:\\\/\\\/hooliganelf.pl\\\/#organization\",\"name\":\"Hooligan Elf\",\"url\":\"https:\\\/\\\/hooliganelf.pl\\\/\",\"logo\":{\"@type\":\"ImageObject\",\"inLanguage\":\"pl-PL\",\"@id\":\"https:\\\/\\\/hooliganelf.pl\\\/#\\\/schema\\\/logo\\\/image\\\/\",\"url\":\"https:\\\/\\\/hooliganelf.pl\\\/wp-content\\\/uploads\\\/2021\\\/10\\\/logo-nowe-czarne-bez-tla.png\",\"contentUrl\":\"https:\\\/\\\/hooliganelf.pl\\\/wp-content\\\/uploads\\\/2021\\\/10\\\/logo-nowe-czarne-bez-tla.png\",\"width\":1278,\"height\":735,\"caption\":\"Hooligan Elf\"},\"image\":{\"@id\":\"https:\\\/\\\/hooliganelf.pl\\\/#\\\/schema\\\/logo\\\/image\\\/\"},\"sameAs\":[\"https:\\\/\\\/www.facebook.com\\\/HooliganElf\\\/\",\"https:\\\/\\\/www.instagram.com\\\/hooligan.elf\\\/\"]}]}<\/script>\n<!-- \/ Yoast SEO plugin. -->","yoast_head_json":{"title":"Zestaw Wunjo - Hooligan Elf","robots":{"index":"index","follow":"follow","max-snippet":"max-snippet:-1","max-image-preview":"max-image-preview:large","max-video-preview":"max-video-preview:-1"},"canonical":"https:\/\/hooliganelf.pl\/pl\/shop\/skladaki-podarunkowe\/zestaw-wunjo-2\/","og_locale":"pl_PL","og_type":"article","og_title":"Zestaw Wunjo - Hooligan Elf","og_description":"Zestaw Wunjo to podr\u0119czny i praktyczny team zbawczo- wonny: &gt;&gt;\u00a0Salvation Balm, czyli niepozorny gagatek kryj\u0105cy w sobie ca\u0142a gam\u0119 pomocnych zastosowa\u0144. Mazide\u0142ko na bazie wosku pszczelego do ratowania spierzchni\u0119tych ust i innych sucho\u015bci, obtar\u0107, uk\u0105sze\u0144 itp. Dobrze mie\u0107 go zawsze w kieszeni. &gt;&gt; Pustynny szyk to maroka\u0144skie pachnid\u0142o w kostce do zastosowania na sk\u00f3r\u0119, ubrania, dredy czy brod\u0119. Zapakowania w lniany woreczek b\u0119dzie roztacza\u0107 pustynn\u0105 wo\u0144 gdziekolwiek si\u0119 znajdzie- w torebce, plecaku, samochodzie, szufladzie. &#8220;Czy da si\u0119 stan\u0105\u0107 jedn\u0105 nog\u0105 na pustyni, ale nie mie\u0107 piasku w kieszeniach przez miesi\u0105c? Pustynny Szyk to zapach, kt\u00f3ry zabiera w podr\u00f3\u017c po piaszczystych wydmach Sahary. G\u0142\u0119boki, lekko ostry zapach przynosi na my\u015bl pal\u0105ce S\u0142o\u0144ce dzikiego Maroko, prze\u0142amany s\u0142odk\u0105 nut\u0105 kontemplacji bezkresnego morza z\u0142ocistego piasku. G\u0142owa w chmurach i nogi zakopane w piasku po kostki- oto pustynny stan umys\u0142u.&#8221; Zapakowane w strojne pude\u0142ko tekturowe, gotowe na prezent. &nbsp;","og_url":"https:\/\/hooliganelf.pl\/pl\/shop\/skladaki-podarunkowe\/zestaw-wunjo-2\/","og_site_name":"Hooligan Elf","article_publisher":"https:\/\/www.facebook.com\/HooliganElf\/","article_modified_time":"2026-01-06T15:17:51+00:00","og_image":[{"width":1582,"height":2048,"url":"https:\/\/hooliganelf.pl\/wp-content\/uploads\/2024\/12\/wunjo.jpg","type":"image\/jpeg"}],"twitter_card":"summary_large_image","twitter_misc":{"Szacowany czas czytania":"1 minuta"},"schema":{"@context":"https:\/\/schema.org","@graph":[{"@type":"WebPage","@id":"https:\/\/hooliganelf.pl\/shop\/skladaki-podarunkowe\/zestaw-wunjo-2\/","url":"https:\/\/hooliganelf.pl\/shop\/skladaki-podarunkowe\/zestaw-wunjo-2\/","name":"Zestaw Wunjo - Hooligan Elf","isPartOf":{"@id":"https:\/\/hooliganelf.pl\/#website"},"primaryImageOfPage":{"@id":"https:\/\/hooliganelf.pl\/shop\/skladaki-podarunkowe\/zestaw-wunjo-2\/#primaryimage"},"image":{"@id":"https:\/\/hooliganelf.pl\/shop\/skladaki-podarunkowe\/zestaw-wunjo-2\/#primaryimage"},"thumbnailUrl":"https:\/\/hooliganelf.pl\/wp-content\/uploads\/2024\/12\/wunjo.jpg","datePublished":"2024-12-09T17:55:23+00:00","dateModified":"2026-01-06T15:17:51+00:00","breadcrumb":{"@id":"https:\/\/hooliganelf.pl\/shop\/skladaki-podarunkowe\/zestaw-wunjo-2\/#breadcrumb"},"inLanguage":"pl-PL","potentialAction":[{"@type":"ReadAction","target":["https:\/\/hooliganelf.pl\/shop\/skladaki-podarunkowe\/zestaw-wunjo-2\/"]}]},{"@type":"ImageObject","inLanguage":"pl-PL","@id":"https:\/\/hooliganelf.pl\/shop\/skladaki-podarunkowe\/zestaw-wunjo-2\/#primaryimage","url":"https:\/\/hooliganelf.pl\/wp-content\/uploads\/2024\/12\/wunjo.jpg","contentUrl":"https:\/\/hooliganelf.pl\/wp-content\/uploads\/2024\/12\/wunjo.jpg","width":1582,"height":2048},{"@type":"BreadcrumbList","@id":"https:\/\/hooliganelf.pl\/shop\/skladaki-podarunkowe\/zestaw-wunjo-2\/#breadcrumb","itemListElement":[{"@type":"ListItem","position":1,"name":"Strona g\u0142\u00f3wna","item":"https:\/\/hooliganelf.pl\/"},{"@type":"ListItem","position":2,"name":"Stragan","item":"https:\/\/hooliganelf.pl\/pl\/shop\/"},{"@type":"ListItem","position":3,"name":"Zestaw Wunjo"}]},{"@type":"WebSite","@id":"https:\/\/hooliganelf.pl\/#website","url":"https:\/\/hooliganelf.pl\/","name":"Hooligan Elf","description":"Le\u015bne wymys\u0142y dzikiej kobiety","publisher":{"@id":"https:\/\/hooliganelf.pl\/#organization"},"potentialAction":[{"@type":"SearchAction","target":{"@type":"EntryPoint","urlTemplate":"https:\/\/hooliganelf.pl\/?s={search_term_string}"},"query-input":{"@type":"PropertyValueSpecification","valueRequired":true,"valueName":"search_term_string"}}],"inLanguage":"pl-PL"},{"@type":"Organization","@id":"https:\/\/hooliganelf.pl\/#organization","name":"Hooligan Elf","url":"https:\/\/hooliganelf.pl\/","logo":{"@type":"ImageObject","inLanguage":"pl-PL","@id":"https:\/\/hooliganelf.pl\/#\/schema\/logo\/image\/","url":"https:\/\/hooliganelf.pl\/wp-content\/uploads\/2021\/10\/logo-nowe-czarne-bez-tla.png","contentUrl":"https:\/\/hooliganelf.pl\/wp-content\/uploads\/2021\/10\/logo-nowe-czarne-bez-tla.png","width":1278,"height":735,"caption":"Hooligan Elf"},"image":{"@id":"https:\/\/hooliganelf.pl\/#\/schema\/logo\/image\/"},"sameAs":["https:\/\/www.facebook.com\/HooliganElf\/","https:\/\/www.instagram.com\/hooligan.elf\/"]}]}},"_links":{"self":[{"href":"http:\/\/hooliganelf.pl\/pl\/wp-json\/wp\/v2\/product\/3822","targetHints":{"allow":["GET"]}}],"collection":[{"href":"http:\/\/hooliganelf.pl\/pl\/wp-json\/wp\/v2\/product"}],"about":[{"href":"http:\/\/hooliganelf.pl\/pl\/wp-json\/wp\/v2\/types\/product"}],"replies":[{"embeddable":true,"href":"http:\/\/hooliganelf.pl\/pl\/wp-json\/wp\/v2\/comments?post=3822"}],"wp:featuredmedia":[{"embeddable":true,"href":"http:\/\/hooliganelf.pl\/pl\/wp-json\/wp\/v2\/media\/3824"}],"wp:attachment":[{"href":"http:\/\/hooliganelf.pl\/pl\/wp-json\/wp\/v2\/media?parent=3822"}],"wp:term":[{"taxonomy":"product_brand","embeddable":true,"href":"http:\/\/hooliganelf.pl\/pl\/wp-json\/wp\/v2\/product_brand?post=3822"},{"taxonomy":"product_cat","embeddable":true,"href":"http:\/\/hooliganelf.pl\/pl\/wp-json\/wp\/v2\/product_cat?post=3822"},{"taxonomy":"product_tag","embeddable":true,"href":"http:\/\/hooliganelf.pl\/pl\/wp-json\/wp\/v2\/product_tag?post=3822"}],"curies":[{"name":"wp","href":"https:\/\/api.w.org\/{rel}","templated":true}]}}