{"id":3826,"date":"2024-12-09T19:28:31","date_gmt":"2024-12-09T18:28:31","guid":{"rendered":"https:\/\/hooliganelf.pl\/?post_type=product&#038;p=3826"},"modified":"2026-01-14T07:22:28","modified_gmt":"2026-01-14T06:22:28","slug":"zestaw-marokanski-szyk","status":"publish","type":"product","link":"http:\/\/hooliganelf.pl\/pl\/shop\/ukryte\/zestaw-marokanski-szyk\/","title":{"rendered":"Zestaw Maroka\u0144ski Szyk"},"content":{"rendered":"<p>Kolczyki i pachnid\u0142a, kolczyki i pachnid\u0142a. Tylko i a\u017c!<\/p>\n<p>Zestaw prosty, ale konkretny!<\/p>\n<ul>\n<li>kolczyki z prawdziwymi kamieniami- turkusem i lapis lazuli oraz koralowcem w oprawie z tzw. tybeta\u0144skiego srebra, czyli mieszaniny na bazie miedzi, cyny i srebra o niskim potencjale alergizuj\u0105cym<\/li>\n<\/ul>\n<p>&nbsp;<\/p>\n<ul>\n<li><a href=\"https:\/\/hooliganelf.pl\/shop\/praktyczne-mazidla\/marokanskie-pachnidla-w-kostce\/https:\/\/hooliganelf.pl\/shop\/praktyczne-mazidla\/marokanskie-pachnidla-w-kostce\/\">Pustynny szyk<\/a> to maroka\u0144skie pachnid\u0142o w kostce do zastosowania na sk\u00f3r\u0119, ubrania, dredy czy brod\u0119. Zapakowania w lniany woreczek b\u0119dzie roztacza\u0107 pustynn\u0105 wo\u0144 gdziekolwiek si\u0119 znajdzie- w torebce, plecaku, samochodzie, szufladzie<\/li>\n<\/ul>\n<blockquote><p>&#8220;<em>Czy da si\u0119 stan\u0105\u0107 jedn\u0105 nog\u0105 na pustyni, ale nie mie\u0107 piasku w kieszeniach przez miesi\u0105c? Pustynny Szyk to zapach, kt\u00f3ry zabiera w podr\u00f3\u017c po piaszczystych wydmach Sahary. G\u0142\u0119boki, lekko ostry zapach przynosi na my\u015bl pal\u0105ce S\u0142o\u0144ce dzikiego Maroko, prze\u0142amany s\u0142odk\u0105 nut\u0105 kontemplacji bezkresnego morza z\u0142ocistego piasku. G\u0142owa w chmurach i nogi zakopane w piasku po kostki- oto pustynny stan umys\u0142u.&#8221;<\/em><\/p><\/blockquote>\n<p>Zapakowane w strojne pude\u0142ko tekturowe, gotowe na prezent.<\/p>\n","protected":false},"excerpt":{"rendered":"<p>Kolczyki i pachnid\u0142a, kolczyki i pachnid\u0142a. Tylko i a\u017c! Zestaw prosty, ale konkretny! kolczyki z prawdziwymi kamieniami- turkusem i lapis lazuli oraz koralowcem w oprawie z tzw. tybeta\u0144skiego srebra, czyli mieszaniny na bazie miedzi, cyny i srebra o niskim potencjale alergizuj\u0105cym &nbsp; Pustynny szyk to maroka\u0144skie pachnid\u0142o w kostce do zastosowania na sk\u00f3r\u0119, ubrania, dredy czy brod\u0119. Zapakowania w lniany woreczek b\u0119dzie roztacza\u0107 pustynn\u0105 wo\u0144 gdziekolwiek si\u0119 znajdzie- w torebce, plecaku, samochodzie, szufladzie &#8220;Czy da si\u0119 stan\u0105\u0107 jedn\u0105 nog\u0105 na pustyni, ale nie mie\u0107 piasku w kieszeniach przez miesi\u0105c? Pustynny Szyk to zapach, kt\u00f3ry zabiera w podr\u00f3\u017c po piaszczystych wydmach Sahary. G\u0142\u0119boki, lekko ostry zapach przynosi na my\u015bl pal\u0105ce S\u0142o\u0144ce dzikiego Maroko, prze\u0142amany s\u0142odk\u0105 nut\u0105 kontemplacji bezkresnego morza z\u0142ocistego piasku. G\u0142owa w chmurach i nogi zakopane w piasku po kostki- oto pustynny stan umys\u0142u.&#8221; Zapakowane w strojne pude\u0142ko tekturowe, gotowe na prezent.<\/p>\n","protected":false},"featured_media":3848,"comment_status":"open","ping_status":"closed","template":"","meta":[],"product_brand":[],"product_cat":[47],"product_tag":[],"class_list":{"0":"post-3826","1":"product","2":"type-product","3":"status-publish","4":"has-post-thumbnail","6":"product_cat-ukryte","8":"first","9":"instock","10":"sale","11":"shipping-taxable","12":"purchasable","13":"product-type-variable"},"yoast_head":"<!-- This site is optimized with the Yoast SEO plugin v27.3 - https:\/\/yoast.com\/product\/yoast-seo-wordpress\/ -->\n<title>Zestaw Maroka\u0144ski Szyk - Hooligan Elf<\/title>\n<meta name=\"robots\" content=\"index, follow, max-snippet:-1, max-image-preview:large, max-video-preview:-1\" \/>\n<link rel=\"canonical\" href=\"https:\/\/hooliganelf.pl\/pl\/shop\/ukryte\/zestaw-marokanski-szyk\/\" \/>\n<meta property=\"og:locale\" content=\"pl_PL\" \/>\n<meta property=\"og:type\" content=\"article\" \/>\n<meta property=\"og:title\" content=\"Zestaw Maroka\u0144ski Szyk - Hooligan Elf\" \/>\n<meta property=\"og:description\" content=\"Kolczyki i pachnid\u0142a, kolczyki i pachnid\u0142a. Tylko i a\u017c! Zestaw prosty, ale konkretny! kolczyki z prawdziwymi kamieniami- turkusem i lapis lazuli oraz koralowcem w oprawie z tzw. tybeta\u0144skiego srebra, czyli mieszaniny na bazie miedzi, cyny i srebra o niskim potencjale alergizuj\u0105cym &nbsp; Pustynny szyk to maroka\u0144skie pachnid\u0142o w kostce do zastosowania na sk\u00f3r\u0119, ubrania, dredy czy brod\u0119. Zapakowania w lniany woreczek b\u0119dzie roztacza\u0107 pustynn\u0105 wo\u0144 gdziekolwiek si\u0119 znajdzie- w torebce, plecaku, samochodzie, szufladzie &#8220;Czy da si\u0119 stan\u0105\u0107 jedn\u0105 nog\u0105 na pustyni, ale nie mie\u0107 piasku w kieszeniach przez miesi\u0105c? Pustynny Szyk to zapach, kt\u00f3ry zabiera w podr\u00f3\u017c po piaszczystych wydmach Sahary. G\u0142\u0119boki, lekko ostry zapach przynosi na my\u015bl pal\u0105ce S\u0142o\u0144ce dzikiego Maroko, prze\u0142amany s\u0142odk\u0105 nut\u0105 kontemplacji bezkresnego morza z\u0142ocistego piasku. G\u0142owa w chmurach i nogi zakopane w piasku po kostki- oto pustynny stan umys\u0142u.&#8221; Zapakowane w strojne pude\u0142ko tekturowe, gotowe na prezent.\" \/>\n<meta property=\"og:url\" content=\"https:\/\/hooliganelf.pl\/pl\/shop\/ukryte\/zestaw-marokanski-szyk\/\" \/>\n<meta property=\"og:site_name\" content=\"Hooligan Elf\" \/>\n<meta property=\"article:publisher\" content=\"https:\/\/www.facebook.com\/HooliganElf\/\" \/>\n<meta property=\"article:modified_time\" content=\"2026-01-14T06:22:28+00:00\" \/>\n<meta property=\"og:image\" content=\"https:\/\/hooliganelf.pl\/wp-content\/uploads\/2024\/12\/8a.jpg\" \/>\n\t<meta property=\"og:image:width\" content=\"1236\" \/>\n\t<meta property=\"og:image:height\" content=\"1599\" \/>\n\t<meta property=\"og:image:type\" content=\"image\/jpeg\" \/>\n<meta name=\"twitter:card\" content=\"summary_large_image\" \/>\n<meta name=\"twitter:label1\" content=\"Szacowany czas czytania\" \/>\n\t<meta name=\"twitter:data1\" content=\"1 minuta\" \/>\n<script type=\"application\/ld+json\" class=\"yoast-schema-graph\">{\"@context\":\"https:\\\/\\\/schema.org\",\"@graph\":[{\"@type\":\"WebPage\",\"@id\":\"https:\\\/\\\/hooliganelf.pl\\\/shop\\\/ukryte\\\/zestaw-marokanski-szyk\\\/\",\"url\":\"https:\\\/\\\/hooliganelf.pl\\\/shop\\\/ukryte\\\/zestaw-marokanski-szyk\\\/\",\"name\":\"Zestaw Maroka\u0144ski Szyk - Hooligan Elf\",\"isPartOf\":{\"@id\":\"https:\\\/\\\/hooliganelf.pl\\\/#website\"},\"primaryImageOfPage\":{\"@id\":\"https:\\\/\\\/hooliganelf.pl\\\/shop\\\/ukryte\\\/zestaw-marokanski-szyk\\\/#primaryimage\"},\"image\":{\"@id\":\"https:\\\/\\\/hooliganelf.pl\\\/shop\\\/ukryte\\\/zestaw-marokanski-szyk\\\/#primaryimage\"},\"thumbnailUrl\":\"https:\\\/\\\/hooliganelf.pl\\\/wp-content\\\/uploads\\\/2024\\\/12\\\/8a.jpg\",\"datePublished\":\"2024-12-09T18:28:31+00:00\",\"dateModified\":\"2026-01-14T06:22:28+00:00\",\"breadcrumb\":{\"@id\":\"https:\\\/\\\/hooliganelf.pl\\\/shop\\\/ukryte\\\/zestaw-marokanski-szyk\\\/#breadcrumb\"},\"inLanguage\":\"pl-PL\",\"potentialAction\":[{\"@type\":\"ReadAction\",\"target\":[\"https:\\\/\\\/hooliganelf.pl\\\/shop\\\/ukryte\\\/zestaw-marokanski-szyk\\\/\"]}]},{\"@type\":\"ImageObject\",\"inLanguage\":\"pl-PL\",\"@id\":\"https:\\\/\\\/hooliganelf.pl\\\/shop\\\/ukryte\\\/zestaw-marokanski-szyk\\\/#primaryimage\",\"url\":\"https:\\\/\\\/hooliganelf.pl\\\/wp-content\\\/uploads\\\/2024\\\/12\\\/8a.jpg\",\"contentUrl\":\"https:\\\/\\\/hooliganelf.pl\\\/wp-content\\\/uploads\\\/2024\\\/12\\\/8a.jpg\",\"width\":1236,\"height\":1599},{\"@type\":\"BreadcrumbList\",\"@id\":\"https:\\\/\\\/hooliganelf.pl\\\/shop\\\/ukryte\\\/zestaw-marokanski-szyk\\\/#breadcrumb\",\"itemListElement\":[{\"@type\":\"ListItem\",\"position\":1,\"name\":\"Strona g\u0142\u00f3wna\",\"item\":\"https:\\\/\\\/hooliganelf.pl\\\/\"},{\"@type\":\"ListItem\",\"position\":2,\"name\":\"Stragan\",\"item\":\"https:\\\/\\\/hooliganelf.pl\\\/pl\\\/shop\\\/\"},{\"@type\":\"ListItem\",\"position\":3,\"name\":\"Zestaw Maroka\u0144ski Szyk\"}]},{\"@type\":\"WebSite\",\"@id\":\"https:\\\/\\\/hooliganelf.pl\\\/#website\",\"url\":\"https:\\\/\\\/hooliganelf.pl\\\/\",\"name\":\"Hooligan Elf\",\"description\":\"Le\u015bne wymys\u0142y dzikiej kobiety\",\"publisher\":{\"@id\":\"https:\\\/\\\/hooliganelf.pl\\\/#organization\"},\"potentialAction\":[{\"@type\":\"SearchAction\",\"target\":{\"@type\":\"EntryPoint\",\"urlTemplate\":\"https:\\\/\\\/hooliganelf.pl\\\/?s={search_term_string}\"},\"query-input\":{\"@type\":\"PropertyValueSpecification\",\"valueRequired\":true,\"valueName\":\"search_term_string\"}}],\"inLanguage\":\"pl-PL\"},{\"@type\":\"Organization\",\"@id\":\"https:\\\/\\\/hooliganelf.pl\\\/#organization\",\"name\":\"Hooligan Elf\",\"url\":\"https:\\\/\\\/hooliganelf.pl\\\/\",\"logo\":{\"@type\":\"ImageObject\",\"inLanguage\":\"pl-PL\",\"@id\":\"https:\\\/\\\/hooliganelf.pl\\\/#\\\/schema\\\/logo\\\/image\\\/\",\"url\":\"https:\\\/\\\/hooliganelf.pl\\\/wp-content\\\/uploads\\\/2021\\\/10\\\/logo-nowe-czarne-bez-tla.png\",\"contentUrl\":\"https:\\\/\\\/hooliganelf.pl\\\/wp-content\\\/uploads\\\/2021\\\/10\\\/logo-nowe-czarne-bez-tla.png\",\"width\":1278,\"height\":735,\"caption\":\"Hooligan Elf\"},\"image\":{\"@id\":\"https:\\\/\\\/hooliganelf.pl\\\/#\\\/schema\\\/logo\\\/image\\\/\"},\"sameAs\":[\"https:\\\/\\\/www.facebook.com\\\/HooliganElf\\\/\",\"https:\\\/\\\/www.instagram.com\\\/hooligan.elf\\\/\"]}]}<\/script>\n<!-- \/ Yoast SEO plugin. -->","yoast_head_json":{"title":"Zestaw Maroka\u0144ski Szyk - Hooligan Elf","robots":{"index":"index","follow":"follow","max-snippet":"max-snippet:-1","max-image-preview":"max-image-preview:large","max-video-preview":"max-video-preview:-1"},"canonical":"https:\/\/hooliganelf.pl\/pl\/shop\/ukryte\/zestaw-marokanski-szyk\/","og_locale":"pl_PL","og_type":"article","og_title":"Zestaw Maroka\u0144ski Szyk - Hooligan Elf","og_description":"Kolczyki i pachnid\u0142a, kolczyki i pachnid\u0142a. Tylko i a\u017c! Zestaw prosty, ale konkretny! kolczyki z prawdziwymi kamieniami- turkusem i lapis lazuli oraz koralowcem w oprawie z tzw. tybeta\u0144skiego srebra, czyli mieszaniny na bazie miedzi, cyny i srebra o niskim potencjale alergizuj\u0105cym &nbsp; Pustynny szyk to maroka\u0144skie pachnid\u0142o w kostce do zastosowania na sk\u00f3r\u0119, ubrania, dredy czy brod\u0119. Zapakowania w lniany woreczek b\u0119dzie roztacza\u0107 pustynn\u0105 wo\u0144 gdziekolwiek si\u0119 znajdzie- w torebce, plecaku, samochodzie, szufladzie &#8220;Czy da si\u0119 stan\u0105\u0107 jedn\u0105 nog\u0105 na pustyni, ale nie mie\u0107 piasku w kieszeniach przez miesi\u0105c? Pustynny Szyk to zapach, kt\u00f3ry zabiera w podr\u00f3\u017c po piaszczystych wydmach Sahary. G\u0142\u0119boki, lekko ostry zapach przynosi na my\u015bl pal\u0105ce S\u0142o\u0144ce dzikiego Maroko, prze\u0142amany s\u0142odk\u0105 nut\u0105 kontemplacji bezkresnego morza z\u0142ocistego piasku. G\u0142owa w chmurach i nogi zakopane w piasku po kostki- oto pustynny stan umys\u0142u.&#8221; Zapakowane w strojne pude\u0142ko tekturowe, gotowe na prezent.","og_url":"https:\/\/hooliganelf.pl\/pl\/shop\/ukryte\/zestaw-marokanski-szyk\/","og_site_name":"Hooligan Elf","article_publisher":"https:\/\/www.facebook.com\/HooliganElf\/","article_modified_time":"2026-01-14T06:22:28+00:00","og_image":[{"width":1236,"height":1599,"url":"https:\/\/hooliganelf.pl\/wp-content\/uploads\/2024\/12\/8a.jpg","type":"image\/jpeg"}],"twitter_card":"summary_large_image","twitter_misc":{"Szacowany czas czytania":"1 minuta"},"schema":{"@context":"https:\/\/schema.org","@graph":[{"@type":"WebPage","@id":"https:\/\/hooliganelf.pl\/shop\/ukryte\/zestaw-marokanski-szyk\/","url":"https:\/\/hooliganelf.pl\/shop\/ukryte\/zestaw-marokanski-szyk\/","name":"Zestaw Maroka\u0144ski Szyk - Hooligan Elf","isPartOf":{"@id":"https:\/\/hooliganelf.pl\/#website"},"primaryImageOfPage":{"@id":"https:\/\/hooliganelf.pl\/shop\/ukryte\/zestaw-marokanski-szyk\/#primaryimage"},"image":{"@id":"https:\/\/hooliganelf.pl\/shop\/ukryte\/zestaw-marokanski-szyk\/#primaryimage"},"thumbnailUrl":"https:\/\/hooliganelf.pl\/wp-content\/uploads\/2024\/12\/8a.jpg","datePublished":"2024-12-09T18:28:31+00:00","dateModified":"2026-01-14T06:22:28+00:00","breadcrumb":{"@id":"https:\/\/hooliganelf.pl\/shop\/ukryte\/zestaw-marokanski-szyk\/#breadcrumb"},"inLanguage":"pl-PL","potentialAction":[{"@type":"ReadAction","target":["https:\/\/hooliganelf.pl\/shop\/ukryte\/zestaw-marokanski-szyk\/"]}]},{"@type":"ImageObject","inLanguage":"pl-PL","@id":"https:\/\/hooliganelf.pl\/shop\/ukryte\/zestaw-marokanski-szyk\/#primaryimage","url":"https:\/\/hooliganelf.pl\/wp-content\/uploads\/2024\/12\/8a.jpg","contentUrl":"https:\/\/hooliganelf.pl\/wp-content\/uploads\/2024\/12\/8a.jpg","width":1236,"height":1599},{"@type":"BreadcrumbList","@id":"https:\/\/hooliganelf.pl\/shop\/ukryte\/zestaw-marokanski-szyk\/#breadcrumb","itemListElement":[{"@type":"ListItem","position":1,"name":"Strona g\u0142\u00f3wna","item":"https:\/\/hooliganelf.pl\/"},{"@type":"ListItem","position":2,"name":"Stragan","item":"https:\/\/hooliganelf.pl\/pl\/shop\/"},{"@type":"ListItem","position":3,"name":"Zestaw Maroka\u0144ski Szyk"}]},{"@type":"WebSite","@id":"https:\/\/hooliganelf.pl\/#website","url":"https:\/\/hooliganelf.pl\/","name":"Hooligan Elf","description":"Le\u015bne wymys\u0142y dzikiej kobiety","publisher":{"@id":"https:\/\/hooliganelf.pl\/#organization"},"potentialAction":[{"@type":"SearchAction","target":{"@type":"EntryPoint","urlTemplate":"https:\/\/hooliganelf.pl\/?s={search_term_string}"},"query-input":{"@type":"PropertyValueSpecification","valueRequired":true,"valueName":"search_term_string"}}],"inLanguage":"pl-PL"},{"@type":"Organization","@id":"https:\/\/hooliganelf.pl\/#organization","name":"Hooligan Elf","url":"https:\/\/hooliganelf.pl\/","logo":{"@type":"ImageObject","inLanguage":"pl-PL","@id":"https:\/\/hooliganelf.pl\/#\/schema\/logo\/image\/","url":"https:\/\/hooliganelf.pl\/wp-content\/uploads\/2021\/10\/logo-nowe-czarne-bez-tla.png","contentUrl":"https:\/\/hooliganelf.pl\/wp-content\/uploads\/2021\/10\/logo-nowe-czarne-bez-tla.png","width":1278,"height":735,"caption":"Hooligan Elf"},"image":{"@id":"https:\/\/hooliganelf.pl\/#\/schema\/logo\/image\/"},"sameAs":["https:\/\/www.facebook.com\/HooliganElf\/","https:\/\/www.instagram.com\/hooligan.elf\/"]}]}},"_links":{"self":[{"href":"http:\/\/hooliganelf.pl\/pl\/wp-json\/wp\/v2\/product\/3826","targetHints":{"allow":["GET"]}}],"collection":[{"href":"http:\/\/hooliganelf.pl\/pl\/wp-json\/wp\/v2\/product"}],"about":[{"href":"http:\/\/hooliganelf.pl\/pl\/wp-json\/wp\/v2\/types\/product"}],"replies":[{"embeddable":true,"href":"http:\/\/hooliganelf.pl\/pl\/wp-json\/wp\/v2\/comments?post=3826"}],"wp:featuredmedia":[{"embeddable":true,"href":"http:\/\/hooliganelf.pl\/pl\/wp-json\/wp\/v2\/media\/3848"}],"wp:attachment":[{"href":"http:\/\/hooliganelf.pl\/pl\/wp-json\/wp\/v2\/media?parent=3826"}],"wp:term":[{"taxonomy":"product_brand","embeddable":true,"href":"http:\/\/hooliganelf.pl\/pl\/wp-json\/wp\/v2\/product_brand?post=3826"},{"taxonomy":"product_cat","embeddable":true,"href":"http:\/\/hooliganelf.pl\/pl\/wp-json\/wp\/v2\/product_cat?post=3826"},{"taxonomy":"product_tag","embeddable":true,"href":"http:\/\/hooliganelf.pl\/pl\/wp-json\/wp\/v2\/product_tag?post=3826"}],"curies":[{"name":"wp","href":"https:\/\/api.w.org\/{rel}","templated":true}]}}