{"id":5128,"date":"2025-12-16T10:50:34","date_gmt":"2025-12-16T09:50:34","guid":{"rendered":"https:\/\/hooliganelf.pl\/?post_type=product&#038;p=5128"},"modified":"2026-01-06T16:17:50","modified_gmt":"2026-01-06T15:17:50","slug":"zestaw-z-grzyblotem","status":"publish","type":"product","link":"http:\/\/hooliganelf.pl\/pl\/shop\/skladaki-podarunkowe\/zestaw-z-grzyblotem\/","title":{"rendered":"Zestaw z grzyB\u0142otem"},"content":{"rendered":"<p>Czyste B\u0142oto ka\u017cdy \u0141obuziak zna i jest to zdecydowany bestseller straganu!<\/p>\n<p>Ziemia! Woda! Ogie\u0144! Oleje zimnot\u0142oczone od pana Mariana! Serce! Miesza\u0107 \u0142okciem w magicznym kotle i powstaje co\u015b, co wyci\u0105ga sk\u00f3r\u0119 z b\u0142\u0119dnego ko\u0142a piel\u0119gnacji serwowanej przez firmy kosmetyczne.<\/p>\n<p>Ale suchary na bok.<\/p>\n<p>Czyste B\u0142oto to zmiana perspektywy na to, co sprzedaj\u0105 nam reklamy- zaburzanie r\u00f3wnowagi jednym produktem, \u017ceby trzeba by\u0142o kupi\u0107 drugi, kt\u00f3ry to naprawi.<\/p>\n<p>Nie ka\u017cdy jest gotowy na takie zmiany, dlatego proponuje zastawy prezentowe z mini wersj\u0105 B\u0142ota w uroczej, \u015bwi\u0105tecznej wersji- na spr\u00f3bowanie, przetestowanie i przekonanie si\u0119.<\/p>\n<p>Do wyboru w 4 wersjach z<\/p>\n<ul>\n<li><a href=\"https:\/\/hooliganelf.pl\/shop\/praktyczne-mazidla\/serum-trojca\/\">Serum Tr\u00f3jca<\/a>, czyli absolutny hicior\u00a0 i to nie tylko dla kobiet. Nazywany wr\u0119cz magicznym i daj\u0105cym spektakularne efekty w kr\u00f3tkim czasie- wyg\u0142adza, rozja\u015bnia, cofa czas i g\u0142\u0119boko regeneruje, a to g\u0142\u00f3wnie za spraw\u0105 ekstraktu z \u017cywicy kadzid\u0142owca mojej roboty. buteleczka 10ml<\/li>\n<li><a href=\"https:\/\/hooliganelf.pl\/shop\/praktyczne-mazidla\/salvation-balm\/\">Salvation Balm,<\/a> czyli niepozorny gagatek kryj\u0105cy w sobie ca\u0142a gam\u0119 pomocnych zastosowa\u0144. Mazide\u0142ko na bazie wosku pszczelego do ratowania spierzchni\u0119tych ust i innych sucho\u015bci, obtar\u0107, uk\u0105sze\u0144 itp. Dobrze mie\u0107 go zawsze w kieszeni.<\/li>\n<li><a href=\"https:\/\/hooliganelf.pl\/shop\/praktyczne-mazidla\/marokanskie-pachnidla-w-kostce\/https:\/\/hooliganelf.pl\/shop\/praktyczne-mazidla\/marokanskie-pachnidla-w-kostce\/\">Pustynny szyk<\/a> to maroka\u0144skie pachnid\u0142o w kostce do zastosowania na sk\u00f3r\u0119, ubrania, dredy czy brod\u0119. Zapakowania w lniany woreczek b\u0119dzie roztacza\u0107 pustynn\u0105 wo\u0144 gdziekolwiek si\u0119 znajdzie- w torebce, plecaku, samochodzie, szufladzie.<\/li>\n<\/ul>\n<p>&#8220;<em>Czy da si\u0119 stan\u0105\u0107 jedn\u0105 nog\u0105 na pustyni, ale nie mie\u0107 piasku w kieszeniach przez miesi\u0105c? Pustynny Szyk to zapach, kt\u00f3ry zabiera w podr\u00f3\u017c po piaszczystych wydmach Sahary. G\u0142\u0119boki, lekko ostry zapach przynosi na my\u015bl pal\u0105ce S\u0142o\u0144ce dzikiego Maroko, prze\u0142amany s\u0142odk\u0105 nut\u0105 kontemplacji bezkresnego morza z\u0142ocistego piasku. G\u0142owa w chmurach i nogi zakopane w piasku po kostki- oto pustynny stan umys\u0142u.&#8221;<\/em><\/p>\n<ul>\n<li><a href=\"https:\/\/hooliganelf.pl\/shop\/praktyczne-mazidla\/kremistrz\/\">Kremistrz<\/a> to krem do twarzy, kt\u00f3ry zdoby\u0142 ju\u017c serca wielu kobiet swoim skromnym acz szlachetnym sk\u0142adem, nienachalnym zapachem i skutecznym, nienarzucaj\u0105cym si\u0119 wp\u0142ywem na sk\u00f3r\u0119.<\/li>\n<\/ul>\n<p>&nbsp;<\/p>\n<p>Zapakowane w strojne pude\u0142ko tekturowe, gotowe na prezent.<\/p>\n<p>&nbsp;<\/p>\n","protected":false},"excerpt":{"rendered":"<p>Czyste B\u0142oto ka\u017cdy \u0141obuziak zna i jest to zdecydowany bestseller straganu! Ziemia! Woda! Ogie\u0144! Oleje zimnot\u0142oczone od pana Mariana! Serce! Miesza\u0107 \u0142okciem w magicznym kotle i powstaje co\u015b, co wyci\u0105ga sk\u00f3r\u0119 z b\u0142\u0119dnego ko\u0142a piel\u0119gnacji serwowanej przez firmy kosmetyczne. Ale suchary na bok. Czyste B\u0142oto to zmiana perspektywy na to, co sprzedaj\u0105 nam reklamy- zaburzanie r\u00f3wnowagi jednym produktem, \u017ceby trzeba by\u0142o kupi\u0107 drugi, kt\u00f3ry to naprawi. Nie ka\u017cdy jest gotowy na takie zmiany, dlatego proponuje zastawy prezentowe z mini wersj\u0105 B\u0142ota w uroczej, \u015bwi\u0105tecznej wersji- na spr\u00f3bowanie, przetestowanie i przekonanie si\u0119. Do wyboru w 4 wersjach z Serum Tr\u00f3jca, czyli absolutny hicior\u00a0 i to nie tylko dla kobiet. Nazywany wr\u0119cz magicznym i daj\u0105cym spektakularne efekty w kr\u00f3tkim czasie- wyg\u0142adza, rozja\u015bnia, cofa czas i g\u0142\u0119boko regeneruje, a to g\u0142\u00f3wnie za spraw\u0105 ekstraktu z \u017cywicy kadzid\u0142owca mojej roboty. buteleczka 10ml Salvation Balm, czyli niepozorny gagatek kryj\u0105cy w sobie ca\u0142a gam\u0119 pomocnych zastosowa\u0144. Mazide\u0142ko na bazie wosku pszczelego do ratowania spierzchni\u0119tych ust i innych sucho\u015bci, obtar\u0107, uk\u0105sze\u0144 itp. Dobrze mie\u0107 go zawsze w kieszeni. Pustynny szyk to maroka\u0144skie pachnid\u0142o w kostce do zastosowania na sk\u00f3r\u0119, ubrania, dredy czy brod\u0119. Zapakowania w lniany woreczek b\u0119dzie roztacza\u0107 pustynn\u0105 wo\u0144 gdziekolwiek si\u0119 znajdzie- w torebce, plecaku, samochodzie, szufladzie. &#8220;Czy da si\u0119 stan\u0105\u0107 jedn\u0105 nog\u0105 na pustyni, ale nie mie\u0107 piasku w kieszeniach przez miesi\u0105c? Pustynny Szyk to zapach, kt\u00f3ry zabiera w podr\u00f3\u017c po piaszczystych wydmach Sahary. G\u0142\u0119boki, lekko ostry zapach przynosi na my\u015bl pal\u0105ce S\u0142o\u0144ce dzikiego Maroko, prze\u0142amany s\u0142odk\u0105 nut\u0105 kontemplacji bezkresnego morza z\u0142ocistego piasku. G\u0142owa w chmurach i nogi zakopane w piasku po kostki- oto pustynny stan umys\u0142u.&#8221; Kremistrz to krem do twarzy, kt\u00f3ry zdoby\u0142 ju\u017c serca wielu kobiet swoim skromnym acz szlachetnym sk\u0142adem, nienachalnym zapachem i skutecznym, nienarzucaj\u0105cym si\u0119 wp\u0142ywem na sk\u00f3r\u0119. &nbsp; Zapakowane w strojne pude\u0142ko tekturowe, gotowe na prezent. &nbsp;<\/p>\n","protected":false},"featured_media":5138,"comment_status":"open","ping_status":"closed","template":"","meta":[],"product_brand":[],"product_cat":[19],"product_tag":[],"class_list":{"0":"post-5128","1":"product","2":"type-product","3":"status-publish","4":"has-post-thumbnail","6":"product_cat-skladaki-podarunkowe","8":"first","9":"outofstock","10":"shipping-taxable","11":"purchasable","12":"product-type-variable"},"yoast_head":"<!-- This site is optimized with the Yoast SEO plugin v27.3 - https:\/\/yoast.com\/product\/yoast-seo-wordpress\/ -->\n<title>Zestaw z grzyB\u0142otem - Hooligan Elf<\/title>\n<meta name=\"robots\" content=\"index, follow, max-snippet:-1, max-image-preview:large, max-video-preview:-1\" \/>\n<link rel=\"canonical\" href=\"https:\/\/hooliganelf.pl\/pl\/shop\/skladaki-podarunkowe\/zestaw-z-grzyblotem\/\" \/>\n<meta property=\"og:locale\" content=\"pl_PL\" \/>\n<meta property=\"og:type\" content=\"article\" \/>\n<meta property=\"og:title\" content=\"Zestaw z grzyB\u0142otem - Hooligan Elf\" \/>\n<meta property=\"og:description\" content=\"Czyste B\u0142oto ka\u017cdy \u0141obuziak zna i jest to zdecydowany bestseller straganu! Ziemia! Woda! Ogie\u0144! Oleje zimnot\u0142oczone od pana Mariana! Serce! Miesza\u0107 \u0142okciem w magicznym kotle i powstaje co\u015b, co wyci\u0105ga sk\u00f3r\u0119 z b\u0142\u0119dnego ko\u0142a piel\u0119gnacji serwowanej przez firmy kosmetyczne. Ale suchary na bok. Czyste B\u0142oto to zmiana perspektywy na to, co sprzedaj\u0105 nam reklamy- zaburzanie r\u00f3wnowagi jednym produktem, \u017ceby trzeba by\u0142o kupi\u0107 drugi, kt\u00f3ry to naprawi. Nie ka\u017cdy jest gotowy na takie zmiany, dlatego proponuje zastawy prezentowe z mini wersj\u0105 B\u0142ota w uroczej, \u015bwi\u0105tecznej wersji- na spr\u00f3bowanie, przetestowanie i przekonanie si\u0119. Do wyboru w 4 wersjach z Serum Tr\u00f3jca, czyli absolutny hicior\u00a0 i to nie tylko dla kobiet. Nazywany wr\u0119cz magicznym i daj\u0105cym spektakularne efekty w kr\u00f3tkim czasie- wyg\u0142adza, rozja\u015bnia, cofa czas i g\u0142\u0119boko regeneruje, a to g\u0142\u00f3wnie za spraw\u0105 ekstraktu z \u017cywicy kadzid\u0142owca mojej roboty. buteleczka 10ml Salvation Balm, czyli niepozorny gagatek kryj\u0105cy w sobie ca\u0142a gam\u0119 pomocnych zastosowa\u0144. Mazide\u0142ko na bazie wosku pszczelego do ratowania spierzchni\u0119tych ust i innych sucho\u015bci, obtar\u0107, uk\u0105sze\u0144 itp. Dobrze mie\u0107 go zawsze w kieszeni. Pustynny szyk to maroka\u0144skie pachnid\u0142o w kostce do zastosowania na sk\u00f3r\u0119, ubrania, dredy czy brod\u0119. Zapakowania w lniany woreczek b\u0119dzie roztacza\u0107 pustynn\u0105 wo\u0144 gdziekolwiek si\u0119 znajdzie- w torebce, plecaku, samochodzie, szufladzie. &#8220;Czy da si\u0119 stan\u0105\u0107 jedn\u0105 nog\u0105 na pustyni, ale nie mie\u0107 piasku w kieszeniach przez miesi\u0105c? Pustynny Szyk to zapach, kt\u00f3ry zabiera w podr\u00f3\u017c po piaszczystych wydmach Sahary. G\u0142\u0119boki, lekko ostry zapach przynosi na my\u015bl pal\u0105ce S\u0142o\u0144ce dzikiego Maroko, prze\u0142amany s\u0142odk\u0105 nut\u0105 kontemplacji bezkresnego morza z\u0142ocistego piasku. G\u0142owa w chmurach i nogi zakopane w piasku po kostki- oto pustynny stan umys\u0142u.&#8221; Kremistrz to krem do twarzy, kt\u00f3ry zdoby\u0142 ju\u017c serca wielu kobiet swoim skromnym acz szlachetnym sk\u0142adem, nienachalnym zapachem i skutecznym, nienarzucaj\u0105cym si\u0119 wp\u0142ywem na sk\u00f3r\u0119. &nbsp; Zapakowane w strojne pude\u0142ko tekturowe, gotowe na prezent. &nbsp;\" \/>\n<meta property=\"og:url\" content=\"https:\/\/hooliganelf.pl\/pl\/shop\/skladaki-podarunkowe\/zestaw-z-grzyblotem\/\" \/>\n<meta property=\"og:site_name\" content=\"Hooligan Elf\" \/>\n<meta property=\"article:publisher\" content=\"https:\/\/www.facebook.com\/HooliganElf\/\" \/>\n<meta property=\"article:modified_time\" content=\"2026-01-06T15:17:50+00:00\" \/>\n<meta property=\"og:image\" content=\"https:\/\/hooliganelf.pl\/wp-content\/uploads\/2025\/12\/WhatsApp-Image-2025-12-15-at-18.55.55-1.jpeg\" \/>\n\t<meta property=\"og:image:width\" content=\"945\" \/>\n\t<meta property=\"og:image:height\" content=\"1251\" \/>\n\t<meta property=\"og:image:type\" content=\"image\/jpeg\" \/>\n<meta name=\"twitter:card\" content=\"summary_large_image\" \/>\n<meta name=\"twitter:label1\" content=\"Szacowany czas czytania\" \/>\n\t<meta name=\"twitter:data1\" content=\"2 minuty\" \/>\n<script type=\"application\/ld+json\" class=\"yoast-schema-graph\">{\"@context\":\"https:\\\/\\\/schema.org\",\"@graph\":[{\"@type\":\"WebPage\",\"@id\":\"https:\\\/\\\/hooliganelf.pl\\\/shop\\\/skladaki-podarunkowe\\\/zestaw-z-grzyblotem\\\/\",\"url\":\"https:\\\/\\\/hooliganelf.pl\\\/shop\\\/skladaki-podarunkowe\\\/zestaw-z-grzyblotem\\\/\",\"name\":\"Zestaw z grzyB\u0142otem - Hooligan Elf\",\"isPartOf\":{\"@id\":\"https:\\\/\\\/hooliganelf.pl\\\/#website\"},\"primaryImageOfPage\":{\"@id\":\"https:\\\/\\\/hooliganelf.pl\\\/shop\\\/skladaki-podarunkowe\\\/zestaw-z-grzyblotem\\\/#primaryimage\"},\"image\":{\"@id\":\"https:\\\/\\\/hooliganelf.pl\\\/shop\\\/skladaki-podarunkowe\\\/zestaw-z-grzyblotem\\\/#primaryimage\"},\"thumbnailUrl\":\"https:\\\/\\\/hooliganelf.pl\\\/wp-content\\\/uploads\\\/2025\\\/12\\\/WhatsApp-Image-2025-12-15-at-18.55.55-1.jpeg\",\"datePublished\":\"2025-12-16T09:50:34+00:00\",\"dateModified\":\"2026-01-06T15:17:50+00:00\",\"breadcrumb\":{\"@id\":\"https:\\\/\\\/hooliganelf.pl\\\/shop\\\/skladaki-podarunkowe\\\/zestaw-z-grzyblotem\\\/#breadcrumb\"},\"inLanguage\":\"pl-PL\",\"potentialAction\":[{\"@type\":\"ReadAction\",\"target\":[\"https:\\\/\\\/hooliganelf.pl\\\/shop\\\/skladaki-podarunkowe\\\/zestaw-z-grzyblotem\\\/\"]}]},{\"@type\":\"ImageObject\",\"inLanguage\":\"pl-PL\",\"@id\":\"https:\\\/\\\/hooliganelf.pl\\\/shop\\\/skladaki-podarunkowe\\\/zestaw-z-grzyblotem\\\/#primaryimage\",\"url\":\"https:\\\/\\\/hooliganelf.pl\\\/wp-content\\\/uploads\\\/2025\\\/12\\\/WhatsApp-Image-2025-12-15-at-18.55.55-1.jpeg\",\"contentUrl\":\"https:\\\/\\\/hooliganelf.pl\\\/wp-content\\\/uploads\\\/2025\\\/12\\\/WhatsApp-Image-2025-12-15-at-18.55.55-1.jpeg\",\"width\":945,\"height\":1251},{\"@type\":\"BreadcrumbList\",\"@id\":\"https:\\\/\\\/hooliganelf.pl\\\/shop\\\/skladaki-podarunkowe\\\/zestaw-z-grzyblotem\\\/#breadcrumb\",\"itemListElement\":[{\"@type\":\"ListItem\",\"position\":1,\"name\":\"Strona g\u0142\u00f3wna\",\"item\":\"https:\\\/\\\/hooliganelf.pl\\\/\"},{\"@type\":\"ListItem\",\"position\":2,\"name\":\"Stragan\",\"item\":\"https:\\\/\\\/hooliganelf.pl\\\/pl\\\/shop\\\/\"},{\"@type\":\"ListItem\",\"position\":3,\"name\":\"Zestaw z grzyB\u0142otem\"}]},{\"@type\":\"WebSite\",\"@id\":\"https:\\\/\\\/hooliganelf.pl\\\/#website\",\"url\":\"https:\\\/\\\/hooliganelf.pl\\\/\",\"name\":\"Hooligan Elf\",\"description\":\"Le\u015bne wymys\u0142y dzikiej kobiety\",\"publisher\":{\"@id\":\"https:\\\/\\\/hooliganelf.pl\\\/#organization\"},\"potentialAction\":[{\"@type\":\"SearchAction\",\"target\":{\"@type\":\"EntryPoint\",\"urlTemplate\":\"https:\\\/\\\/hooliganelf.pl\\\/?s={search_term_string}\"},\"query-input\":{\"@type\":\"PropertyValueSpecification\",\"valueRequired\":true,\"valueName\":\"search_term_string\"}}],\"inLanguage\":\"pl-PL\"},{\"@type\":\"Organization\",\"@id\":\"https:\\\/\\\/hooliganelf.pl\\\/#organization\",\"name\":\"Hooligan Elf\",\"url\":\"https:\\\/\\\/hooliganelf.pl\\\/\",\"logo\":{\"@type\":\"ImageObject\",\"inLanguage\":\"pl-PL\",\"@id\":\"https:\\\/\\\/hooliganelf.pl\\\/#\\\/schema\\\/logo\\\/image\\\/\",\"url\":\"https:\\\/\\\/hooliganelf.pl\\\/wp-content\\\/uploads\\\/2021\\\/10\\\/logo-nowe-czarne-bez-tla.png\",\"contentUrl\":\"https:\\\/\\\/hooliganelf.pl\\\/wp-content\\\/uploads\\\/2021\\\/10\\\/logo-nowe-czarne-bez-tla.png\",\"width\":1278,\"height\":735,\"caption\":\"Hooligan Elf\"},\"image\":{\"@id\":\"https:\\\/\\\/hooliganelf.pl\\\/#\\\/schema\\\/logo\\\/image\\\/\"},\"sameAs\":[\"https:\\\/\\\/www.facebook.com\\\/HooliganElf\\\/\",\"https:\\\/\\\/www.instagram.com\\\/hooligan.elf\\\/\"]}]}<\/script>\n<!-- \/ Yoast SEO plugin. -->","yoast_head_json":{"title":"Zestaw z grzyB\u0142otem - Hooligan Elf","robots":{"index":"index","follow":"follow","max-snippet":"max-snippet:-1","max-image-preview":"max-image-preview:large","max-video-preview":"max-video-preview:-1"},"canonical":"https:\/\/hooliganelf.pl\/pl\/shop\/skladaki-podarunkowe\/zestaw-z-grzyblotem\/","og_locale":"pl_PL","og_type":"article","og_title":"Zestaw z grzyB\u0142otem - Hooligan Elf","og_description":"Czyste B\u0142oto ka\u017cdy \u0141obuziak zna i jest to zdecydowany bestseller straganu! Ziemia! Woda! Ogie\u0144! Oleje zimnot\u0142oczone od pana Mariana! Serce! Miesza\u0107 \u0142okciem w magicznym kotle i powstaje co\u015b, co wyci\u0105ga sk\u00f3r\u0119 z b\u0142\u0119dnego ko\u0142a piel\u0119gnacji serwowanej przez firmy kosmetyczne. Ale suchary na bok. Czyste B\u0142oto to zmiana perspektywy na to, co sprzedaj\u0105 nam reklamy- zaburzanie r\u00f3wnowagi jednym produktem, \u017ceby trzeba by\u0142o kupi\u0107 drugi, kt\u00f3ry to naprawi. Nie ka\u017cdy jest gotowy na takie zmiany, dlatego proponuje zastawy prezentowe z mini wersj\u0105 B\u0142ota w uroczej, \u015bwi\u0105tecznej wersji- na spr\u00f3bowanie, przetestowanie i przekonanie si\u0119. Do wyboru w 4 wersjach z Serum Tr\u00f3jca, czyli absolutny hicior\u00a0 i to nie tylko dla kobiet. Nazywany wr\u0119cz magicznym i daj\u0105cym spektakularne efekty w kr\u00f3tkim czasie- wyg\u0142adza, rozja\u015bnia, cofa czas i g\u0142\u0119boko regeneruje, a to g\u0142\u00f3wnie za spraw\u0105 ekstraktu z \u017cywicy kadzid\u0142owca mojej roboty. buteleczka 10ml Salvation Balm, czyli niepozorny gagatek kryj\u0105cy w sobie ca\u0142a gam\u0119 pomocnych zastosowa\u0144. Mazide\u0142ko na bazie wosku pszczelego do ratowania spierzchni\u0119tych ust i innych sucho\u015bci, obtar\u0107, uk\u0105sze\u0144 itp. Dobrze mie\u0107 go zawsze w kieszeni. Pustynny szyk to maroka\u0144skie pachnid\u0142o w kostce do zastosowania na sk\u00f3r\u0119, ubrania, dredy czy brod\u0119. Zapakowania w lniany woreczek b\u0119dzie roztacza\u0107 pustynn\u0105 wo\u0144 gdziekolwiek si\u0119 znajdzie- w torebce, plecaku, samochodzie, szufladzie. &#8220;Czy da si\u0119 stan\u0105\u0107 jedn\u0105 nog\u0105 na pustyni, ale nie mie\u0107 piasku w kieszeniach przez miesi\u0105c? Pustynny Szyk to zapach, kt\u00f3ry zabiera w podr\u00f3\u017c po piaszczystych wydmach Sahary. G\u0142\u0119boki, lekko ostry zapach przynosi na my\u015bl pal\u0105ce S\u0142o\u0144ce dzikiego Maroko, prze\u0142amany s\u0142odk\u0105 nut\u0105 kontemplacji bezkresnego morza z\u0142ocistego piasku. G\u0142owa w chmurach i nogi zakopane w piasku po kostki- oto pustynny stan umys\u0142u.&#8221; Kremistrz to krem do twarzy, kt\u00f3ry zdoby\u0142 ju\u017c serca wielu kobiet swoim skromnym acz szlachetnym sk\u0142adem, nienachalnym zapachem i skutecznym, nienarzucaj\u0105cym si\u0119 wp\u0142ywem na sk\u00f3r\u0119. &nbsp; Zapakowane w strojne pude\u0142ko tekturowe, gotowe na prezent. &nbsp;","og_url":"https:\/\/hooliganelf.pl\/pl\/shop\/skladaki-podarunkowe\/zestaw-z-grzyblotem\/","og_site_name":"Hooligan Elf","article_publisher":"https:\/\/www.facebook.com\/HooliganElf\/","article_modified_time":"2026-01-06T15:17:50+00:00","og_image":[{"width":945,"height":1251,"url":"https:\/\/hooliganelf.pl\/wp-content\/uploads\/2025\/12\/WhatsApp-Image-2025-12-15-at-18.55.55-1.jpeg","type":"image\/jpeg"}],"twitter_card":"summary_large_image","twitter_misc":{"Szacowany czas czytania":"2 minuty"},"schema":{"@context":"https:\/\/schema.org","@graph":[{"@type":"WebPage","@id":"https:\/\/hooliganelf.pl\/shop\/skladaki-podarunkowe\/zestaw-z-grzyblotem\/","url":"https:\/\/hooliganelf.pl\/shop\/skladaki-podarunkowe\/zestaw-z-grzyblotem\/","name":"Zestaw z grzyB\u0142otem - Hooligan Elf","isPartOf":{"@id":"https:\/\/hooliganelf.pl\/#website"},"primaryImageOfPage":{"@id":"https:\/\/hooliganelf.pl\/shop\/skladaki-podarunkowe\/zestaw-z-grzyblotem\/#primaryimage"},"image":{"@id":"https:\/\/hooliganelf.pl\/shop\/skladaki-podarunkowe\/zestaw-z-grzyblotem\/#primaryimage"},"thumbnailUrl":"https:\/\/hooliganelf.pl\/wp-content\/uploads\/2025\/12\/WhatsApp-Image-2025-12-15-at-18.55.55-1.jpeg","datePublished":"2025-12-16T09:50:34+00:00","dateModified":"2026-01-06T15:17:50+00:00","breadcrumb":{"@id":"https:\/\/hooliganelf.pl\/shop\/skladaki-podarunkowe\/zestaw-z-grzyblotem\/#breadcrumb"},"inLanguage":"pl-PL","potentialAction":[{"@type":"ReadAction","target":["https:\/\/hooliganelf.pl\/shop\/skladaki-podarunkowe\/zestaw-z-grzyblotem\/"]}]},{"@type":"ImageObject","inLanguage":"pl-PL","@id":"https:\/\/hooliganelf.pl\/shop\/skladaki-podarunkowe\/zestaw-z-grzyblotem\/#primaryimage","url":"https:\/\/hooliganelf.pl\/wp-content\/uploads\/2025\/12\/WhatsApp-Image-2025-12-15-at-18.55.55-1.jpeg","contentUrl":"https:\/\/hooliganelf.pl\/wp-content\/uploads\/2025\/12\/WhatsApp-Image-2025-12-15-at-18.55.55-1.jpeg","width":945,"height":1251},{"@type":"BreadcrumbList","@id":"https:\/\/hooliganelf.pl\/shop\/skladaki-podarunkowe\/zestaw-z-grzyblotem\/#breadcrumb","itemListElement":[{"@type":"ListItem","position":1,"name":"Strona g\u0142\u00f3wna","item":"https:\/\/hooliganelf.pl\/"},{"@type":"ListItem","position":2,"name":"Stragan","item":"https:\/\/hooliganelf.pl\/pl\/shop\/"},{"@type":"ListItem","position":3,"name":"Zestaw z grzyB\u0142otem"}]},{"@type":"WebSite","@id":"https:\/\/hooliganelf.pl\/#website","url":"https:\/\/hooliganelf.pl\/","name":"Hooligan Elf","description":"Le\u015bne wymys\u0142y dzikiej kobiety","publisher":{"@id":"https:\/\/hooliganelf.pl\/#organization"},"potentialAction":[{"@type":"SearchAction","target":{"@type":"EntryPoint","urlTemplate":"https:\/\/hooliganelf.pl\/?s={search_term_string}"},"query-input":{"@type":"PropertyValueSpecification","valueRequired":true,"valueName":"search_term_string"}}],"inLanguage":"pl-PL"},{"@type":"Organization","@id":"https:\/\/hooliganelf.pl\/#organization","name":"Hooligan Elf","url":"https:\/\/hooliganelf.pl\/","logo":{"@type":"ImageObject","inLanguage":"pl-PL","@id":"https:\/\/hooliganelf.pl\/#\/schema\/logo\/image\/","url":"https:\/\/hooliganelf.pl\/wp-content\/uploads\/2021\/10\/logo-nowe-czarne-bez-tla.png","contentUrl":"https:\/\/hooliganelf.pl\/wp-content\/uploads\/2021\/10\/logo-nowe-czarne-bez-tla.png","width":1278,"height":735,"caption":"Hooligan Elf"},"image":{"@id":"https:\/\/hooliganelf.pl\/#\/schema\/logo\/image\/"},"sameAs":["https:\/\/www.facebook.com\/HooliganElf\/","https:\/\/www.instagram.com\/hooligan.elf\/"]}]}},"_links":{"self":[{"href":"http:\/\/hooliganelf.pl\/pl\/wp-json\/wp\/v2\/product\/5128","targetHints":{"allow":["GET"]}}],"collection":[{"href":"http:\/\/hooliganelf.pl\/pl\/wp-json\/wp\/v2\/product"}],"about":[{"href":"http:\/\/hooliganelf.pl\/pl\/wp-json\/wp\/v2\/types\/product"}],"replies":[{"embeddable":true,"href":"http:\/\/hooliganelf.pl\/pl\/wp-json\/wp\/v2\/comments?post=5128"}],"wp:featuredmedia":[{"embeddable":true,"href":"http:\/\/hooliganelf.pl\/pl\/wp-json\/wp\/v2\/media\/5138"}],"wp:attachment":[{"href":"http:\/\/hooliganelf.pl\/pl\/wp-json\/wp\/v2\/media?parent=5128"}],"wp:term":[{"taxonomy":"product_brand","embeddable":true,"href":"http:\/\/hooliganelf.pl\/pl\/wp-json\/wp\/v2\/product_brand?post=5128"},{"taxonomy":"product_cat","embeddable":true,"href":"http:\/\/hooliganelf.pl\/pl\/wp-json\/wp\/v2\/product_cat?post=5128"},{"taxonomy":"product_tag","embeddable":true,"href":"http:\/\/hooliganelf.pl\/pl\/wp-json\/wp\/v2\/product_tag?post=5128"}],"curies":[{"name":"wp","href":"https:\/\/api.w.org\/{rel}","templated":true}]}}