{"id":12,"date":"2021-10-22T19:30:48","date_gmt":"2021-10-22T17:30:48","guid":{"rendered":"https:\/\/hooliganelf.pl\/?page_id=12"},"modified":"2021-11-05T22:25:55","modified_gmt":"2021-11-05T21:25:55","slug":"kontakt","status":"publish","type":"page","link":"https:\/\/hooliganelf.pl\/en\/kontakt\/","title":{"rendered":"Contact"},"content":{"rendered":"<p><strong>Usualy our orders are being packed and send chop-chop! and with vigor<\/strong>&nbsp;, sometimes even on the next day. But sometimes it can take me&nbsp;<strong>2-3 days to send your package. If you are in a urgent need for some hooligan goodness feel free to poke me with a stick and inform me about it.<\/strong><\/p>\n\n\n\n<p>Piszcie \u015bmia\u0142o na maila stragan@hooliganelf.pl w razie pyta\u0144 pal\u0105cych mniej lub bardziej!<\/p>\n\n\n\n<p>Thanks and see you in the forest somewhere!<\/p>","protected":false},"excerpt":{"rendered":"<p>Wasze zam\u00f3wienia staram si\u0119 realizowa\u0107&nbsp;rachu ciachu, czasem nawet na nast\u0119pny dzie\u0144. Jednak jestem tylko jedn\u0105, czasem zakr\u0119con\u0105 Bab\u0105 i mo\u017ce si\u0119 zdarzy\u0107, \u017ce b\u0119d\u0119 potrzebowa\u0107&nbsp;2-3 dni na wys\u0142anie paczki. W razie potrzeby, \u015bmia\u0142o mo\u017cna mnie szturchn\u0105\u0107 i poinformowa\u0107, \u017ce zam\u00f3wienie jest pilne. Piszcie \u015bmia\u0142o na maila stragan@hooliganelf.pl w razie pyta\u0144 pal\u0105cych mniej lub bardziej! Serdeczno\u015bci i do zobaczenia w lesie!<\/p>","protected":false},"author":2,"featured_media":0,"parent":0,"menu_order":0,"comment_status":"closed","ping_status":"closed","template":"","meta":{"footnotes":""},"class_list":["post-12","page","type-page","status-publish","hentry"],"yoast_head":"<!-- This site is optimized with the Yoast SEO plugin v27.4 - https:\/\/yoast.com\/product\/yoast-seo-wordpress\/ -->\n<title>Kontakt - Hooligan Elf<\/title>\n<meta name=\"robots\" content=\"index, follow, max-snippet:-1, max-image-preview:large, max-video-preview:-1\" \/>\n<link rel=\"canonical\" href=\"https:\/\/hooliganelf.pl\/en\/kontakt\/\" \/>\n<meta property=\"og:locale\" content=\"en_GB\" \/>\n<meta property=\"og:type\" content=\"article\" \/>\n<meta property=\"og:title\" content=\"Kontakt - Hooligan Elf\" \/>\n<meta property=\"og:description\" content=\"Wasze zam\u00f3wienia staram si\u0119 realizowa\u0107&nbsp;rachu ciachu, czasem nawet na nast\u0119pny dzie\u0144. Jednak jestem tylko jedn\u0105, czasem zakr\u0119con\u0105 Bab\u0105 i mo\u017ce si\u0119 zdarzy\u0107, \u017ce b\u0119d\u0119 potrzebowa\u0107&nbsp;2-3 dni na wys\u0142anie paczki. W razie potrzeby, \u015bmia\u0142o mo\u017cna mnie szturchn\u0105\u0107 i poinformowa\u0107, \u017ce zam\u00f3wienie jest pilne. Piszcie \u015bmia\u0142o na maila stragan@hooliganelf.pl w razie pyta\u0144 pal\u0105cych mniej lub bardziej! Serdeczno\u015bci i do zobaczenia w lesie!\" \/>\n<meta property=\"og:url\" content=\"https:\/\/hooliganelf.pl\/en\/kontakt\/\" \/>\n<meta property=\"og:site_name\" content=\"Hooligan Elf\" \/>\n<meta property=\"article:publisher\" content=\"https:\/\/www.facebook.com\/HooliganElf\/\" \/>\n<meta property=\"article:modified_time\" content=\"2021-11-05T21:25:55+00:00\" \/>\n<meta property=\"og:image\" content=\"https:\/\/hooliganelf.pl\/wp-content\/uploads\/2021\/10\/cropped-logo-nowe-czarne-bez-tla.png\" \/>\n\t<meta property=\"og:image:width\" content=\"512\" \/>\n\t<meta property=\"og:image:height\" content=\"512\" \/>\n\t<meta property=\"og:image:type\" content=\"image\/png\" \/>\n<meta name=\"twitter:card\" content=\"summary_large_image\" \/>\n<script type=\"application\/ld+json\" class=\"yoast-schema-graph\">{\"@context\":\"https:\\\/\\\/schema.org\",\"@graph\":[{\"@type\":\"WebPage\",\"@id\":\"https:\\\/\\\/hooliganelf.pl\\\/kontakt\\\/\",\"url\":\"https:\\\/\\\/hooliganelf.pl\\\/kontakt\\\/\",\"name\":\"Kontakt - Hooligan Elf\",\"isPartOf\":{\"@id\":\"https:\\\/\\\/hooliganelf.pl\\\/#website\"},\"datePublished\":\"2021-10-22T17:30:48+00:00\",\"dateModified\":\"2021-11-05T21:25:55+00:00\",\"breadcrumb\":{\"@id\":\"https:\\\/\\\/hooliganelf.pl\\\/kontakt\\\/#breadcrumb\"},\"inLanguage\":\"en-GB\",\"potentialAction\":[{\"@type\":\"ReadAction\",\"target\":[\"https:\\\/\\\/hooliganelf.pl\\\/kontakt\\\/\"]}]},{\"@type\":\"BreadcrumbList\",\"@id\":\"https:\\\/\\\/hooliganelf.pl\\\/kontakt\\\/#breadcrumb\",\"itemListElement\":[{\"@type\":\"ListItem\",\"position\":1,\"name\":\"Strona g\u0142\u00f3wna\",\"item\":\"https:\\\/\\\/hooliganelf.pl\\\/\"},{\"@type\":\"ListItem\",\"position\":2,\"name\":\"Kontakt\"}]},{\"@type\":\"WebSite\",\"@id\":\"https:\\\/\\\/hooliganelf.pl\\\/#website\",\"url\":\"https:\\\/\\\/hooliganelf.pl\\\/\",\"name\":\"Hooligan Elf\",\"description\":\"Le\u015bne wymys\u0142y dzikiej kobiety\",\"publisher\":{\"@id\":\"https:\\\/\\\/hooliganelf.pl\\\/#organization\"},\"potentialAction\":[{\"@type\":\"SearchAction\",\"target\":{\"@type\":\"EntryPoint\",\"urlTemplate\":\"https:\\\/\\\/hooliganelf.pl\\\/?s={search_term_string}\"},\"query-input\":{\"@type\":\"PropertyValueSpecification\",\"valueRequired\":true,\"valueName\":\"search_term_string\"}}],\"inLanguage\":\"en-GB\"},{\"@type\":\"Organization\",\"@id\":\"https:\\\/\\\/hooliganelf.pl\\\/#organization\",\"name\":\"Hooligan Elf\",\"url\":\"https:\\\/\\\/hooliganelf.pl\\\/\",\"logo\":{\"@type\":\"ImageObject\",\"inLanguage\":\"en-GB\",\"@id\":\"https:\\\/\\\/hooliganelf.pl\\\/#\\\/schema\\\/logo\\\/image\\\/\",\"url\":\"https:\\\/\\\/hooliganelf.pl\\\/wp-content\\\/uploads\\\/2021\\\/10\\\/logo-nowe-czarne-bez-tla.png\",\"contentUrl\":\"https:\\\/\\\/hooliganelf.pl\\\/wp-content\\\/uploads\\\/2021\\\/10\\\/logo-nowe-czarne-bez-tla.png\",\"width\":1278,\"height\":735,\"caption\":\"Hooligan Elf\"},\"image\":{\"@id\":\"https:\\\/\\\/hooliganelf.pl\\\/#\\\/schema\\\/logo\\\/image\\\/\"},\"sameAs\":[\"https:\\\/\\\/www.facebook.com\\\/HooliganElf\\\/\",\"https:\\\/\\\/www.instagram.com\\\/hooligan.elf\\\/\"]}]}<\/script>\n<!-- \/ Yoast SEO plugin. -->","yoast_head_json":{"title":"Kontakt - Hooligan Elf","robots":{"index":"index","follow":"follow","max-snippet":"max-snippet:-1","max-image-preview":"max-image-preview:large","max-video-preview":"max-video-preview:-1"},"canonical":"https:\/\/hooliganelf.pl\/en\/kontakt\/","og_locale":"en_GB","og_type":"article","og_title":"Kontakt - Hooligan Elf","og_description":"Wasze zam\u00f3wienia staram si\u0119 realizowa\u0107&nbsp;rachu ciachu, czasem nawet na nast\u0119pny dzie\u0144. Jednak jestem tylko jedn\u0105, czasem zakr\u0119con\u0105 Bab\u0105 i mo\u017ce si\u0119 zdarzy\u0107, \u017ce b\u0119d\u0119 potrzebowa\u0107&nbsp;2-3 dni na wys\u0142anie paczki. W razie potrzeby, \u015bmia\u0142o mo\u017cna mnie szturchn\u0105\u0107 i poinformowa\u0107, \u017ce zam\u00f3wienie jest pilne. Piszcie \u015bmia\u0142o na maila stragan@hooliganelf.pl w razie pyta\u0144 pal\u0105cych mniej lub bardziej! Serdeczno\u015bci i do zobaczenia w lesie!","og_url":"https:\/\/hooliganelf.pl\/en\/kontakt\/","og_site_name":"Hooligan Elf","article_publisher":"https:\/\/www.facebook.com\/HooliganElf\/","article_modified_time":"2021-11-05T21:25:55+00:00","og_image":[{"width":512,"height":512,"url":"https:\/\/hooliganelf.pl\/wp-content\/uploads\/2021\/10\/cropped-logo-nowe-czarne-bez-tla.png","type":"image\/png"}],"twitter_card":"summary_large_image","schema":{"@context":"https:\/\/schema.org","@graph":[{"@type":"WebPage","@id":"https:\/\/hooliganelf.pl\/kontakt\/","url":"https:\/\/hooliganelf.pl\/kontakt\/","name":"Kontakt - Hooligan Elf","isPartOf":{"@id":"https:\/\/hooliganelf.pl\/#website"},"datePublished":"2021-10-22T17:30:48+00:00","dateModified":"2021-11-05T21:25:55+00:00","breadcrumb":{"@id":"https:\/\/hooliganelf.pl\/kontakt\/#breadcrumb"},"inLanguage":"en-GB","potentialAction":[{"@type":"ReadAction","target":["https:\/\/hooliganelf.pl\/kontakt\/"]}]},{"@type":"BreadcrumbList","@id":"https:\/\/hooliganelf.pl\/kontakt\/#breadcrumb","itemListElement":[{"@type":"ListItem","position":1,"name":"Strona g\u0142\u00f3wna","item":"https:\/\/hooliganelf.pl\/"},{"@type":"ListItem","position":2,"name":"Kontakt"}]},{"@type":"WebSite","@id":"https:\/\/hooliganelf.pl\/#website","url":"https:\/\/hooliganelf.pl\/","name":"Hooligan Elf","description":"Le\u015bne wymys\u0142y dzikiej kobiety","publisher":{"@id":"https:\/\/hooliganelf.pl\/#organization"},"potentialAction":[{"@type":"SearchAction","target":{"@type":"EntryPoint","urlTemplate":"https:\/\/hooliganelf.pl\/?s={search_term_string}"},"query-input":{"@type":"PropertyValueSpecification","valueRequired":true,"valueName":"search_term_string"}}],"inLanguage":"en-GB"},{"@type":"Organization","@id":"https:\/\/hooliganelf.pl\/#organization","name":"Hooligan Elf","url":"https:\/\/hooliganelf.pl\/","logo":{"@type":"ImageObject","inLanguage":"en-GB","@id":"https:\/\/hooliganelf.pl\/#\/schema\/logo\/image\/","url":"https:\/\/hooliganelf.pl\/wp-content\/uploads\/2021\/10\/logo-nowe-czarne-bez-tla.png","contentUrl":"https:\/\/hooliganelf.pl\/wp-content\/uploads\/2021\/10\/logo-nowe-czarne-bez-tla.png","width":1278,"height":735,"caption":"Hooligan Elf"},"image":{"@id":"https:\/\/hooliganelf.pl\/#\/schema\/logo\/image\/"},"sameAs":["https:\/\/www.facebook.com\/HooliganElf\/","https:\/\/www.instagram.com\/hooligan.elf\/"]}]}},"_links":{"self":[{"href":"https:\/\/hooliganelf.pl\/en\/wp-json\/wp\/v2\/pages\/12","targetHints":{"allow":["GET"]}}],"collection":[{"href":"https:\/\/hooliganelf.pl\/en\/wp-json\/wp\/v2\/pages"}],"about":[{"href":"https:\/\/hooliganelf.pl\/en\/wp-json\/wp\/v2\/types\/page"}],"author":[{"embeddable":true,"href":"https:\/\/hooliganelf.pl\/en\/wp-json\/wp\/v2\/users\/2"}],"replies":[{"embeddable":true,"href":"https:\/\/hooliganelf.pl\/en\/wp-json\/wp\/v2\/comments?post=12"}],"version-history":[{"count":0,"href":"https:\/\/hooliganelf.pl\/en\/wp-json\/wp\/v2\/pages\/12\/revisions"}],"wp:attachment":[{"href":"https:\/\/hooliganelf.pl\/en\/wp-json\/wp\/v2\/media?parent=12"}],"curies":[{"name":"wp","href":"https:\/\/api.w.org\/{rel}","templated":true}]}}