{"id":25,"date":"2021-10-22T18:56:46","date_gmt":"2021-10-22T16:56:46","guid":{"rendered":"https:\/\/hooliganelf.pl\/?page_id=25"},"modified":"2021-11-08T17:02:13","modified_gmt":"2021-11-08T16:02:13","slug":"kto-co-i-jak","status":"publish","type":"page","link":"https:\/\/hooliganelf.pl\/en\/kto-co-i-jak\/","title":{"rendered":"Who what &amp; how?"},"content":{"rendered":"<p>Hi there, Fellow Hooligan!<\/p>\n\n\n\n<p>I am a Forest Chick and I play around with what attracts me - nature, the forest, sticks, herbs and \n transforming nothing into something. Sometimes I will brew a practical potions in my pot, sometimes I will sew up some clothes from scratch or melt metal on a stone, wrap it with a rope thus creatings a talisman.\u00a0<\/p>\n\n\n\n<p>Bringing about <strong>practical and  meaningfull objects into the world is what drives me.<\/strong>.<\/p>\n\n\n\n<p>Symbols visible on most of my creations are\u00a0<strong>bindrunes- spells composed from magical signs<\/strong>, runes which are my way of spreading goodness here and there, wherever they wander along in a pocket or backpack of a forest wanderer.<\/p>\n\n\n\n<p><strong>Usualy our orders are being packed and send chop-chop! and with vigor<\/strong>&nbsp;, sometimes even on the next day. But sometimes it can take me&nbsp;<strong>2-3 days to send your package. If you are in a urgent need for some hooligan goodness feel free to poke me with a stick and inform me about it.<\/strong><\/p>\n\n\n\n<p>Write me up at <a href=\"mailto:stragan@hooliganelf.pl\">store@hooliganelf.com<\/a> in case of questions more or less urgent.<\/p>\n\n\n\n<p>Thanks and see you in the forest somewhere!<\/p>","protected":false},"excerpt":{"rendered":"<p>Cze\u015b\u0107 i czo\u0142em, wsp\u00f3\u0142hooliganie! Jestem sobie Le\u015bn\u0105 Bab\u0105 i bawi\u0119 si\u0119 tym, co mnie przyci\u0105ga &#8211; natur\u0105, lasem, patyczkami, zio\u0142ami, przemianami niczego w co\u015b. Czasem ukr\u0119c\u0119 \u0142okciem w kotle jakie\u015b praktyczne mazid\u0142o, czasem uszyj\u0119 jaki\u015b fata\u0142aszek albo stopi\u0119 metal na kamieniu i okr\u0119c\u0119 sznurem, \u017ceby powiesi\u0107 na szyi.\u00a0 Lubi\u0119 rzeczy u\u017cyteczne i niosi\u0105ce tre\u015b\u0107 w \u015bwiat. Znaki znajduj\u0105ce si\u0119 na wi\u0119kszo\u015bci moich wytwor\u00f3w to\u00a0bindruny &#8211; zakl\u0119cia utkane z symboli magicznych, z run, kt\u00f3re s\u0105 moim sposobem na sianie dobra tu i tam, gdziekolwiek zaw\u0119druj\u0105 w kieszeni czy plecaku le\u015bnego ludzika. Wasze zam\u00f3wienia staram si\u0119 realizowa\u0107&nbsp;rachu ciachu, czasem nawet na nast\u0119pny dzie\u0144. Jednak jestem tylko jedn\u0105, czasem zakr\u0119con\u0105 Bab\u0105 i mo\u017ce si\u0119 zdarzy\u0107, \u017ce b\u0119d\u0119 potrzebowa\u0107&nbsp;2-3 dni na wys\u0142anie paczki. W razie potrzeby, \u015bmia\u0142o mo\u017cna mnie szturchn\u0105\u0107 i poinformowa\u0107, \u017ce zam\u00f3wienie jest pilne. Piszcie \u015bmia\u0142o na maila stragan@hooliganelf.pl w razie pyta\u0144 pal\u0105cych mniej lub bardziej! Serdeczno\u015bci i do zobaczenia w lesie!<\/p>","protected":false},"author":2,"featured_media":0,"parent":0,"menu_order":0,"comment_status":"closed","ping_status":"closed","template":"","meta":{"footnotes":""},"class_list":["post-25","page","type-page","status-publish","hentry"],"yoast_head":"<!-- This site is optimized with the Yoast SEO plugin v27.4 - https:\/\/yoast.com\/product\/yoast-seo-wordpress\/ -->\n<title>Kto co i jak? - Hooligan Elf<\/title>\n<meta name=\"robots\" content=\"index, follow, max-snippet:-1, max-image-preview:large, max-video-preview:-1\" \/>\n<link rel=\"canonical\" href=\"https:\/\/hooliganelf.pl\/en\/kto-co-i-jak\/\" \/>\n<meta property=\"og:locale\" content=\"en_GB\" \/>\n<meta property=\"og:type\" content=\"article\" \/>\n<meta property=\"og:title\" content=\"Kto co i jak? - Hooligan Elf\" \/>\n<meta property=\"og:description\" content=\"Cze\u015b\u0107 i czo\u0142em, wsp\u00f3\u0142hooliganie! Jestem sobie Le\u015bn\u0105 Bab\u0105 i bawi\u0119 si\u0119 tym, co mnie przyci\u0105ga &#8211; natur\u0105, lasem, patyczkami, zio\u0142ami, przemianami niczego w co\u015b. Czasem ukr\u0119c\u0119 \u0142okciem w kotle jakie\u015b praktyczne mazid\u0142o, czasem uszyj\u0119 jaki\u015b fata\u0142aszek albo stopi\u0119 metal na kamieniu i okr\u0119c\u0119 sznurem, \u017ceby powiesi\u0107 na szyi.\u00a0 Lubi\u0119 rzeczy u\u017cyteczne i niosi\u0105ce tre\u015b\u0107 w \u015bwiat. Znaki znajduj\u0105ce si\u0119 na wi\u0119kszo\u015bci moich wytwor\u00f3w to\u00a0bindruny &#8211; zakl\u0119cia utkane z symboli magicznych, z run, kt\u00f3re s\u0105 moim sposobem na sianie dobra tu i tam, gdziekolwiek zaw\u0119druj\u0105 w kieszeni czy plecaku le\u015bnego ludzika. Wasze zam\u00f3wienia staram si\u0119 realizowa\u0107&nbsp;rachu ciachu, czasem nawet na nast\u0119pny dzie\u0144. Jednak jestem tylko jedn\u0105, czasem zakr\u0119con\u0105 Bab\u0105 i mo\u017ce si\u0119 zdarzy\u0107, \u017ce b\u0119d\u0119 potrzebowa\u0107&nbsp;2-3 dni na wys\u0142anie paczki. W razie potrzeby, \u015bmia\u0142o mo\u017cna mnie szturchn\u0105\u0107 i poinformowa\u0107, \u017ce zam\u00f3wienie jest pilne. Piszcie \u015bmia\u0142o na maila stragan@hooliganelf.pl w razie pyta\u0144 pal\u0105cych mniej lub bardziej! Serdeczno\u015bci i do zobaczenia w lesie!\" \/>\n<meta property=\"og:url\" content=\"https:\/\/hooliganelf.pl\/en\/kto-co-i-jak\/\" \/>\n<meta property=\"og:site_name\" content=\"Hooligan Elf\" \/>\n<meta property=\"article:publisher\" content=\"https:\/\/www.facebook.com\/HooliganElf\/\" \/>\n<meta property=\"article:modified_time\" content=\"2021-11-08T16:02:13+00:00\" \/>\n<meta property=\"og:image\" content=\"https:\/\/hooliganelf.pl\/wp-content\/uploads\/2021\/10\/cropped-logo-nowe-czarne-bez-tla.png\" \/>\n\t<meta property=\"og:image:width\" content=\"512\" \/>\n\t<meta property=\"og:image:height\" content=\"512\" \/>\n\t<meta property=\"og:image:type\" content=\"image\/png\" \/>\n<meta name=\"twitter:card\" content=\"summary_large_image\" \/>\n<meta name=\"twitter:label1\" content=\"Estimated reading time\" \/>\n\t<meta name=\"twitter:data1\" content=\"1 minute\" \/>\n<script type=\"application\/ld+json\" class=\"yoast-schema-graph\">{\"@context\":\"https:\\\/\\\/schema.org\",\"@graph\":[{\"@type\":\"WebPage\",\"@id\":\"https:\\\/\\\/hooliganelf.pl\\\/pl\\\/kto-co-i-jak\\\/\",\"url\":\"https:\\\/\\\/hooliganelf.pl\\\/pl\\\/kto-co-i-jak\\\/\",\"name\":\"Kto co i jak? - Hooligan Elf\",\"isPartOf\":{\"@id\":\"https:\\\/\\\/hooliganelf.pl\\\/#website\"},\"datePublished\":\"2021-10-22T16:56:46+00:00\",\"dateModified\":\"2021-11-08T16:02:13+00:00\",\"breadcrumb\":{\"@id\":\"https:\\\/\\\/hooliganelf.pl\\\/pl\\\/kto-co-i-jak\\\/#breadcrumb\"},\"inLanguage\":\"en-GB\",\"potentialAction\":[{\"@type\":\"ReadAction\",\"target\":[\"https:\\\/\\\/hooliganelf.pl\\\/pl\\\/kto-co-i-jak\\\/\"]}]},{\"@type\":\"BreadcrumbList\",\"@id\":\"https:\\\/\\\/hooliganelf.pl\\\/pl\\\/kto-co-i-jak\\\/#breadcrumb\",\"itemListElement\":[{\"@type\":\"ListItem\",\"position\":1,\"name\":\"Strona g\u0142\u00f3wna\",\"item\":\"https:\\\/\\\/hooliganelf.pl\\\/\"},{\"@type\":\"ListItem\",\"position\":2,\"name\":\"Kto co i jak?\"}]},{\"@type\":\"WebSite\",\"@id\":\"https:\\\/\\\/hooliganelf.pl\\\/#website\",\"url\":\"https:\\\/\\\/hooliganelf.pl\\\/\",\"name\":\"Hooligan Elf\",\"description\":\"Le\u015bne wymys\u0142y dzikiej kobiety\",\"publisher\":{\"@id\":\"https:\\\/\\\/hooliganelf.pl\\\/#organization\"},\"potentialAction\":[{\"@type\":\"SearchAction\",\"target\":{\"@type\":\"EntryPoint\",\"urlTemplate\":\"https:\\\/\\\/hooliganelf.pl\\\/?s={search_term_string}\"},\"query-input\":{\"@type\":\"PropertyValueSpecification\",\"valueRequired\":true,\"valueName\":\"search_term_string\"}}],\"inLanguage\":\"en-GB\"},{\"@type\":\"Organization\",\"@id\":\"https:\\\/\\\/hooliganelf.pl\\\/#organization\",\"name\":\"Hooligan Elf\",\"url\":\"https:\\\/\\\/hooliganelf.pl\\\/\",\"logo\":{\"@type\":\"ImageObject\",\"inLanguage\":\"en-GB\",\"@id\":\"https:\\\/\\\/hooliganelf.pl\\\/#\\\/schema\\\/logo\\\/image\\\/\",\"url\":\"https:\\\/\\\/hooliganelf.pl\\\/wp-content\\\/uploads\\\/2021\\\/10\\\/logo-nowe-czarne-bez-tla.png\",\"contentUrl\":\"https:\\\/\\\/hooliganelf.pl\\\/wp-content\\\/uploads\\\/2021\\\/10\\\/logo-nowe-czarne-bez-tla.png\",\"width\":1278,\"height\":735,\"caption\":\"Hooligan Elf\"},\"image\":{\"@id\":\"https:\\\/\\\/hooliganelf.pl\\\/#\\\/schema\\\/logo\\\/image\\\/\"},\"sameAs\":[\"https:\\\/\\\/www.facebook.com\\\/HooliganElf\\\/\",\"https:\\\/\\\/www.instagram.com\\\/hooligan.elf\\\/\"]}]}<\/script>\n<!-- \/ Yoast SEO plugin. -->","yoast_head_json":{"title":"Kto co i jak? - Hooligan Elf","robots":{"index":"index","follow":"follow","max-snippet":"max-snippet:-1","max-image-preview":"max-image-preview:large","max-video-preview":"max-video-preview:-1"},"canonical":"https:\/\/hooliganelf.pl\/en\/kto-co-i-jak\/","og_locale":"en_GB","og_type":"article","og_title":"Kto co i jak? - Hooligan Elf","og_description":"Cze\u015b\u0107 i czo\u0142em, wsp\u00f3\u0142hooliganie! Jestem sobie Le\u015bn\u0105 Bab\u0105 i bawi\u0119 si\u0119 tym, co mnie przyci\u0105ga &#8211; natur\u0105, lasem, patyczkami, zio\u0142ami, przemianami niczego w co\u015b. Czasem ukr\u0119c\u0119 \u0142okciem w kotle jakie\u015b praktyczne mazid\u0142o, czasem uszyj\u0119 jaki\u015b fata\u0142aszek albo stopi\u0119 metal na kamieniu i okr\u0119c\u0119 sznurem, \u017ceby powiesi\u0107 na szyi.\u00a0 Lubi\u0119 rzeczy u\u017cyteczne i niosi\u0105ce tre\u015b\u0107 w \u015bwiat. Znaki znajduj\u0105ce si\u0119 na wi\u0119kszo\u015bci moich wytwor\u00f3w to\u00a0bindruny &#8211; zakl\u0119cia utkane z symboli magicznych, z run, kt\u00f3re s\u0105 moim sposobem na sianie dobra tu i tam, gdziekolwiek zaw\u0119druj\u0105 w kieszeni czy plecaku le\u015bnego ludzika. Wasze zam\u00f3wienia staram si\u0119 realizowa\u0107&nbsp;rachu ciachu, czasem nawet na nast\u0119pny dzie\u0144. Jednak jestem tylko jedn\u0105, czasem zakr\u0119con\u0105 Bab\u0105 i mo\u017ce si\u0119 zdarzy\u0107, \u017ce b\u0119d\u0119 potrzebowa\u0107&nbsp;2-3 dni na wys\u0142anie paczki. W razie potrzeby, \u015bmia\u0142o mo\u017cna mnie szturchn\u0105\u0107 i poinformowa\u0107, \u017ce zam\u00f3wienie jest pilne. Piszcie \u015bmia\u0142o na maila stragan@hooliganelf.pl w razie pyta\u0144 pal\u0105cych mniej lub bardziej! Serdeczno\u015bci i do zobaczenia w lesie!","og_url":"https:\/\/hooliganelf.pl\/en\/kto-co-i-jak\/","og_site_name":"Hooligan Elf","article_publisher":"https:\/\/www.facebook.com\/HooliganElf\/","article_modified_time":"2021-11-08T16:02:13+00:00","og_image":[{"width":512,"height":512,"url":"https:\/\/hooliganelf.pl\/wp-content\/uploads\/2021\/10\/cropped-logo-nowe-czarne-bez-tla.png","type":"image\/png"}],"twitter_card":"summary_large_image","twitter_misc":{"Estimated reading time":"1 minute"},"schema":{"@context":"https:\/\/schema.org","@graph":[{"@type":"WebPage","@id":"https:\/\/hooliganelf.pl\/pl\/kto-co-i-jak\/","url":"https:\/\/hooliganelf.pl\/pl\/kto-co-i-jak\/","name":"Kto co i jak? - Hooligan Elf","isPartOf":{"@id":"https:\/\/hooliganelf.pl\/#website"},"datePublished":"2021-10-22T16:56:46+00:00","dateModified":"2021-11-08T16:02:13+00:00","breadcrumb":{"@id":"https:\/\/hooliganelf.pl\/pl\/kto-co-i-jak\/#breadcrumb"},"inLanguage":"en-GB","potentialAction":[{"@type":"ReadAction","target":["https:\/\/hooliganelf.pl\/pl\/kto-co-i-jak\/"]}]},{"@type":"BreadcrumbList","@id":"https:\/\/hooliganelf.pl\/pl\/kto-co-i-jak\/#breadcrumb","itemListElement":[{"@type":"ListItem","position":1,"name":"Strona g\u0142\u00f3wna","item":"https:\/\/hooliganelf.pl\/"},{"@type":"ListItem","position":2,"name":"Kto co i jak?"}]},{"@type":"WebSite","@id":"https:\/\/hooliganelf.pl\/#website","url":"https:\/\/hooliganelf.pl\/","name":"Hooligan Elf","description":"Le\u015bne wymys\u0142y dzikiej kobiety","publisher":{"@id":"https:\/\/hooliganelf.pl\/#organization"},"potentialAction":[{"@type":"SearchAction","target":{"@type":"EntryPoint","urlTemplate":"https:\/\/hooliganelf.pl\/?s={search_term_string}"},"query-input":{"@type":"PropertyValueSpecification","valueRequired":true,"valueName":"search_term_string"}}],"inLanguage":"en-GB"},{"@type":"Organization","@id":"https:\/\/hooliganelf.pl\/#organization","name":"Hooligan Elf","url":"https:\/\/hooliganelf.pl\/","logo":{"@type":"ImageObject","inLanguage":"en-GB","@id":"https:\/\/hooliganelf.pl\/#\/schema\/logo\/image\/","url":"https:\/\/hooliganelf.pl\/wp-content\/uploads\/2021\/10\/logo-nowe-czarne-bez-tla.png","contentUrl":"https:\/\/hooliganelf.pl\/wp-content\/uploads\/2021\/10\/logo-nowe-czarne-bez-tla.png","width":1278,"height":735,"caption":"Hooligan Elf"},"image":{"@id":"https:\/\/hooliganelf.pl\/#\/schema\/logo\/image\/"},"sameAs":["https:\/\/www.facebook.com\/HooliganElf\/","https:\/\/www.instagram.com\/hooligan.elf\/"]}]}},"_links":{"self":[{"href":"https:\/\/hooliganelf.pl\/en\/wp-json\/wp\/v2\/pages\/25","targetHints":{"allow":["GET"]}}],"collection":[{"href":"https:\/\/hooliganelf.pl\/en\/wp-json\/wp\/v2\/pages"}],"about":[{"href":"https:\/\/hooliganelf.pl\/en\/wp-json\/wp\/v2\/types\/page"}],"author":[{"embeddable":true,"href":"https:\/\/hooliganelf.pl\/en\/wp-json\/wp\/v2\/users\/2"}],"replies":[{"embeddable":true,"href":"https:\/\/hooliganelf.pl\/en\/wp-json\/wp\/v2\/comments?post=25"}],"version-history":[{"count":0,"href":"https:\/\/hooliganelf.pl\/en\/wp-json\/wp\/v2\/pages\/25\/revisions"}],"wp:attachment":[{"href":"https:\/\/hooliganelf.pl\/en\/wp-json\/wp\/v2\/media?parent=25"}],"curies":[{"name":"wp","href":"https:\/\/api.w.org\/{rel}","templated":true}]}}