{"id":1011,"date":"2022-04-19T10:55:34","date_gmt":"2022-04-19T08:55:34","guid":{"rendered":"https:\/\/hooliganelf.pl\/?post_type=product&#038;p=1011"},"modified":"2024-12-04T21:53:37","modified_gmt":"2024-12-04T20:53:37","slug":"turlacz-w-drewnie-czeresniowym-2","status":"publish","type":"product","link":"https:\/\/hooliganelf.pl\/en\/shop\/drewutnia\/drewniane-wymysly\/turlacz-w-drewnie-czeresniowym-2\/","title":{"rendered":"Turlacz w drewnie czere\u015bniowym"},"content":{"rendered":"<p>Tutaj oto, po\u015br\u00f3d le\u015bnego runa, Turlacz sobie le\u017cy. Niestety lepszego na m\u00f3j gust polskiego odpowiednika nie odnajduje, ale powszechnie ten wynalazek zwie si\u0119 ROLL-ON.<\/p>\n<p>&nbsp;<\/p>\n<p>W ka\u017cdym razie jest to szklana buteleczka 3ml ze szklan\u0105 kulk\u0105, kt\u00f3ra to turlaj\u0105c si\u0119 po Twojej sk\u00f3rze zostawia po sobie to, co do tej\u017ce butelczyny wlejesz.<\/p>\n<p>Mo\u017ce to by\u0107 olejek eteryczny odpowiednio rozcie\u0144czony olejem, kt\u00f3rym lubisz si\u0119 upachnia\u0107, albo jakie\u015b serum, albo w zasadzie cokolwiek p\u0142ynnego sobie wymy\u015blisz.<\/p>\n<p>&nbsp;<\/p>\n<p>Zakamuflowana w r\u0119cznie d\u0142ubanej ga\u0142\u0105zce drzewa czere\u015bniowego wygl\u0105da jak le\u015bne znalezisko, bajer w sam raz dla le\u015bnego ludzika.<\/p>\n<p>Buteleczk\u0119 mog\u0119 wst\u0119pnie zape\u0142ni\u0107 jednym z hooliga\u0144skich zapach\u00f3w:<\/p>\n<blockquote><p>&gt;&gt; Sun Essence, o kt\u00f3rym mo\u017cesz <a href=\"https:\/\/hooliganelf.pl\/en\/shop\/praktyczne-mazidla\/sun-essence\/\">poczyta\u0107 tu<\/a><\/p>\n<p>&gt;&gt; Earth Aroma, z kt\u00f3rym <a href=\"https:\/\/hooliganelf.pl\/en\/shop\/praktyczne-mazidla\/earth-aroma\/\">zapoznasz si\u0119 tu<\/a><\/p><\/blockquote>\n<p>Daj koniecznie cynk w komentarzach do zam\u00f3wienia, kt\u00f3ry sobie \u017cyczysz, inaczej zostawimy butelczyn\u0119 pust\u0105 na Twoje w\u0142asne wymys\u0142y:)<\/p>","protected":false},"excerpt":{"rendered":"<p>Tutaj oto, po\u015br\u00f3d le\u015bnego runa, Turlacz sobie le\u017cy. Niestety lepszego na m\u00f3j gust polskiego odpowiednika nie odnajduje, ale powszechnie ten wynalazek zwie si\u0119 ROLL-ON. &nbsp; W ka\u017cdym razie jest to szklana buteleczka 3ml ze szklan\u0105 kulk\u0105, kt\u00f3ra to turlaj\u0105c si\u0119 po Twojej sk\u00f3rze zostawia po sobie to, co do tej\u017ce butelczyny wlejesz. Mo\u017ce to by\u0107 olejek eteryczny odpowiednio rozcie\u0144czony olejem, kt\u00f3rym lubisz si\u0119 upachnia\u0107, albo jakie\u015b serum, albo w zasadzie cokolwiek p\u0142ynnego sobie wymy\u015blisz. &nbsp; Zakamuflowana w r\u0119cznie d\u0142ubanej ga\u0142\u0105zce drzewa czere\u015bniowego wygl\u0105da jak le\u015bne znalezisko, bajer w sam raz dla le\u015bnego ludzika. Buteleczk\u0119 mog\u0119 wst\u0119pnie zape\u0142ni\u0107 jednym z hooliga\u0144skich zapach\u00f3w: &gt;&gt; Sun Essence, o kt\u00f3rym mo\u017cesz poczyta\u0107 tu &gt;&gt; Earth Aroma, z kt\u00f3rym zapoznasz si\u0119 tu Daj koniecznie cynk w komentarzach do zam\u00f3wienia, kt\u00f3ry sobie \u017cyczysz, inaczej zostawimy butelczyn\u0119 pust\u0105 na Twoje w\u0142asne wymys\u0142y:)<\/p>","protected":false},"featured_media":1012,"comment_status":"open","ping_status":"closed","template":"","meta":[],"product_brand":[],"product_cat":[57],"product_tag":[],"class_list":{"0":"post-1011","1":"product","2":"type-product","3":"status-publish","4":"has-post-thumbnail","6":"product_cat-drewniane-wymysly","8":"first","9":"instock","10":"shipping-taxable","11":"purchasable","12":"product-type-simple"},"yoast_head":"<!-- This site is optimized with the Yoast SEO plugin v27.4 - https:\/\/yoast.com\/product\/yoast-seo-wordpress\/ -->\n<title>Turlacz w drewnie czere\u015bniowym - Hooligan Elf<\/title>\n<meta name=\"robots\" content=\"index, follow, max-snippet:-1, max-image-preview:large, max-video-preview:-1\" \/>\n<link rel=\"canonical\" href=\"https:\/\/hooliganelf.pl\/en\/shop\/drewutnia\/drewniane-wymysly\/turlacz-w-drewnie-czeresniowym-2\/\" \/>\n<meta property=\"og:locale\" content=\"en_GB\" \/>\n<meta property=\"og:type\" content=\"article\" \/>\n<meta property=\"og:title\" content=\"Turlacz w drewnie czere\u015bniowym - Hooligan Elf\" \/>\n<meta property=\"og:description\" content=\"Tutaj oto, po\u015br\u00f3d le\u015bnego runa, Turlacz sobie le\u017cy. Niestety lepszego na m\u00f3j gust polskiego odpowiednika nie odnajduje, ale powszechnie ten wynalazek zwie si\u0119 ROLL-ON. &nbsp; W ka\u017cdym razie jest to szklana buteleczka 3ml ze szklan\u0105 kulk\u0105, kt\u00f3ra to turlaj\u0105c si\u0119 po Twojej sk\u00f3rze zostawia po sobie to, co do tej\u017ce butelczyny wlejesz. Mo\u017ce to by\u0107 olejek eteryczny odpowiednio rozcie\u0144czony olejem, kt\u00f3rym lubisz si\u0119 upachnia\u0107, albo jakie\u015b serum, albo w zasadzie cokolwiek p\u0142ynnego sobie wymy\u015blisz. &nbsp; Zakamuflowana w r\u0119cznie d\u0142ubanej ga\u0142\u0105zce drzewa czere\u015bniowego wygl\u0105da jak le\u015bne znalezisko, bajer w sam raz dla le\u015bnego ludzika. Buteleczk\u0119 mog\u0119 wst\u0119pnie zape\u0142ni\u0107 jednym z hooliga\u0144skich zapach\u00f3w: &gt;&gt; Sun Essence, o kt\u00f3rym mo\u017cesz poczyta\u0107 tu &gt;&gt; Earth Aroma, z kt\u00f3rym zapoznasz si\u0119 tu Daj koniecznie cynk w komentarzach do zam\u00f3wienia, kt\u00f3ry sobie \u017cyczysz, inaczej zostawimy butelczyn\u0119 pust\u0105 na Twoje w\u0142asne wymys\u0142y:)\" \/>\n<meta property=\"og:url\" content=\"https:\/\/hooliganelf.pl\/en\/shop\/drewutnia\/drewniane-wymysly\/turlacz-w-drewnie-czeresniowym-2\/\" \/>\n<meta property=\"og:site_name\" content=\"Hooligan Elf\" \/>\n<meta property=\"article:publisher\" content=\"https:\/\/www.facebook.com\/HooliganElf\/\" \/>\n<meta property=\"article:modified_time\" content=\"2024-12-04T20:53:37+00:00\" \/>\n<meta property=\"og:image\" content=\"https:\/\/hooliganelf.pl\/wp-content\/uploads\/2022\/04\/roller2-scaled.jpg\" \/>\n\t<meta property=\"og:image:width\" content=\"1862\" \/>\n\t<meta property=\"og:image:height\" content=\"2560\" \/>\n\t<meta property=\"og:image:type\" content=\"image\/jpeg\" \/>\n<meta name=\"twitter:card\" content=\"summary_large_image\" \/>\n<meta name=\"twitter:label1\" content=\"Estimated reading time\" \/>\n\t<meta name=\"twitter:data1\" content=\"1 minute\" \/>\n<script type=\"application\/ld+json\" class=\"yoast-schema-graph\">{\"@context\":\"https:\\\/\\\/schema.org\",\"@graph\":[{\"@type\":\"WebPage\",\"@id\":\"https:\\\/\\\/hooliganelf.pl\\\/shop\\\/drewutnia\\\/drewniane-wymysly\\\/turlacz-w-drewnie-czeresniowym-2\\\/\",\"url\":\"https:\\\/\\\/hooliganelf.pl\\\/shop\\\/drewutnia\\\/drewniane-wymysly\\\/turlacz-w-drewnie-czeresniowym-2\\\/\",\"name\":\"Turlacz w drewnie czere\u015bniowym - Hooligan Elf\",\"isPartOf\":{\"@id\":\"https:\\\/\\\/hooliganelf.pl\\\/#website\"},\"primaryImageOfPage\":{\"@id\":\"https:\\\/\\\/hooliganelf.pl\\\/shop\\\/drewutnia\\\/drewniane-wymysly\\\/turlacz-w-drewnie-czeresniowym-2\\\/#primaryimage\"},\"image\":{\"@id\":\"https:\\\/\\\/hooliganelf.pl\\\/shop\\\/drewutnia\\\/drewniane-wymysly\\\/turlacz-w-drewnie-czeresniowym-2\\\/#primaryimage\"},\"thumbnailUrl\":\"https:\\\/\\\/hooliganelf.pl\\\/wp-content\\\/uploads\\\/2022\\\/04\\\/roller2-scaled.jpg\",\"datePublished\":\"2022-04-19T08:55:34+00:00\",\"dateModified\":\"2024-12-04T20:53:37+00:00\",\"breadcrumb\":{\"@id\":\"https:\\\/\\\/hooliganelf.pl\\\/shop\\\/drewutnia\\\/drewniane-wymysly\\\/turlacz-w-drewnie-czeresniowym-2\\\/#breadcrumb\"},\"inLanguage\":\"en-GB\",\"potentialAction\":[{\"@type\":\"ReadAction\",\"target\":[\"https:\\\/\\\/hooliganelf.pl\\\/shop\\\/drewutnia\\\/drewniane-wymysly\\\/turlacz-w-drewnie-czeresniowym-2\\\/\"]}]},{\"@type\":\"ImageObject\",\"inLanguage\":\"en-GB\",\"@id\":\"https:\\\/\\\/hooliganelf.pl\\\/shop\\\/drewutnia\\\/drewniane-wymysly\\\/turlacz-w-drewnie-czeresniowym-2\\\/#primaryimage\",\"url\":\"https:\\\/\\\/hooliganelf.pl\\\/wp-content\\\/uploads\\\/2022\\\/04\\\/roller2-scaled.jpg\",\"contentUrl\":\"https:\\\/\\\/hooliganelf.pl\\\/wp-content\\\/uploads\\\/2022\\\/04\\\/roller2-scaled.jpg\",\"width\":1862,\"height\":2560},{\"@type\":\"BreadcrumbList\",\"@id\":\"https:\\\/\\\/hooliganelf.pl\\\/shop\\\/drewutnia\\\/drewniane-wymysly\\\/turlacz-w-drewnie-czeresniowym-2\\\/#breadcrumb\",\"itemListElement\":[{\"@type\":\"ListItem\",\"position\":1,\"name\":\"Strona g\u0142\u00f3wna\",\"item\":\"https:\\\/\\\/hooliganelf.pl\\\/\"},{\"@type\":\"ListItem\",\"position\":2,\"name\":\"Stragan\",\"item\":\"https:\\\/\\\/hooliganelf.pl\\\/pl\\\/shop\\\/\"},{\"@type\":\"ListItem\",\"position\":3,\"name\":\"Turlacz w drewnie czere\u015bniowym\"}]},{\"@type\":\"WebSite\",\"@id\":\"https:\\\/\\\/hooliganelf.pl\\\/#website\",\"url\":\"https:\\\/\\\/hooliganelf.pl\\\/\",\"name\":\"Hooligan Elf\",\"description\":\"Le\u015bne wymys\u0142y dzikiej kobiety\",\"publisher\":{\"@id\":\"https:\\\/\\\/hooliganelf.pl\\\/#organization\"},\"potentialAction\":[{\"@type\":\"SearchAction\",\"target\":{\"@type\":\"EntryPoint\",\"urlTemplate\":\"https:\\\/\\\/hooliganelf.pl\\\/?s={search_term_string}\"},\"query-input\":{\"@type\":\"PropertyValueSpecification\",\"valueRequired\":true,\"valueName\":\"search_term_string\"}}],\"inLanguage\":\"en-GB\"},{\"@type\":\"Organization\",\"@id\":\"https:\\\/\\\/hooliganelf.pl\\\/#organization\",\"name\":\"Hooligan Elf\",\"url\":\"https:\\\/\\\/hooliganelf.pl\\\/\",\"logo\":{\"@type\":\"ImageObject\",\"inLanguage\":\"en-GB\",\"@id\":\"https:\\\/\\\/hooliganelf.pl\\\/#\\\/schema\\\/logo\\\/image\\\/\",\"url\":\"https:\\\/\\\/hooliganelf.pl\\\/wp-content\\\/uploads\\\/2021\\\/10\\\/logo-nowe-czarne-bez-tla.png\",\"contentUrl\":\"https:\\\/\\\/hooliganelf.pl\\\/wp-content\\\/uploads\\\/2021\\\/10\\\/logo-nowe-czarne-bez-tla.png\",\"width\":1278,\"height\":735,\"caption\":\"Hooligan Elf\"},\"image\":{\"@id\":\"https:\\\/\\\/hooliganelf.pl\\\/#\\\/schema\\\/logo\\\/image\\\/\"},\"sameAs\":[\"https:\\\/\\\/www.facebook.com\\\/HooliganElf\\\/\",\"https:\\\/\\\/www.instagram.com\\\/hooligan.elf\\\/\"]}]}<\/script>\n<!-- \/ Yoast SEO plugin. -->","yoast_head_json":{"title":"Turlacz w drewnie czere\u015bniowym - Hooligan Elf","robots":{"index":"index","follow":"follow","max-snippet":"max-snippet:-1","max-image-preview":"max-image-preview:large","max-video-preview":"max-video-preview:-1"},"canonical":"https:\/\/hooliganelf.pl\/en\/shop\/drewutnia\/drewniane-wymysly\/turlacz-w-drewnie-czeresniowym-2\/","og_locale":"en_GB","og_type":"article","og_title":"Turlacz w drewnie czere\u015bniowym - Hooligan Elf","og_description":"Tutaj oto, po\u015br\u00f3d le\u015bnego runa, Turlacz sobie le\u017cy. Niestety lepszego na m\u00f3j gust polskiego odpowiednika nie odnajduje, ale powszechnie ten wynalazek zwie si\u0119 ROLL-ON. &nbsp; W ka\u017cdym razie jest to szklana buteleczka 3ml ze szklan\u0105 kulk\u0105, kt\u00f3ra to turlaj\u0105c si\u0119 po Twojej sk\u00f3rze zostawia po sobie to, co do tej\u017ce butelczyny wlejesz. Mo\u017ce to by\u0107 olejek eteryczny odpowiednio rozcie\u0144czony olejem, kt\u00f3rym lubisz si\u0119 upachnia\u0107, albo jakie\u015b serum, albo w zasadzie cokolwiek p\u0142ynnego sobie wymy\u015blisz. &nbsp; Zakamuflowana w r\u0119cznie d\u0142ubanej ga\u0142\u0105zce drzewa czere\u015bniowego wygl\u0105da jak le\u015bne znalezisko, bajer w sam raz dla le\u015bnego ludzika. Buteleczk\u0119 mog\u0119 wst\u0119pnie zape\u0142ni\u0107 jednym z hooliga\u0144skich zapach\u00f3w: &gt;&gt; Sun Essence, o kt\u00f3rym mo\u017cesz poczyta\u0107 tu &gt;&gt; Earth Aroma, z kt\u00f3rym zapoznasz si\u0119 tu Daj koniecznie cynk w komentarzach do zam\u00f3wienia, kt\u00f3ry sobie \u017cyczysz, inaczej zostawimy butelczyn\u0119 pust\u0105 na Twoje w\u0142asne wymys\u0142y:)","og_url":"https:\/\/hooliganelf.pl\/en\/shop\/drewutnia\/drewniane-wymysly\/turlacz-w-drewnie-czeresniowym-2\/","og_site_name":"Hooligan Elf","article_publisher":"https:\/\/www.facebook.com\/HooliganElf\/","article_modified_time":"2024-12-04T20:53:37+00:00","og_image":[{"width":1862,"height":2560,"url":"https:\/\/hooliganelf.pl\/wp-content\/uploads\/2022\/04\/roller2-scaled.jpg","type":"image\/jpeg"}],"twitter_card":"summary_large_image","twitter_misc":{"Estimated reading time":"1 minute"},"schema":{"@context":"https:\/\/schema.org","@graph":[{"@type":"WebPage","@id":"https:\/\/hooliganelf.pl\/shop\/drewutnia\/drewniane-wymysly\/turlacz-w-drewnie-czeresniowym-2\/","url":"https:\/\/hooliganelf.pl\/shop\/drewutnia\/drewniane-wymysly\/turlacz-w-drewnie-czeresniowym-2\/","name":"Turlacz w drewnie czere\u015bniowym - Hooligan Elf","isPartOf":{"@id":"https:\/\/hooliganelf.pl\/#website"},"primaryImageOfPage":{"@id":"https:\/\/hooliganelf.pl\/shop\/drewutnia\/drewniane-wymysly\/turlacz-w-drewnie-czeresniowym-2\/#primaryimage"},"image":{"@id":"https:\/\/hooliganelf.pl\/shop\/drewutnia\/drewniane-wymysly\/turlacz-w-drewnie-czeresniowym-2\/#primaryimage"},"thumbnailUrl":"https:\/\/hooliganelf.pl\/wp-content\/uploads\/2022\/04\/roller2-scaled.jpg","datePublished":"2022-04-19T08:55:34+00:00","dateModified":"2024-12-04T20:53:37+00:00","breadcrumb":{"@id":"https:\/\/hooliganelf.pl\/shop\/drewutnia\/drewniane-wymysly\/turlacz-w-drewnie-czeresniowym-2\/#breadcrumb"},"inLanguage":"en-GB","potentialAction":[{"@type":"ReadAction","target":["https:\/\/hooliganelf.pl\/shop\/drewutnia\/drewniane-wymysly\/turlacz-w-drewnie-czeresniowym-2\/"]}]},{"@type":"ImageObject","inLanguage":"en-GB","@id":"https:\/\/hooliganelf.pl\/shop\/drewutnia\/drewniane-wymysly\/turlacz-w-drewnie-czeresniowym-2\/#primaryimage","url":"https:\/\/hooliganelf.pl\/wp-content\/uploads\/2022\/04\/roller2-scaled.jpg","contentUrl":"https:\/\/hooliganelf.pl\/wp-content\/uploads\/2022\/04\/roller2-scaled.jpg","width":1862,"height":2560},{"@type":"BreadcrumbList","@id":"https:\/\/hooliganelf.pl\/shop\/drewutnia\/drewniane-wymysly\/turlacz-w-drewnie-czeresniowym-2\/#breadcrumb","itemListElement":[{"@type":"ListItem","position":1,"name":"Strona g\u0142\u00f3wna","item":"https:\/\/hooliganelf.pl\/"},{"@type":"ListItem","position":2,"name":"Stragan","item":"https:\/\/hooliganelf.pl\/pl\/shop\/"},{"@type":"ListItem","position":3,"name":"Turlacz w drewnie czere\u015bniowym"}]},{"@type":"WebSite","@id":"https:\/\/hooliganelf.pl\/#website","url":"https:\/\/hooliganelf.pl\/","name":"Hooligan Elf","description":"Le\u015bne wymys\u0142y dzikiej kobiety","publisher":{"@id":"https:\/\/hooliganelf.pl\/#organization"},"potentialAction":[{"@type":"SearchAction","target":{"@type":"EntryPoint","urlTemplate":"https:\/\/hooliganelf.pl\/?s={search_term_string}"},"query-input":{"@type":"PropertyValueSpecification","valueRequired":true,"valueName":"search_term_string"}}],"inLanguage":"en-GB"},{"@type":"Organization","@id":"https:\/\/hooliganelf.pl\/#organization","name":"Hooligan Elf","url":"https:\/\/hooliganelf.pl\/","logo":{"@type":"ImageObject","inLanguage":"en-GB","@id":"https:\/\/hooliganelf.pl\/#\/schema\/logo\/image\/","url":"https:\/\/hooliganelf.pl\/wp-content\/uploads\/2021\/10\/logo-nowe-czarne-bez-tla.png","contentUrl":"https:\/\/hooliganelf.pl\/wp-content\/uploads\/2021\/10\/logo-nowe-czarne-bez-tla.png","width":1278,"height":735,"caption":"Hooligan Elf"},"image":{"@id":"https:\/\/hooliganelf.pl\/#\/schema\/logo\/image\/"},"sameAs":["https:\/\/www.facebook.com\/HooliganElf\/","https:\/\/www.instagram.com\/hooligan.elf\/"]}]}},"_links":{"self":[{"href":"https:\/\/hooliganelf.pl\/en\/wp-json\/wp\/v2\/product\/1011","targetHints":{"allow":["GET"]}}],"collection":[{"href":"https:\/\/hooliganelf.pl\/en\/wp-json\/wp\/v2\/product"}],"about":[{"href":"https:\/\/hooliganelf.pl\/en\/wp-json\/wp\/v2\/types\/product"}],"replies":[{"embeddable":true,"href":"https:\/\/hooliganelf.pl\/en\/wp-json\/wp\/v2\/comments?post=1011"}],"wp:featuredmedia":[{"embeddable":true,"href":"https:\/\/hooliganelf.pl\/en\/wp-json\/wp\/v2\/media\/1012"}],"wp:attachment":[{"href":"https:\/\/hooliganelf.pl\/en\/wp-json\/wp\/v2\/media?parent=1011"}],"wp:term":[{"taxonomy":"product_brand","embeddable":true,"href":"https:\/\/hooliganelf.pl\/en\/wp-json\/wp\/v2\/product_brand?post=1011"},{"taxonomy":"product_cat","embeddable":true,"href":"https:\/\/hooliganelf.pl\/en\/wp-json\/wp\/v2\/product_cat?post=1011"},{"taxonomy":"product_tag","embeddable":true,"href":"https:\/\/hooliganelf.pl\/en\/wp-json\/wp\/v2\/product_tag?post=1011"}],"curies":[{"name":"wp","href":"https:\/\/api.w.org\/{rel}","templated":true}]}}