{"id":120,"date":"2021-10-24T22:03:30","date_gmt":"2021-10-24T20:03:30","guid":{"rendered":"https:\/\/hooliganelf.pl\/?post_type=product&#038;p=120"},"modified":"2026-03-21T12:49:44","modified_gmt":"2026-03-21T11:49:44","slug":"winter-wind","status":"publish","type":"product","link":"https:\/\/hooliganelf.pl\/en\/shop\/hooliganskie-ziola\/winter-wind\/","title":{"rendered":"Winter Wind"},"content":{"rendered":"<p><strong>Winter Wind<\/strong>, zimowy wiatr, kt\u00f3ry przewiewa ducha i niesie zmian\u0119.<\/p>\n<p>O\u017cywcza chmurka, kt\u00f3ra wietrzy ducha i wykurza stare programy z g\u0142owiny.<\/p>\n<p>Mieszanka zio\u0142owa do okadzania p\u0142uc to mieszanka przesycona wol\u0105 transformacji i energi\u0105 dzia\u0142ania, innowacji i zmian na lepsze.<\/p>\n<p>Proces jej tworzenia jest zawsze podr\u00f3\u017c\u0105, podczas kt\u00f3rej szepce Zio\u0142om przes\u0142anie, kt\u00f3re b\u0119d\u0105 nie\u015b\u0107 w \u015bwiat. Ro\u015bliny staj\u0105 si\u0119 pos\u0142ankami o konkretnym celu i dzia\u0142aniu, wywieraj\u0105c wp\u0142yw swoj\u0105 istot\u0105; Zgraja tych zi\u00f3\u0142 dzia\u0142a jak poselstwo ZMIANY \u2013 <strong>aktywuje Wol\u0119, bez kt\u00f3rej nie ma Wolno\u015bci.<\/strong><\/p>\n<p>&nbsp;<\/p>\n<p style=\"text-align: center;\"><em>Je\u015bli wo\u0142a Ci\u0119 potrzeba zmian, Winter Wind wesprze Ci\u0119 w ich wprowadzeniu.<\/em><\/p>\n<p>&nbsp;<\/p>\n<p><strong>Bindruna<\/strong><strong>,<\/strong> czyli zakl\u0119cie z\u0142o\u017cone z kilku runicznych symboli widniej\u0105ce na etykiecie, jest energetyczn\u0105 reprezentacj\u0105 danej mieszanki i podtrzymuje program wpleciony w zio\u0142a. Ka\u017cda mieszanka ma swoj\u0105 bindrun\u0119. Przy wyborze mieszanki mo\u017cesz kierowa\u0107 si\u0119 opisem, bindrun\u0105 albo niewyja\u015bnionym poci\u0105giem, czyli intuicj\u0105. Na pewno dobrze wybierzesz.<\/p>\n<p>Zio\u0142a \u015bwietnie dogaduj\u0105 si\u0119 w tanecznym <em><strong>skr\u0119cie<\/strong><\/em> z Mari\u0105 Huanit\u0105 wspomagaj\u0105c jej podnosz\u0105ce na duchu w\u0142a\u015bciwo\u015bci.<\/p>\n<p>&nbsp;<\/p>\n<p style=\"text-align: center;\"><strong><span style=\"text-decoration: underline;\">Ka\u017cda mieszanka jest wibracyjnie programowana i strojona w misie tybeta\u0144skiej.<\/span><\/strong><\/p>\n<p>&nbsp;<\/p>\n<p><em>Paczka zawiera 25g zi\u00f3\u0142 czule zmielonych i r\u0119cznie mieszanych<\/em><\/p>\n<p><em>Zawiera tatarak, kor\u0119 wierzby, sza\u0142wi\u0119 lecznicz\u0105 i lawend\u0119.<\/em><\/p>\n<p>&nbsp;<\/p>","protected":false},"excerpt":{"rendered":"<p>Winter Wind, zimowy wiatr nios\u0105cy zmiany. Programowana jest energi\u0105 transformacji, innowacji i zmian na lepsze. Mieszanka zawiera tatarak, sza\u0142wi\u0119 lecznicz\u0105 i lawend\u0119.<\/p>","protected":false},"featured_media":123,"comment_status":"open","ping_status":"closed","template":"","meta":[],"product_brand":[],"product_cat":[16],"product_tag":[],"class_list":{"0":"post-120","1":"product","2":"type-product","3":"status-publish","4":"has-post-thumbnail","6":"product_cat-hooliganskie-ziola","8":"first","9":"outofstock","10":"shipping-taxable","11":"purchasable","12":"product-type-simple"},"yoast_head":"<!-- This site is optimized with the Yoast SEO plugin v27.4 - https:\/\/yoast.com\/product\/yoast-seo-wordpress\/ -->\n<title>Winter Wind - Hooligan Elf<\/title>\n<meta name=\"robots\" content=\"index, follow, max-snippet:-1, max-image-preview:large, max-video-preview:-1\" \/>\n<link rel=\"canonical\" href=\"https:\/\/hooliganelf.pl\/en\/shop\/hooliganskie-ziola\/winter-wind\/\" \/>\n<meta property=\"og:locale\" content=\"en_GB\" \/>\n<meta property=\"og:type\" content=\"article\" \/>\n<meta property=\"og:title\" content=\"Winter Wind - Hooligan Elf\" \/>\n<meta property=\"og:description\" content=\"Winter Wind, zimowy wiatr nios\u0105cy zmiany. Programowana jest energi\u0105 transformacji, innowacji i zmian na lepsze. Mieszanka zawiera tatarak, sza\u0142wi\u0119 lecznicz\u0105 i lawend\u0119.\" \/>\n<meta property=\"og:url\" content=\"https:\/\/hooliganelf.pl\/en\/shop\/hooliganskie-ziola\/winter-wind\/\" \/>\n<meta property=\"og:site_name\" content=\"Hooligan Elf\" \/>\n<meta property=\"article:publisher\" content=\"https:\/\/www.facebook.com\/HooliganElf\/\" \/>\n<meta property=\"article:modified_time\" content=\"2026-03-21T11:49:44+00:00\" \/>\n<meta property=\"og:image\" content=\"https:\/\/hooliganelf.pl\/wp-content\/uploads\/2021\/10\/wind-2-scaled.jpg\" \/>\n\t<meta property=\"og:image:width\" content=\"1862\" \/>\n\t<meta property=\"og:image:height\" content=\"2560\" \/>\n\t<meta property=\"og:image:type\" content=\"image\/jpeg\" \/>\n<meta name=\"twitter:card\" content=\"summary_large_image\" \/>\n<meta name=\"twitter:label1\" content=\"Estimated reading time\" \/>\n\t<meta name=\"twitter:data1\" content=\"1 minute\" \/>\n<script type=\"application\/ld+json\" class=\"yoast-schema-graph\">{\"@context\":\"https:\\\/\\\/schema.org\",\"@graph\":[{\"@type\":\"WebPage\",\"@id\":\"https:\\\/\\\/hooliganelf.pl\\\/shop\\\/hooliganskie-ziola\\\/winter-wind\\\/\",\"url\":\"https:\\\/\\\/hooliganelf.pl\\\/shop\\\/hooliganskie-ziola\\\/winter-wind\\\/\",\"name\":\"Winter Wind - Hooligan Elf\",\"isPartOf\":{\"@id\":\"https:\\\/\\\/hooliganelf.pl\\\/#website\"},\"primaryImageOfPage\":{\"@id\":\"https:\\\/\\\/hooliganelf.pl\\\/shop\\\/hooliganskie-ziola\\\/winter-wind\\\/#primaryimage\"},\"image\":{\"@id\":\"https:\\\/\\\/hooliganelf.pl\\\/shop\\\/hooliganskie-ziola\\\/winter-wind\\\/#primaryimage\"},\"thumbnailUrl\":\"https:\\\/\\\/hooliganelf.pl\\\/wp-content\\\/uploads\\\/2021\\\/10\\\/wind-2-scaled.jpg\",\"datePublished\":\"2021-10-24T20:03:30+00:00\",\"dateModified\":\"2026-03-21T11:49:44+00:00\",\"breadcrumb\":{\"@id\":\"https:\\\/\\\/hooliganelf.pl\\\/shop\\\/hooliganskie-ziola\\\/winter-wind\\\/#breadcrumb\"},\"inLanguage\":\"en-GB\",\"potentialAction\":[{\"@type\":\"ReadAction\",\"target\":[\"https:\\\/\\\/hooliganelf.pl\\\/shop\\\/hooliganskie-ziola\\\/winter-wind\\\/\"]}]},{\"@type\":\"ImageObject\",\"inLanguage\":\"en-GB\",\"@id\":\"https:\\\/\\\/hooliganelf.pl\\\/shop\\\/hooliganskie-ziola\\\/winter-wind\\\/#primaryimage\",\"url\":\"https:\\\/\\\/hooliganelf.pl\\\/wp-content\\\/uploads\\\/2021\\\/10\\\/wind-2-scaled.jpg\",\"contentUrl\":\"https:\\\/\\\/hooliganelf.pl\\\/wp-content\\\/uploads\\\/2021\\\/10\\\/wind-2-scaled.jpg\",\"width\":1862,\"height\":2560},{\"@type\":\"BreadcrumbList\",\"@id\":\"https:\\\/\\\/hooliganelf.pl\\\/shop\\\/hooliganskie-ziola\\\/winter-wind\\\/#breadcrumb\",\"itemListElement\":[{\"@type\":\"ListItem\",\"position\":1,\"name\":\"Strona g\u0142\u00f3wna\",\"item\":\"https:\\\/\\\/hooliganelf.pl\\\/\"},{\"@type\":\"ListItem\",\"position\":2,\"name\":\"Stragan\",\"item\":\"https:\\\/\\\/hooliganelf.pl\\\/pl\\\/shop\\\/\"},{\"@type\":\"ListItem\",\"position\":3,\"name\":\"Winter Wind\"}]},{\"@type\":\"WebSite\",\"@id\":\"https:\\\/\\\/hooliganelf.pl\\\/#website\",\"url\":\"https:\\\/\\\/hooliganelf.pl\\\/\",\"name\":\"Hooligan Elf\",\"description\":\"Le\u015bne wymys\u0142y dzikiej kobiety\",\"publisher\":{\"@id\":\"https:\\\/\\\/hooliganelf.pl\\\/#organization\"},\"potentialAction\":[{\"@type\":\"SearchAction\",\"target\":{\"@type\":\"EntryPoint\",\"urlTemplate\":\"https:\\\/\\\/hooliganelf.pl\\\/?s={search_term_string}\"},\"query-input\":{\"@type\":\"PropertyValueSpecification\",\"valueRequired\":true,\"valueName\":\"search_term_string\"}}],\"inLanguage\":\"en-GB\"},{\"@type\":\"Organization\",\"@id\":\"https:\\\/\\\/hooliganelf.pl\\\/#organization\",\"name\":\"Hooligan Elf\",\"url\":\"https:\\\/\\\/hooliganelf.pl\\\/\",\"logo\":{\"@type\":\"ImageObject\",\"inLanguage\":\"en-GB\",\"@id\":\"https:\\\/\\\/hooliganelf.pl\\\/#\\\/schema\\\/logo\\\/image\\\/\",\"url\":\"https:\\\/\\\/hooliganelf.pl\\\/wp-content\\\/uploads\\\/2021\\\/10\\\/logo-nowe-czarne-bez-tla.png\",\"contentUrl\":\"https:\\\/\\\/hooliganelf.pl\\\/wp-content\\\/uploads\\\/2021\\\/10\\\/logo-nowe-czarne-bez-tla.png\",\"width\":1278,\"height\":735,\"caption\":\"Hooligan Elf\"},\"image\":{\"@id\":\"https:\\\/\\\/hooliganelf.pl\\\/#\\\/schema\\\/logo\\\/image\\\/\"},\"sameAs\":[\"https:\\\/\\\/www.facebook.com\\\/HooliganElf\\\/\",\"https:\\\/\\\/www.instagram.com\\\/hooligan.elf\\\/\"]}]}<\/script>\n<!-- \/ Yoast SEO plugin. -->","yoast_head_json":{"title":"Winter Wind - Hooligan Elf","robots":{"index":"index","follow":"follow","max-snippet":"max-snippet:-1","max-image-preview":"max-image-preview:large","max-video-preview":"max-video-preview:-1"},"canonical":"https:\/\/hooliganelf.pl\/en\/shop\/hooliganskie-ziola\/winter-wind\/","og_locale":"en_GB","og_type":"article","og_title":"Winter Wind - Hooligan Elf","og_description":"Winter Wind, zimowy wiatr nios\u0105cy zmiany. Programowana jest energi\u0105 transformacji, innowacji i zmian na lepsze. Mieszanka zawiera tatarak, sza\u0142wi\u0119 lecznicz\u0105 i lawend\u0119.","og_url":"https:\/\/hooliganelf.pl\/en\/shop\/hooliganskie-ziola\/winter-wind\/","og_site_name":"Hooligan Elf","article_publisher":"https:\/\/www.facebook.com\/HooliganElf\/","article_modified_time":"2026-03-21T11:49:44+00:00","og_image":[{"width":1862,"height":2560,"url":"https:\/\/hooliganelf.pl\/wp-content\/uploads\/2021\/10\/wind-2-scaled.jpg","type":"image\/jpeg"}],"twitter_card":"summary_large_image","twitter_misc":{"Estimated reading time":"1 minute"},"schema":{"@context":"https:\/\/schema.org","@graph":[{"@type":"WebPage","@id":"https:\/\/hooliganelf.pl\/shop\/hooliganskie-ziola\/winter-wind\/","url":"https:\/\/hooliganelf.pl\/shop\/hooliganskie-ziola\/winter-wind\/","name":"Winter Wind - Hooligan Elf","isPartOf":{"@id":"https:\/\/hooliganelf.pl\/#website"},"primaryImageOfPage":{"@id":"https:\/\/hooliganelf.pl\/shop\/hooliganskie-ziola\/winter-wind\/#primaryimage"},"image":{"@id":"https:\/\/hooliganelf.pl\/shop\/hooliganskie-ziola\/winter-wind\/#primaryimage"},"thumbnailUrl":"https:\/\/hooliganelf.pl\/wp-content\/uploads\/2021\/10\/wind-2-scaled.jpg","datePublished":"2021-10-24T20:03:30+00:00","dateModified":"2026-03-21T11:49:44+00:00","breadcrumb":{"@id":"https:\/\/hooliganelf.pl\/shop\/hooliganskie-ziola\/winter-wind\/#breadcrumb"},"inLanguage":"en-GB","potentialAction":[{"@type":"ReadAction","target":["https:\/\/hooliganelf.pl\/shop\/hooliganskie-ziola\/winter-wind\/"]}]},{"@type":"ImageObject","inLanguage":"en-GB","@id":"https:\/\/hooliganelf.pl\/shop\/hooliganskie-ziola\/winter-wind\/#primaryimage","url":"https:\/\/hooliganelf.pl\/wp-content\/uploads\/2021\/10\/wind-2-scaled.jpg","contentUrl":"https:\/\/hooliganelf.pl\/wp-content\/uploads\/2021\/10\/wind-2-scaled.jpg","width":1862,"height":2560},{"@type":"BreadcrumbList","@id":"https:\/\/hooliganelf.pl\/shop\/hooliganskie-ziola\/winter-wind\/#breadcrumb","itemListElement":[{"@type":"ListItem","position":1,"name":"Strona g\u0142\u00f3wna","item":"https:\/\/hooliganelf.pl\/"},{"@type":"ListItem","position":2,"name":"Stragan","item":"https:\/\/hooliganelf.pl\/pl\/shop\/"},{"@type":"ListItem","position":3,"name":"Winter Wind"}]},{"@type":"WebSite","@id":"https:\/\/hooliganelf.pl\/#website","url":"https:\/\/hooliganelf.pl\/","name":"Hooligan Elf","description":"Le\u015bne wymys\u0142y dzikiej kobiety","publisher":{"@id":"https:\/\/hooliganelf.pl\/#organization"},"potentialAction":[{"@type":"SearchAction","target":{"@type":"EntryPoint","urlTemplate":"https:\/\/hooliganelf.pl\/?s={search_term_string}"},"query-input":{"@type":"PropertyValueSpecification","valueRequired":true,"valueName":"search_term_string"}}],"inLanguage":"en-GB"},{"@type":"Organization","@id":"https:\/\/hooliganelf.pl\/#organization","name":"Hooligan Elf","url":"https:\/\/hooliganelf.pl\/","logo":{"@type":"ImageObject","inLanguage":"en-GB","@id":"https:\/\/hooliganelf.pl\/#\/schema\/logo\/image\/","url":"https:\/\/hooliganelf.pl\/wp-content\/uploads\/2021\/10\/logo-nowe-czarne-bez-tla.png","contentUrl":"https:\/\/hooliganelf.pl\/wp-content\/uploads\/2021\/10\/logo-nowe-czarne-bez-tla.png","width":1278,"height":735,"caption":"Hooligan Elf"},"image":{"@id":"https:\/\/hooliganelf.pl\/#\/schema\/logo\/image\/"},"sameAs":["https:\/\/www.facebook.com\/HooliganElf\/","https:\/\/www.instagram.com\/hooligan.elf\/"]}]}},"_links":{"self":[{"href":"https:\/\/hooliganelf.pl\/en\/wp-json\/wp\/v2\/product\/120","targetHints":{"allow":["GET"]}}],"collection":[{"href":"https:\/\/hooliganelf.pl\/en\/wp-json\/wp\/v2\/product"}],"about":[{"href":"https:\/\/hooliganelf.pl\/en\/wp-json\/wp\/v2\/types\/product"}],"replies":[{"embeddable":true,"href":"https:\/\/hooliganelf.pl\/en\/wp-json\/wp\/v2\/comments?post=120"}],"wp:featuredmedia":[{"embeddable":true,"href":"https:\/\/hooliganelf.pl\/en\/wp-json\/wp\/v2\/media\/123"}],"wp:attachment":[{"href":"https:\/\/hooliganelf.pl\/en\/wp-json\/wp\/v2\/media?parent=120"}],"wp:term":[{"taxonomy":"product_brand","embeddable":true,"href":"https:\/\/hooliganelf.pl\/en\/wp-json\/wp\/v2\/product_brand?post=120"},{"taxonomy":"product_cat","embeddable":true,"href":"https:\/\/hooliganelf.pl\/en\/wp-json\/wp\/v2\/product_cat?post=120"},{"taxonomy":"product_tag","embeddable":true,"href":"https:\/\/hooliganelf.pl\/en\/wp-json\/wp\/v2\/product_tag?post=120"}],"curies":[{"name":"wp","href":"https:\/\/api.w.org\/{rel}","templated":true}]}}