{"id":1749,"date":"2022-12-02T17:37:01","date_gmt":"2022-12-02T16:37:01","guid":{"rendered":"https:\/\/hooliganelf.pl\/?post_type=product&#038;p=1749"},"modified":"2024-11-28T13:17:17","modified_gmt":"2024-11-28T12:17:17","slug":"drewniana-ramka-z-duchem-lasu","status":"publish","type":"product","link":"https:\/\/hooliganelf.pl\/en\/shop\/drewutnia\/drewniane-wymysly\/drewniana-ramka-z-duchem-lasu\/","title":{"rendered":"Drewniana Ramka z Duchem Lasu"},"content":{"rendered":"<p>Duchy Lasu wychwytuje w naturze od kilku lat. Od momentu, kiedy zobaczy\u0142am pierwsze wy\u0142aniaj\u0105ce si\u0119 w symetrii mchu i ga\u0142\u0119zi twarze, postaci i stwory absolutnie si\u0119 zakocha\u0142am.<\/p>\n<p>Czu\u0142am, jakbym odkry\u0142a niewidzialny go\u0142ym okiem wymiar Le\u015bnych Duch\u00f3w, Stra\u017cnik\u00f3w Lasu i istot zamieszkuj\u0105cych go.<\/p>\n<p>\u017baden spacer ju\u017c nie by taki sam.<\/p>\n<p>Wiedzia\u0142am, \u017ce ka\u017cde drzewo, ka\u017cdy spr\u00f3chnia\u0142y pniak, ka\u017cda figlarna k\u0119pka porost\u00f3w maj\u0105 swoj\u0105 Twarz, swoj\u0105 osobowo\u015b\u0107, kt\u00f3r\u0105 moge uchwyci\u0107 i pokaza\u0107 \u015bwiatu.<\/p>\n<p>W tych obrazach ka\u017cdy widzi co\u015b innego. Tam, gdzie ja widz\u0119 dostojnego Wodza Lasu kto inny ujrzy lisa albo modliszk\u0119. Te obrazy, Twarze Natury, Duchy Lasu, ka\u017cdemu objawiaj\u0105 si\u0119 inaczej, zale\u017cnie od jego potrzeb i uwarunkowa\u0144.<\/p>\n<p><strong>Na tym zdj\u0119ciu uchwycone zosta\u0142y wydeptane korzenie na \u015bcie\u017cce w parku nad Szwajcarskim jeziorem Neuchatel. <\/strong><\/p>\n<p><strong>Co widzisz? Jakie postacie si\u0119 wy\u0142aniaj\u0105. Czy klimat jest mroczny czy \u015bwietlisty? Czy postacie s\u0105 przyjazne? Silne? Co przekazuj\u0105? Co czujesz?<\/strong><\/p>\n<p>Wydruk matowy w sosnowej ramce opalanej i rze\u017abionej przeze mnie.<\/p>\n<p><em>Wymiar ramki 15&#215;20.<\/em><\/p>\n<p><em>Plexa zabespieczona foli\u0105, kt\u00f3r\u0105 nale\u017cy odklei\u0107. Ramk\u0119 mo\u017cna powiesi\u0107 albo postawi\u0107 (na podp\u00f3rk\u0119 z ty\u0142u)<\/em><\/p>","protected":false},"excerpt":{"rendered":"<p>Duchy Lasu wychwytuje w naturze od kilku lat. Od momentu, kiedy zobaczy\u0142am pierwsze wy\u0142aniaj\u0105ce si\u0119 w symetrii mchu i ga\u0142\u0119zi twarze, postaci i stwory absolutnie si\u0119 zakocha\u0142am. Czu\u0142am, jakbym odkry\u0142a niewidzialny go\u0142ym okiem wymiar Le\u015bnych Duch\u00f3w, Stra\u017cnik\u00f3w Lasu i istot zamieszkuj\u0105cych go. \u017baden spacer ju\u017c nie by taki sam. Wiedzia\u0142am, \u017ce ka\u017cde drzewo, ka\u017cdy spr\u00f3chnia\u0142y pniak, ka\u017cda figlarna k\u0119pka porost\u00f3w maj\u0105 swoj\u0105 Twarz, swoj\u0105 osobowo\u015b\u0107, kt\u00f3r\u0105 moge uchwyci\u0107 i pokaza\u0107 \u015bwiatu. W tych obrazach ka\u017cdy widzi co\u015b innego. Tam, gdzie ja widz\u0119 dostojnego Wodza Lasu kto inny ujrzy lisa albo modliszk\u0119. Te obrazy, Twarze Natury, Duchy Lasu, ka\u017cdemu objawiaj\u0105 si\u0119 inaczej, zale\u017cnie od jego potrzeb i uwarunkowa\u0144. Na tym zdj\u0119ciu uchwycone zosta\u0142y wydeptane korzenie na \u015bcie\u017cce w parku nad Szwajcarskim jeziorem Neuchatel. Co widzisz? Jakie postacie si\u0119 wy\u0142aniaj\u0105. Czy klimat jest mroczny czy \u015bwietlisty? Czy postacie s\u0105 przyjazne? Silne? Co przekazuj\u0105? Co czujesz? Wydruk matowy w sosnowej ramce opalanej i rze\u017abionej przeze mnie. Wymiar ramki 15&#215;20. Plexa zabespieczona foli\u0105, kt\u00f3r\u0105 nale\u017cy odklei\u0107. Ramk\u0119 mo\u017cna powiesi\u0107 albo postawi\u0107 (na podp\u00f3rk\u0119 z ty\u0142u)<\/p>","protected":false},"featured_media":1751,"comment_status":"open","ping_status":"closed","template":"","meta":[],"product_brand":[],"product_cat":[57,47],"product_tag":[],"class_list":{"0":"post-1749","1":"product","2":"type-product","3":"status-publish","4":"has-post-thumbnail","6":"product_cat-drewniane-wymysly","7":"product_cat-ukryte","9":"first","10":"outofstock","11":"shipping-taxable","12":"purchasable","13":"product-type-simple"},"yoast_head":"<!-- This site is optimized with the Yoast SEO plugin v27.4 - https:\/\/yoast.com\/product\/yoast-seo-wordpress\/ -->\n<title>Drewniana Ramka z Duchem Lasu - Hooligan Elf<\/title>\n<meta name=\"robots\" content=\"index, follow, max-snippet:-1, max-image-preview:large, max-video-preview:-1\" \/>\n<link rel=\"canonical\" href=\"https:\/\/hooliganelf.pl\/en\/shop\/drewutnia\/drewniane-wymysly\/drewniana-ramka-z-duchem-lasu\/\" \/>\n<meta property=\"og:locale\" content=\"en_GB\" \/>\n<meta property=\"og:type\" content=\"article\" \/>\n<meta property=\"og:title\" content=\"Drewniana Ramka z Duchem Lasu - Hooligan Elf\" \/>\n<meta property=\"og:description\" content=\"Duchy Lasu wychwytuje w naturze od kilku lat. Od momentu, kiedy zobaczy\u0142am pierwsze wy\u0142aniaj\u0105ce si\u0119 w symetrii mchu i ga\u0142\u0119zi twarze, postaci i stwory absolutnie si\u0119 zakocha\u0142am. Czu\u0142am, jakbym odkry\u0142a niewidzialny go\u0142ym okiem wymiar Le\u015bnych Duch\u00f3w, Stra\u017cnik\u00f3w Lasu i istot zamieszkuj\u0105cych go. \u017baden spacer ju\u017c nie by taki sam. Wiedzia\u0142am, \u017ce ka\u017cde drzewo, ka\u017cdy spr\u00f3chnia\u0142y pniak, ka\u017cda figlarna k\u0119pka porost\u00f3w maj\u0105 swoj\u0105 Twarz, swoj\u0105 osobowo\u015b\u0107, kt\u00f3r\u0105 moge uchwyci\u0107 i pokaza\u0107 \u015bwiatu. W tych obrazach ka\u017cdy widzi co\u015b innego. Tam, gdzie ja widz\u0119 dostojnego Wodza Lasu kto inny ujrzy lisa albo modliszk\u0119. Te obrazy, Twarze Natury, Duchy Lasu, ka\u017cdemu objawiaj\u0105 si\u0119 inaczej, zale\u017cnie od jego potrzeb i uwarunkowa\u0144. Na tym zdj\u0119ciu uchwycone zosta\u0142y wydeptane korzenie na \u015bcie\u017cce w parku nad Szwajcarskim jeziorem Neuchatel. Co widzisz? Jakie postacie si\u0119 wy\u0142aniaj\u0105. Czy klimat jest mroczny czy \u015bwietlisty? Czy postacie s\u0105 przyjazne? Silne? Co przekazuj\u0105? Co czujesz? Wydruk matowy w sosnowej ramce opalanej i rze\u017abionej przeze mnie. Wymiar ramki 15&#215;20. Plexa zabespieczona foli\u0105, kt\u00f3r\u0105 nale\u017cy odklei\u0107. Ramk\u0119 mo\u017cna powiesi\u0107 albo postawi\u0107 (na podp\u00f3rk\u0119 z ty\u0142u)\" \/>\n<meta property=\"og:url\" content=\"https:\/\/hooliganelf.pl\/en\/shop\/drewutnia\/drewniane-wymysly\/drewniana-ramka-z-duchem-lasu\/\" \/>\n<meta property=\"og:site_name\" content=\"Hooligan Elf\" \/>\n<meta property=\"article:publisher\" content=\"https:\/\/www.facebook.com\/HooliganElf\/\" \/>\n<meta property=\"article:modified_time\" content=\"2024-11-28T12:17:17+00:00\" \/>\n<meta property=\"og:image\" content=\"https:\/\/hooliganelf.pl\/wp-content\/uploads\/2022\/12\/IMG_20221114_141018-773x1024.jpg\" \/>\n\t<meta property=\"og:image:width\" content=\"773\" \/>\n\t<meta property=\"og:image:height\" content=\"1024\" \/>\n\t<meta property=\"og:image:type\" content=\"image\/jpeg\" \/>\n<meta name=\"twitter:card\" content=\"summary_large_image\" \/>\n<meta name=\"twitter:label1\" content=\"Estimated reading time\" \/>\n\t<meta name=\"twitter:data1\" content=\"1 minute\" \/>\n<script type=\"application\/ld+json\" class=\"yoast-schema-graph\">{\"@context\":\"https:\\\/\\\/schema.org\",\"@graph\":[{\"@type\":\"WebPage\",\"@id\":\"https:\\\/\\\/hooliganelf.pl\\\/shop\\\/drewutnia\\\/drewniane-wymysly\\\/drewniana-ramka-z-duchem-lasu\\\/\",\"url\":\"https:\\\/\\\/hooliganelf.pl\\\/shop\\\/drewutnia\\\/drewniane-wymysly\\\/drewniana-ramka-z-duchem-lasu\\\/\",\"name\":\"Drewniana Ramka z Duchem Lasu - Hooligan Elf\",\"isPartOf\":{\"@id\":\"https:\\\/\\\/hooliganelf.pl\\\/#website\"},\"primaryImageOfPage\":{\"@id\":\"https:\\\/\\\/hooliganelf.pl\\\/shop\\\/drewutnia\\\/drewniane-wymysly\\\/drewniana-ramka-z-duchem-lasu\\\/#primaryimage\"},\"image\":{\"@id\":\"https:\\\/\\\/hooliganelf.pl\\\/shop\\\/drewutnia\\\/drewniane-wymysly\\\/drewniana-ramka-z-duchem-lasu\\\/#primaryimage\"},\"thumbnailUrl\":\"https:\\\/\\\/hooliganelf.pl\\\/wp-content\\\/uploads\\\/2022\\\/12\\\/IMG_20221114_141018.jpg\",\"datePublished\":\"2022-12-02T16:37:01+00:00\",\"dateModified\":\"2024-11-28T12:17:17+00:00\",\"breadcrumb\":{\"@id\":\"https:\\\/\\\/hooliganelf.pl\\\/shop\\\/drewutnia\\\/drewniane-wymysly\\\/drewniana-ramka-z-duchem-lasu\\\/#breadcrumb\"},\"inLanguage\":\"en-GB\",\"potentialAction\":[{\"@type\":\"ReadAction\",\"target\":[\"https:\\\/\\\/hooliganelf.pl\\\/shop\\\/drewutnia\\\/drewniane-wymysly\\\/drewniana-ramka-z-duchem-lasu\\\/\"]}]},{\"@type\":\"ImageObject\",\"inLanguage\":\"en-GB\",\"@id\":\"https:\\\/\\\/hooliganelf.pl\\\/shop\\\/drewutnia\\\/drewniane-wymysly\\\/drewniana-ramka-z-duchem-lasu\\\/#primaryimage\",\"url\":\"https:\\\/\\\/hooliganelf.pl\\\/wp-content\\\/uploads\\\/2022\\\/12\\\/IMG_20221114_141018.jpg\",\"contentUrl\":\"https:\\\/\\\/hooliganelf.pl\\\/wp-content\\\/uploads\\\/2022\\\/12\\\/IMG_20221114_141018.jpg\",\"width\":1546,\"height\":2048},{\"@type\":\"BreadcrumbList\",\"@id\":\"https:\\\/\\\/hooliganelf.pl\\\/shop\\\/drewutnia\\\/drewniane-wymysly\\\/drewniana-ramka-z-duchem-lasu\\\/#breadcrumb\",\"itemListElement\":[{\"@type\":\"ListItem\",\"position\":1,\"name\":\"Strona g\u0142\u00f3wna\",\"item\":\"https:\\\/\\\/hooliganelf.pl\\\/\"},{\"@type\":\"ListItem\",\"position\":2,\"name\":\"Stragan\",\"item\":\"https:\\\/\\\/hooliganelf.pl\\\/pl\\\/shop\\\/\"},{\"@type\":\"ListItem\",\"position\":3,\"name\":\"Drewniana Ramka z Duchem Lasu\"}]},{\"@type\":\"WebSite\",\"@id\":\"https:\\\/\\\/hooliganelf.pl\\\/#website\",\"url\":\"https:\\\/\\\/hooliganelf.pl\\\/\",\"name\":\"Hooligan Elf\",\"description\":\"Le\u015bne wymys\u0142y dzikiej kobiety\",\"publisher\":{\"@id\":\"https:\\\/\\\/hooliganelf.pl\\\/#organization\"},\"potentialAction\":[{\"@type\":\"SearchAction\",\"target\":{\"@type\":\"EntryPoint\",\"urlTemplate\":\"https:\\\/\\\/hooliganelf.pl\\\/?s={search_term_string}\"},\"query-input\":{\"@type\":\"PropertyValueSpecification\",\"valueRequired\":true,\"valueName\":\"search_term_string\"}}],\"inLanguage\":\"en-GB\"},{\"@type\":\"Organization\",\"@id\":\"https:\\\/\\\/hooliganelf.pl\\\/#organization\",\"name\":\"Hooligan Elf\",\"url\":\"https:\\\/\\\/hooliganelf.pl\\\/\",\"logo\":{\"@type\":\"ImageObject\",\"inLanguage\":\"en-GB\",\"@id\":\"https:\\\/\\\/hooliganelf.pl\\\/#\\\/schema\\\/logo\\\/image\\\/\",\"url\":\"https:\\\/\\\/hooliganelf.pl\\\/wp-content\\\/uploads\\\/2021\\\/10\\\/logo-nowe-czarne-bez-tla.png\",\"contentUrl\":\"https:\\\/\\\/hooliganelf.pl\\\/wp-content\\\/uploads\\\/2021\\\/10\\\/logo-nowe-czarne-bez-tla.png\",\"width\":1278,\"height\":735,\"caption\":\"Hooligan Elf\"},\"image\":{\"@id\":\"https:\\\/\\\/hooliganelf.pl\\\/#\\\/schema\\\/logo\\\/image\\\/\"},\"sameAs\":[\"https:\\\/\\\/www.facebook.com\\\/HooliganElf\\\/\",\"https:\\\/\\\/www.instagram.com\\\/hooligan.elf\\\/\"]}]}<\/script>\n<!-- \/ Yoast SEO plugin. -->","yoast_head_json":{"title":"Drewniana Ramka z Duchem Lasu - Hooligan Elf","robots":{"index":"index","follow":"follow","max-snippet":"max-snippet:-1","max-image-preview":"max-image-preview:large","max-video-preview":"max-video-preview:-1"},"canonical":"https:\/\/hooliganelf.pl\/en\/shop\/drewutnia\/drewniane-wymysly\/drewniana-ramka-z-duchem-lasu\/","og_locale":"en_GB","og_type":"article","og_title":"Drewniana Ramka z Duchem Lasu - Hooligan Elf","og_description":"Duchy Lasu wychwytuje w naturze od kilku lat. Od momentu, kiedy zobaczy\u0142am pierwsze wy\u0142aniaj\u0105ce si\u0119 w symetrii mchu i ga\u0142\u0119zi twarze, postaci i stwory absolutnie si\u0119 zakocha\u0142am. Czu\u0142am, jakbym odkry\u0142a niewidzialny go\u0142ym okiem wymiar Le\u015bnych Duch\u00f3w, Stra\u017cnik\u00f3w Lasu i istot zamieszkuj\u0105cych go. \u017baden spacer ju\u017c nie by taki sam. Wiedzia\u0142am, \u017ce ka\u017cde drzewo, ka\u017cdy spr\u00f3chnia\u0142y pniak, ka\u017cda figlarna k\u0119pka porost\u00f3w maj\u0105 swoj\u0105 Twarz, swoj\u0105 osobowo\u015b\u0107, kt\u00f3r\u0105 moge uchwyci\u0107 i pokaza\u0107 \u015bwiatu. W tych obrazach ka\u017cdy widzi co\u015b innego. Tam, gdzie ja widz\u0119 dostojnego Wodza Lasu kto inny ujrzy lisa albo modliszk\u0119. Te obrazy, Twarze Natury, Duchy Lasu, ka\u017cdemu objawiaj\u0105 si\u0119 inaczej, zale\u017cnie od jego potrzeb i uwarunkowa\u0144. Na tym zdj\u0119ciu uchwycone zosta\u0142y wydeptane korzenie na \u015bcie\u017cce w parku nad Szwajcarskim jeziorem Neuchatel. Co widzisz? Jakie postacie si\u0119 wy\u0142aniaj\u0105. Czy klimat jest mroczny czy \u015bwietlisty? Czy postacie s\u0105 przyjazne? Silne? Co przekazuj\u0105? Co czujesz? Wydruk matowy w sosnowej ramce opalanej i rze\u017abionej przeze mnie. Wymiar ramki 15&#215;20. Plexa zabespieczona foli\u0105, kt\u00f3r\u0105 nale\u017cy odklei\u0107. Ramk\u0119 mo\u017cna powiesi\u0107 albo postawi\u0107 (na podp\u00f3rk\u0119 z ty\u0142u)","og_url":"https:\/\/hooliganelf.pl\/en\/shop\/drewutnia\/drewniane-wymysly\/drewniana-ramka-z-duchem-lasu\/","og_site_name":"Hooligan Elf","article_publisher":"https:\/\/www.facebook.com\/HooliganElf\/","article_modified_time":"2024-11-28T12:17:17+00:00","og_image":[{"width":773,"height":1024,"url":"https:\/\/hooliganelf.pl\/wp-content\/uploads\/2022\/12\/IMG_20221114_141018-773x1024.jpg","type":"image\/jpeg"}],"twitter_card":"summary_large_image","twitter_misc":{"Estimated reading time":"1 minute"},"schema":{"@context":"https:\/\/schema.org","@graph":[{"@type":"WebPage","@id":"https:\/\/hooliganelf.pl\/shop\/drewutnia\/drewniane-wymysly\/drewniana-ramka-z-duchem-lasu\/","url":"https:\/\/hooliganelf.pl\/shop\/drewutnia\/drewniane-wymysly\/drewniana-ramka-z-duchem-lasu\/","name":"Drewniana Ramka z Duchem Lasu - Hooligan Elf","isPartOf":{"@id":"https:\/\/hooliganelf.pl\/#website"},"primaryImageOfPage":{"@id":"https:\/\/hooliganelf.pl\/shop\/drewutnia\/drewniane-wymysly\/drewniana-ramka-z-duchem-lasu\/#primaryimage"},"image":{"@id":"https:\/\/hooliganelf.pl\/shop\/drewutnia\/drewniane-wymysly\/drewniana-ramka-z-duchem-lasu\/#primaryimage"},"thumbnailUrl":"https:\/\/hooliganelf.pl\/wp-content\/uploads\/2022\/12\/IMG_20221114_141018.jpg","datePublished":"2022-12-02T16:37:01+00:00","dateModified":"2024-11-28T12:17:17+00:00","breadcrumb":{"@id":"https:\/\/hooliganelf.pl\/shop\/drewutnia\/drewniane-wymysly\/drewniana-ramka-z-duchem-lasu\/#breadcrumb"},"inLanguage":"en-GB","potentialAction":[{"@type":"ReadAction","target":["https:\/\/hooliganelf.pl\/shop\/drewutnia\/drewniane-wymysly\/drewniana-ramka-z-duchem-lasu\/"]}]},{"@type":"ImageObject","inLanguage":"en-GB","@id":"https:\/\/hooliganelf.pl\/shop\/drewutnia\/drewniane-wymysly\/drewniana-ramka-z-duchem-lasu\/#primaryimage","url":"https:\/\/hooliganelf.pl\/wp-content\/uploads\/2022\/12\/IMG_20221114_141018.jpg","contentUrl":"https:\/\/hooliganelf.pl\/wp-content\/uploads\/2022\/12\/IMG_20221114_141018.jpg","width":1546,"height":2048},{"@type":"BreadcrumbList","@id":"https:\/\/hooliganelf.pl\/shop\/drewutnia\/drewniane-wymysly\/drewniana-ramka-z-duchem-lasu\/#breadcrumb","itemListElement":[{"@type":"ListItem","position":1,"name":"Strona g\u0142\u00f3wna","item":"https:\/\/hooliganelf.pl\/"},{"@type":"ListItem","position":2,"name":"Stragan","item":"https:\/\/hooliganelf.pl\/pl\/shop\/"},{"@type":"ListItem","position":3,"name":"Drewniana Ramka z Duchem Lasu"}]},{"@type":"WebSite","@id":"https:\/\/hooliganelf.pl\/#website","url":"https:\/\/hooliganelf.pl\/","name":"Hooligan Elf","description":"Le\u015bne wymys\u0142y dzikiej kobiety","publisher":{"@id":"https:\/\/hooliganelf.pl\/#organization"},"potentialAction":[{"@type":"SearchAction","target":{"@type":"EntryPoint","urlTemplate":"https:\/\/hooliganelf.pl\/?s={search_term_string}"},"query-input":{"@type":"PropertyValueSpecification","valueRequired":true,"valueName":"search_term_string"}}],"inLanguage":"en-GB"},{"@type":"Organization","@id":"https:\/\/hooliganelf.pl\/#organization","name":"Hooligan Elf","url":"https:\/\/hooliganelf.pl\/","logo":{"@type":"ImageObject","inLanguage":"en-GB","@id":"https:\/\/hooliganelf.pl\/#\/schema\/logo\/image\/","url":"https:\/\/hooliganelf.pl\/wp-content\/uploads\/2021\/10\/logo-nowe-czarne-bez-tla.png","contentUrl":"https:\/\/hooliganelf.pl\/wp-content\/uploads\/2021\/10\/logo-nowe-czarne-bez-tla.png","width":1278,"height":735,"caption":"Hooligan Elf"},"image":{"@id":"https:\/\/hooliganelf.pl\/#\/schema\/logo\/image\/"},"sameAs":["https:\/\/www.facebook.com\/HooliganElf\/","https:\/\/www.instagram.com\/hooligan.elf\/"]}]}},"_links":{"self":[{"href":"https:\/\/hooliganelf.pl\/en\/wp-json\/wp\/v2\/product\/1749","targetHints":{"allow":["GET"]}}],"collection":[{"href":"https:\/\/hooliganelf.pl\/en\/wp-json\/wp\/v2\/product"}],"about":[{"href":"https:\/\/hooliganelf.pl\/en\/wp-json\/wp\/v2\/types\/product"}],"replies":[{"embeddable":true,"href":"https:\/\/hooliganelf.pl\/en\/wp-json\/wp\/v2\/comments?post=1749"}],"wp:featuredmedia":[{"embeddable":true,"href":"https:\/\/hooliganelf.pl\/en\/wp-json\/wp\/v2\/media\/1751"}],"wp:attachment":[{"href":"https:\/\/hooliganelf.pl\/en\/wp-json\/wp\/v2\/media?parent=1749"}],"wp:term":[{"taxonomy":"product_brand","embeddable":true,"href":"https:\/\/hooliganelf.pl\/en\/wp-json\/wp\/v2\/product_brand?post=1749"},{"taxonomy":"product_cat","embeddable":true,"href":"https:\/\/hooliganelf.pl\/en\/wp-json\/wp\/v2\/product_cat?post=1749"},{"taxonomy":"product_tag","embeddable":true,"href":"https:\/\/hooliganelf.pl\/en\/wp-json\/wp\/v2\/product_tag?post=1749"}],"curies":[{"name":"wp","href":"https:\/\/api.w.org\/{rel}","templated":true}]}}