{"id":1919,"date":"2023-02-16T21:25:39","date_gmt":"2023-02-16T20:25:39","guid":{"rendered":"https:\/\/hooliganelf.pl\/?post_type=product&#038;p=1919"},"modified":"2026-01-14T07:28:24","modified_gmt":"2026-01-14T06:28:24","slug":"zestaw-zapalenca","status":"publish","type":"product","link":"https:\/\/hooliganelf.pl\/en\/shop\/hooliganskie-ziola\/zestaw-zapalenca\/","title":{"rendered":"Zestaw Zapale\u0144ca"},"content":{"rendered":"<p>\u0141obuziaczki Drogie!<\/p>\n<p>Bardzo cieszy mnie, \u017ce Hooliga\u0144skie Zio\u0142a zago\u015bci\u0142y u Was na sta\u0142e i macie ju\u017c swoje ulubione mieszanki.<\/p>\n<p>Wiem z waszych wiadomo\u015bci, \u017ce wielu z was mieszanki pomog\u0142y rozsta\u0107 si\u0119 z na\u0142ogiem i wspomagaj\u0105 was w r\u00f3\u017cnych procesach. Innym z kolei zio\u0142a towarzysz\u0105 w podr\u00f3\u017cach z Mari\u0105 Huanit\u0105 uzupe\u0142niaj\u0105c i podbijaj\u0105c jej wp\u0142yw.<\/p>\n<p>Jako uk\u0142on wasz\u0105 stron\u0119 stworzy\u0142am Zestaw Zapale\u0144ca, czyli mo\u017c\u0142iwo\u015b\u0107 zakupienia wi\u0119kszej ilo\u015bci ulubionej mieszanki w ni\u017cszej cenie.<\/p>\n<p>Przy zakupie 5sztuk dostajecie 50% zni\u017cki na 5-t\u0105 sztuk\u0119.<\/p>\n<p>Przy zakupie 10sztuk dostajecie 9-t\u0105 i po\u0142ow\u0119 10-tej sztuki w prezencie \ud83d\ude42<\/p>\n<p>Dzi\u0119kuj\u0119 za wasze zaufanie i wsparcie!<\/p>\n<p>Wspania\u0142o\u015bci Wam i do zobaczenia w Lesie!<\/p>\n<p>&nbsp;<\/p>","protected":false},"excerpt":{"rendered":"<p>\u0141obuziaczki Drogie! Bardzo cieszy mnie, \u017ce Hooliga\u0144skie Zio\u0142a zago\u015bci\u0142y u Was na sta\u0142e i macie ju\u017c swoje ulubione mieszanki. Wiem z waszych wiadomo\u015bci, \u017ce wielu z was mieszanki pomog\u0142y rozsta\u0107 si\u0119 z na\u0142ogiem i wspomagaj\u0105 was w r\u00f3\u017cnych procesach. Innym z kolei zio\u0142a towarzysz\u0105 w podr\u00f3\u017cach z Mari\u0105 Huanit\u0105 uzupe\u0142niaj\u0105c i podbijaj\u0105c jej wp\u0142yw. Jako uk\u0142on wasz\u0105 stron\u0119 stworzy\u0142am Zestaw Zapale\u0144ca, czyli mo\u017c\u0142iwo\u015b\u0107 zakupienia wi\u0119kszej ilo\u015bci ulubionej mieszanki w ni\u017cszej cenie. Przy zakupie 5sztuk dostajecie 50% zni\u017cki na 5-t\u0105 sztuk\u0119. Przy zakupie 10sztuk dostajecie 9-t\u0105 i po\u0142ow\u0119 10-tej sztuki w prezencie \ud83d\ude42 Dzi\u0119kuj\u0119 za wasze zaufanie i wsparcie! Wspania\u0142o\u015bci Wam i do zobaczenia w Lesie! &nbsp;<\/p>","protected":false},"featured_media":1928,"comment_status":"open","ping_status":"closed","template":"","meta":[],"product_brand":[],"product_cat":[16],"product_tag":[],"class_list":{"0":"post-1919","1":"product","2":"type-product","3":"status-publish","4":"has-post-thumbnail","6":"product_cat-hooliganskie-ziola","8":"first","9":"outofstock","10":"sale","11":"shipping-taxable","12":"purchasable","13":"product-type-variable"},"yoast_head":"<!-- This site is optimized with the Yoast SEO plugin v27.4 - https:\/\/yoast.com\/product\/yoast-seo-wordpress\/ -->\n<title>Zestaw Zapale\u0144ca - Hooligan Elf<\/title>\n<meta name=\"robots\" content=\"index, follow, max-snippet:-1, max-image-preview:large, max-video-preview:-1\" \/>\n<link rel=\"canonical\" href=\"https:\/\/hooliganelf.pl\/en\/shop\/hooliganskie-ziola\/zestaw-zapalenca\/\" \/>\n<meta property=\"og:locale\" content=\"en_GB\" \/>\n<meta property=\"og:type\" content=\"article\" \/>\n<meta property=\"og:title\" content=\"Zestaw Zapale\u0144ca - Hooligan Elf\" \/>\n<meta property=\"og:description\" content=\"\u0141obuziaczki Drogie! Bardzo cieszy mnie, \u017ce Hooliga\u0144skie Zio\u0142a zago\u015bci\u0142y u Was na sta\u0142e i macie ju\u017c swoje ulubione mieszanki. Wiem z waszych wiadomo\u015bci, \u017ce wielu z was mieszanki pomog\u0142y rozsta\u0107 si\u0119 z na\u0142ogiem i wspomagaj\u0105 was w r\u00f3\u017cnych procesach. Innym z kolei zio\u0142a towarzysz\u0105 w podr\u00f3\u017cach z Mari\u0105 Huanit\u0105 uzupe\u0142niaj\u0105c i podbijaj\u0105c jej wp\u0142yw. Jako uk\u0142on wasz\u0105 stron\u0119 stworzy\u0142am Zestaw Zapale\u0144ca, czyli mo\u017c\u0142iwo\u015b\u0107 zakupienia wi\u0119kszej ilo\u015bci ulubionej mieszanki w ni\u017cszej cenie. Przy zakupie 5sztuk dostajecie 50% zni\u017cki na 5-t\u0105 sztuk\u0119. Przy zakupie 10sztuk dostajecie 9-t\u0105 i po\u0142ow\u0119 10-tej sztuki w prezencie \ud83d\ude42 Dzi\u0119kuj\u0119 za wasze zaufanie i wsparcie! Wspania\u0142o\u015bci Wam i do zobaczenia w Lesie! &nbsp;\" \/>\n<meta property=\"og:url\" content=\"https:\/\/hooliganelf.pl\/en\/shop\/hooliganskie-ziola\/zestaw-zapalenca\/\" \/>\n<meta property=\"og:site_name\" content=\"Hooligan Elf\" \/>\n<meta property=\"article:publisher\" content=\"https:\/\/www.facebook.com\/HooliganElf\/\" \/>\n<meta property=\"article:modified_time\" content=\"2026-01-14T06:28:24+00:00\" \/>\n<meta property=\"og:image\" content=\"https:\/\/hooliganelf.pl\/wp-content\/uploads\/2023\/02\/IMG_20200614_135518.jpg\" \/>\n\t<meta property=\"og:image:width\" content=\"1536\" \/>\n\t<meta property=\"og:image:height\" content=\"2048\" \/>\n\t<meta property=\"og:image:type\" content=\"image\/jpeg\" \/>\n<meta name=\"twitter:card\" content=\"summary_large_image\" \/>\n<meta name=\"twitter:label1\" content=\"Estimated reading time\" \/>\n\t<meta name=\"twitter:data1\" content=\"1 minute\" \/>\n<script type=\"application\/ld+json\" class=\"yoast-schema-graph\">{\"@context\":\"https:\\\/\\\/schema.org\",\"@graph\":[{\"@type\":\"WebPage\",\"@id\":\"https:\\\/\\\/hooliganelf.pl\\\/shop\\\/hooliganskie-ziola\\\/zestaw-zapalenca\\\/\",\"url\":\"https:\\\/\\\/hooliganelf.pl\\\/shop\\\/hooliganskie-ziola\\\/zestaw-zapalenca\\\/\",\"name\":\"Zestaw Zapale\u0144ca - Hooligan Elf\",\"isPartOf\":{\"@id\":\"https:\\\/\\\/hooliganelf.pl\\\/#website\"},\"primaryImageOfPage\":{\"@id\":\"https:\\\/\\\/hooliganelf.pl\\\/shop\\\/hooliganskie-ziola\\\/zestaw-zapalenca\\\/#primaryimage\"},\"image\":{\"@id\":\"https:\\\/\\\/hooliganelf.pl\\\/shop\\\/hooliganskie-ziola\\\/zestaw-zapalenca\\\/#primaryimage\"},\"thumbnailUrl\":\"https:\\\/\\\/hooliganelf.pl\\\/wp-content\\\/uploads\\\/2023\\\/02\\\/IMG_20200614_135518.jpg\",\"datePublished\":\"2023-02-16T20:25:39+00:00\",\"dateModified\":\"2026-01-14T06:28:24+00:00\",\"breadcrumb\":{\"@id\":\"https:\\\/\\\/hooliganelf.pl\\\/shop\\\/hooliganskie-ziola\\\/zestaw-zapalenca\\\/#breadcrumb\"},\"inLanguage\":\"en-GB\",\"potentialAction\":[{\"@type\":\"ReadAction\",\"target\":[\"https:\\\/\\\/hooliganelf.pl\\\/shop\\\/hooliganskie-ziola\\\/zestaw-zapalenca\\\/\"]}]},{\"@type\":\"ImageObject\",\"inLanguage\":\"en-GB\",\"@id\":\"https:\\\/\\\/hooliganelf.pl\\\/shop\\\/hooliganskie-ziola\\\/zestaw-zapalenca\\\/#primaryimage\",\"url\":\"https:\\\/\\\/hooliganelf.pl\\\/wp-content\\\/uploads\\\/2023\\\/02\\\/IMG_20200614_135518.jpg\",\"contentUrl\":\"https:\\\/\\\/hooliganelf.pl\\\/wp-content\\\/uploads\\\/2023\\\/02\\\/IMG_20200614_135518.jpg\",\"width\":1536,\"height\":2048},{\"@type\":\"BreadcrumbList\",\"@id\":\"https:\\\/\\\/hooliganelf.pl\\\/shop\\\/hooliganskie-ziola\\\/zestaw-zapalenca\\\/#breadcrumb\",\"itemListElement\":[{\"@type\":\"ListItem\",\"position\":1,\"name\":\"Strona g\u0142\u00f3wna\",\"item\":\"https:\\\/\\\/hooliganelf.pl\\\/\"},{\"@type\":\"ListItem\",\"position\":2,\"name\":\"Stragan\",\"item\":\"https:\\\/\\\/hooliganelf.pl\\\/pl\\\/shop\\\/\"},{\"@type\":\"ListItem\",\"position\":3,\"name\":\"Zestaw Zapale\u0144ca\"}]},{\"@type\":\"WebSite\",\"@id\":\"https:\\\/\\\/hooliganelf.pl\\\/#website\",\"url\":\"https:\\\/\\\/hooliganelf.pl\\\/\",\"name\":\"Hooligan Elf\",\"description\":\"Le\u015bne wymys\u0142y dzikiej kobiety\",\"publisher\":{\"@id\":\"https:\\\/\\\/hooliganelf.pl\\\/#organization\"},\"potentialAction\":[{\"@type\":\"SearchAction\",\"target\":{\"@type\":\"EntryPoint\",\"urlTemplate\":\"https:\\\/\\\/hooliganelf.pl\\\/?s={search_term_string}\"},\"query-input\":{\"@type\":\"PropertyValueSpecification\",\"valueRequired\":true,\"valueName\":\"search_term_string\"}}],\"inLanguage\":\"en-GB\"},{\"@type\":\"Organization\",\"@id\":\"https:\\\/\\\/hooliganelf.pl\\\/#organization\",\"name\":\"Hooligan Elf\",\"url\":\"https:\\\/\\\/hooliganelf.pl\\\/\",\"logo\":{\"@type\":\"ImageObject\",\"inLanguage\":\"en-GB\",\"@id\":\"https:\\\/\\\/hooliganelf.pl\\\/#\\\/schema\\\/logo\\\/image\\\/\",\"url\":\"https:\\\/\\\/hooliganelf.pl\\\/wp-content\\\/uploads\\\/2021\\\/10\\\/logo-nowe-czarne-bez-tla.png\",\"contentUrl\":\"https:\\\/\\\/hooliganelf.pl\\\/wp-content\\\/uploads\\\/2021\\\/10\\\/logo-nowe-czarne-bez-tla.png\",\"width\":1278,\"height\":735,\"caption\":\"Hooligan Elf\"},\"image\":{\"@id\":\"https:\\\/\\\/hooliganelf.pl\\\/#\\\/schema\\\/logo\\\/image\\\/\"},\"sameAs\":[\"https:\\\/\\\/www.facebook.com\\\/HooliganElf\\\/\",\"https:\\\/\\\/www.instagram.com\\\/hooligan.elf\\\/\"]}]}<\/script>\n<!-- \/ Yoast SEO plugin. -->","yoast_head_json":{"title":"Zestaw Zapale\u0144ca - Hooligan Elf","robots":{"index":"index","follow":"follow","max-snippet":"max-snippet:-1","max-image-preview":"max-image-preview:large","max-video-preview":"max-video-preview:-1"},"canonical":"https:\/\/hooliganelf.pl\/en\/shop\/hooliganskie-ziola\/zestaw-zapalenca\/","og_locale":"en_GB","og_type":"article","og_title":"Zestaw Zapale\u0144ca - Hooligan Elf","og_description":"\u0141obuziaczki Drogie! Bardzo cieszy mnie, \u017ce Hooliga\u0144skie Zio\u0142a zago\u015bci\u0142y u Was na sta\u0142e i macie ju\u017c swoje ulubione mieszanki. Wiem z waszych wiadomo\u015bci, \u017ce wielu z was mieszanki pomog\u0142y rozsta\u0107 si\u0119 z na\u0142ogiem i wspomagaj\u0105 was w r\u00f3\u017cnych procesach. Innym z kolei zio\u0142a towarzysz\u0105 w podr\u00f3\u017cach z Mari\u0105 Huanit\u0105 uzupe\u0142niaj\u0105c i podbijaj\u0105c jej wp\u0142yw. Jako uk\u0142on wasz\u0105 stron\u0119 stworzy\u0142am Zestaw Zapale\u0144ca, czyli mo\u017c\u0142iwo\u015b\u0107 zakupienia wi\u0119kszej ilo\u015bci ulubionej mieszanki w ni\u017cszej cenie. Przy zakupie 5sztuk dostajecie 50% zni\u017cki na 5-t\u0105 sztuk\u0119. Przy zakupie 10sztuk dostajecie 9-t\u0105 i po\u0142ow\u0119 10-tej sztuki w prezencie \ud83d\ude42 Dzi\u0119kuj\u0119 za wasze zaufanie i wsparcie! Wspania\u0142o\u015bci Wam i do zobaczenia w Lesie! &nbsp;","og_url":"https:\/\/hooliganelf.pl\/en\/shop\/hooliganskie-ziola\/zestaw-zapalenca\/","og_site_name":"Hooligan Elf","article_publisher":"https:\/\/www.facebook.com\/HooliganElf\/","article_modified_time":"2026-01-14T06:28:24+00:00","og_image":[{"width":1536,"height":2048,"url":"https:\/\/hooliganelf.pl\/wp-content\/uploads\/2023\/02\/IMG_20200614_135518.jpg","type":"image\/jpeg"}],"twitter_card":"summary_large_image","twitter_misc":{"Estimated reading time":"1 minute"},"schema":{"@context":"https:\/\/schema.org","@graph":[{"@type":"WebPage","@id":"https:\/\/hooliganelf.pl\/shop\/hooliganskie-ziola\/zestaw-zapalenca\/","url":"https:\/\/hooliganelf.pl\/shop\/hooliganskie-ziola\/zestaw-zapalenca\/","name":"Zestaw Zapale\u0144ca - Hooligan Elf","isPartOf":{"@id":"https:\/\/hooliganelf.pl\/#website"},"primaryImageOfPage":{"@id":"https:\/\/hooliganelf.pl\/shop\/hooliganskie-ziola\/zestaw-zapalenca\/#primaryimage"},"image":{"@id":"https:\/\/hooliganelf.pl\/shop\/hooliganskie-ziola\/zestaw-zapalenca\/#primaryimage"},"thumbnailUrl":"https:\/\/hooliganelf.pl\/wp-content\/uploads\/2023\/02\/IMG_20200614_135518.jpg","datePublished":"2023-02-16T20:25:39+00:00","dateModified":"2026-01-14T06:28:24+00:00","breadcrumb":{"@id":"https:\/\/hooliganelf.pl\/shop\/hooliganskie-ziola\/zestaw-zapalenca\/#breadcrumb"},"inLanguage":"en-GB","potentialAction":[{"@type":"ReadAction","target":["https:\/\/hooliganelf.pl\/shop\/hooliganskie-ziola\/zestaw-zapalenca\/"]}]},{"@type":"ImageObject","inLanguage":"en-GB","@id":"https:\/\/hooliganelf.pl\/shop\/hooliganskie-ziola\/zestaw-zapalenca\/#primaryimage","url":"https:\/\/hooliganelf.pl\/wp-content\/uploads\/2023\/02\/IMG_20200614_135518.jpg","contentUrl":"https:\/\/hooliganelf.pl\/wp-content\/uploads\/2023\/02\/IMG_20200614_135518.jpg","width":1536,"height":2048},{"@type":"BreadcrumbList","@id":"https:\/\/hooliganelf.pl\/shop\/hooliganskie-ziola\/zestaw-zapalenca\/#breadcrumb","itemListElement":[{"@type":"ListItem","position":1,"name":"Strona g\u0142\u00f3wna","item":"https:\/\/hooliganelf.pl\/"},{"@type":"ListItem","position":2,"name":"Stragan","item":"https:\/\/hooliganelf.pl\/pl\/shop\/"},{"@type":"ListItem","position":3,"name":"Zestaw Zapale\u0144ca"}]},{"@type":"WebSite","@id":"https:\/\/hooliganelf.pl\/#website","url":"https:\/\/hooliganelf.pl\/","name":"Hooligan Elf","description":"Le\u015bne wymys\u0142y dzikiej kobiety","publisher":{"@id":"https:\/\/hooliganelf.pl\/#organization"},"potentialAction":[{"@type":"SearchAction","target":{"@type":"EntryPoint","urlTemplate":"https:\/\/hooliganelf.pl\/?s={search_term_string}"},"query-input":{"@type":"PropertyValueSpecification","valueRequired":true,"valueName":"search_term_string"}}],"inLanguage":"en-GB"},{"@type":"Organization","@id":"https:\/\/hooliganelf.pl\/#organization","name":"Hooligan Elf","url":"https:\/\/hooliganelf.pl\/","logo":{"@type":"ImageObject","inLanguage":"en-GB","@id":"https:\/\/hooliganelf.pl\/#\/schema\/logo\/image\/","url":"https:\/\/hooliganelf.pl\/wp-content\/uploads\/2021\/10\/logo-nowe-czarne-bez-tla.png","contentUrl":"https:\/\/hooliganelf.pl\/wp-content\/uploads\/2021\/10\/logo-nowe-czarne-bez-tla.png","width":1278,"height":735,"caption":"Hooligan Elf"},"image":{"@id":"https:\/\/hooliganelf.pl\/#\/schema\/logo\/image\/"},"sameAs":["https:\/\/www.facebook.com\/HooliganElf\/","https:\/\/www.instagram.com\/hooligan.elf\/"]}]}},"_links":{"self":[{"href":"https:\/\/hooliganelf.pl\/en\/wp-json\/wp\/v2\/product\/1919","targetHints":{"allow":["GET"]}}],"collection":[{"href":"https:\/\/hooliganelf.pl\/en\/wp-json\/wp\/v2\/product"}],"about":[{"href":"https:\/\/hooliganelf.pl\/en\/wp-json\/wp\/v2\/types\/product"}],"replies":[{"embeddable":true,"href":"https:\/\/hooliganelf.pl\/en\/wp-json\/wp\/v2\/comments?post=1919"}],"wp:featuredmedia":[{"embeddable":true,"href":"https:\/\/hooliganelf.pl\/en\/wp-json\/wp\/v2\/media\/1928"}],"wp:attachment":[{"href":"https:\/\/hooliganelf.pl\/en\/wp-json\/wp\/v2\/media?parent=1919"}],"wp:term":[{"taxonomy":"product_brand","embeddable":true,"href":"https:\/\/hooliganelf.pl\/en\/wp-json\/wp\/v2\/product_brand?post=1919"},{"taxonomy":"product_cat","embeddable":true,"href":"https:\/\/hooliganelf.pl\/en\/wp-json\/wp\/v2\/product_cat?post=1919"},{"taxonomy":"product_tag","embeddable":true,"href":"https:\/\/hooliganelf.pl\/en\/wp-json\/wp\/v2\/product_tag?post=1919"}],"curies":[{"name":"wp","href":"https:\/\/api.w.org\/{rel}","templated":true}]}}