{"id":195,"date":"2021-10-25T22:01:11","date_gmt":"2021-10-25T20:01:11","guid":{"rendered":"https:\/\/hooliganelf.pl\/?post_type=product&#038;p=195"},"modified":"2026-04-09T09:52:21","modified_gmt":"2026-04-09T07:52:21","slug":"zakapior","status":"publish","type":"product","link":"https:\/\/hooliganelf.pl\/en\/shop\/praktyczne-mazidla\/zakapior\/","title":{"rendered":"Zakapior"},"content":{"rendered":"<div class=\"page\" title=\"Page 1\">\n<div class=\"section\">\n<div class=\"layoutArea\">\n<div class=\"column\">\n<p>Mocarne Olejki zosta\u0142y po\u0142a\u0328czone z oz\u0307ywiona\u0328 <strong>woda\u0328 krzemionkowo-magnezowa\u0328<\/strong>, kt\u00f3ra opro\u0301cz w\u0142as\u0301ciwo\u015bci bakterio- wiruso- i grzybobo\u0301jczych zapewnia ro\u0301wniez\u0307 zdrowa\u0328 dawke\u0328 bardzo istotnych pierwiastko\u0301w krzemu i magnezu <strong>wch\u0142anialnych przez sko\u0301re\u0328<\/strong>.<\/p>\n<p>&nbsp;<\/p>\n<p><strong>Zacnie pachnie<\/strong> i lubuj\u0105 si\u0119 w nim zar\u00f3wno kobiety jak i m\u0119\u017cczy\u017ani.<\/p>\n<p>&nbsp;<\/p>\n<p>Pachnid\u0142o dodatkowo <strong>zniech\u0119ca komary, kleszcze<\/strong> i inne owady do zbli\u017ce\u0144.<\/p>\n<p>&nbsp;<\/p>\n<p>Mgie\u0142ka rozpylona w pomieszczeniu <strong>od\u015bwiez\u0307a powietrze<\/strong>, zabija nagromadzone w nim patogeny i napawa nadziej\u0105 na przysz\u0142o\u015b\u0107.<\/p>\n<p>&nbsp;<\/p>\n<p>Naniesiona na <strong>zewne\u0328trzna\u0328 strone\u0328 maseczk<\/strong>i ochronnej <strong>zapobiega namna\u017caniu patogen\u00f3w, filtruje kaz\u0307dy oddech<\/strong> i dodatkowo dzia\u0142a aromaterapeutycznie, odpre\u0328z\u0307aja\u0328co i <strong>wzmacniaja\u0328co na uk\u0142ad oddechowy i odpornos\u0301ciowy.<\/strong><\/p>\n<p>&nbsp;<\/p>\n<p>Dzie\u0328ki zawartos\u0301ci siarczanu magnezu moz\u0307e wspomagac\u0301 dora\u017ane <strong>leczenie obrz\u0119ko\u0301w mie\u0328\u015bni, st\u0142uczen\u0301, usuwania opuchlizn, stano\u0301w zapalnych stawo\u0301w i kre\u0328gos\u0142upa, zranionej sko\u0301ry, skurczy.<\/strong> Nale\u017cy nanie\u015b\u0107 mgie\u0142k\u0119 na sk\u00f3r\u0119 i wetrze\u0107.<\/p>\n<p>&nbsp;<\/p>\n<p>Jest takz\u0307e dobrym <strong>antyperspirantem<\/strong>, neutralizuja\u0328c nieprzyjemne zapachy.<\/p>\n<p>&nbsp;<\/p>\n<p><strong>Gang olejk\u00f3w,<\/strong> kt\u00f3ry tak hooligani to:<\/p>\n<p><strong>Olejek goz\u0301dzikowy<\/strong>&#8211; zawiera eugenol, pogromce\u0328 wiruso\u0301w. Hamuje rozw\u00f3j bakterii gram dodatnich i gram ujemnych (np. E.Coli)<\/p>\n<p><strong>Olejek cynamonowy<\/strong>&#8211; zabija wirusy i bakterie odporne nawet na antybiotyki. Na nic si\u0119 nie ogl\u0105da tylko r\u0105bie jak leci, wi\u0119c uwaga, \u017ceby nie dosta\u0142 si\u0119 do oka!<\/p>\n<p><strong>Olejek eukaliptusowy<\/strong>&#8211; wspomaga zwalczanie choro\u0301b uk\u0142adu oddechowego. Wdech i wydech&#8230; Od razu lepiej.<\/p>\n<p><strong>Olejek rozmarynowy-<\/strong> wykazuje silne w\u0142as\u0301ciwos\u0301ci wiruso- i bakteriobo\u0301jcze. Wzmacnia odpornos\u0301c\u0301 i koi uk\u0142ad nerwowy, czyli do rany przy\u0142\u00f3\u017c. O m\u00f3j rozmarynie, cho no tu!<\/p>\n<p><strong>Olejek cytrynowy<\/strong>&#8211; Silnie odkaz\u0307aja\u0328cy, kto by pomy\u015bla\u0142.. Dzia\u0142a te\u017c odpre\u0328\u017caja\u0328co, aby w spokoju patrze\u0107, jak za oknem upada system.<\/p>\n<p>&nbsp;<\/p>\n<p>ZAKAPIOR &#8211; potocznie -zbo\u0301j, oprych, \u0142obuz, rzezimieszek i.t.p., ale w Bieszczadach s\u0142owo to opisuje tajemnicza\u0328 postac\u0301 w czarnym habicie z kapturem, bez rozpoznawalnej twarzy ukazuja\u0328cej sie\u0328 we\u0328drowcom nie czynia\u0328c z\u0142a, lecz wskazuja\u0328c im drog\u0119, nakazuja\u0328c posto\u0301j, czy tez\u0307 ostrzegaja\u0328c przed niebezpieczen\u0301stwem, okres\u0301lany czasem jako dobry duch go\u0301r lub bieszczadzki anio\u0142.<\/p>\n<p><strong>Kaz\u0307dy we\u0328drowiec stale przemierzaja\u0328cy s\u0301wiat z domem na plecach lubi, kiedy przedmioty dzierz\u0307one w plecaku moga\u0328 zostac\u0301 uz\u0307yte na wiele przydatnych sposobo\u0301w, zw\u0142aszcza, je\u015bli mo\u017cna si\u0119 tym i upachni\u0107, uleczy\u0107 i odstraszy\u0107 upierdliwe insekty &lt;3<\/strong><\/p>\n<\/div>\n<\/div>\n<\/div>\n<\/div>","protected":false},"excerpt":{"rendered":"<div class=\"page\" title=\"Page 2\">\n<div class=\"section\">\n<div class=\"layoutArea\">\n<div class=\"column\">\n<p>Wielozadaniowa mgie\u0142ka &#8216;Zakapior&#8221; inspirowana jest s\u0142ynnym Olejkiem 4 Z\u0142odzei, kt\u00f3ry zgodnie z legend\u0105 chroni\u0142 z\u0142odziei obrabiaja\u0328cych domy zmar\u0142ych przed zabo\u0301jcza\u0328 dz\u0307uma\u0328.<\/p>\n<\/div>\n<\/div>\n<\/div>\n<\/div>","protected":false},"featured_media":3771,"comment_status":"open","ping_status":"closed","template":"","meta":[],"product_brand":[],"product_cat":[18],"product_tag":[],"class_list":{"0":"post-195","1":"product","2":"type-product","3":"status-publish","4":"has-post-thumbnail","6":"product_cat-praktyczne-mazidla","8":"first","9":"instock","10":"shipping-taxable","11":"purchasable","12":"product-type-simple"},"yoast_head":"<!-- This site is optimized with the Yoast SEO plugin v27.4 - https:\/\/yoast.com\/product\/yoast-seo-wordpress\/ -->\n<title>Zakapior - Hooligan Elf<\/title>\n<meta name=\"robots\" content=\"index, follow, max-snippet:-1, max-image-preview:large, max-video-preview:-1\" \/>\n<link rel=\"canonical\" href=\"https:\/\/hooliganelf.pl\/en\/shop\/praktyczne-mazidla\/zakapior\/\" \/>\n<meta property=\"og:locale\" content=\"en_GB\" \/>\n<meta property=\"og:type\" content=\"article\" \/>\n<meta property=\"og:title\" content=\"Zakapior - Hooligan Elf\" \/>\n<meta property=\"og:description\" content=\"Wielozadaniowa mgie\u0142ka &#039;Zakapior&quot; inspirowana jest s\u0142ynnym Olejkiem 4 Z\u0142odzei, kt\u00f3ry zgodnie z legend\u0105 chroni\u0142 z\u0142odziei obrabiaja\u0328cych domy zmar\u0142ych przed zabo\u0301jcza\u0328 dz\u0307uma\u0328.\" \/>\n<meta property=\"og:url\" content=\"https:\/\/hooliganelf.pl\/en\/shop\/praktyczne-mazidla\/zakapior\/\" \/>\n<meta property=\"og:site_name\" content=\"Hooligan Elf\" \/>\n<meta property=\"article:publisher\" content=\"https:\/\/www.facebook.com\/HooliganElf\/\" \/>\n<meta property=\"article:modified_time\" content=\"2026-04-09T07:52:21+00:00\" \/>\n<meta property=\"og:image\" content=\"https:\/\/hooliganelf.pl\/wp-content\/uploads\/2021\/10\/45c337c6-e73f-45c6-a641-74ffc7396f8b.jpg\" \/>\n\t<meta property=\"og:image:width\" content=\"1368\" \/>\n\t<meta property=\"og:image:height\" content=\"1710\" \/>\n\t<meta property=\"og:image:type\" content=\"image\/jpeg\" \/>\n<meta name=\"twitter:card\" content=\"summary_large_image\" \/>\n<meta name=\"twitter:label1\" content=\"Estimated reading time\" \/>\n\t<meta name=\"twitter:data1\" content=\"2 minutes\" \/>\n<script type=\"application\/ld+json\" class=\"yoast-schema-graph\">{\"@context\":\"https:\\\/\\\/schema.org\",\"@graph\":[{\"@type\":\"WebPage\",\"@id\":\"https:\\\/\\\/hooliganelf.pl\\\/shop\\\/praktyczne-mazidla\\\/zakapior\\\/\",\"url\":\"https:\\\/\\\/hooliganelf.pl\\\/shop\\\/praktyczne-mazidla\\\/zakapior\\\/\",\"name\":\"Zakapior - Hooligan Elf\",\"isPartOf\":{\"@id\":\"https:\\\/\\\/hooliganelf.pl\\\/#website\"},\"primaryImageOfPage\":{\"@id\":\"https:\\\/\\\/hooliganelf.pl\\\/shop\\\/praktyczne-mazidla\\\/zakapior\\\/#primaryimage\"},\"image\":{\"@id\":\"https:\\\/\\\/hooliganelf.pl\\\/shop\\\/praktyczne-mazidla\\\/zakapior\\\/#primaryimage\"},\"thumbnailUrl\":\"https:\\\/\\\/hooliganelf.pl\\\/wp-content\\\/uploads\\\/2021\\\/10\\\/45c337c6-e73f-45c6-a641-74ffc7396f8b.jpg\",\"datePublished\":\"2021-10-25T20:01:11+00:00\",\"dateModified\":\"2026-04-09T07:52:21+00:00\",\"breadcrumb\":{\"@id\":\"https:\\\/\\\/hooliganelf.pl\\\/shop\\\/praktyczne-mazidla\\\/zakapior\\\/#breadcrumb\"},\"inLanguage\":\"en-GB\",\"potentialAction\":[{\"@type\":\"ReadAction\",\"target\":[\"https:\\\/\\\/hooliganelf.pl\\\/shop\\\/praktyczne-mazidla\\\/zakapior\\\/\"]}]},{\"@type\":\"ImageObject\",\"inLanguage\":\"en-GB\",\"@id\":\"https:\\\/\\\/hooliganelf.pl\\\/shop\\\/praktyczne-mazidla\\\/zakapior\\\/#primaryimage\",\"url\":\"https:\\\/\\\/hooliganelf.pl\\\/wp-content\\\/uploads\\\/2021\\\/10\\\/45c337c6-e73f-45c6-a641-74ffc7396f8b.jpg\",\"contentUrl\":\"https:\\\/\\\/hooliganelf.pl\\\/wp-content\\\/uploads\\\/2021\\\/10\\\/45c337c6-e73f-45c6-a641-74ffc7396f8b.jpg\",\"width\":1368,\"height\":1710},{\"@type\":\"BreadcrumbList\",\"@id\":\"https:\\\/\\\/hooliganelf.pl\\\/shop\\\/praktyczne-mazidla\\\/zakapior\\\/#breadcrumb\",\"itemListElement\":[{\"@type\":\"ListItem\",\"position\":1,\"name\":\"Strona g\u0142\u00f3wna\",\"item\":\"https:\\\/\\\/hooliganelf.pl\\\/\"},{\"@type\":\"ListItem\",\"position\":2,\"name\":\"Stragan\",\"item\":\"https:\\\/\\\/hooliganelf.pl\\\/pl\\\/shop\\\/\"},{\"@type\":\"ListItem\",\"position\":3,\"name\":\"Zakapior\"}]},{\"@type\":\"WebSite\",\"@id\":\"https:\\\/\\\/hooliganelf.pl\\\/#website\",\"url\":\"https:\\\/\\\/hooliganelf.pl\\\/\",\"name\":\"Hooligan Elf\",\"description\":\"Le\u015bne wymys\u0142y dzikiej kobiety\",\"publisher\":{\"@id\":\"https:\\\/\\\/hooliganelf.pl\\\/#organization\"},\"potentialAction\":[{\"@type\":\"SearchAction\",\"target\":{\"@type\":\"EntryPoint\",\"urlTemplate\":\"https:\\\/\\\/hooliganelf.pl\\\/?s={search_term_string}\"},\"query-input\":{\"@type\":\"PropertyValueSpecification\",\"valueRequired\":true,\"valueName\":\"search_term_string\"}}],\"inLanguage\":\"en-GB\"},{\"@type\":\"Organization\",\"@id\":\"https:\\\/\\\/hooliganelf.pl\\\/#organization\",\"name\":\"Hooligan Elf\",\"url\":\"https:\\\/\\\/hooliganelf.pl\\\/\",\"logo\":{\"@type\":\"ImageObject\",\"inLanguage\":\"en-GB\",\"@id\":\"https:\\\/\\\/hooliganelf.pl\\\/#\\\/schema\\\/logo\\\/image\\\/\",\"url\":\"https:\\\/\\\/hooliganelf.pl\\\/wp-content\\\/uploads\\\/2021\\\/10\\\/logo-nowe-czarne-bez-tla.png\",\"contentUrl\":\"https:\\\/\\\/hooliganelf.pl\\\/wp-content\\\/uploads\\\/2021\\\/10\\\/logo-nowe-czarne-bez-tla.png\",\"width\":1278,\"height\":735,\"caption\":\"Hooligan Elf\"},\"image\":{\"@id\":\"https:\\\/\\\/hooliganelf.pl\\\/#\\\/schema\\\/logo\\\/image\\\/\"},\"sameAs\":[\"https:\\\/\\\/www.facebook.com\\\/HooliganElf\\\/\",\"https:\\\/\\\/www.instagram.com\\\/hooligan.elf\\\/\"]}]}<\/script>\n<!-- \/ Yoast SEO plugin. -->","yoast_head_json":{"title":"Zakapior - Hooligan Elf","robots":{"index":"index","follow":"follow","max-snippet":"max-snippet:-1","max-image-preview":"max-image-preview:large","max-video-preview":"max-video-preview:-1"},"canonical":"https:\/\/hooliganelf.pl\/en\/shop\/praktyczne-mazidla\/zakapior\/","og_locale":"en_GB","og_type":"article","og_title":"Zakapior - Hooligan Elf","og_description":"Wielozadaniowa mgie\u0142ka 'Zakapior\" inspirowana jest s\u0142ynnym Olejkiem 4 Z\u0142odzei, kt\u00f3ry zgodnie z legend\u0105 chroni\u0142 z\u0142odziei obrabiaja\u0328cych domy zmar\u0142ych przed zabo\u0301jcza\u0328 dz\u0307uma\u0328.","og_url":"https:\/\/hooliganelf.pl\/en\/shop\/praktyczne-mazidla\/zakapior\/","og_site_name":"Hooligan Elf","article_publisher":"https:\/\/www.facebook.com\/HooliganElf\/","article_modified_time":"2026-04-09T07:52:21+00:00","og_image":[{"width":1368,"height":1710,"url":"https:\/\/hooliganelf.pl\/wp-content\/uploads\/2021\/10\/45c337c6-e73f-45c6-a641-74ffc7396f8b.jpg","type":"image\/jpeg"}],"twitter_card":"summary_large_image","twitter_misc":{"Estimated reading time":"2 minutes"},"schema":{"@context":"https:\/\/schema.org","@graph":[{"@type":"WebPage","@id":"https:\/\/hooliganelf.pl\/shop\/praktyczne-mazidla\/zakapior\/","url":"https:\/\/hooliganelf.pl\/shop\/praktyczne-mazidla\/zakapior\/","name":"Zakapior - Hooligan Elf","isPartOf":{"@id":"https:\/\/hooliganelf.pl\/#website"},"primaryImageOfPage":{"@id":"https:\/\/hooliganelf.pl\/shop\/praktyczne-mazidla\/zakapior\/#primaryimage"},"image":{"@id":"https:\/\/hooliganelf.pl\/shop\/praktyczne-mazidla\/zakapior\/#primaryimage"},"thumbnailUrl":"https:\/\/hooliganelf.pl\/wp-content\/uploads\/2021\/10\/45c337c6-e73f-45c6-a641-74ffc7396f8b.jpg","datePublished":"2021-10-25T20:01:11+00:00","dateModified":"2026-04-09T07:52:21+00:00","breadcrumb":{"@id":"https:\/\/hooliganelf.pl\/shop\/praktyczne-mazidla\/zakapior\/#breadcrumb"},"inLanguage":"en-GB","potentialAction":[{"@type":"ReadAction","target":["https:\/\/hooliganelf.pl\/shop\/praktyczne-mazidla\/zakapior\/"]}]},{"@type":"ImageObject","inLanguage":"en-GB","@id":"https:\/\/hooliganelf.pl\/shop\/praktyczne-mazidla\/zakapior\/#primaryimage","url":"https:\/\/hooliganelf.pl\/wp-content\/uploads\/2021\/10\/45c337c6-e73f-45c6-a641-74ffc7396f8b.jpg","contentUrl":"https:\/\/hooliganelf.pl\/wp-content\/uploads\/2021\/10\/45c337c6-e73f-45c6-a641-74ffc7396f8b.jpg","width":1368,"height":1710},{"@type":"BreadcrumbList","@id":"https:\/\/hooliganelf.pl\/shop\/praktyczne-mazidla\/zakapior\/#breadcrumb","itemListElement":[{"@type":"ListItem","position":1,"name":"Strona g\u0142\u00f3wna","item":"https:\/\/hooliganelf.pl\/"},{"@type":"ListItem","position":2,"name":"Stragan","item":"https:\/\/hooliganelf.pl\/pl\/shop\/"},{"@type":"ListItem","position":3,"name":"Zakapior"}]},{"@type":"WebSite","@id":"https:\/\/hooliganelf.pl\/#website","url":"https:\/\/hooliganelf.pl\/","name":"Hooligan Elf","description":"Le\u015bne wymys\u0142y dzikiej kobiety","publisher":{"@id":"https:\/\/hooliganelf.pl\/#organization"},"potentialAction":[{"@type":"SearchAction","target":{"@type":"EntryPoint","urlTemplate":"https:\/\/hooliganelf.pl\/?s={search_term_string}"},"query-input":{"@type":"PropertyValueSpecification","valueRequired":true,"valueName":"search_term_string"}}],"inLanguage":"en-GB"},{"@type":"Organization","@id":"https:\/\/hooliganelf.pl\/#organization","name":"Hooligan Elf","url":"https:\/\/hooliganelf.pl\/","logo":{"@type":"ImageObject","inLanguage":"en-GB","@id":"https:\/\/hooliganelf.pl\/#\/schema\/logo\/image\/","url":"https:\/\/hooliganelf.pl\/wp-content\/uploads\/2021\/10\/logo-nowe-czarne-bez-tla.png","contentUrl":"https:\/\/hooliganelf.pl\/wp-content\/uploads\/2021\/10\/logo-nowe-czarne-bez-tla.png","width":1278,"height":735,"caption":"Hooligan Elf"},"image":{"@id":"https:\/\/hooliganelf.pl\/#\/schema\/logo\/image\/"},"sameAs":["https:\/\/www.facebook.com\/HooliganElf\/","https:\/\/www.instagram.com\/hooligan.elf\/"]}]}},"_links":{"self":[{"href":"https:\/\/hooliganelf.pl\/en\/wp-json\/wp\/v2\/product\/195","targetHints":{"allow":["GET"]}}],"collection":[{"href":"https:\/\/hooliganelf.pl\/en\/wp-json\/wp\/v2\/product"}],"about":[{"href":"https:\/\/hooliganelf.pl\/en\/wp-json\/wp\/v2\/types\/product"}],"replies":[{"embeddable":true,"href":"https:\/\/hooliganelf.pl\/en\/wp-json\/wp\/v2\/comments?post=195"}],"wp:featuredmedia":[{"embeddable":true,"href":"https:\/\/hooliganelf.pl\/en\/wp-json\/wp\/v2\/media\/3771"}],"wp:attachment":[{"href":"https:\/\/hooliganelf.pl\/en\/wp-json\/wp\/v2\/media?parent=195"}],"wp:term":[{"taxonomy":"product_brand","embeddable":true,"href":"https:\/\/hooliganelf.pl\/en\/wp-json\/wp\/v2\/product_brand?post=195"},{"taxonomy":"product_cat","embeddable":true,"href":"https:\/\/hooliganelf.pl\/en\/wp-json\/wp\/v2\/product_cat?post=195"},{"taxonomy":"product_tag","embeddable":true,"href":"https:\/\/hooliganelf.pl\/en\/wp-json\/wp\/v2\/product_tag?post=195"}],"curies":[{"name":"wp","href":"https:\/\/api.w.org\/{rel}","templated":true}]}}