{"id":611,"date":"2021-12-10T12:21:16","date_gmt":"2021-12-10T11:21:16","guid":{"rendered":"https:\/\/hooliganelf.pl\/?post_type=product&#038;p=611"},"modified":"2026-04-12T20:27:36","modified_gmt":"2026-04-12T18:27:36","slug":"mieszanka-cbg","status":"publish","type":"product","link":"https:\/\/hooliganelf.pl\/en\/shop\/hooliganskie-ziola\/mieszanka-cbg\/","title":{"rendered":"Mieszanka zio\u0142owa +  2g CBG 16%"},"content":{"rendered":"<p>By\u0142y pro\u015bby o stworzenie mieszanki z suszem konopnym.<\/p>\n<p>Oto jest!<\/p>\n<p>Limitowana edycja znanych ju\u017c wam mieszanek zio\u0142owych, o kt\u00f3rych mo\u017cecie poczyta\u0107 w zak\u0142adce <a href=\"https:\/\/hooliganelf.pl\/en\/product-category\/hooliganskie-ziola\/\">hooliga\u0144skie zio\u0142a<\/a> w po\u0142\u0105czeniu z <span style=\"text-decoration: underline;\"><strong>2g<\/strong><\/span> pysznego suszu o mocarnym, <strong>16-procentowym st\u0119\u017ceniu CBG.<\/strong><\/p>\n<p>Kwiaty<strong> AK 420 to\u00a0<\/strong>odmiana o wysokiej zawarto\u015bci CBG na poziomie 15-20%, kt\u00f3ra niesie solidn\u0105 dawk\u0119 spokoju i wyciszenia bez efektu zamu\u0142ki jednocze\u015bnie wzmacniaj\u0105c dzia\u0142anie THC. Swoim cytrusowo- ziemistym aromatem g\u0142\u0119boko odpr\u0119\u017ca oraz znacznie wyd\u0142u\u017ca i wzmacnia dzia\u0142anie THC.<\/p>\n<p><strong>CBG<\/strong>, czyli\u00a0<strong>Cannabigerol<\/strong>, pog\u0142\u0119bia amplitud\u0119 psychodeliczn\u0105 dzia\u0142ania\u00a0<strong>THC.<\/strong><\/p>\n<p>Hooliga\u0144skie zio\u0142a ju\u017c same w sobie bardzo \u0142adnie ta\u0144cuj\u0105 z Mari\u0105, wi\u0119c je\u015bli chcesz da\u0107 sobie pali\u0107, to najlepiej z nimi \ud83d\ude09<\/p>\n<p>&nbsp;<\/p>\n<p style=\"text-align: center;\">Do wyboru <strong>4 mieszanki<\/strong><\/p>\n<div class=\"section\">\n<div class=\"layoutArea\">\n<div class=\"column\">\n<p>Mieszanka zio\u0142owa <strong>Hooligan Kiss<\/strong> z damiana\u0328, zielem powoju indyjskiego i p\u0142atkami ro\u0301z\u0307y. Programowana uniwersalna mi\u0142os\u0301cia\u0328 i chochlicza\u0328 rados\u0301cia\u0328. Buziaczek w mo\u0301zg od \u0142obuziary delikatnie podkre\u0328ca nastro\u0301j i podnosi wibracje\u0328 wprowadzaja\u0328c w leciutki b\u0142ogostan.<\/p>\n<p><strong>Sunshine Ego<\/strong> zawiera kore\u0328 wierzby, p\u0142atki nagietka, i tatarak. Programowana dziecie\u0328ca\u0328 rados\u0301cia\u0328 z bycia w Tu i Teraz. Pomaga uziemic\u0301 sie\u0328 w chwili obecnej i doceniac\u0301 zwyczajne uciechy z z\u0307ycia jak S\u0142on\u0301ce i s\u0301piew ptako\u0301w.<\/p>\n<\/div>\n<div class=\"page\" title=\"Page 1\">\n<div class=\"section\">\n<div class=\"layoutArea\">\n<div class=\"column\">\n<p>Mieszanka zio\u0142owa <strong>White Lotus<\/strong> zawiera szyszki chmielu, podbia\u0142 i kwiaty bia\u0142ego lotosu. Programowana Prawda\u0328, umieje\u0328tnos\u0301cia\u0328 rozro\u0301z\u0307niania jej od fa\u0142szu oraz dostrzegania Jej w Sobie i otaczaja\u0328cym s\u0301wiecie. Wyostrza zmys\u0142y i budzi intuicje\u0328.<\/p>\n<\/div>\n<\/div>\n<\/div>\n<\/div>\n<\/div>\n<\/div>\n<div class=\"page\" title=\"Page 1\">\n<div class=\"section\">\n<div class=\"layoutArea\">\n<div class=\"column\">\n<p><strong>Winter Wind <\/strong>to zimowy wiatr niosa\u0328cy zmiany. Programowana jest energia\u0328 transformacji, innowacji i zmian na lepsze. Mieszanka zawiera tatarak, sza\u0142wie\u0328 lecznicza\u0328 i lawende\u0328.<\/p>\n<\/div>\n<\/div>\n<\/div>\n<\/div>\n<p>Po\u0142\u0105czenie kwiat\u00f3w konopnych z mieszanka zio\u0142ow\u0105 to idealna baza pod skr\u0119cika ale sam w sobie ju\u017c jest pe\u0142n\u0105 kompozycj\u0105 pod mi\u0142ego buszka<\/p>\n<p>Opakowanie zawiera wybrane zio\u0142a zmieszane z 2g konopii<\/p>\n<p>Smacznego!<\/p>\n<p>&nbsp;<\/p>\n<p>&nbsp;<\/p>\n<p>&nbsp;<\/p>","protected":false},"excerpt":{"rendered":"<p>By\u0142y pro\u015bby o stworzenie mieszanki z suszem konopnym. Oto jest! Limitowana edycja znanych ju\u017c wam mieszanek zio\u0142owych, o kt\u00f3rych mo\u017cecie poczyta\u0107 w zak\u0142adce hooliga\u0144skie zio\u0142a w po\u0142\u0105czeniu z 2g pysznego suszu o mocarnym, 16-procentowym st\u0119\u017ceniu CBG. Kwiaty AK 420 to\u00a0odmiana o wysokiej zawarto\u015bci CBG na poziomie 15-20%, kt\u00f3ra niesie solidn\u0105 dawk\u0119 spokoju i wyciszenia bez efektu zamu\u0142ki jednocze\u015bnie wzmacniaj\u0105c dzia\u0142anie THC. Swoim cytrusowo- ziemistym aromatem g\u0142\u0119boko odpr\u0119\u017ca oraz znacznie wyd\u0142u\u017ca i wzmacnia dzia\u0142anie THC. CBG, czyli\u00a0Cannabigerol, pog\u0142\u0119bia amplitud\u0119 psychodeliczn\u0105 dzia\u0142ania\u00a0THC. Hooliga\u0144skie zio\u0142a ju\u017c same w sobie bardzo \u0142adnie ta\u0144cuj\u0105 z Mari\u0105, wi\u0119c je\u015bli chcesz da\u0107 sobie pali\u0107, to najlepiej z nimi \ud83d\ude09 &nbsp; Do wyboru 4 mieszanki Mieszanka zio\u0142owa Hooligan Kiss z damiana\u0328, zielem powoju indyjskiego i p\u0142atkami ro\u0301z\u0307y. Programowana uniwersalna mi\u0142os\u0301cia\u0328 i chochlicza\u0328 rados\u0301cia\u0328. Buziaczek w mo\u0301zg od \u0142obuziary delikatnie podkre\u0328ca nastro\u0301j i podnosi wibracje\u0328 wprowadzaja\u0328c w leciutki b\u0142ogostan. Sunshine Ego zawiera kore\u0328 wierzby, p\u0142atki nagietka, i tatarak. Programowana dziecie\u0328ca\u0328 rados\u0301cia\u0328 z bycia w Tu i Teraz. Pomaga uziemic\u0301 sie\u0328 w chwili obecnej i doceniac\u0301 zwyczajne uciechy z z\u0307ycia jak S\u0142on\u0301ce i s\u0301piew ptako\u0301w. Mieszanka zio\u0142owa White Lotus zawiera szyszki chmielu, podbia\u0142 i kwiaty bia\u0142ego lotosu. Programowana Prawda\u0328, umieje\u0328tnos\u0301cia\u0328 rozro\u0301z\u0307niania jej od fa\u0142szu oraz dostrzegania Jej w Sobie i otaczaja\u0328cym s\u0301wiecie. Wyostrza zmys\u0142y i budzi intuicje\u0328. Winter Wind to zimowy wiatr niosa\u0328cy zmiany. Programowana jest energia\u0328 transformacji, innowacji i zmian na lepsze. Mieszanka zawiera tatarak, sza\u0142wie\u0328 lecznicza\u0328 i lawende\u0328. Po\u0142\u0105czenie kwiat\u00f3w konopnych z mieszanka zio\u0142ow\u0105 to idealna baza pod skr\u0119cika ale sam w sobie ju\u017c jest pe\u0142n\u0105 kompozycj\u0105 pod mi\u0142ego buszka Opakowanie zawiera wybrane zio\u0142a zmieszane z 2g konopii Smacznego! &nbsp; &nbsp; &nbsp;<\/p>","protected":false},"featured_media":657,"comment_status":"open","ping_status":"closed","template":"","meta":[],"product_brand":[],"product_cat":[16],"product_tag":[],"class_list":{"0":"post-611","1":"product","2":"type-product","3":"status-publish","4":"has-post-thumbnail","6":"product_cat-hooliganskie-ziola","8":"first","9":"outofstock","10":"shipping-taxable","11":"purchasable","12":"product-type-variable"},"yoast_head":"<!-- This site is optimized with the Yoast SEO plugin v27.4 - https:\/\/yoast.com\/product\/yoast-seo-wordpress\/ -->\n<title>Mieszanka zio\u0142owa + 2g CBG 16% - Hooligan Elf<\/title>\n<meta name=\"robots\" content=\"index, follow, max-snippet:-1, max-image-preview:large, max-video-preview:-1\" \/>\n<link rel=\"canonical\" href=\"https:\/\/hooliganelf.pl\/en\/shop\/hooliganskie-ziola\/mieszanka-cbg\/\" \/>\n<meta property=\"og:locale\" content=\"en_GB\" \/>\n<meta property=\"og:type\" content=\"article\" \/>\n<meta property=\"og:title\" content=\"Mieszanka zio\u0142owa + 2g CBG 16% - Hooligan Elf\" \/>\n<meta property=\"og:description\" content=\"By\u0142y pro\u015bby o stworzenie mieszanki z suszem konopnym. Oto jest! Limitowana edycja znanych ju\u017c wam mieszanek zio\u0142owych, o kt\u00f3rych mo\u017cecie poczyta\u0107 w zak\u0142adce hooliga\u0144skie zio\u0142a w po\u0142\u0105czeniu z 2g pysznego suszu o mocarnym, 16-procentowym st\u0119\u017ceniu CBG. Kwiaty AK 420 to\u00a0odmiana o wysokiej zawarto\u015bci CBG na poziomie 15-20%, kt\u00f3ra niesie solidn\u0105 dawk\u0119 spokoju i wyciszenia bez efektu zamu\u0142ki jednocze\u015bnie wzmacniaj\u0105c dzia\u0142anie THC. Swoim cytrusowo- ziemistym aromatem g\u0142\u0119boko odpr\u0119\u017ca oraz znacznie wyd\u0142u\u017ca i wzmacnia dzia\u0142anie THC. CBG, czyli\u00a0Cannabigerol, pog\u0142\u0119bia amplitud\u0119 psychodeliczn\u0105 dzia\u0142ania\u00a0THC. Hooliga\u0144skie zio\u0142a ju\u017c same w sobie bardzo \u0142adnie ta\u0144cuj\u0105 z Mari\u0105, wi\u0119c je\u015bli chcesz da\u0107 sobie pali\u0107, to najlepiej z nimi \ud83d\ude09 &nbsp; Do wyboru 4 mieszanki Mieszanka zio\u0142owa Hooligan Kiss z damiana\u0328, zielem powoju indyjskiego i p\u0142atkami ro\u0301z\u0307y. Programowana uniwersalna mi\u0142os\u0301cia\u0328 i chochlicza\u0328 rados\u0301cia\u0328. Buziaczek w mo\u0301zg od \u0142obuziary delikatnie podkre\u0328ca nastro\u0301j i podnosi wibracje\u0328 wprowadzaja\u0328c w leciutki b\u0142ogostan. Sunshine Ego zawiera kore\u0328 wierzby, p\u0142atki nagietka, i tatarak. Programowana dziecie\u0328ca\u0328 rados\u0301cia\u0328 z bycia w Tu i Teraz. Pomaga uziemic\u0301 sie\u0328 w chwili obecnej i doceniac\u0301 zwyczajne uciechy z z\u0307ycia jak S\u0142on\u0301ce i s\u0301piew ptako\u0301w. Mieszanka zio\u0142owa White Lotus zawiera szyszki chmielu, podbia\u0142 i kwiaty bia\u0142ego lotosu. Programowana Prawda\u0328, umieje\u0328tnos\u0301cia\u0328 rozro\u0301z\u0307niania jej od fa\u0142szu oraz dostrzegania Jej w Sobie i otaczaja\u0328cym s\u0301wiecie. Wyostrza zmys\u0142y i budzi intuicje\u0328. Winter Wind to zimowy wiatr niosa\u0328cy zmiany. Programowana jest energia\u0328 transformacji, innowacji i zmian na lepsze. Mieszanka zawiera tatarak, sza\u0142wie\u0328 lecznicza\u0328 i lawende\u0328. Po\u0142\u0105czenie kwiat\u00f3w konopnych z mieszanka zio\u0142ow\u0105 to idealna baza pod skr\u0119cika ale sam w sobie ju\u017c jest pe\u0142n\u0105 kompozycj\u0105 pod mi\u0142ego buszka Opakowanie zawiera wybrane zio\u0142a zmieszane z 2g konopii Smacznego! &nbsp; &nbsp; &nbsp;\" \/>\n<meta property=\"og:url\" content=\"https:\/\/hooliganelf.pl\/en\/shop\/hooliganskie-ziola\/mieszanka-cbg\/\" \/>\n<meta property=\"og:site_name\" content=\"Hooligan Elf\" \/>\n<meta property=\"article:publisher\" content=\"https:\/\/www.facebook.com\/HooliganElf\/\" \/>\n<meta property=\"article:modified_time\" content=\"2026-04-12T18:27:36+00:00\" \/>\n<meta property=\"og:image\" content=\"https:\/\/hooliganelf.pl\/wp-content\/uploads\/2021\/12\/cbg.jpg\" \/>\n\t<meta property=\"og:image:width\" content=\"850\" \/>\n\t<meta property=\"og:image:height\" content=\"1134\" \/>\n\t<meta property=\"og:image:type\" content=\"image\/jpeg\" \/>\n<meta name=\"twitter:card\" content=\"summary_large_image\" \/>\n<meta name=\"twitter:label1\" content=\"Estimated reading time\" \/>\n\t<meta name=\"twitter:data1\" content=\"1 minute\" \/>\n<script type=\"application\/ld+json\" class=\"yoast-schema-graph\">{\"@context\":\"https:\\\/\\\/schema.org\",\"@graph\":[{\"@type\":\"WebPage\",\"@id\":\"https:\\\/\\\/hooliganelf.pl\\\/shop\\\/hooliganskie-ziola\\\/mieszanka-cbg\\\/\",\"url\":\"https:\\\/\\\/hooliganelf.pl\\\/shop\\\/hooliganskie-ziola\\\/mieszanka-cbg\\\/\",\"name\":\"Mieszanka zio\u0142owa + 2g CBG 16% - Hooligan Elf\",\"isPartOf\":{\"@id\":\"https:\\\/\\\/hooliganelf.pl\\\/#website\"},\"primaryImageOfPage\":{\"@id\":\"https:\\\/\\\/hooliganelf.pl\\\/shop\\\/hooliganskie-ziola\\\/mieszanka-cbg\\\/#primaryimage\"},\"image\":{\"@id\":\"https:\\\/\\\/hooliganelf.pl\\\/shop\\\/hooliganskie-ziola\\\/mieszanka-cbg\\\/#primaryimage\"},\"thumbnailUrl\":\"https:\\\/\\\/hooliganelf.pl\\\/wp-content\\\/uploads\\\/2021\\\/12\\\/cbg.jpg\",\"datePublished\":\"2021-12-10T11:21:16+00:00\",\"dateModified\":\"2026-04-12T18:27:36+00:00\",\"breadcrumb\":{\"@id\":\"https:\\\/\\\/hooliganelf.pl\\\/shop\\\/hooliganskie-ziola\\\/mieszanka-cbg\\\/#breadcrumb\"},\"inLanguage\":\"en-GB\",\"potentialAction\":[{\"@type\":\"ReadAction\",\"target\":[\"https:\\\/\\\/hooliganelf.pl\\\/shop\\\/hooliganskie-ziola\\\/mieszanka-cbg\\\/\"]}]},{\"@type\":\"ImageObject\",\"inLanguage\":\"en-GB\",\"@id\":\"https:\\\/\\\/hooliganelf.pl\\\/shop\\\/hooliganskie-ziola\\\/mieszanka-cbg\\\/#primaryimage\",\"url\":\"https:\\\/\\\/hooliganelf.pl\\\/wp-content\\\/uploads\\\/2021\\\/12\\\/cbg.jpg\",\"contentUrl\":\"https:\\\/\\\/hooliganelf.pl\\\/wp-content\\\/uploads\\\/2021\\\/12\\\/cbg.jpg\",\"width\":850,\"height\":1134},{\"@type\":\"BreadcrumbList\",\"@id\":\"https:\\\/\\\/hooliganelf.pl\\\/shop\\\/hooliganskie-ziola\\\/mieszanka-cbg\\\/#breadcrumb\",\"itemListElement\":[{\"@type\":\"ListItem\",\"position\":1,\"name\":\"Strona g\u0142\u00f3wna\",\"item\":\"https:\\\/\\\/hooliganelf.pl\\\/\"},{\"@type\":\"ListItem\",\"position\":2,\"name\":\"Stragan\",\"item\":\"https:\\\/\\\/hooliganelf.pl\\\/pl\\\/shop\\\/\"},{\"@type\":\"ListItem\",\"position\":3,\"name\":\"Mieszanka zio\u0142owa + 2g CBG 16%\"}]},{\"@type\":\"WebSite\",\"@id\":\"https:\\\/\\\/hooliganelf.pl\\\/#website\",\"url\":\"https:\\\/\\\/hooliganelf.pl\\\/\",\"name\":\"Hooligan Elf\",\"description\":\"Le\u015bne wymys\u0142y dzikiej kobiety\",\"publisher\":{\"@id\":\"https:\\\/\\\/hooliganelf.pl\\\/#organization\"},\"potentialAction\":[{\"@type\":\"SearchAction\",\"target\":{\"@type\":\"EntryPoint\",\"urlTemplate\":\"https:\\\/\\\/hooliganelf.pl\\\/?s={search_term_string}\"},\"query-input\":{\"@type\":\"PropertyValueSpecification\",\"valueRequired\":true,\"valueName\":\"search_term_string\"}}],\"inLanguage\":\"en-GB\"},{\"@type\":\"Organization\",\"@id\":\"https:\\\/\\\/hooliganelf.pl\\\/#organization\",\"name\":\"Hooligan Elf\",\"url\":\"https:\\\/\\\/hooliganelf.pl\\\/\",\"logo\":{\"@type\":\"ImageObject\",\"inLanguage\":\"en-GB\",\"@id\":\"https:\\\/\\\/hooliganelf.pl\\\/#\\\/schema\\\/logo\\\/image\\\/\",\"url\":\"https:\\\/\\\/hooliganelf.pl\\\/wp-content\\\/uploads\\\/2021\\\/10\\\/logo-nowe-czarne-bez-tla.png\",\"contentUrl\":\"https:\\\/\\\/hooliganelf.pl\\\/wp-content\\\/uploads\\\/2021\\\/10\\\/logo-nowe-czarne-bez-tla.png\",\"width\":1278,\"height\":735,\"caption\":\"Hooligan Elf\"},\"image\":{\"@id\":\"https:\\\/\\\/hooliganelf.pl\\\/#\\\/schema\\\/logo\\\/image\\\/\"},\"sameAs\":[\"https:\\\/\\\/www.facebook.com\\\/HooliganElf\\\/\",\"https:\\\/\\\/www.instagram.com\\\/hooligan.elf\\\/\"]}]}<\/script>\n<!-- \/ Yoast SEO plugin. -->","yoast_head_json":{"title":"Mieszanka zio\u0142owa + 2g CBG 16% - Hooligan Elf","robots":{"index":"index","follow":"follow","max-snippet":"max-snippet:-1","max-image-preview":"max-image-preview:large","max-video-preview":"max-video-preview:-1"},"canonical":"https:\/\/hooliganelf.pl\/en\/shop\/hooliganskie-ziola\/mieszanka-cbg\/","og_locale":"en_GB","og_type":"article","og_title":"Mieszanka zio\u0142owa + 2g CBG 16% - Hooligan Elf","og_description":"By\u0142y pro\u015bby o stworzenie mieszanki z suszem konopnym. Oto jest! Limitowana edycja znanych ju\u017c wam mieszanek zio\u0142owych, o kt\u00f3rych mo\u017cecie poczyta\u0107 w zak\u0142adce hooliga\u0144skie zio\u0142a w po\u0142\u0105czeniu z 2g pysznego suszu o mocarnym, 16-procentowym st\u0119\u017ceniu CBG. Kwiaty AK 420 to\u00a0odmiana o wysokiej zawarto\u015bci CBG na poziomie 15-20%, kt\u00f3ra niesie solidn\u0105 dawk\u0119 spokoju i wyciszenia bez efektu zamu\u0142ki jednocze\u015bnie wzmacniaj\u0105c dzia\u0142anie THC. Swoim cytrusowo- ziemistym aromatem g\u0142\u0119boko odpr\u0119\u017ca oraz znacznie wyd\u0142u\u017ca i wzmacnia dzia\u0142anie THC. CBG, czyli\u00a0Cannabigerol, pog\u0142\u0119bia amplitud\u0119 psychodeliczn\u0105 dzia\u0142ania\u00a0THC. Hooliga\u0144skie zio\u0142a ju\u017c same w sobie bardzo \u0142adnie ta\u0144cuj\u0105 z Mari\u0105, wi\u0119c je\u015bli chcesz da\u0107 sobie pali\u0107, to najlepiej z nimi \ud83d\ude09 &nbsp; Do wyboru 4 mieszanki Mieszanka zio\u0142owa Hooligan Kiss z damiana\u0328, zielem powoju indyjskiego i p\u0142atkami ro\u0301z\u0307y. Programowana uniwersalna mi\u0142os\u0301cia\u0328 i chochlicza\u0328 rados\u0301cia\u0328. Buziaczek w mo\u0301zg od \u0142obuziary delikatnie podkre\u0328ca nastro\u0301j i podnosi wibracje\u0328 wprowadzaja\u0328c w leciutki b\u0142ogostan. Sunshine Ego zawiera kore\u0328 wierzby, p\u0142atki nagietka, i tatarak. Programowana dziecie\u0328ca\u0328 rados\u0301cia\u0328 z bycia w Tu i Teraz. Pomaga uziemic\u0301 sie\u0328 w chwili obecnej i doceniac\u0301 zwyczajne uciechy z z\u0307ycia jak S\u0142on\u0301ce i s\u0301piew ptako\u0301w. Mieszanka zio\u0142owa White Lotus zawiera szyszki chmielu, podbia\u0142 i kwiaty bia\u0142ego lotosu. Programowana Prawda\u0328, umieje\u0328tnos\u0301cia\u0328 rozro\u0301z\u0307niania jej od fa\u0142szu oraz dostrzegania Jej w Sobie i otaczaja\u0328cym s\u0301wiecie. Wyostrza zmys\u0142y i budzi intuicje\u0328. Winter Wind to zimowy wiatr niosa\u0328cy zmiany. Programowana jest energia\u0328 transformacji, innowacji i zmian na lepsze. Mieszanka zawiera tatarak, sza\u0142wie\u0328 lecznicza\u0328 i lawende\u0328. Po\u0142\u0105czenie kwiat\u00f3w konopnych z mieszanka zio\u0142ow\u0105 to idealna baza pod skr\u0119cika ale sam w sobie ju\u017c jest pe\u0142n\u0105 kompozycj\u0105 pod mi\u0142ego buszka Opakowanie zawiera wybrane zio\u0142a zmieszane z 2g konopii Smacznego! &nbsp; &nbsp; &nbsp;","og_url":"https:\/\/hooliganelf.pl\/en\/shop\/hooliganskie-ziola\/mieszanka-cbg\/","og_site_name":"Hooligan Elf","article_publisher":"https:\/\/www.facebook.com\/HooliganElf\/","article_modified_time":"2026-04-12T18:27:36+00:00","og_image":[{"width":850,"height":1134,"url":"https:\/\/hooliganelf.pl\/wp-content\/uploads\/2021\/12\/cbg.jpg","type":"image\/jpeg"}],"twitter_card":"summary_large_image","twitter_misc":{"Estimated reading time":"1 minute"},"schema":{"@context":"https:\/\/schema.org","@graph":[{"@type":"WebPage","@id":"https:\/\/hooliganelf.pl\/shop\/hooliganskie-ziola\/mieszanka-cbg\/","url":"https:\/\/hooliganelf.pl\/shop\/hooliganskie-ziola\/mieszanka-cbg\/","name":"Mieszanka zio\u0142owa + 2g CBG 16% - Hooligan Elf","isPartOf":{"@id":"https:\/\/hooliganelf.pl\/#website"},"primaryImageOfPage":{"@id":"https:\/\/hooliganelf.pl\/shop\/hooliganskie-ziola\/mieszanka-cbg\/#primaryimage"},"image":{"@id":"https:\/\/hooliganelf.pl\/shop\/hooliganskie-ziola\/mieszanka-cbg\/#primaryimage"},"thumbnailUrl":"https:\/\/hooliganelf.pl\/wp-content\/uploads\/2021\/12\/cbg.jpg","datePublished":"2021-12-10T11:21:16+00:00","dateModified":"2026-04-12T18:27:36+00:00","breadcrumb":{"@id":"https:\/\/hooliganelf.pl\/shop\/hooliganskie-ziola\/mieszanka-cbg\/#breadcrumb"},"inLanguage":"en-GB","potentialAction":[{"@type":"ReadAction","target":["https:\/\/hooliganelf.pl\/shop\/hooliganskie-ziola\/mieszanka-cbg\/"]}]},{"@type":"ImageObject","inLanguage":"en-GB","@id":"https:\/\/hooliganelf.pl\/shop\/hooliganskie-ziola\/mieszanka-cbg\/#primaryimage","url":"https:\/\/hooliganelf.pl\/wp-content\/uploads\/2021\/12\/cbg.jpg","contentUrl":"https:\/\/hooliganelf.pl\/wp-content\/uploads\/2021\/12\/cbg.jpg","width":850,"height":1134},{"@type":"BreadcrumbList","@id":"https:\/\/hooliganelf.pl\/shop\/hooliganskie-ziola\/mieszanka-cbg\/#breadcrumb","itemListElement":[{"@type":"ListItem","position":1,"name":"Strona g\u0142\u00f3wna","item":"https:\/\/hooliganelf.pl\/"},{"@type":"ListItem","position":2,"name":"Stragan","item":"https:\/\/hooliganelf.pl\/pl\/shop\/"},{"@type":"ListItem","position":3,"name":"Mieszanka zio\u0142owa + 2g CBG 16%"}]},{"@type":"WebSite","@id":"https:\/\/hooliganelf.pl\/#website","url":"https:\/\/hooliganelf.pl\/","name":"Hooligan Elf","description":"Le\u015bne wymys\u0142y dzikiej kobiety","publisher":{"@id":"https:\/\/hooliganelf.pl\/#organization"},"potentialAction":[{"@type":"SearchAction","target":{"@type":"EntryPoint","urlTemplate":"https:\/\/hooliganelf.pl\/?s={search_term_string}"},"query-input":{"@type":"PropertyValueSpecification","valueRequired":true,"valueName":"search_term_string"}}],"inLanguage":"en-GB"},{"@type":"Organization","@id":"https:\/\/hooliganelf.pl\/#organization","name":"Hooligan Elf","url":"https:\/\/hooliganelf.pl\/","logo":{"@type":"ImageObject","inLanguage":"en-GB","@id":"https:\/\/hooliganelf.pl\/#\/schema\/logo\/image\/","url":"https:\/\/hooliganelf.pl\/wp-content\/uploads\/2021\/10\/logo-nowe-czarne-bez-tla.png","contentUrl":"https:\/\/hooliganelf.pl\/wp-content\/uploads\/2021\/10\/logo-nowe-czarne-bez-tla.png","width":1278,"height":735,"caption":"Hooligan Elf"},"image":{"@id":"https:\/\/hooliganelf.pl\/#\/schema\/logo\/image\/"},"sameAs":["https:\/\/www.facebook.com\/HooliganElf\/","https:\/\/www.instagram.com\/hooligan.elf\/"]}]}},"_links":{"self":[{"href":"https:\/\/hooliganelf.pl\/en\/wp-json\/wp\/v2\/product\/611","targetHints":{"allow":["GET"]}}],"collection":[{"href":"https:\/\/hooliganelf.pl\/en\/wp-json\/wp\/v2\/product"}],"about":[{"href":"https:\/\/hooliganelf.pl\/en\/wp-json\/wp\/v2\/types\/product"}],"replies":[{"embeddable":true,"href":"https:\/\/hooliganelf.pl\/en\/wp-json\/wp\/v2\/comments?post=611"}],"wp:featuredmedia":[{"embeddable":true,"href":"https:\/\/hooliganelf.pl\/en\/wp-json\/wp\/v2\/media\/657"}],"wp:attachment":[{"href":"https:\/\/hooliganelf.pl\/en\/wp-json\/wp\/v2\/media?parent=611"}],"wp:term":[{"taxonomy":"product_brand","embeddable":true,"href":"https:\/\/hooliganelf.pl\/en\/wp-json\/wp\/v2\/product_brand?post=611"},{"taxonomy":"product_cat","embeddable":true,"href":"https:\/\/hooliganelf.pl\/en\/wp-json\/wp\/v2\/product_cat?post=611"},{"taxonomy":"product_tag","embeddable":true,"href":"https:\/\/hooliganelf.pl\/en\/wp-json\/wp\/v2\/product_tag?post=611"}],"curies":[{"name":"wp","href":"https:\/\/api.w.org\/{rel}","templated":true}]}}