{"id":948,"date":"2022-03-31T20:24:29","date_gmt":"2022-03-31T18:24:29","guid":{"rendered":"https:\/\/hooliganelf.pl\/?post_type=product&#038;p=948"},"modified":"2025-10-01T11:56:51","modified_gmt":"2025-10-01T09:56:51","slug":"amanitowy-amulet","status":"publish","type":"product","link":"https:\/\/hooliganelf.pl\/en\/shop\/talizmany\/amanitowy-amulet\/","title":{"rendered":"Amanitowy Amulet"},"content":{"rendered":"<p>Amanitowy Amulet z miedzi\u0105 i kwarcem jest ozdob\u0105 wizualn\u0105 i energetyczn\u0105. Co to znaczy?<\/p>\n<p>Dla mnie Amanita noszona na sercu przynosi ukojenie i swego rodzaju zaopiekowanie. Lubi\u0119 jej obecno\u015b\u0107, jest moja powierniczk\u0105, duszkiem w szklanej fiolce, kt\u00f3ry wspiera mnie w codzienno\u015bci, przypomina o tym kim jestem i czego pragnie moje serce, by z ka\u017cdym krokiem przybli\u017ca\u0107 mnie to moich cel\u00f3w.<\/p>\n<p>Obecno\u015b\u0107 miedzi jest tam nie z przypadku- mied\u017a s\u0142u\u017cy jako przewodnik energii i informacji, wzmiacnia i przekazuje energi\u0119, zar\u00f3wno elektryczna w kablach i instalacjach elektrycznych, jak i energi\u0119 emanuj\u0105c\u0105 ze wszystkiego, co ma pole elektromagnetyczne.<\/p>\n<p>Kwarc znajduj\u0105cy si\u0119 w fiolce razem ze zmielon\u0105 Amanit\u0105 jest tam, aby przechowywa\u0107 informacj\u0119, kt\u00f3r\u0105 zaprogramujesz sobie w sw\u00f3j Amulet. Kwarc s\u0142u\u017cy nam w procesorach w\u0142a\u015bnie do tego- zapisu informacji. Mo\u017cesz wielokrotnie nadpisywa\u0107\u00a0 i zmienia\u0107 informacj\u0119, kt\u00f3r\u0105 chcesz nosi\u0107 na sercu.<\/p>\n<p>Amulet stworzy\u0142am z my\u015bl\u0105, \u017ceby Twoje pragnienia, marzenia i potrzeby serca mie\u0107 blisko i pod opiek\u0105 duszka Amanity, ktora to b\u0119dzie swoimi le\u015bnymi sposobami dziuga\u0107 nas do realizacji twojego potencjalu.<\/p>\n<p>Amulet na r\u0119cznie zaplatanym lnianym sznuru, zapakowany w lniany woreczek.<\/p>","protected":false},"excerpt":{"rendered":"<p>Amanitowy Amulet z miedzi\u0105 i kwarcem jest ozdob\u0105 wizualn\u0105 i energetyczn\u0105. Co to znaczy? Dla mnie Amanita noszona na sercu przynosi ukojenie i swego rodzaju zaopiekowanie. Lubi\u0119 jej obecno\u015b\u0107, jest moja powierniczk\u0105, duszkiem w szklanej fiolce, kt\u00f3ry wspiera mnie w codzienno\u015bci, przypomina o tym kim jestem i czego pragnie moje serce, by z ka\u017cdym krokiem przybli\u017ca\u0107 mnie to moich cel\u00f3w. Obecno\u015b\u0107 miedzi jest tam nie z przypadku- mied\u017a s\u0142u\u017cy jako przewodnik energii i informacji, wzmiacnia i przekazuje energi\u0119, zar\u00f3wno elektryczna w kablach i instalacjach elektrycznych, jak i energi\u0119 emanuj\u0105c\u0105 ze wszystkiego, co ma pole elektromagnetyczne. Kwarc znajduj\u0105cy si\u0119 w fiolce razem ze zmielon\u0105 Amanit\u0105 jest tam, aby przechowywa\u0107 informacj\u0119, kt\u00f3r\u0105 zaprogramujesz sobie w sw\u00f3j Amulet. Kwarc s\u0142u\u017cy nam w procesorach w\u0142a\u015bnie do tego- zapisu informacji. Mo\u017cesz wielokrotnie nadpisywa\u0107\u00a0 i zmienia\u0107 informacj\u0119, kt\u00f3r\u0105 chcesz nosi\u0107 na sercu. Amulet stworzy\u0142am z my\u015bl\u0105, \u017ceby Twoje pragnienia, marzenia i potrzeby serca mie\u0107 blisko i pod opiek\u0105 duszka Amanity, ktora to b\u0119dzie swoimi le\u015bnymi sposobami dziuga\u0107 nas do realizacji twojego potencjalu. Amulet na r\u0119cznie zaplatanym lnianym sznuru, zapakowany w lniany woreczek.<\/p>","protected":false},"featured_media":949,"comment_status":"open","ping_status":"closed","template":"","meta":[],"product_brand":[],"product_cat":[46,45,42],"product_tag":[],"class_list":{"0":"post-948","1":"product","2":"type-product","3":"status-publish","4":"has-post-thumbnail","6":"product_cat-amanita","7":"product_cat-nowosci","8":"product_cat-talizmany","10":"first","11":"instock","12":"shipping-taxable","13":"purchasable","14":"product-type-simple"},"yoast_head":"<!-- This site is optimized with the Yoast SEO plugin v27.4 - https:\/\/yoast.com\/product\/yoast-seo-wordpress\/ -->\n<title>Amanitowy Amulet - Hooligan Elf<\/title>\n<meta name=\"robots\" content=\"index, follow, max-snippet:-1, max-image-preview:large, max-video-preview:-1\" \/>\n<link rel=\"canonical\" href=\"https:\/\/hooliganelf.pl\/en\/shop\/talizmany\/amanitowy-amulet\/\" \/>\n<meta property=\"og:locale\" content=\"en_GB\" \/>\n<meta property=\"og:type\" content=\"article\" \/>\n<meta property=\"og:title\" content=\"Amanitowy Amulet - Hooligan Elf\" \/>\n<meta property=\"og:description\" content=\"Amanitowy Amulet z miedzi\u0105 i kwarcem jest ozdob\u0105 wizualn\u0105 i energetyczn\u0105. Co to znaczy? Dla mnie Amanita noszona na sercu przynosi ukojenie i swego rodzaju zaopiekowanie. Lubi\u0119 jej obecno\u015b\u0107, jest moja powierniczk\u0105, duszkiem w szklanej fiolce, kt\u00f3ry wspiera mnie w codzienno\u015bci, przypomina o tym kim jestem i czego pragnie moje serce, by z ka\u017cdym krokiem przybli\u017ca\u0107 mnie to moich cel\u00f3w. Obecno\u015b\u0107 miedzi jest tam nie z przypadku- mied\u017a s\u0142u\u017cy jako przewodnik energii i informacji, wzmiacnia i przekazuje energi\u0119, zar\u00f3wno elektryczna w kablach i instalacjach elektrycznych, jak i energi\u0119 emanuj\u0105c\u0105 ze wszystkiego, co ma pole elektromagnetyczne. Kwarc znajduj\u0105cy si\u0119 w fiolce razem ze zmielon\u0105 Amanit\u0105 jest tam, aby przechowywa\u0107 informacj\u0119, kt\u00f3r\u0105 zaprogramujesz sobie w sw\u00f3j Amulet. Kwarc s\u0142u\u017cy nam w procesorach w\u0142a\u015bnie do tego- zapisu informacji. Mo\u017cesz wielokrotnie nadpisywa\u0107\u00a0 i zmienia\u0107 informacj\u0119, kt\u00f3r\u0105 chcesz nosi\u0107 na sercu. Amulet stworzy\u0142am z my\u015bl\u0105, \u017ceby Twoje pragnienia, marzenia i potrzeby serca mie\u0107 blisko i pod opiek\u0105 duszka Amanity, ktora to b\u0119dzie swoimi le\u015bnymi sposobami dziuga\u0107 nas do realizacji twojego potencjalu. Amulet na r\u0119cznie zaplatanym lnianym sznuru, zapakowany w lniany woreczek.\" \/>\n<meta property=\"og:url\" content=\"https:\/\/hooliganelf.pl\/en\/shop\/talizmany\/amanitowy-amulet\/\" \/>\n<meta property=\"og:site_name\" content=\"Hooligan Elf\" \/>\n<meta property=\"article:publisher\" content=\"https:\/\/www.facebook.com\/HooliganElf\/\" \/>\n<meta property=\"article:modified_time\" content=\"2025-10-01T09:56:51+00:00\" \/>\n<meta property=\"og:image\" content=\"https:\/\/hooliganelf.pl\/wp-content\/uploads\/2022\/03\/amulet-mn-scaled.jpg\" \/>\n\t<meta property=\"og:image:width\" content=\"1862\" \/>\n\t<meta property=\"og:image:height\" content=\"2560\" \/>\n\t<meta property=\"og:image:type\" content=\"image\/jpeg\" \/>\n<meta name=\"twitter:card\" content=\"summary_large_image\" \/>\n<meta name=\"twitter:label1\" content=\"Estimated reading time\" \/>\n\t<meta name=\"twitter:data1\" content=\"2 minutes\" \/>\n<script type=\"application\/ld+json\" class=\"yoast-schema-graph\">{\"@context\":\"https:\\\/\\\/schema.org\",\"@graph\":[{\"@type\":\"WebPage\",\"@id\":\"https:\\\/\\\/hooliganelf.pl\\\/shop\\\/talizmany\\\/amanitowy-amulet\\\/\",\"url\":\"https:\\\/\\\/hooliganelf.pl\\\/shop\\\/talizmany\\\/amanitowy-amulet\\\/\",\"name\":\"Amanitowy Amulet - Hooligan Elf\",\"isPartOf\":{\"@id\":\"https:\\\/\\\/hooliganelf.pl\\\/#website\"},\"primaryImageOfPage\":{\"@id\":\"https:\\\/\\\/hooliganelf.pl\\\/shop\\\/talizmany\\\/amanitowy-amulet\\\/#primaryimage\"},\"image\":{\"@id\":\"https:\\\/\\\/hooliganelf.pl\\\/shop\\\/talizmany\\\/amanitowy-amulet\\\/#primaryimage\"},\"thumbnailUrl\":\"https:\\\/\\\/hooliganelf.pl\\\/wp-content\\\/uploads\\\/2022\\\/03\\\/amulet-mn-scaled.jpg\",\"datePublished\":\"2022-03-31T18:24:29+00:00\",\"dateModified\":\"2025-10-01T09:56:51+00:00\",\"breadcrumb\":{\"@id\":\"https:\\\/\\\/hooliganelf.pl\\\/shop\\\/talizmany\\\/amanitowy-amulet\\\/#breadcrumb\"},\"inLanguage\":\"en-GB\",\"potentialAction\":[{\"@type\":\"ReadAction\",\"target\":[\"https:\\\/\\\/hooliganelf.pl\\\/shop\\\/talizmany\\\/amanitowy-amulet\\\/\"]}]},{\"@type\":\"ImageObject\",\"inLanguage\":\"en-GB\",\"@id\":\"https:\\\/\\\/hooliganelf.pl\\\/shop\\\/talizmany\\\/amanitowy-amulet\\\/#primaryimage\",\"url\":\"https:\\\/\\\/hooliganelf.pl\\\/wp-content\\\/uploads\\\/2022\\\/03\\\/amulet-mn-scaled.jpg\",\"contentUrl\":\"https:\\\/\\\/hooliganelf.pl\\\/wp-content\\\/uploads\\\/2022\\\/03\\\/amulet-mn-scaled.jpg\",\"width\":1862,\"height\":2560},{\"@type\":\"BreadcrumbList\",\"@id\":\"https:\\\/\\\/hooliganelf.pl\\\/shop\\\/talizmany\\\/amanitowy-amulet\\\/#breadcrumb\",\"itemListElement\":[{\"@type\":\"ListItem\",\"position\":1,\"name\":\"Strona g\u0142\u00f3wna\",\"item\":\"https:\\\/\\\/hooliganelf.pl\\\/\"},{\"@type\":\"ListItem\",\"position\":2,\"name\":\"Stragan\",\"item\":\"https:\\\/\\\/hooliganelf.pl\\\/pl\\\/shop\\\/\"},{\"@type\":\"ListItem\",\"position\":3,\"name\":\"Amanitowy Amulet\"}]},{\"@type\":\"WebSite\",\"@id\":\"https:\\\/\\\/hooliganelf.pl\\\/#website\",\"url\":\"https:\\\/\\\/hooliganelf.pl\\\/\",\"name\":\"Hooligan Elf\",\"description\":\"Le\u015bne wymys\u0142y dzikiej kobiety\",\"publisher\":{\"@id\":\"https:\\\/\\\/hooliganelf.pl\\\/#organization\"},\"potentialAction\":[{\"@type\":\"SearchAction\",\"target\":{\"@type\":\"EntryPoint\",\"urlTemplate\":\"https:\\\/\\\/hooliganelf.pl\\\/?s={search_term_string}\"},\"query-input\":{\"@type\":\"PropertyValueSpecification\",\"valueRequired\":true,\"valueName\":\"search_term_string\"}}],\"inLanguage\":\"en-GB\"},{\"@type\":\"Organization\",\"@id\":\"https:\\\/\\\/hooliganelf.pl\\\/#organization\",\"name\":\"Hooligan Elf\",\"url\":\"https:\\\/\\\/hooliganelf.pl\\\/\",\"logo\":{\"@type\":\"ImageObject\",\"inLanguage\":\"en-GB\",\"@id\":\"https:\\\/\\\/hooliganelf.pl\\\/#\\\/schema\\\/logo\\\/image\\\/\",\"url\":\"https:\\\/\\\/hooliganelf.pl\\\/wp-content\\\/uploads\\\/2021\\\/10\\\/logo-nowe-czarne-bez-tla.png\",\"contentUrl\":\"https:\\\/\\\/hooliganelf.pl\\\/wp-content\\\/uploads\\\/2021\\\/10\\\/logo-nowe-czarne-bez-tla.png\",\"width\":1278,\"height\":735,\"caption\":\"Hooligan Elf\"},\"image\":{\"@id\":\"https:\\\/\\\/hooliganelf.pl\\\/#\\\/schema\\\/logo\\\/image\\\/\"},\"sameAs\":[\"https:\\\/\\\/www.facebook.com\\\/HooliganElf\\\/\",\"https:\\\/\\\/www.instagram.com\\\/hooligan.elf\\\/\"]}]}<\/script>\n<!-- \/ Yoast SEO plugin. -->","yoast_head_json":{"title":"Amanitowy Amulet - Hooligan Elf","robots":{"index":"index","follow":"follow","max-snippet":"max-snippet:-1","max-image-preview":"max-image-preview:large","max-video-preview":"max-video-preview:-1"},"canonical":"https:\/\/hooliganelf.pl\/en\/shop\/talizmany\/amanitowy-amulet\/","og_locale":"en_GB","og_type":"article","og_title":"Amanitowy Amulet - Hooligan Elf","og_description":"Amanitowy Amulet z miedzi\u0105 i kwarcem jest ozdob\u0105 wizualn\u0105 i energetyczn\u0105. Co to znaczy? Dla mnie Amanita noszona na sercu przynosi ukojenie i swego rodzaju zaopiekowanie. Lubi\u0119 jej obecno\u015b\u0107, jest moja powierniczk\u0105, duszkiem w szklanej fiolce, kt\u00f3ry wspiera mnie w codzienno\u015bci, przypomina o tym kim jestem i czego pragnie moje serce, by z ka\u017cdym krokiem przybli\u017ca\u0107 mnie to moich cel\u00f3w. Obecno\u015b\u0107 miedzi jest tam nie z przypadku- mied\u017a s\u0142u\u017cy jako przewodnik energii i informacji, wzmiacnia i przekazuje energi\u0119, zar\u00f3wno elektryczna w kablach i instalacjach elektrycznych, jak i energi\u0119 emanuj\u0105c\u0105 ze wszystkiego, co ma pole elektromagnetyczne. Kwarc znajduj\u0105cy si\u0119 w fiolce razem ze zmielon\u0105 Amanit\u0105 jest tam, aby przechowywa\u0107 informacj\u0119, kt\u00f3r\u0105 zaprogramujesz sobie w sw\u00f3j Amulet. Kwarc s\u0142u\u017cy nam w procesorach w\u0142a\u015bnie do tego- zapisu informacji. Mo\u017cesz wielokrotnie nadpisywa\u0107\u00a0 i zmienia\u0107 informacj\u0119, kt\u00f3r\u0105 chcesz nosi\u0107 na sercu. Amulet stworzy\u0142am z my\u015bl\u0105, \u017ceby Twoje pragnienia, marzenia i potrzeby serca mie\u0107 blisko i pod opiek\u0105 duszka Amanity, ktora to b\u0119dzie swoimi le\u015bnymi sposobami dziuga\u0107 nas do realizacji twojego potencjalu. Amulet na r\u0119cznie zaplatanym lnianym sznuru, zapakowany w lniany woreczek.","og_url":"https:\/\/hooliganelf.pl\/en\/shop\/talizmany\/amanitowy-amulet\/","og_site_name":"Hooligan Elf","article_publisher":"https:\/\/www.facebook.com\/HooliganElf\/","article_modified_time":"2025-10-01T09:56:51+00:00","og_image":[{"width":1862,"height":2560,"url":"https:\/\/hooliganelf.pl\/wp-content\/uploads\/2022\/03\/amulet-mn-scaled.jpg","type":"image\/jpeg"}],"twitter_card":"summary_large_image","twitter_misc":{"Estimated reading time":"2 minutes"},"schema":{"@context":"https:\/\/schema.org","@graph":[{"@type":"WebPage","@id":"https:\/\/hooliganelf.pl\/shop\/talizmany\/amanitowy-amulet\/","url":"https:\/\/hooliganelf.pl\/shop\/talizmany\/amanitowy-amulet\/","name":"Amanitowy Amulet - Hooligan Elf","isPartOf":{"@id":"https:\/\/hooliganelf.pl\/#website"},"primaryImageOfPage":{"@id":"https:\/\/hooliganelf.pl\/shop\/talizmany\/amanitowy-amulet\/#primaryimage"},"image":{"@id":"https:\/\/hooliganelf.pl\/shop\/talizmany\/amanitowy-amulet\/#primaryimage"},"thumbnailUrl":"https:\/\/hooliganelf.pl\/wp-content\/uploads\/2022\/03\/amulet-mn-scaled.jpg","datePublished":"2022-03-31T18:24:29+00:00","dateModified":"2025-10-01T09:56:51+00:00","breadcrumb":{"@id":"https:\/\/hooliganelf.pl\/shop\/talizmany\/amanitowy-amulet\/#breadcrumb"},"inLanguage":"en-GB","potentialAction":[{"@type":"ReadAction","target":["https:\/\/hooliganelf.pl\/shop\/talizmany\/amanitowy-amulet\/"]}]},{"@type":"ImageObject","inLanguage":"en-GB","@id":"https:\/\/hooliganelf.pl\/shop\/talizmany\/amanitowy-amulet\/#primaryimage","url":"https:\/\/hooliganelf.pl\/wp-content\/uploads\/2022\/03\/amulet-mn-scaled.jpg","contentUrl":"https:\/\/hooliganelf.pl\/wp-content\/uploads\/2022\/03\/amulet-mn-scaled.jpg","width":1862,"height":2560},{"@type":"BreadcrumbList","@id":"https:\/\/hooliganelf.pl\/shop\/talizmany\/amanitowy-amulet\/#breadcrumb","itemListElement":[{"@type":"ListItem","position":1,"name":"Strona g\u0142\u00f3wna","item":"https:\/\/hooliganelf.pl\/"},{"@type":"ListItem","position":2,"name":"Stragan","item":"https:\/\/hooliganelf.pl\/pl\/shop\/"},{"@type":"ListItem","position":3,"name":"Amanitowy Amulet"}]},{"@type":"WebSite","@id":"https:\/\/hooliganelf.pl\/#website","url":"https:\/\/hooliganelf.pl\/","name":"Hooligan Elf","description":"Le\u015bne wymys\u0142y dzikiej kobiety","publisher":{"@id":"https:\/\/hooliganelf.pl\/#organization"},"potentialAction":[{"@type":"SearchAction","target":{"@type":"EntryPoint","urlTemplate":"https:\/\/hooliganelf.pl\/?s={search_term_string}"},"query-input":{"@type":"PropertyValueSpecification","valueRequired":true,"valueName":"search_term_string"}}],"inLanguage":"en-GB"},{"@type":"Organization","@id":"https:\/\/hooliganelf.pl\/#organization","name":"Hooligan Elf","url":"https:\/\/hooliganelf.pl\/","logo":{"@type":"ImageObject","inLanguage":"en-GB","@id":"https:\/\/hooliganelf.pl\/#\/schema\/logo\/image\/","url":"https:\/\/hooliganelf.pl\/wp-content\/uploads\/2021\/10\/logo-nowe-czarne-bez-tla.png","contentUrl":"https:\/\/hooliganelf.pl\/wp-content\/uploads\/2021\/10\/logo-nowe-czarne-bez-tla.png","width":1278,"height":735,"caption":"Hooligan Elf"},"image":{"@id":"https:\/\/hooliganelf.pl\/#\/schema\/logo\/image\/"},"sameAs":["https:\/\/www.facebook.com\/HooliganElf\/","https:\/\/www.instagram.com\/hooligan.elf\/"]}]}},"_links":{"self":[{"href":"https:\/\/hooliganelf.pl\/en\/wp-json\/wp\/v2\/product\/948","targetHints":{"allow":["GET"]}}],"collection":[{"href":"https:\/\/hooliganelf.pl\/en\/wp-json\/wp\/v2\/product"}],"about":[{"href":"https:\/\/hooliganelf.pl\/en\/wp-json\/wp\/v2\/types\/product"}],"replies":[{"embeddable":true,"href":"https:\/\/hooliganelf.pl\/en\/wp-json\/wp\/v2\/comments?post=948"}],"wp:featuredmedia":[{"embeddable":true,"href":"https:\/\/hooliganelf.pl\/en\/wp-json\/wp\/v2\/media\/949"}],"wp:attachment":[{"href":"https:\/\/hooliganelf.pl\/en\/wp-json\/wp\/v2\/media?parent=948"}],"wp:term":[{"taxonomy":"product_brand","embeddable":true,"href":"https:\/\/hooliganelf.pl\/en\/wp-json\/wp\/v2\/product_brand?post=948"},{"taxonomy":"product_cat","embeddable":true,"href":"https:\/\/hooliganelf.pl\/en\/wp-json\/wp\/v2\/product_cat?post=948"},{"taxonomy":"product_tag","embeddable":true,"href":"https:\/\/hooliganelf.pl\/en\/wp-json\/wp\/v2\/product_tag?post=948"}],"curies":[{"name":"wp","href":"https:\/\/api.w.org\/{rel}","templated":true}]}}