{"id":1592,"date":"2022-11-11T22:22:32","date_gmt":"2022-11-11T21:22:32","guid":{"rendered":"https:\/\/hooliganelf.pl\/?post_type=product&#038;p=1592"},"modified":"2025-12-13T21:37:19","modified_gmt":"2025-12-13T20:37:19","slug":"drewniany-widelec-6","status":"publish","type":"product","link":"https:\/\/hooliganelf.pl\/pl\/shop\/drewutnia\/drewniane-sztucce\/drewniany-widelec-6\/","title":{"rendered":"Widelec"},"content":{"rendered":"<h3>Czy wiesz, \u017ce materia\u0142, z kt\u00f3rego wykonane s\u0105 sztu\u0107ce wp\u0142ywa na smak jedzenia?<\/h3>\n<p>W zale\u017cno\u015bci od surowca u\u017cytego w produkcji, drewniany widelec, w przeciwie\u0144stwie do plastikowego czy metalowego, uzupe\u0142nia smak potrawy. Poszczeg\u00f3lne gatunki drzew maj\u0105 pod tym wzgl\u0119dem r\u00f3\u017cne cechy. Na przyk\u0142ad buk oraz drzewa owocowe dodaj\u0105 s\u0142odko\u015bci.<\/p>\n<p><strong>Widelec z drewna bukowego, wykonany z dba\u0142o\u015bci\u0105 i pasj\u0105, b\u0119dzie b\u0142ogos\u0142awi\u0107 ka\u017cdy k\u0119s jedzenia \ud83d\ude09<\/strong><\/p>\n<p>Panuje przekonanie, \u017ce\u00a0drewno jest idealnym \u015brodowiskiem dla rozwoju bakterii, ale to\u00a0zdecydowanie nieprawda. Jest wr\u0119cz odwrotnie\u00a0\u2014 mikroorganizmy nie przepadaj\u0105 za\u00a0drewnem, poniewa\u017c posiada ono naturalne\u00a0w\u0142a\u015bciwo\u015bci bakteriob\u00f3jcze.<\/p>\n<p><strong>Jak dba\u0107 o drewniane sztu\u0107ce<\/strong><\/p>\n<p>Drewno wymaga znacznie wi\u0119cej troski i uwagi ni\u017c inne materia\u0142y. Tego rodzaju przybory i naczynia nie nadaj\u0105 si\u0119\u00a0do\u00a0zmywarki ani do d\u0142ugotrwa\u0142ego namaczania. Po u\u017cyciu nale\u017cy je wyczy\u015bci\u0107 g\u0105bk\u0105 z odpowiednim p\u0142ynem i dok\u0142adnie wysuszy\u0107. Od czasu do czasu dobrze im zrobi potraktowanie ochronnym olejem, np lnianym albo oliw\u0105 lub jakikolwiek masz w kuchni,<\/p>\n","protected":false},"excerpt":{"rendered":"<p>Czy wiesz, \u017ce materia\u0142, z kt\u00f3rego wykonane s\u0105 sztu\u0107ce wp\u0142ywa na smak jedzenia? W zale\u017cno\u015bci od surowca u\u017cytego w produkcji, drewniany widelec, w przeciwie\u0144stwie do plastikowego czy metalowego, uzupe\u0142nia smak potrawy. Poszczeg\u00f3lne gatunki drzew maj\u0105 pod tym wzgl\u0119dem r\u00f3\u017cne cechy. Na przyk\u0142ad buk oraz drzewa owocowe dodaj\u0105 s\u0142odko\u015bci. Widelec z drewna bukowego, wykonany z dba\u0142o\u015bci\u0105 i pasj\u0105, b\u0119dzie b\u0142ogos\u0142awi\u0107 ka\u017cdy k\u0119s jedzenia \ud83d\ude09 Panuje przekonanie, \u017ce\u00a0drewno jest idealnym \u015brodowiskiem dla rozwoju bakterii, ale to\u00a0zdecydowanie nieprawda. Jest wr\u0119cz odwrotnie\u00a0\u2014 mikroorganizmy nie przepadaj\u0105 za\u00a0drewnem, poniewa\u017c posiada ono naturalne\u00a0w\u0142a\u015bciwo\u015bci bakteriob\u00f3jcze. Jak dba\u0107 o drewniane sztu\u0107ce Drewno wymaga znacznie wi\u0119cej troski i uwagi ni\u017c inne materia\u0142y. Tego rodzaju przybory i naczynia nie nadaj\u0105 si\u0119\u00a0do\u00a0zmywarki ani do d\u0142ugotrwa\u0142ego namaczania. Po u\u017cyciu nale\u017cy je wyczy\u015bci\u0107 g\u0105bk\u0105 z odpowiednim p\u0142ynem i dok\u0142adnie wysuszy\u0107. Od czasu do czasu dobrze im zrobi potraktowanie ochronnym olejem, np lnianym albo oliw\u0105 lub jakikolwiek masz w kuchni,<\/p>\n","protected":false},"featured_media":1593,"comment_status":"open","ping_status":"closed","template":"","meta":[],"product_brand":[],"product_cat":[51],"product_tag":[],"class_list":{"0":"post-1592","1":"product","2":"type-product","3":"status-publish","4":"has-post-thumbnail","6":"product_cat-drewniane-sztucce","8":"first","9":"outofstock","10":"shipping-taxable","11":"purchasable","12":"product-type-simple"},"yoast_head":"<!-- This site is optimized with the Yoast SEO plugin v27.3 - https:\/\/yoast.com\/product\/yoast-seo-wordpress\/ -->\n<title>Widelec - Hooligan Elf<\/title>\n<meta name=\"robots\" content=\"index, follow, max-snippet:-1, max-image-preview:large, max-video-preview:-1\" \/>\n<link rel=\"canonical\" href=\"https:\/\/hooliganelf.pl\/pl\/shop\/drewutnia\/drewniane-sztucce\/drewniany-widelec-6\/\" \/>\n<meta property=\"og:locale\" content=\"pl_PL\" \/>\n<meta property=\"og:type\" content=\"article\" \/>\n<meta property=\"og:title\" content=\"Widelec - Hooligan Elf\" \/>\n<meta property=\"og:description\" content=\"Czy wiesz, \u017ce materia\u0142, z kt\u00f3rego wykonane s\u0105 sztu\u0107ce wp\u0142ywa na smak jedzenia? W zale\u017cno\u015bci od surowca u\u017cytego w produkcji, drewniany widelec, w przeciwie\u0144stwie do plastikowego czy metalowego, uzupe\u0142nia smak potrawy. Poszczeg\u00f3lne gatunki drzew maj\u0105 pod tym wzgl\u0119dem r\u00f3\u017cne cechy. Na przyk\u0142ad buk oraz drzewa owocowe dodaj\u0105 s\u0142odko\u015bci. Widelec z drewna bukowego, wykonany z dba\u0142o\u015bci\u0105 i pasj\u0105, b\u0119dzie b\u0142ogos\u0142awi\u0107 ka\u017cdy k\u0119s jedzenia \ud83d\ude09 Panuje przekonanie, \u017ce\u00a0drewno jest idealnym \u015brodowiskiem dla rozwoju bakterii, ale to\u00a0zdecydowanie nieprawda. Jest wr\u0119cz odwrotnie\u00a0\u2014 mikroorganizmy nie przepadaj\u0105 za\u00a0drewnem, poniewa\u017c posiada ono naturalne\u00a0w\u0142a\u015bciwo\u015bci bakteriob\u00f3jcze. Jak dba\u0107 o drewniane sztu\u0107ce Drewno wymaga znacznie wi\u0119cej troski i uwagi ni\u017c inne materia\u0142y. Tego rodzaju przybory i naczynia nie nadaj\u0105 si\u0119\u00a0do\u00a0zmywarki ani do d\u0142ugotrwa\u0142ego namaczania. Po u\u017cyciu nale\u017cy je wyczy\u015bci\u0107 g\u0105bk\u0105 z odpowiednim p\u0142ynem i dok\u0142adnie wysuszy\u0107. Od czasu do czasu dobrze im zrobi potraktowanie ochronnym olejem, np lnianym albo oliw\u0105 lub jakikolwiek masz w kuchni,\" \/>\n<meta property=\"og:url\" content=\"https:\/\/hooliganelf.pl\/pl\/shop\/drewutnia\/drewniane-sztucce\/drewniany-widelec-6\/\" \/>\n<meta property=\"og:site_name\" content=\"Hooligan Elf\" \/>\n<meta property=\"article:publisher\" content=\"https:\/\/www.facebook.com\/HooliganElf\/\" \/>\n<meta property=\"article:modified_time\" content=\"2025-12-13T20:37:19+00:00\" \/>\n<meta property=\"og:image\" content=\"https:\/\/hooliganelf.pl\/wp-content\/uploads\/2022\/11\/IMG_20220901_121608-768x1024.jpg\" \/>\n\t<meta property=\"og:image:width\" content=\"768\" \/>\n\t<meta property=\"og:image:height\" content=\"1024\" \/>\n\t<meta property=\"og:image:type\" content=\"image\/jpeg\" \/>\n<meta name=\"twitter:card\" content=\"summary_large_image\" \/>\n<meta name=\"twitter:label1\" content=\"Szacowany czas czytania\" \/>\n\t<meta name=\"twitter:data1\" content=\"1 minuta\" \/>\n<script type=\"application\/ld+json\" class=\"yoast-schema-graph\">{\"@context\":\"https:\\\/\\\/schema.org\",\"@graph\":[{\"@type\":\"WebPage\",\"@id\":\"https:\\\/\\\/hooliganelf.pl\\\/shop\\\/drewutnia\\\/drewniane-sztucce\\\/drewniany-widelec-6\\\/\",\"url\":\"https:\\\/\\\/hooliganelf.pl\\\/shop\\\/drewutnia\\\/drewniane-sztucce\\\/drewniany-widelec-6\\\/\",\"name\":\"Widelec - Hooligan Elf\",\"isPartOf\":{\"@id\":\"https:\\\/\\\/hooliganelf.pl\\\/#website\"},\"primaryImageOfPage\":{\"@id\":\"https:\\\/\\\/hooliganelf.pl\\\/shop\\\/drewutnia\\\/drewniane-sztucce\\\/drewniany-widelec-6\\\/#primaryimage\"},\"image\":{\"@id\":\"https:\\\/\\\/hooliganelf.pl\\\/shop\\\/drewutnia\\\/drewniane-sztucce\\\/drewniany-widelec-6\\\/#primaryimage\"},\"thumbnailUrl\":\"https:\\\/\\\/hooliganelf.pl\\\/wp-content\\\/uploads\\\/2022\\\/11\\\/IMG_20220901_121608.jpg\",\"datePublished\":\"2022-11-11T21:22:32+00:00\",\"dateModified\":\"2025-12-13T20:37:19+00:00\",\"breadcrumb\":{\"@id\":\"https:\\\/\\\/hooliganelf.pl\\\/shop\\\/drewutnia\\\/drewniane-sztucce\\\/drewniany-widelec-6\\\/#breadcrumb\"},\"inLanguage\":\"pl-PL\",\"potentialAction\":[{\"@type\":\"ReadAction\",\"target\":[\"https:\\\/\\\/hooliganelf.pl\\\/shop\\\/drewutnia\\\/drewniane-sztucce\\\/drewniany-widelec-6\\\/\"]}]},{\"@type\":\"ImageObject\",\"inLanguage\":\"pl-PL\",\"@id\":\"https:\\\/\\\/hooliganelf.pl\\\/shop\\\/drewutnia\\\/drewniane-sztucce\\\/drewniany-widelec-6\\\/#primaryimage\",\"url\":\"https:\\\/\\\/hooliganelf.pl\\\/wp-content\\\/uploads\\\/2022\\\/11\\\/IMG_20220901_121608.jpg\",\"contentUrl\":\"https:\\\/\\\/hooliganelf.pl\\\/wp-content\\\/uploads\\\/2022\\\/11\\\/IMG_20220901_121608.jpg\",\"width\":1536,\"height\":2048},{\"@type\":\"BreadcrumbList\",\"@id\":\"https:\\\/\\\/hooliganelf.pl\\\/shop\\\/drewutnia\\\/drewniane-sztucce\\\/drewniany-widelec-6\\\/#breadcrumb\",\"itemListElement\":[{\"@type\":\"ListItem\",\"position\":1,\"name\":\"Strona g\u0142\u00f3wna\",\"item\":\"https:\\\/\\\/hooliganelf.pl\\\/\"},{\"@type\":\"ListItem\",\"position\":2,\"name\":\"Stragan\",\"item\":\"https:\\\/\\\/hooliganelf.pl\\\/pl\\\/shop\\\/\"},{\"@type\":\"ListItem\",\"position\":3,\"name\":\"Widelec\"}]},{\"@type\":\"WebSite\",\"@id\":\"https:\\\/\\\/hooliganelf.pl\\\/#website\",\"url\":\"https:\\\/\\\/hooliganelf.pl\\\/\",\"name\":\"Hooligan Elf\",\"description\":\"Le\u015bne wymys\u0142y dzikiej kobiety\",\"publisher\":{\"@id\":\"https:\\\/\\\/hooliganelf.pl\\\/#organization\"},\"potentialAction\":[{\"@type\":\"SearchAction\",\"target\":{\"@type\":\"EntryPoint\",\"urlTemplate\":\"https:\\\/\\\/hooliganelf.pl\\\/?s={search_term_string}\"},\"query-input\":{\"@type\":\"PropertyValueSpecification\",\"valueRequired\":true,\"valueName\":\"search_term_string\"}}],\"inLanguage\":\"pl-PL\"},{\"@type\":\"Organization\",\"@id\":\"https:\\\/\\\/hooliganelf.pl\\\/#organization\",\"name\":\"Hooligan Elf\",\"url\":\"https:\\\/\\\/hooliganelf.pl\\\/\",\"logo\":{\"@type\":\"ImageObject\",\"inLanguage\":\"pl-PL\",\"@id\":\"https:\\\/\\\/hooliganelf.pl\\\/#\\\/schema\\\/logo\\\/image\\\/\",\"url\":\"https:\\\/\\\/hooliganelf.pl\\\/wp-content\\\/uploads\\\/2021\\\/10\\\/logo-nowe-czarne-bez-tla.png\",\"contentUrl\":\"https:\\\/\\\/hooliganelf.pl\\\/wp-content\\\/uploads\\\/2021\\\/10\\\/logo-nowe-czarne-bez-tla.png\",\"width\":1278,\"height\":735,\"caption\":\"Hooligan Elf\"},\"image\":{\"@id\":\"https:\\\/\\\/hooliganelf.pl\\\/#\\\/schema\\\/logo\\\/image\\\/\"},\"sameAs\":[\"https:\\\/\\\/www.facebook.com\\\/HooliganElf\\\/\",\"https:\\\/\\\/www.instagram.com\\\/hooligan.elf\\\/\"]}]}<\/script>\n<!-- \/ Yoast SEO plugin. -->","yoast_head_json":{"title":"Widelec - Hooligan Elf","robots":{"index":"index","follow":"follow","max-snippet":"max-snippet:-1","max-image-preview":"max-image-preview:large","max-video-preview":"max-video-preview:-1"},"canonical":"https:\/\/hooliganelf.pl\/pl\/shop\/drewutnia\/drewniane-sztucce\/drewniany-widelec-6\/","og_locale":"pl_PL","og_type":"article","og_title":"Widelec - Hooligan Elf","og_description":"Czy wiesz, \u017ce materia\u0142, z kt\u00f3rego wykonane s\u0105 sztu\u0107ce wp\u0142ywa na smak jedzenia? W zale\u017cno\u015bci od surowca u\u017cytego w produkcji, drewniany widelec, w przeciwie\u0144stwie do plastikowego czy metalowego, uzupe\u0142nia smak potrawy. Poszczeg\u00f3lne gatunki drzew maj\u0105 pod tym wzgl\u0119dem r\u00f3\u017cne cechy. Na przyk\u0142ad buk oraz drzewa owocowe dodaj\u0105 s\u0142odko\u015bci. Widelec z drewna bukowego, wykonany z dba\u0142o\u015bci\u0105 i pasj\u0105, b\u0119dzie b\u0142ogos\u0142awi\u0107 ka\u017cdy k\u0119s jedzenia \ud83d\ude09 Panuje przekonanie, \u017ce\u00a0drewno jest idealnym \u015brodowiskiem dla rozwoju bakterii, ale to\u00a0zdecydowanie nieprawda. Jest wr\u0119cz odwrotnie\u00a0\u2014 mikroorganizmy nie przepadaj\u0105 za\u00a0drewnem, poniewa\u017c posiada ono naturalne\u00a0w\u0142a\u015bciwo\u015bci bakteriob\u00f3jcze. Jak dba\u0107 o drewniane sztu\u0107ce Drewno wymaga znacznie wi\u0119cej troski i uwagi ni\u017c inne materia\u0142y. Tego rodzaju przybory i naczynia nie nadaj\u0105 si\u0119\u00a0do\u00a0zmywarki ani do d\u0142ugotrwa\u0142ego namaczania. Po u\u017cyciu nale\u017cy je wyczy\u015bci\u0107 g\u0105bk\u0105 z odpowiednim p\u0142ynem i dok\u0142adnie wysuszy\u0107. Od czasu do czasu dobrze im zrobi potraktowanie ochronnym olejem, np lnianym albo oliw\u0105 lub jakikolwiek masz w kuchni,","og_url":"https:\/\/hooliganelf.pl\/pl\/shop\/drewutnia\/drewniane-sztucce\/drewniany-widelec-6\/","og_site_name":"Hooligan Elf","article_publisher":"https:\/\/www.facebook.com\/HooliganElf\/","article_modified_time":"2025-12-13T20:37:19+00:00","og_image":[{"width":768,"height":1024,"url":"https:\/\/hooliganelf.pl\/wp-content\/uploads\/2022\/11\/IMG_20220901_121608-768x1024.jpg","type":"image\/jpeg"}],"twitter_card":"summary_large_image","twitter_misc":{"Szacowany czas czytania":"1 minuta"},"schema":{"@context":"https:\/\/schema.org","@graph":[{"@type":"WebPage","@id":"https:\/\/hooliganelf.pl\/shop\/drewutnia\/drewniane-sztucce\/drewniany-widelec-6\/","url":"https:\/\/hooliganelf.pl\/shop\/drewutnia\/drewniane-sztucce\/drewniany-widelec-6\/","name":"Widelec - Hooligan Elf","isPartOf":{"@id":"https:\/\/hooliganelf.pl\/#website"},"primaryImageOfPage":{"@id":"https:\/\/hooliganelf.pl\/shop\/drewutnia\/drewniane-sztucce\/drewniany-widelec-6\/#primaryimage"},"image":{"@id":"https:\/\/hooliganelf.pl\/shop\/drewutnia\/drewniane-sztucce\/drewniany-widelec-6\/#primaryimage"},"thumbnailUrl":"https:\/\/hooliganelf.pl\/wp-content\/uploads\/2022\/11\/IMG_20220901_121608.jpg","datePublished":"2022-11-11T21:22:32+00:00","dateModified":"2025-12-13T20:37:19+00:00","breadcrumb":{"@id":"https:\/\/hooliganelf.pl\/shop\/drewutnia\/drewniane-sztucce\/drewniany-widelec-6\/#breadcrumb"},"inLanguage":"pl-PL","potentialAction":[{"@type":"ReadAction","target":["https:\/\/hooliganelf.pl\/shop\/drewutnia\/drewniane-sztucce\/drewniany-widelec-6\/"]}]},{"@type":"ImageObject","inLanguage":"pl-PL","@id":"https:\/\/hooliganelf.pl\/shop\/drewutnia\/drewniane-sztucce\/drewniany-widelec-6\/#primaryimage","url":"https:\/\/hooliganelf.pl\/wp-content\/uploads\/2022\/11\/IMG_20220901_121608.jpg","contentUrl":"https:\/\/hooliganelf.pl\/wp-content\/uploads\/2022\/11\/IMG_20220901_121608.jpg","width":1536,"height":2048},{"@type":"BreadcrumbList","@id":"https:\/\/hooliganelf.pl\/shop\/drewutnia\/drewniane-sztucce\/drewniany-widelec-6\/#breadcrumb","itemListElement":[{"@type":"ListItem","position":1,"name":"Strona g\u0142\u00f3wna","item":"https:\/\/hooliganelf.pl\/"},{"@type":"ListItem","position":2,"name":"Stragan","item":"https:\/\/hooliganelf.pl\/pl\/shop\/"},{"@type":"ListItem","position":3,"name":"Widelec"}]},{"@type":"WebSite","@id":"https:\/\/hooliganelf.pl\/#website","url":"https:\/\/hooliganelf.pl\/","name":"Hooligan Elf","description":"Le\u015bne wymys\u0142y dzikiej kobiety","publisher":{"@id":"https:\/\/hooliganelf.pl\/#organization"},"potentialAction":[{"@type":"SearchAction","target":{"@type":"EntryPoint","urlTemplate":"https:\/\/hooliganelf.pl\/?s={search_term_string}"},"query-input":{"@type":"PropertyValueSpecification","valueRequired":true,"valueName":"search_term_string"}}],"inLanguage":"pl-PL"},{"@type":"Organization","@id":"https:\/\/hooliganelf.pl\/#organization","name":"Hooligan Elf","url":"https:\/\/hooliganelf.pl\/","logo":{"@type":"ImageObject","inLanguage":"pl-PL","@id":"https:\/\/hooliganelf.pl\/#\/schema\/logo\/image\/","url":"https:\/\/hooliganelf.pl\/wp-content\/uploads\/2021\/10\/logo-nowe-czarne-bez-tla.png","contentUrl":"https:\/\/hooliganelf.pl\/wp-content\/uploads\/2021\/10\/logo-nowe-czarne-bez-tla.png","width":1278,"height":735,"caption":"Hooligan Elf"},"image":{"@id":"https:\/\/hooliganelf.pl\/#\/schema\/logo\/image\/"},"sameAs":["https:\/\/www.facebook.com\/HooliganElf\/","https:\/\/www.instagram.com\/hooligan.elf\/"]}]}},"_links":{"self":[{"href":"https:\/\/hooliganelf.pl\/pl\/wp-json\/wp\/v2\/product\/1592","targetHints":{"allow":["GET"]}}],"collection":[{"href":"https:\/\/hooliganelf.pl\/pl\/wp-json\/wp\/v2\/product"}],"about":[{"href":"https:\/\/hooliganelf.pl\/pl\/wp-json\/wp\/v2\/types\/product"}],"replies":[{"embeddable":true,"href":"https:\/\/hooliganelf.pl\/pl\/wp-json\/wp\/v2\/comments?post=1592"}],"wp:featuredmedia":[{"embeddable":true,"href":"https:\/\/hooliganelf.pl\/pl\/wp-json\/wp\/v2\/media\/1593"}],"wp:attachment":[{"href":"https:\/\/hooliganelf.pl\/pl\/wp-json\/wp\/v2\/media?parent=1592"}],"wp:term":[{"taxonomy":"product_brand","embeddable":true,"href":"https:\/\/hooliganelf.pl\/pl\/wp-json\/wp\/v2\/product_brand?post=1592"},{"taxonomy":"product_cat","embeddable":true,"href":"https:\/\/hooliganelf.pl\/pl\/wp-json\/wp\/v2\/product_cat?post=1592"},{"taxonomy":"product_tag","embeddable":true,"href":"https:\/\/hooliganelf.pl\/pl\/wp-json\/wp\/v2\/product_tag?post=1592"}],"curies":[{"name":"wp","href":"https:\/\/api.w.org\/{rel}","templated":true}]}}