{"id":191,"date":"2021-10-25T21:56:12","date_gmt":"2021-10-25T19:56:12","guid":{"rendered":"https:\/\/hooliganelf.pl\/?post_type=product&#038;p=191"},"modified":"2026-04-01T12:11:56","modified_gmt":"2026-04-01T10:11:56","slug":"salvation-balm","status":"publish","type":"product","link":"https:\/\/hooliganelf.pl\/pl\/shop\/praktyczne-mazidla\/salvation-balm\/","title":{"rendered":"Salvation Balm"},"content":{"rendered":"<div class=\"page\" title=\"Page 1\">\n<div class=\"section\">\n<div class=\"layoutArea\">\n<div class=\"column\">\n<p>Ten ma\u0142y, niepozorny gagatek kryj\u0119 w sobie ca\u0142a gam\u0119 pomocnych zastosowa\u0144.<\/p>\n<p>Salvation Balm zrobiony jest na bazie <strong>wosku pszczelego<\/strong>&#8211; cudownego daru pszczo\u0301\u0142 o bardzo <strong>szerokim spektrum zbawiennych w\u0142a\u015bciwo\u015bci<\/strong>. Intensywnie od\u017cywia i chroni i w po\u0142a\u0328czeniu z kilkoma<strong> taktycznie dobranymi sk\u0142adnikami<\/strong> (m.in. shea, kwas salicylowy, alantonina, olej rycynowy, A+E, mentol), ten ma\u0142y kremik okaz\u0307e sie\u0328 <strong>przydatny w wielu ro\u0301\u017cnych sytuacjach<\/strong>.<\/p>\n<p>-&gt; nawilz\u0307y i ukoi <strong>spe\u0328kane usta<\/strong>. Szczeg\u00f3lnie zbawienny dla tych przypadk\u00f3w, na kt\u00f3re nic nie dzia\u0142a. P\u0119k\u0142y na p\u00f3\u0142? &#8211; smaruj i ciach ciach si\u0119 wygoi.<\/p>\n<p>-&gt; przyniesie ulge\u0328 w miejscu<strong> ugryzien\u0301 insekto\u0301w<\/strong>. Znieczuli i przyspieszy gojenie.<\/p>\n<p>-&gt; odz\u0307ywi ma\u0142e partie cia\u0142a wymagaja\u0328ce natychmiastowego ratunku (\u0142okcie, knykcie, miejsca z egzema\u0328 i atopowym zapaleniem, liszaje, podraz\u0307niona sko\u0301ra przy nosie w sezonie katarowym, drobne zadrapania i ranki, sk\u00f3rki przy paznociach, drobne wysypki itp. )<\/p>\n<p>-&gt; za\u0142agodzi i przyspieszy <strong>poparzenia s\u0142oneczne<\/strong> jak i chemiczne (np. <strong>peelingi kosmetyczne<\/strong>)<\/p>\n<p>-&gt; zawiera naturalnie wyste\u0328puja\u0328ce<strong> filtry UV<\/strong><\/p>\n<p>-&gt; przyspiesza <strong>gojenie ma\u0142ych ran, zadrapan\u0301 i \u0142agodzi stany zapalne<\/strong>.<\/p>\n<p>-&gt; dzia\u0142a tez\u0307 lekko <strong>ch\u0142odza\u0328co i znieczulaja\u0328co<\/strong><\/p>\n<p>Z uwagi na swoje szerokie spektrum dzia\u0142ania <strong>warto miec\u0301 go zawsze w kieszeni<\/strong>, zw\u0142aszcza na les\u0301nych schadzkach czy festiwalach. Posiada naturalny zapach wynikaja\u0328cy ze sk\u0142adu i moz\u0307e byc\u0301 s\u0301mia\u0142o uz\u0307ywany ro\u0301wniez\u0307 przez drwali i me\u0328skich, les\u0301nych zawadiako\u0301w \ud83d\ude09<\/p>\n<\/div>\n<\/div>\n<\/div>\n<\/div>\n","protected":false},"excerpt":{"rendered":"<p>Ten ma\u0142y, niepozorny gagatek kryj\u0119 w sobie ca\u0142a gam\u0119 po<strong>mocnych<\/strong> zastosowa\u0144.<\/p>\n","protected":false},"featured_media":540,"comment_status":"open","ping_status":"closed","template":"","meta":[],"product_brand":[],"product_cat":[18],"product_tag":[],"class_list":{"0":"post-191","1":"product","2":"type-product","3":"status-publish","4":"has-post-thumbnail","6":"product_cat-praktyczne-mazidla","8":"first","9":"instock","10":"sale","11":"shipping-taxable","12":"purchasable","13":"product-type-variable"},"yoast_head":"<!-- This site is optimized with the Yoast SEO plugin v27.3 - https:\/\/yoast.com\/product\/yoast-seo-wordpress\/ -->\n<title>Salvation Balm - Hooligan Elf<\/title>\n<meta name=\"robots\" content=\"index, follow, max-snippet:-1, max-image-preview:large, max-video-preview:-1\" \/>\n<link rel=\"canonical\" href=\"https:\/\/hooliganelf.pl\/pl\/shop\/praktyczne-mazidla\/salvation-balm\/\" \/>\n<meta property=\"og:locale\" content=\"pl_PL\" \/>\n<meta property=\"og:type\" content=\"article\" \/>\n<meta property=\"og:title\" content=\"Salvation Balm - Hooligan Elf\" \/>\n<meta property=\"og:description\" content=\"Ten ma\u0142y, niepozorny gagatek kryj\u0119 w sobie ca\u0142a gam\u0119 pomocnych zastosowa\u0144.\" \/>\n<meta property=\"og:url\" content=\"https:\/\/hooliganelf.pl\/pl\/shop\/praktyczne-mazidla\/salvation-balm\/\" \/>\n<meta property=\"og:site_name\" content=\"Hooligan Elf\" \/>\n<meta property=\"article:publisher\" content=\"https:\/\/www.facebook.com\/HooliganElf\/\" \/>\n<meta property=\"article:modified_time\" content=\"2026-04-01T10:11:56+00:00\" \/>\n<meta property=\"og:image\" content=\"https:\/\/hooliganelf.pl\/wp-content\/uploads\/2021\/10\/na-strone-salvation-balm-scaled.jpg\" \/>\n\t<meta property=\"og:image:width\" content=\"1862\" \/>\n\t<meta property=\"og:image:height\" content=\"2560\" \/>\n\t<meta property=\"og:image:type\" content=\"image\/jpeg\" \/>\n<meta name=\"twitter:card\" content=\"summary_large_image\" \/>\n<meta name=\"twitter:label1\" content=\"Szacowany czas czytania\" \/>\n\t<meta name=\"twitter:data1\" content=\"1 minuta\" \/>\n<script type=\"application\/ld+json\" class=\"yoast-schema-graph\">{\"@context\":\"https:\\\/\\\/schema.org\",\"@graph\":[{\"@type\":\"WebPage\",\"@id\":\"https:\\\/\\\/hooliganelf.pl\\\/shop\\\/praktyczne-mazidla\\\/salvation-balm\\\/\",\"url\":\"https:\\\/\\\/hooliganelf.pl\\\/shop\\\/praktyczne-mazidla\\\/salvation-balm\\\/\",\"name\":\"Salvation Balm - Hooligan Elf\",\"isPartOf\":{\"@id\":\"https:\\\/\\\/hooliganelf.pl\\\/#website\"},\"primaryImageOfPage\":{\"@id\":\"https:\\\/\\\/hooliganelf.pl\\\/shop\\\/praktyczne-mazidla\\\/salvation-balm\\\/#primaryimage\"},\"image\":{\"@id\":\"https:\\\/\\\/hooliganelf.pl\\\/shop\\\/praktyczne-mazidla\\\/salvation-balm\\\/#primaryimage\"},\"thumbnailUrl\":\"https:\\\/\\\/hooliganelf.pl\\\/wp-content\\\/uploads\\\/2021\\\/10\\\/na-strone-salvation-balm-scaled.jpg\",\"datePublished\":\"2021-10-25T19:56:12+00:00\",\"dateModified\":\"2026-04-01T10:11:56+00:00\",\"breadcrumb\":{\"@id\":\"https:\\\/\\\/hooliganelf.pl\\\/shop\\\/praktyczne-mazidla\\\/salvation-balm\\\/#breadcrumb\"},\"inLanguage\":\"pl-PL\",\"potentialAction\":[{\"@type\":\"ReadAction\",\"target\":[\"https:\\\/\\\/hooliganelf.pl\\\/shop\\\/praktyczne-mazidla\\\/salvation-balm\\\/\"]}]},{\"@type\":\"ImageObject\",\"inLanguage\":\"pl-PL\",\"@id\":\"https:\\\/\\\/hooliganelf.pl\\\/shop\\\/praktyczne-mazidla\\\/salvation-balm\\\/#primaryimage\",\"url\":\"https:\\\/\\\/hooliganelf.pl\\\/wp-content\\\/uploads\\\/2021\\\/10\\\/na-strone-salvation-balm-scaled.jpg\",\"contentUrl\":\"https:\\\/\\\/hooliganelf.pl\\\/wp-content\\\/uploads\\\/2021\\\/10\\\/na-strone-salvation-balm-scaled.jpg\",\"width\":1862,\"height\":2560},{\"@type\":\"BreadcrumbList\",\"@id\":\"https:\\\/\\\/hooliganelf.pl\\\/shop\\\/praktyczne-mazidla\\\/salvation-balm\\\/#breadcrumb\",\"itemListElement\":[{\"@type\":\"ListItem\",\"position\":1,\"name\":\"Strona g\u0142\u00f3wna\",\"item\":\"https:\\\/\\\/hooliganelf.pl\\\/\"},{\"@type\":\"ListItem\",\"position\":2,\"name\":\"Stragan\",\"item\":\"https:\\\/\\\/hooliganelf.pl\\\/pl\\\/shop\\\/\"},{\"@type\":\"ListItem\",\"position\":3,\"name\":\"Salvation Balm\"}]},{\"@type\":\"WebSite\",\"@id\":\"https:\\\/\\\/hooliganelf.pl\\\/#website\",\"url\":\"https:\\\/\\\/hooliganelf.pl\\\/\",\"name\":\"Hooligan Elf\",\"description\":\"Le\u015bne wymys\u0142y dzikiej kobiety\",\"publisher\":{\"@id\":\"https:\\\/\\\/hooliganelf.pl\\\/#organization\"},\"potentialAction\":[{\"@type\":\"SearchAction\",\"target\":{\"@type\":\"EntryPoint\",\"urlTemplate\":\"https:\\\/\\\/hooliganelf.pl\\\/?s={search_term_string}\"},\"query-input\":{\"@type\":\"PropertyValueSpecification\",\"valueRequired\":true,\"valueName\":\"search_term_string\"}}],\"inLanguage\":\"pl-PL\"},{\"@type\":\"Organization\",\"@id\":\"https:\\\/\\\/hooliganelf.pl\\\/#organization\",\"name\":\"Hooligan Elf\",\"url\":\"https:\\\/\\\/hooliganelf.pl\\\/\",\"logo\":{\"@type\":\"ImageObject\",\"inLanguage\":\"pl-PL\",\"@id\":\"https:\\\/\\\/hooliganelf.pl\\\/#\\\/schema\\\/logo\\\/image\\\/\",\"url\":\"https:\\\/\\\/hooliganelf.pl\\\/wp-content\\\/uploads\\\/2021\\\/10\\\/logo-nowe-czarne-bez-tla.png\",\"contentUrl\":\"https:\\\/\\\/hooliganelf.pl\\\/wp-content\\\/uploads\\\/2021\\\/10\\\/logo-nowe-czarne-bez-tla.png\",\"width\":1278,\"height\":735,\"caption\":\"Hooligan Elf\"},\"image\":{\"@id\":\"https:\\\/\\\/hooliganelf.pl\\\/#\\\/schema\\\/logo\\\/image\\\/\"},\"sameAs\":[\"https:\\\/\\\/www.facebook.com\\\/HooliganElf\\\/\",\"https:\\\/\\\/www.instagram.com\\\/hooligan.elf\\\/\"]}]}<\/script>\n<!-- \/ Yoast SEO plugin. -->","yoast_head_json":{"title":"Salvation Balm - Hooligan Elf","robots":{"index":"index","follow":"follow","max-snippet":"max-snippet:-1","max-image-preview":"max-image-preview:large","max-video-preview":"max-video-preview:-1"},"canonical":"https:\/\/hooliganelf.pl\/pl\/shop\/praktyczne-mazidla\/salvation-balm\/","og_locale":"pl_PL","og_type":"article","og_title":"Salvation Balm - Hooligan Elf","og_description":"Ten ma\u0142y, niepozorny gagatek kryj\u0119 w sobie ca\u0142a gam\u0119 pomocnych zastosowa\u0144.","og_url":"https:\/\/hooliganelf.pl\/pl\/shop\/praktyczne-mazidla\/salvation-balm\/","og_site_name":"Hooligan Elf","article_publisher":"https:\/\/www.facebook.com\/HooliganElf\/","article_modified_time":"2026-04-01T10:11:56+00:00","og_image":[{"width":1862,"height":2560,"url":"https:\/\/hooliganelf.pl\/wp-content\/uploads\/2021\/10\/na-strone-salvation-balm-scaled.jpg","type":"image\/jpeg"}],"twitter_card":"summary_large_image","twitter_misc":{"Szacowany czas czytania":"1 minuta"},"schema":{"@context":"https:\/\/schema.org","@graph":[{"@type":"WebPage","@id":"https:\/\/hooliganelf.pl\/shop\/praktyczne-mazidla\/salvation-balm\/","url":"https:\/\/hooliganelf.pl\/shop\/praktyczne-mazidla\/salvation-balm\/","name":"Salvation Balm - Hooligan Elf","isPartOf":{"@id":"https:\/\/hooliganelf.pl\/#website"},"primaryImageOfPage":{"@id":"https:\/\/hooliganelf.pl\/shop\/praktyczne-mazidla\/salvation-balm\/#primaryimage"},"image":{"@id":"https:\/\/hooliganelf.pl\/shop\/praktyczne-mazidla\/salvation-balm\/#primaryimage"},"thumbnailUrl":"https:\/\/hooliganelf.pl\/wp-content\/uploads\/2021\/10\/na-strone-salvation-balm-scaled.jpg","datePublished":"2021-10-25T19:56:12+00:00","dateModified":"2026-04-01T10:11:56+00:00","breadcrumb":{"@id":"https:\/\/hooliganelf.pl\/shop\/praktyczne-mazidla\/salvation-balm\/#breadcrumb"},"inLanguage":"pl-PL","potentialAction":[{"@type":"ReadAction","target":["https:\/\/hooliganelf.pl\/shop\/praktyczne-mazidla\/salvation-balm\/"]}]},{"@type":"ImageObject","inLanguage":"pl-PL","@id":"https:\/\/hooliganelf.pl\/shop\/praktyczne-mazidla\/salvation-balm\/#primaryimage","url":"https:\/\/hooliganelf.pl\/wp-content\/uploads\/2021\/10\/na-strone-salvation-balm-scaled.jpg","contentUrl":"https:\/\/hooliganelf.pl\/wp-content\/uploads\/2021\/10\/na-strone-salvation-balm-scaled.jpg","width":1862,"height":2560},{"@type":"BreadcrumbList","@id":"https:\/\/hooliganelf.pl\/shop\/praktyczne-mazidla\/salvation-balm\/#breadcrumb","itemListElement":[{"@type":"ListItem","position":1,"name":"Strona g\u0142\u00f3wna","item":"https:\/\/hooliganelf.pl\/"},{"@type":"ListItem","position":2,"name":"Stragan","item":"https:\/\/hooliganelf.pl\/pl\/shop\/"},{"@type":"ListItem","position":3,"name":"Salvation Balm"}]},{"@type":"WebSite","@id":"https:\/\/hooliganelf.pl\/#website","url":"https:\/\/hooliganelf.pl\/","name":"Hooligan Elf","description":"Le\u015bne wymys\u0142y dzikiej kobiety","publisher":{"@id":"https:\/\/hooliganelf.pl\/#organization"},"potentialAction":[{"@type":"SearchAction","target":{"@type":"EntryPoint","urlTemplate":"https:\/\/hooliganelf.pl\/?s={search_term_string}"},"query-input":{"@type":"PropertyValueSpecification","valueRequired":true,"valueName":"search_term_string"}}],"inLanguage":"pl-PL"},{"@type":"Organization","@id":"https:\/\/hooliganelf.pl\/#organization","name":"Hooligan Elf","url":"https:\/\/hooliganelf.pl\/","logo":{"@type":"ImageObject","inLanguage":"pl-PL","@id":"https:\/\/hooliganelf.pl\/#\/schema\/logo\/image\/","url":"https:\/\/hooliganelf.pl\/wp-content\/uploads\/2021\/10\/logo-nowe-czarne-bez-tla.png","contentUrl":"https:\/\/hooliganelf.pl\/wp-content\/uploads\/2021\/10\/logo-nowe-czarne-bez-tla.png","width":1278,"height":735,"caption":"Hooligan Elf"},"image":{"@id":"https:\/\/hooliganelf.pl\/#\/schema\/logo\/image\/"},"sameAs":["https:\/\/www.facebook.com\/HooliganElf\/","https:\/\/www.instagram.com\/hooligan.elf\/"]}]}},"_links":{"self":[{"href":"https:\/\/hooliganelf.pl\/pl\/wp-json\/wp\/v2\/product\/191","targetHints":{"allow":["GET"]}}],"collection":[{"href":"https:\/\/hooliganelf.pl\/pl\/wp-json\/wp\/v2\/product"}],"about":[{"href":"https:\/\/hooliganelf.pl\/pl\/wp-json\/wp\/v2\/types\/product"}],"replies":[{"embeddable":true,"href":"https:\/\/hooliganelf.pl\/pl\/wp-json\/wp\/v2\/comments?post=191"}],"wp:featuredmedia":[{"embeddable":true,"href":"https:\/\/hooliganelf.pl\/pl\/wp-json\/wp\/v2\/media\/540"}],"wp:attachment":[{"href":"https:\/\/hooliganelf.pl\/pl\/wp-json\/wp\/v2\/media?parent=191"}],"wp:term":[{"taxonomy":"product_brand","embeddable":true,"href":"https:\/\/hooliganelf.pl\/pl\/wp-json\/wp\/v2\/product_brand?post=191"},{"taxonomy":"product_cat","embeddable":true,"href":"https:\/\/hooliganelf.pl\/pl\/wp-json\/wp\/v2\/product_cat?post=191"},{"taxonomy":"product_tag","embeddable":true,"href":"https:\/\/hooliganelf.pl\/pl\/wp-json\/wp\/v2\/product_tag?post=191"}],"curies":[{"name":"wp","href":"https:\/\/api.w.org\/{rel}","templated":true}]}}