{"id":2528,"date":"2023-12-04T18:10:31","date_gmt":"2023-12-04T17:10:31","guid":{"rendered":"https:\/\/hooliganelf.pl\/?post_type=product&#038;p=2528"},"modified":"2024-11-16T18:16:01","modified_gmt":"2024-11-16T17:16:01","slug":"welniane-rekawiczki-amanitowe","status":"publish","type":"product","link":"https:\/\/hooliganelf.pl\/pl\/shop\/szmery-bajery\/welniane-rekawiczki-amanitowe\/","title":{"rendered":"We\u0142niane R\u0119kawiczki Amanitowe"},"content":{"rendered":"<p>Zima ju\u017c chyba nikogo nie zaskoczy\u0142a, bo wiadomo, \u017ce po grzybowym sezonie przychodzi \u015bnieg, poci\u0105gaj\u0105ce nosy i lodowate paluszki.<\/p>\n<p>Nic to! Bierzemy zim\u0119 ze wszystkimi urokami i znojami, bo przecie\u017c wiemy, ze bez niej wiosna nie by\u0142aby taka pi\u0119kna a na S\u0142o\u0144ce przysz\u0142oby nam narzeka\u0107 ca\u0142y rok, miast st\u0119skni\u0107 si\u0119 za nim \ud83d\ude09<\/p>\n<p>Ale jak nie o tym chcia\u0142am!<\/p>\n<p>R\u0119kawiczki poczyni\u0142am z cudownie mi\u0119kkiej we\u0142ny merino, a dok\u0142adniej rzecz ujmuj\u0105c s\u0105 to mitenki, czyli takie bezpalczaste twory, co by mo\u017cna by\u0142o nimi chwyta\u0107, dotyka\u0107, drapa\u0107 i generalnie u\u017cytkowa\u0107 jak b\u0105d\u017a.<\/p>\n<p>We\u0142na merino ma to do siebie, \u017ce nadzwyczajnie wr\u0119cz grzeje i nie potrzebuje do tego by\u0107 gruba\u015bna. Mitenki w razie potrzeby &#8220;go\u0142ej r\u0119ki&#8221; mo\u017cna zsun\u0105c na nadgarstek miast zdejmowa\u0107 i zgubi\u0107, jak to mamy w zwyczaju ( ja mam).<\/p>\n<p>R\u0119kawiczki mam generalnie w rozmiarze S\/M i s\u0105 rozci\u0105gliwe, wi\u0119c o ile nie masz nadzwyczaj ma\u0142ych b\u0105d\u017a bardzo du\u017cych d\u0142oni (model nr 10), to powinny pasowa\u0107;<\/p>\n<p>D\u0142ugo\u015bciowo ka\u017cda jest ciut inna, r\u00f3\u017cnice widoczne na zdj\u0119ciach. Niekt\u00f3re r\u0119kawiczki maja wyd\u0142u\u017con\u0105 cz\u0119\u015b\u0107 g\u00f3rn\u0105, kt\u00f3ra nachodzi wysoko na palce i mo\u017cna je wywin\u0105\u0107 celem ukr\u00f3cenia procederu zakrywania.<\/p>\n<p>Co by tu jeszcze..?<\/p>\n<p>A! we\u0142na wysokogatunkowa upcyklowana, wi\u0119c to si\u0119 ceni, \u017ceby cudowne, lecznicze runo owieczek nie uleg\u0142o bezsensownej marnacji a mog\u0142o grza\u0107, zdobi\u0107 i sprawia\u0107 rado\u015b\u0107.<\/p>\n<p>Dla tych, co nie wiedzo jak si\u0119 z we\u0142n\u0105 obchodzi\u0107 szybko powiem, \u017ce najlepiej pra\u0107 r\u0119cznie kropelk\u0105 szamponu- to przecie\u017c w\u0142osy s\u0105! delikatnie wycisn\u0105\u0107 w r\u0119cznik i suszy\u0107 na p\u0142asko. Jak si\u0119 skulkuje obskuba\u0107 paluszkami z nud\u00f3w na przystanku albo wyczesa\u0107 np. star\u0105 szczoteczk\u0105 do z\u0119b\u00f3w. To nie poliester, ze po miesi\u0105cu wygl\u0105da\u0107 b\u0119dzie jak&#8230; poliestrowa r\u0119kawiczka noszona miesi\u0105c- sami wiecie zreszt\u0105, fujka!<\/p>\n<p>To jest wielosezonowy, praktyczny i pi\u0119kny bajer. Niech grzeje i cieszy!<\/p>\n","protected":false},"excerpt":{"rendered":"<p>Zima ju\u017c chyba nikogo nie zaskoczy\u0142a, bo wiadomo, \u017ce po grzybowym sezonie przychodzi \u015bnieg, poci\u0105gaj\u0105ce nosy i lodowate paluszki. Nic to! Bierzemy zim\u0119 ze wszystkimi urokami i znojami, bo przecie\u017c wiemy, ze bez niej wiosna nie by\u0142aby taka pi\u0119kna a na S\u0142o\u0144ce przysz\u0142oby nam narzeka\u0107 ca\u0142y rok, miast st\u0119skni\u0107 si\u0119 za nim \ud83d\ude09 Ale jak nie o tym chcia\u0142am! R\u0119kawiczki poczyni\u0142am z cudownie mi\u0119kkiej we\u0142ny merino, a dok\u0142adniej rzecz ujmuj\u0105c s\u0105 to mitenki, czyli takie bezpalczaste twory, co by mo\u017cna by\u0142o nimi chwyta\u0107, dotyka\u0107, drapa\u0107 i generalnie u\u017cytkowa\u0107 jak b\u0105d\u017a. We\u0142na merino ma to do siebie, \u017ce nadzwyczajnie wr\u0119cz grzeje i nie potrzebuje do tego by\u0107 gruba\u015bna. Mitenki w razie potrzeby &#8220;go\u0142ej r\u0119ki&#8221; mo\u017cna zsun\u0105c na nadgarstek miast zdejmowa\u0107 i zgubi\u0107, jak to mamy w zwyczaju ( ja mam). R\u0119kawiczki mam generalnie w rozmiarze S\/M i s\u0105 rozci\u0105gliwe, wi\u0119c o ile nie masz nadzwyczaj ma\u0142ych b\u0105d\u017a bardzo du\u017cych d\u0142oni (model nr 10), to powinny pasowa\u0107; D\u0142ugo\u015bciowo ka\u017cda jest ciut inna, r\u00f3\u017cnice widoczne na zdj\u0119ciach. Niekt\u00f3re r\u0119kawiczki maja wyd\u0142u\u017con\u0105 cz\u0119\u015b\u0107 g\u00f3rn\u0105, kt\u00f3ra nachodzi wysoko na palce i mo\u017cna je wywin\u0105\u0107 celem ukr\u00f3cenia procederu zakrywania. Co by tu jeszcze..? A! we\u0142na wysokogatunkowa upcyklowana, wi\u0119c to si\u0119 ceni, \u017ceby cudowne, lecznicze runo owieczek nie uleg\u0142o bezsensownej marnacji a mog\u0142o grza\u0107, zdobi\u0107 i sprawia\u0107 rado\u015b\u0107. Dla tych, co nie wiedzo jak si\u0119 z we\u0142n\u0105 obchodzi\u0107 szybko powiem, \u017ce najlepiej pra\u0107 r\u0119cznie kropelk\u0105 szamponu- to przecie\u017c w\u0142osy s\u0105! delikatnie wycisn\u0105\u0107 w r\u0119cznik i suszy\u0107 na p\u0142asko. Jak si\u0119 skulkuje obskuba\u0107 paluszkami z nud\u00f3w na przystanku albo wyczesa\u0107 np. star\u0105 szczoteczk\u0105 do z\u0119b\u00f3w. To nie poliester, ze po miesi\u0105cu wygl\u0105da\u0107 b\u0119dzie jak&#8230; poliestrowa r\u0119kawiczka noszona miesi\u0105c- sami wiecie zreszt\u0105, fujka! To jest wielosezonowy, praktyczny i pi\u0119kny bajer. Niech grzeje i cieszy!<\/p>\n","protected":false},"featured_media":2542,"comment_status":"open","ping_status":"closed","template":"","meta":[],"product_brand":[],"product_cat":[46,45,21],"product_tag":[],"class_list":{"0":"post-2528","1":"product","2":"type-product","3":"status-publish","4":"has-post-thumbnail","6":"product_cat-amanita","7":"product_cat-nowosci","8":"product_cat-szmery-bajery","10":"first","11":"outofstock","12":"sale","13":"shipping-taxable","14":"purchasable","15":"product-type-variable"},"yoast_head":"<!-- This site is optimized with the Yoast SEO plugin v27.4 - https:\/\/yoast.com\/product\/yoast-seo-wordpress\/ -->\n<title>We\u0142niane R\u0119kawiczki Amanitowe - Hooligan Elf<\/title>\n<meta name=\"robots\" content=\"index, follow, max-snippet:-1, max-image-preview:large, max-video-preview:-1\" \/>\n<link rel=\"canonical\" href=\"https:\/\/hooliganelf.pl\/pl\/shop\/szmery-bajery\/welniane-rekawiczki-amanitowe\/\" \/>\n<meta property=\"og:locale\" content=\"pl_PL\" \/>\n<meta property=\"og:type\" content=\"article\" \/>\n<meta property=\"og:title\" content=\"We\u0142niane R\u0119kawiczki Amanitowe - Hooligan Elf\" \/>\n<meta property=\"og:description\" content=\"Zima ju\u017c chyba nikogo nie zaskoczy\u0142a, bo wiadomo, \u017ce po grzybowym sezonie przychodzi \u015bnieg, poci\u0105gaj\u0105ce nosy i lodowate paluszki. Nic to! Bierzemy zim\u0119 ze wszystkimi urokami i znojami, bo przecie\u017c wiemy, ze bez niej wiosna nie by\u0142aby taka pi\u0119kna a na S\u0142o\u0144ce przysz\u0142oby nam narzeka\u0107 ca\u0142y rok, miast st\u0119skni\u0107 si\u0119 za nim \ud83d\ude09 Ale jak nie o tym chcia\u0142am! R\u0119kawiczki poczyni\u0142am z cudownie mi\u0119kkiej we\u0142ny merino, a dok\u0142adniej rzecz ujmuj\u0105c s\u0105 to mitenki, czyli takie bezpalczaste twory, co by mo\u017cna by\u0142o nimi chwyta\u0107, dotyka\u0107, drapa\u0107 i generalnie u\u017cytkowa\u0107 jak b\u0105d\u017a. We\u0142na merino ma to do siebie, \u017ce nadzwyczajnie wr\u0119cz grzeje i nie potrzebuje do tego by\u0107 gruba\u015bna. Mitenki w razie potrzeby &#8220;go\u0142ej r\u0119ki&#8221; mo\u017cna zsun\u0105c na nadgarstek miast zdejmowa\u0107 i zgubi\u0107, jak to mamy w zwyczaju ( ja mam). R\u0119kawiczki mam generalnie w rozmiarze S\/M i s\u0105 rozci\u0105gliwe, wi\u0119c o ile nie masz nadzwyczaj ma\u0142ych b\u0105d\u017a bardzo du\u017cych d\u0142oni (model nr 10), to powinny pasowa\u0107; D\u0142ugo\u015bciowo ka\u017cda jest ciut inna, r\u00f3\u017cnice widoczne na zdj\u0119ciach. Niekt\u00f3re r\u0119kawiczki maja wyd\u0142u\u017con\u0105 cz\u0119\u015b\u0107 g\u00f3rn\u0105, kt\u00f3ra nachodzi wysoko na palce i mo\u017cna je wywin\u0105\u0107 celem ukr\u00f3cenia procederu zakrywania. Co by tu jeszcze..? A! we\u0142na wysokogatunkowa upcyklowana, wi\u0119c to si\u0119 ceni, \u017ceby cudowne, lecznicze runo owieczek nie uleg\u0142o bezsensownej marnacji a mog\u0142o grza\u0107, zdobi\u0107 i sprawia\u0107 rado\u015b\u0107. Dla tych, co nie wiedzo jak si\u0119 z we\u0142n\u0105 obchodzi\u0107 szybko powiem, \u017ce najlepiej pra\u0107 r\u0119cznie kropelk\u0105 szamponu- to przecie\u017c w\u0142osy s\u0105! delikatnie wycisn\u0105\u0107 w r\u0119cznik i suszy\u0107 na p\u0142asko. Jak si\u0119 skulkuje obskuba\u0107 paluszkami z nud\u00f3w na przystanku albo wyczesa\u0107 np. star\u0105 szczoteczk\u0105 do z\u0119b\u00f3w. To nie poliester, ze po miesi\u0105cu wygl\u0105da\u0107 b\u0119dzie jak&#8230; poliestrowa r\u0119kawiczka noszona miesi\u0105c- sami wiecie zreszt\u0105, fujka! To jest wielosezonowy, praktyczny i pi\u0119kny bajer. Niech grzeje i cieszy!\" \/>\n<meta property=\"og:url\" content=\"https:\/\/hooliganelf.pl\/pl\/shop\/szmery-bajery\/welniane-rekawiczki-amanitowe\/\" \/>\n<meta property=\"og:site_name\" content=\"Hooligan Elf\" \/>\n<meta property=\"article:publisher\" content=\"https:\/\/www.facebook.com\/HooliganElf\/\" \/>\n<meta property=\"article:modified_time\" content=\"2024-11-16T17:16:01+00:00\" \/>\n<meta property=\"og:image\" content=\"https:\/\/hooliganelf.pl\/wp-content\/uploads\/2023\/12\/2-scaled.jpg\" \/>\n\t<meta property=\"og:image:width\" content=\"1629\" \/>\n\t<meta property=\"og:image:height\" content=\"2560\" \/>\n\t<meta property=\"og:image:type\" content=\"image\/jpeg\" \/>\n<meta name=\"twitter:card\" content=\"summary_large_image\" \/>\n<meta name=\"twitter:label1\" content=\"Szacowany czas czytania\" \/>\n\t<meta name=\"twitter:data1\" content=\"2 minuty\" \/>\n<script type=\"application\/ld+json\" class=\"yoast-schema-graph\">{\"@context\":\"https:\\\/\\\/schema.org\",\"@graph\":[{\"@type\":\"WebPage\",\"@id\":\"https:\\\/\\\/hooliganelf.pl\\\/shop\\\/szmery-bajery\\\/welniane-rekawiczki-amanitowe\\\/\",\"url\":\"https:\\\/\\\/hooliganelf.pl\\\/shop\\\/szmery-bajery\\\/welniane-rekawiczki-amanitowe\\\/\",\"name\":\"We\u0142niane R\u0119kawiczki Amanitowe - Hooligan Elf\",\"isPartOf\":{\"@id\":\"https:\\\/\\\/hooliganelf.pl\\\/#website\"},\"primaryImageOfPage\":{\"@id\":\"https:\\\/\\\/hooliganelf.pl\\\/shop\\\/szmery-bajery\\\/welniane-rekawiczki-amanitowe\\\/#primaryimage\"},\"image\":{\"@id\":\"https:\\\/\\\/hooliganelf.pl\\\/shop\\\/szmery-bajery\\\/welniane-rekawiczki-amanitowe\\\/#primaryimage\"},\"thumbnailUrl\":\"https:\\\/\\\/hooliganelf.pl\\\/wp-content\\\/uploads\\\/2023\\\/12\\\/2-scaled.jpg\",\"datePublished\":\"2023-12-04T17:10:31+00:00\",\"dateModified\":\"2024-11-16T17:16:01+00:00\",\"breadcrumb\":{\"@id\":\"https:\\\/\\\/hooliganelf.pl\\\/shop\\\/szmery-bajery\\\/welniane-rekawiczki-amanitowe\\\/#breadcrumb\"},\"inLanguage\":\"pl-PL\",\"potentialAction\":[{\"@type\":\"ReadAction\",\"target\":[\"https:\\\/\\\/hooliganelf.pl\\\/shop\\\/szmery-bajery\\\/welniane-rekawiczki-amanitowe\\\/\"]}]},{\"@type\":\"ImageObject\",\"inLanguage\":\"pl-PL\",\"@id\":\"https:\\\/\\\/hooliganelf.pl\\\/shop\\\/szmery-bajery\\\/welniane-rekawiczki-amanitowe\\\/#primaryimage\",\"url\":\"https:\\\/\\\/hooliganelf.pl\\\/wp-content\\\/uploads\\\/2023\\\/12\\\/2-scaled.jpg\",\"contentUrl\":\"https:\\\/\\\/hooliganelf.pl\\\/wp-content\\\/uploads\\\/2023\\\/12\\\/2-scaled.jpg\",\"width\":1629,\"height\":2560},{\"@type\":\"BreadcrumbList\",\"@id\":\"https:\\\/\\\/hooliganelf.pl\\\/shop\\\/szmery-bajery\\\/welniane-rekawiczki-amanitowe\\\/#breadcrumb\",\"itemListElement\":[{\"@type\":\"ListItem\",\"position\":1,\"name\":\"Strona g\u0142\u00f3wna\",\"item\":\"https:\\\/\\\/hooliganelf.pl\\\/\"},{\"@type\":\"ListItem\",\"position\":2,\"name\":\"Stragan\",\"item\":\"https:\\\/\\\/hooliganelf.pl\\\/pl\\\/shop\\\/\"},{\"@type\":\"ListItem\",\"position\":3,\"name\":\"We\u0142niane R\u0119kawiczki Amanitowe\"}]},{\"@type\":\"WebSite\",\"@id\":\"https:\\\/\\\/hooliganelf.pl\\\/#website\",\"url\":\"https:\\\/\\\/hooliganelf.pl\\\/\",\"name\":\"Hooligan Elf\",\"description\":\"Le\u015bne wymys\u0142y dzikiej kobiety\",\"publisher\":{\"@id\":\"https:\\\/\\\/hooliganelf.pl\\\/#organization\"},\"potentialAction\":[{\"@type\":\"SearchAction\",\"target\":{\"@type\":\"EntryPoint\",\"urlTemplate\":\"https:\\\/\\\/hooliganelf.pl\\\/?s={search_term_string}\"},\"query-input\":{\"@type\":\"PropertyValueSpecification\",\"valueRequired\":true,\"valueName\":\"search_term_string\"}}],\"inLanguage\":\"pl-PL\"},{\"@type\":\"Organization\",\"@id\":\"https:\\\/\\\/hooliganelf.pl\\\/#organization\",\"name\":\"Hooligan Elf\",\"url\":\"https:\\\/\\\/hooliganelf.pl\\\/\",\"logo\":{\"@type\":\"ImageObject\",\"inLanguage\":\"pl-PL\",\"@id\":\"https:\\\/\\\/hooliganelf.pl\\\/#\\\/schema\\\/logo\\\/image\\\/\",\"url\":\"https:\\\/\\\/hooliganelf.pl\\\/wp-content\\\/uploads\\\/2021\\\/10\\\/logo-nowe-czarne-bez-tla.png\",\"contentUrl\":\"https:\\\/\\\/hooliganelf.pl\\\/wp-content\\\/uploads\\\/2021\\\/10\\\/logo-nowe-czarne-bez-tla.png\",\"width\":1278,\"height\":735,\"caption\":\"Hooligan Elf\"},\"image\":{\"@id\":\"https:\\\/\\\/hooliganelf.pl\\\/#\\\/schema\\\/logo\\\/image\\\/\"},\"sameAs\":[\"https:\\\/\\\/www.facebook.com\\\/HooliganElf\\\/\",\"https:\\\/\\\/www.instagram.com\\\/hooligan.elf\\\/\"]}]}<\/script>\n<!-- \/ Yoast SEO plugin. -->","yoast_head_json":{"title":"We\u0142niane R\u0119kawiczki Amanitowe - Hooligan Elf","robots":{"index":"index","follow":"follow","max-snippet":"max-snippet:-1","max-image-preview":"max-image-preview:large","max-video-preview":"max-video-preview:-1"},"canonical":"https:\/\/hooliganelf.pl\/pl\/shop\/szmery-bajery\/welniane-rekawiczki-amanitowe\/","og_locale":"pl_PL","og_type":"article","og_title":"We\u0142niane R\u0119kawiczki Amanitowe - Hooligan Elf","og_description":"Zima ju\u017c chyba nikogo nie zaskoczy\u0142a, bo wiadomo, \u017ce po grzybowym sezonie przychodzi \u015bnieg, poci\u0105gaj\u0105ce nosy i lodowate paluszki. Nic to! Bierzemy zim\u0119 ze wszystkimi urokami i znojami, bo przecie\u017c wiemy, ze bez niej wiosna nie by\u0142aby taka pi\u0119kna a na S\u0142o\u0144ce przysz\u0142oby nam narzeka\u0107 ca\u0142y rok, miast st\u0119skni\u0107 si\u0119 za nim \ud83d\ude09 Ale jak nie o tym chcia\u0142am! R\u0119kawiczki poczyni\u0142am z cudownie mi\u0119kkiej we\u0142ny merino, a dok\u0142adniej rzecz ujmuj\u0105c s\u0105 to mitenki, czyli takie bezpalczaste twory, co by mo\u017cna by\u0142o nimi chwyta\u0107, dotyka\u0107, drapa\u0107 i generalnie u\u017cytkowa\u0107 jak b\u0105d\u017a. We\u0142na merino ma to do siebie, \u017ce nadzwyczajnie wr\u0119cz grzeje i nie potrzebuje do tego by\u0107 gruba\u015bna. Mitenki w razie potrzeby &#8220;go\u0142ej r\u0119ki&#8221; mo\u017cna zsun\u0105c na nadgarstek miast zdejmowa\u0107 i zgubi\u0107, jak to mamy w zwyczaju ( ja mam). R\u0119kawiczki mam generalnie w rozmiarze S\/M i s\u0105 rozci\u0105gliwe, wi\u0119c o ile nie masz nadzwyczaj ma\u0142ych b\u0105d\u017a bardzo du\u017cych d\u0142oni (model nr 10), to powinny pasowa\u0107; D\u0142ugo\u015bciowo ka\u017cda jest ciut inna, r\u00f3\u017cnice widoczne na zdj\u0119ciach. Niekt\u00f3re r\u0119kawiczki maja wyd\u0142u\u017con\u0105 cz\u0119\u015b\u0107 g\u00f3rn\u0105, kt\u00f3ra nachodzi wysoko na palce i mo\u017cna je wywin\u0105\u0107 celem ukr\u00f3cenia procederu zakrywania. Co by tu jeszcze..? A! we\u0142na wysokogatunkowa upcyklowana, wi\u0119c to si\u0119 ceni, \u017ceby cudowne, lecznicze runo owieczek nie uleg\u0142o bezsensownej marnacji a mog\u0142o grza\u0107, zdobi\u0107 i sprawia\u0107 rado\u015b\u0107. Dla tych, co nie wiedzo jak si\u0119 z we\u0142n\u0105 obchodzi\u0107 szybko powiem, \u017ce najlepiej pra\u0107 r\u0119cznie kropelk\u0105 szamponu- to przecie\u017c w\u0142osy s\u0105! delikatnie wycisn\u0105\u0107 w r\u0119cznik i suszy\u0107 na p\u0142asko. Jak si\u0119 skulkuje obskuba\u0107 paluszkami z nud\u00f3w na przystanku albo wyczesa\u0107 np. star\u0105 szczoteczk\u0105 do z\u0119b\u00f3w. To nie poliester, ze po miesi\u0105cu wygl\u0105da\u0107 b\u0119dzie jak&#8230; poliestrowa r\u0119kawiczka noszona miesi\u0105c- sami wiecie zreszt\u0105, fujka! To jest wielosezonowy, praktyczny i pi\u0119kny bajer. Niech grzeje i cieszy!","og_url":"https:\/\/hooliganelf.pl\/pl\/shop\/szmery-bajery\/welniane-rekawiczki-amanitowe\/","og_site_name":"Hooligan Elf","article_publisher":"https:\/\/www.facebook.com\/HooliganElf\/","article_modified_time":"2024-11-16T17:16:01+00:00","og_image":[{"width":1629,"height":2560,"url":"https:\/\/hooliganelf.pl\/wp-content\/uploads\/2023\/12\/2-scaled.jpg","type":"image\/jpeg"}],"twitter_card":"summary_large_image","twitter_misc":{"Szacowany czas czytania":"2 minuty"},"schema":{"@context":"https:\/\/schema.org","@graph":[{"@type":"WebPage","@id":"https:\/\/hooliganelf.pl\/shop\/szmery-bajery\/welniane-rekawiczki-amanitowe\/","url":"https:\/\/hooliganelf.pl\/shop\/szmery-bajery\/welniane-rekawiczki-amanitowe\/","name":"We\u0142niane R\u0119kawiczki Amanitowe - Hooligan Elf","isPartOf":{"@id":"https:\/\/hooliganelf.pl\/#website"},"primaryImageOfPage":{"@id":"https:\/\/hooliganelf.pl\/shop\/szmery-bajery\/welniane-rekawiczki-amanitowe\/#primaryimage"},"image":{"@id":"https:\/\/hooliganelf.pl\/shop\/szmery-bajery\/welniane-rekawiczki-amanitowe\/#primaryimage"},"thumbnailUrl":"https:\/\/hooliganelf.pl\/wp-content\/uploads\/2023\/12\/2-scaled.jpg","datePublished":"2023-12-04T17:10:31+00:00","dateModified":"2024-11-16T17:16:01+00:00","breadcrumb":{"@id":"https:\/\/hooliganelf.pl\/shop\/szmery-bajery\/welniane-rekawiczki-amanitowe\/#breadcrumb"},"inLanguage":"pl-PL","potentialAction":[{"@type":"ReadAction","target":["https:\/\/hooliganelf.pl\/shop\/szmery-bajery\/welniane-rekawiczki-amanitowe\/"]}]},{"@type":"ImageObject","inLanguage":"pl-PL","@id":"https:\/\/hooliganelf.pl\/shop\/szmery-bajery\/welniane-rekawiczki-amanitowe\/#primaryimage","url":"https:\/\/hooliganelf.pl\/wp-content\/uploads\/2023\/12\/2-scaled.jpg","contentUrl":"https:\/\/hooliganelf.pl\/wp-content\/uploads\/2023\/12\/2-scaled.jpg","width":1629,"height":2560},{"@type":"BreadcrumbList","@id":"https:\/\/hooliganelf.pl\/shop\/szmery-bajery\/welniane-rekawiczki-amanitowe\/#breadcrumb","itemListElement":[{"@type":"ListItem","position":1,"name":"Strona g\u0142\u00f3wna","item":"https:\/\/hooliganelf.pl\/"},{"@type":"ListItem","position":2,"name":"Stragan","item":"https:\/\/hooliganelf.pl\/pl\/shop\/"},{"@type":"ListItem","position":3,"name":"We\u0142niane R\u0119kawiczki Amanitowe"}]},{"@type":"WebSite","@id":"https:\/\/hooliganelf.pl\/#website","url":"https:\/\/hooliganelf.pl\/","name":"Hooligan Elf","description":"Le\u015bne wymys\u0142y dzikiej kobiety","publisher":{"@id":"https:\/\/hooliganelf.pl\/#organization"},"potentialAction":[{"@type":"SearchAction","target":{"@type":"EntryPoint","urlTemplate":"https:\/\/hooliganelf.pl\/?s={search_term_string}"},"query-input":{"@type":"PropertyValueSpecification","valueRequired":true,"valueName":"search_term_string"}}],"inLanguage":"pl-PL"},{"@type":"Organization","@id":"https:\/\/hooliganelf.pl\/#organization","name":"Hooligan Elf","url":"https:\/\/hooliganelf.pl\/","logo":{"@type":"ImageObject","inLanguage":"pl-PL","@id":"https:\/\/hooliganelf.pl\/#\/schema\/logo\/image\/","url":"https:\/\/hooliganelf.pl\/wp-content\/uploads\/2021\/10\/logo-nowe-czarne-bez-tla.png","contentUrl":"https:\/\/hooliganelf.pl\/wp-content\/uploads\/2021\/10\/logo-nowe-czarne-bez-tla.png","width":1278,"height":735,"caption":"Hooligan Elf"},"image":{"@id":"https:\/\/hooliganelf.pl\/#\/schema\/logo\/image\/"},"sameAs":["https:\/\/www.facebook.com\/HooliganElf\/","https:\/\/www.instagram.com\/hooligan.elf\/"]}]}},"_links":{"self":[{"href":"https:\/\/hooliganelf.pl\/pl\/wp-json\/wp\/v2\/product\/2528","targetHints":{"allow":["GET"]}}],"collection":[{"href":"https:\/\/hooliganelf.pl\/pl\/wp-json\/wp\/v2\/product"}],"about":[{"href":"https:\/\/hooliganelf.pl\/pl\/wp-json\/wp\/v2\/types\/product"}],"replies":[{"embeddable":true,"href":"https:\/\/hooliganelf.pl\/pl\/wp-json\/wp\/v2\/comments?post=2528"}],"wp:featuredmedia":[{"embeddable":true,"href":"https:\/\/hooliganelf.pl\/pl\/wp-json\/wp\/v2\/media\/2542"}],"wp:attachment":[{"href":"https:\/\/hooliganelf.pl\/pl\/wp-json\/wp\/v2\/media?parent=2528"}],"wp:term":[{"taxonomy":"product_brand","embeddable":true,"href":"https:\/\/hooliganelf.pl\/pl\/wp-json\/wp\/v2\/product_brand?post=2528"},{"taxonomy":"product_cat","embeddable":true,"href":"https:\/\/hooliganelf.pl\/pl\/wp-json\/wp\/v2\/product_cat?post=2528"},{"taxonomy":"product_tag","embeddable":true,"href":"https:\/\/hooliganelf.pl\/pl\/wp-json\/wp\/v2\/product_tag?post=2528"}],"curies":[{"name":"wp","href":"https:\/\/api.w.org\/{rel}","templated":true}]}}