{"id":2593,"date":"2023-12-09T14:17:03","date_gmt":"2023-12-09T13:17:03","guid":{"rendered":"https:\/\/hooliganelf.pl\/?post_type=product&#038;p=2593"},"modified":"2026-01-14T07:31:17","modified_gmt":"2026-01-14T06:31:17","slug":"marokanskie-nerki","status":"publish","type":"product","link":"https:\/\/hooliganelf.pl\/pl\/shop\/szmery-bajery\/marokanskie-nerki\/","title":{"rendered":"Maroka\u0144skie Nerki"},"content":{"rendered":"<p>Oto one!<\/p>\n<p>Jedyne w swoim rodzaju, niepowtarzalne nerki r\u0119cznie robione przez maroka\u0144skich rzemie\u015blnik\u00f3w.<\/p>\n<p>Ka\u017cda nerka zdobiona jest antycznym, we\u0142nianym kawa\u0142kiem historii i sztuki w formie r\u0119cznie tkanego, berberskiego dywanu.<\/p>\n<p>Je\u015bli lubujesz si\u0119 w idealnych pod linijk\u0119 krojach, to sio, id\u017a dalej, bo tu nie ma takich rzeczy.<\/p>\n<p>Te nerki robione s\u0105 z stylu dzikim, autentycznie nieidealnym i kusz\u0105co tu\u0142aczym. Sk\u00f3ra ma to do siebie, \u017ce z czasem nabiera charakteru, mi\u0119knie i wch\u0142aniaj\u0105c t\u0142uszcze cia\u0142a zmienia kolor i dojrzewa z ka\u017cd\u0105 przygod\u0105. Ka\u017cda skaza j\u0105 uszlachetnia.<\/p>\n<p>Je\u015bli przyjdzie czas na czyszczenie, zwyczajnie przetrzyj j\u0105 benzyn\u0105 ekstrakcyjna a potem zabezpiecz dowolnym olejem ro\u015blinnym.<\/p>\n<p>&nbsp;<\/p>\n","protected":false},"excerpt":{"rendered":"<p>Oto one! Jedyne w swoim rodzaju, niepowtarzalne nerki r\u0119cznie robione przez maroka\u0144skich rzemie\u015blnik\u00f3w. Ka\u017cda nerka zdobiona jest antycznym, we\u0142nianym kawa\u0142kiem historii i sztuki w formie r\u0119cznie tkanego, berberskiego dywanu. Je\u015bli lubujesz si\u0119 w idealnych pod linijk\u0119 krojach, to sio, id\u017a dalej, bo tu nie ma takich rzeczy. Te nerki robione s\u0105 z stylu dzikim, autentycznie nieidealnym i kusz\u0105co tu\u0142aczym. Sk\u00f3ra ma to do siebie, \u017ce z czasem nabiera charakteru, mi\u0119knie i wch\u0142aniaj\u0105c t\u0142uszcze cia\u0142a zmienia kolor i dojrzewa z ka\u017cd\u0105 przygod\u0105. Ka\u017cda skaza j\u0105 uszlachetnia. Je\u015bli przyjdzie czas na czyszczenie, zwyczajnie przetrzyj j\u0105 benzyn\u0105 ekstrakcyjna a potem zabezpiecz dowolnym olejem ro\u015blinnym. &nbsp;<\/p>\n","protected":false},"featured_media":4984,"comment_status":"open","ping_status":"closed","template":"","meta":[],"product_brand":[],"product_cat":[45,21],"product_tag":[],"class_list":{"0":"post-2593","1":"product","2":"type-product","3":"status-publish","4":"has-post-thumbnail","6":"product_cat-nowosci","7":"product_cat-szmery-bajery","9":"first","10":"outofstock","11":"shipping-taxable","12":"purchasable","13":"product-type-variable"},"yoast_head":"<!-- This site is optimized with the Yoast SEO plugin v27.4 - https:\/\/yoast.com\/product\/yoast-seo-wordpress\/ -->\n<title>Maroka\u0144skie Nerki - Hooligan Elf<\/title>\n<meta name=\"robots\" content=\"index, follow, max-snippet:-1, max-image-preview:large, max-video-preview:-1\" \/>\n<link rel=\"canonical\" href=\"https:\/\/hooliganelf.pl\/pl\/shop\/szmery-bajery\/marokanskie-nerki\/\" \/>\n<meta property=\"og:locale\" content=\"pl_PL\" \/>\n<meta property=\"og:type\" content=\"article\" \/>\n<meta property=\"og:title\" content=\"Maroka\u0144skie Nerki - Hooligan Elf\" \/>\n<meta property=\"og:description\" content=\"Oto one! Jedyne w swoim rodzaju, niepowtarzalne nerki r\u0119cznie robione przez maroka\u0144skich rzemie\u015blnik\u00f3w. Ka\u017cda nerka zdobiona jest antycznym, we\u0142nianym kawa\u0142kiem historii i sztuki w formie r\u0119cznie tkanego, berberskiego dywanu. Je\u015bli lubujesz si\u0119 w idealnych pod linijk\u0119 krojach, to sio, id\u017a dalej, bo tu nie ma takich rzeczy. Te nerki robione s\u0105 z stylu dzikim, autentycznie nieidealnym i kusz\u0105co tu\u0142aczym. Sk\u00f3ra ma to do siebie, \u017ce z czasem nabiera charakteru, mi\u0119knie i wch\u0142aniaj\u0105c t\u0142uszcze cia\u0142a zmienia kolor i dojrzewa z ka\u017cd\u0105 przygod\u0105. Ka\u017cda skaza j\u0105 uszlachetnia. Je\u015bli przyjdzie czas na czyszczenie, zwyczajnie przetrzyj j\u0105 benzyn\u0105 ekstrakcyjna a potem zabezpiecz dowolnym olejem ro\u015blinnym. &nbsp;\" \/>\n<meta property=\"og:url\" content=\"https:\/\/hooliganelf.pl\/pl\/shop\/szmery-bajery\/marokanskie-nerki\/\" \/>\n<meta property=\"og:site_name\" content=\"Hooligan Elf\" \/>\n<meta property=\"article:publisher\" content=\"https:\/\/www.facebook.com\/HooliganElf\/\" \/>\n<meta property=\"article:modified_time\" content=\"2026-01-14T06:31:17+00:00\" \/>\n<meta property=\"og:image\" content=\"https:\/\/hooliganelf.pl\/wp-content\/uploads\/2023\/12\/WhatsApp-Image-2025-11-25-at-13.28.20-1-e1764083272715.jpeg\" \/>\n\t<meta property=\"og:image:width\" content=\"1144\" \/>\n\t<meta property=\"og:image:height\" content=\"1523\" \/>\n\t<meta property=\"og:image:type\" content=\"image\/jpeg\" \/>\n<meta name=\"twitter:card\" content=\"summary_large_image\" \/>\n<meta name=\"twitter:label1\" content=\"Szacowany czas czytania\" \/>\n\t<meta name=\"twitter:data1\" content=\"1 minuta\" \/>\n<script type=\"application\/ld+json\" class=\"yoast-schema-graph\">{\"@context\":\"https:\\\/\\\/schema.org\",\"@graph\":[{\"@type\":\"WebPage\",\"@id\":\"https:\\\/\\\/hooliganelf.pl\\\/shop\\\/szmery-bajery\\\/marokanskie-nerki\\\/\",\"url\":\"https:\\\/\\\/hooliganelf.pl\\\/shop\\\/szmery-bajery\\\/marokanskie-nerki\\\/\",\"name\":\"Maroka\u0144skie Nerki - Hooligan Elf\",\"isPartOf\":{\"@id\":\"https:\\\/\\\/hooliganelf.pl\\\/#website\"},\"primaryImageOfPage\":{\"@id\":\"https:\\\/\\\/hooliganelf.pl\\\/shop\\\/szmery-bajery\\\/marokanskie-nerki\\\/#primaryimage\"},\"image\":{\"@id\":\"https:\\\/\\\/hooliganelf.pl\\\/shop\\\/szmery-bajery\\\/marokanskie-nerki\\\/#primaryimage\"},\"thumbnailUrl\":\"https:\\\/\\\/hooliganelf.pl\\\/wp-content\\\/uploads\\\/2023\\\/12\\\/WhatsApp-Image-2025-11-25-at-13.28.20-1-e1764083272715.jpeg\",\"datePublished\":\"2023-12-09T13:17:03+00:00\",\"dateModified\":\"2026-01-14T06:31:17+00:00\",\"breadcrumb\":{\"@id\":\"https:\\\/\\\/hooliganelf.pl\\\/shop\\\/szmery-bajery\\\/marokanskie-nerki\\\/#breadcrumb\"},\"inLanguage\":\"pl-PL\",\"potentialAction\":[{\"@type\":\"ReadAction\",\"target\":[\"https:\\\/\\\/hooliganelf.pl\\\/shop\\\/szmery-bajery\\\/marokanskie-nerki\\\/\"]}]},{\"@type\":\"ImageObject\",\"inLanguage\":\"pl-PL\",\"@id\":\"https:\\\/\\\/hooliganelf.pl\\\/shop\\\/szmery-bajery\\\/marokanskie-nerki\\\/#primaryimage\",\"url\":\"https:\\\/\\\/hooliganelf.pl\\\/wp-content\\\/uploads\\\/2023\\\/12\\\/WhatsApp-Image-2025-11-25-at-13.28.20-1-e1764083272715.jpeg\",\"contentUrl\":\"https:\\\/\\\/hooliganelf.pl\\\/wp-content\\\/uploads\\\/2023\\\/12\\\/WhatsApp-Image-2025-11-25-at-13.28.20-1-e1764083272715.jpeg\",\"width\":1144,\"height\":1523},{\"@type\":\"BreadcrumbList\",\"@id\":\"https:\\\/\\\/hooliganelf.pl\\\/shop\\\/szmery-bajery\\\/marokanskie-nerki\\\/#breadcrumb\",\"itemListElement\":[{\"@type\":\"ListItem\",\"position\":1,\"name\":\"Strona g\u0142\u00f3wna\",\"item\":\"https:\\\/\\\/hooliganelf.pl\\\/\"},{\"@type\":\"ListItem\",\"position\":2,\"name\":\"Stragan\",\"item\":\"https:\\\/\\\/hooliganelf.pl\\\/pl\\\/shop\\\/\"},{\"@type\":\"ListItem\",\"position\":3,\"name\":\"Maroka\u0144skie Nerki\"}]},{\"@type\":\"WebSite\",\"@id\":\"https:\\\/\\\/hooliganelf.pl\\\/#website\",\"url\":\"https:\\\/\\\/hooliganelf.pl\\\/\",\"name\":\"Hooligan Elf\",\"description\":\"Le\u015bne wymys\u0142y dzikiej kobiety\",\"publisher\":{\"@id\":\"https:\\\/\\\/hooliganelf.pl\\\/#organization\"},\"potentialAction\":[{\"@type\":\"SearchAction\",\"target\":{\"@type\":\"EntryPoint\",\"urlTemplate\":\"https:\\\/\\\/hooliganelf.pl\\\/?s={search_term_string}\"},\"query-input\":{\"@type\":\"PropertyValueSpecification\",\"valueRequired\":true,\"valueName\":\"search_term_string\"}}],\"inLanguage\":\"pl-PL\"},{\"@type\":\"Organization\",\"@id\":\"https:\\\/\\\/hooliganelf.pl\\\/#organization\",\"name\":\"Hooligan Elf\",\"url\":\"https:\\\/\\\/hooliganelf.pl\\\/\",\"logo\":{\"@type\":\"ImageObject\",\"inLanguage\":\"pl-PL\",\"@id\":\"https:\\\/\\\/hooliganelf.pl\\\/#\\\/schema\\\/logo\\\/image\\\/\",\"url\":\"https:\\\/\\\/hooliganelf.pl\\\/wp-content\\\/uploads\\\/2021\\\/10\\\/logo-nowe-czarne-bez-tla.png\",\"contentUrl\":\"https:\\\/\\\/hooliganelf.pl\\\/wp-content\\\/uploads\\\/2021\\\/10\\\/logo-nowe-czarne-bez-tla.png\",\"width\":1278,\"height\":735,\"caption\":\"Hooligan Elf\"},\"image\":{\"@id\":\"https:\\\/\\\/hooliganelf.pl\\\/#\\\/schema\\\/logo\\\/image\\\/\"},\"sameAs\":[\"https:\\\/\\\/www.facebook.com\\\/HooliganElf\\\/\",\"https:\\\/\\\/www.instagram.com\\\/hooligan.elf\\\/\"]}]}<\/script>\n<!-- \/ Yoast SEO plugin. -->","yoast_head_json":{"title":"Maroka\u0144skie Nerki - Hooligan Elf","robots":{"index":"index","follow":"follow","max-snippet":"max-snippet:-1","max-image-preview":"max-image-preview:large","max-video-preview":"max-video-preview:-1"},"canonical":"https:\/\/hooliganelf.pl\/pl\/shop\/szmery-bajery\/marokanskie-nerki\/","og_locale":"pl_PL","og_type":"article","og_title":"Maroka\u0144skie Nerki - Hooligan Elf","og_description":"Oto one! Jedyne w swoim rodzaju, niepowtarzalne nerki r\u0119cznie robione przez maroka\u0144skich rzemie\u015blnik\u00f3w. Ka\u017cda nerka zdobiona jest antycznym, we\u0142nianym kawa\u0142kiem historii i sztuki w formie r\u0119cznie tkanego, berberskiego dywanu. Je\u015bli lubujesz si\u0119 w idealnych pod linijk\u0119 krojach, to sio, id\u017a dalej, bo tu nie ma takich rzeczy. Te nerki robione s\u0105 z stylu dzikim, autentycznie nieidealnym i kusz\u0105co tu\u0142aczym. Sk\u00f3ra ma to do siebie, \u017ce z czasem nabiera charakteru, mi\u0119knie i wch\u0142aniaj\u0105c t\u0142uszcze cia\u0142a zmienia kolor i dojrzewa z ka\u017cd\u0105 przygod\u0105. Ka\u017cda skaza j\u0105 uszlachetnia. Je\u015bli przyjdzie czas na czyszczenie, zwyczajnie przetrzyj j\u0105 benzyn\u0105 ekstrakcyjna a potem zabezpiecz dowolnym olejem ro\u015blinnym. &nbsp;","og_url":"https:\/\/hooliganelf.pl\/pl\/shop\/szmery-bajery\/marokanskie-nerki\/","og_site_name":"Hooligan Elf","article_publisher":"https:\/\/www.facebook.com\/HooliganElf\/","article_modified_time":"2026-01-14T06:31:17+00:00","og_image":[{"width":1144,"height":1523,"url":"https:\/\/hooliganelf.pl\/wp-content\/uploads\/2023\/12\/WhatsApp-Image-2025-11-25-at-13.28.20-1-e1764083272715.jpeg","type":"image\/jpeg"}],"twitter_card":"summary_large_image","twitter_misc":{"Szacowany czas czytania":"1 minuta"},"schema":{"@context":"https:\/\/schema.org","@graph":[{"@type":"WebPage","@id":"https:\/\/hooliganelf.pl\/shop\/szmery-bajery\/marokanskie-nerki\/","url":"https:\/\/hooliganelf.pl\/shop\/szmery-bajery\/marokanskie-nerki\/","name":"Maroka\u0144skie Nerki - Hooligan Elf","isPartOf":{"@id":"https:\/\/hooliganelf.pl\/#website"},"primaryImageOfPage":{"@id":"https:\/\/hooliganelf.pl\/shop\/szmery-bajery\/marokanskie-nerki\/#primaryimage"},"image":{"@id":"https:\/\/hooliganelf.pl\/shop\/szmery-bajery\/marokanskie-nerki\/#primaryimage"},"thumbnailUrl":"https:\/\/hooliganelf.pl\/wp-content\/uploads\/2023\/12\/WhatsApp-Image-2025-11-25-at-13.28.20-1-e1764083272715.jpeg","datePublished":"2023-12-09T13:17:03+00:00","dateModified":"2026-01-14T06:31:17+00:00","breadcrumb":{"@id":"https:\/\/hooliganelf.pl\/shop\/szmery-bajery\/marokanskie-nerki\/#breadcrumb"},"inLanguage":"pl-PL","potentialAction":[{"@type":"ReadAction","target":["https:\/\/hooliganelf.pl\/shop\/szmery-bajery\/marokanskie-nerki\/"]}]},{"@type":"ImageObject","inLanguage":"pl-PL","@id":"https:\/\/hooliganelf.pl\/shop\/szmery-bajery\/marokanskie-nerki\/#primaryimage","url":"https:\/\/hooliganelf.pl\/wp-content\/uploads\/2023\/12\/WhatsApp-Image-2025-11-25-at-13.28.20-1-e1764083272715.jpeg","contentUrl":"https:\/\/hooliganelf.pl\/wp-content\/uploads\/2023\/12\/WhatsApp-Image-2025-11-25-at-13.28.20-1-e1764083272715.jpeg","width":1144,"height":1523},{"@type":"BreadcrumbList","@id":"https:\/\/hooliganelf.pl\/shop\/szmery-bajery\/marokanskie-nerki\/#breadcrumb","itemListElement":[{"@type":"ListItem","position":1,"name":"Strona g\u0142\u00f3wna","item":"https:\/\/hooliganelf.pl\/"},{"@type":"ListItem","position":2,"name":"Stragan","item":"https:\/\/hooliganelf.pl\/pl\/shop\/"},{"@type":"ListItem","position":3,"name":"Maroka\u0144skie Nerki"}]},{"@type":"WebSite","@id":"https:\/\/hooliganelf.pl\/#website","url":"https:\/\/hooliganelf.pl\/","name":"Hooligan Elf","description":"Le\u015bne wymys\u0142y dzikiej kobiety","publisher":{"@id":"https:\/\/hooliganelf.pl\/#organization"},"potentialAction":[{"@type":"SearchAction","target":{"@type":"EntryPoint","urlTemplate":"https:\/\/hooliganelf.pl\/?s={search_term_string}"},"query-input":{"@type":"PropertyValueSpecification","valueRequired":true,"valueName":"search_term_string"}}],"inLanguage":"pl-PL"},{"@type":"Organization","@id":"https:\/\/hooliganelf.pl\/#organization","name":"Hooligan Elf","url":"https:\/\/hooliganelf.pl\/","logo":{"@type":"ImageObject","inLanguage":"pl-PL","@id":"https:\/\/hooliganelf.pl\/#\/schema\/logo\/image\/","url":"https:\/\/hooliganelf.pl\/wp-content\/uploads\/2021\/10\/logo-nowe-czarne-bez-tla.png","contentUrl":"https:\/\/hooliganelf.pl\/wp-content\/uploads\/2021\/10\/logo-nowe-czarne-bez-tla.png","width":1278,"height":735,"caption":"Hooligan Elf"},"image":{"@id":"https:\/\/hooliganelf.pl\/#\/schema\/logo\/image\/"},"sameAs":["https:\/\/www.facebook.com\/HooliganElf\/","https:\/\/www.instagram.com\/hooligan.elf\/"]}]}},"_links":{"self":[{"href":"https:\/\/hooliganelf.pl\/pl\/wp-json\/wp\/v2\/product\/2593","targetHints":{"allow":["GET"]}}],"collection":[{"href":"https:\/\/hooliganelf.pl\/pl\/wp-json\/wp\/v2\/product"}],"about":[{"href":"https:\/\/hooliganelf.pl\/pl\/wp-json\/wp\/v2\/types\/product"}],"replies":[{"embeddable":true,"href":"https:\/\/hooliganelf.pl\/pl\/wp-json\/wp\/v2\/comments?post=2593"}],"wp:featuredmedia":[{"embeddable":true,"href":"https:\/\/hooliganelf.pl\/pl\/wp-json\/wp\/v2\/media\/4984"}],"wp:attachment":[{"href":"https:\/\/hooliganelf.pl\/pl\/wp-json\/wp\/v2\/media?parent=2593"}],"wp:term":[{"taxonomy":"product_brand","embeddable":true,"href":"https:\/\/hooliganelf.pl\/pl\/wp-json\/wp\/v2\/product_brand?post=2593"},{"taxonomy":"product_cat","embeddable":true,"href":"https:\/\/hooliganelf.pl\/pl\/wp-json\/wp\/v2\/product_cat?post=2593"},{"taxonomy":"product_tag","embeddable":true,"href":"https:\/\/hooliganelf.pl\/pl\/wp-json\/wp\/v2\/product_tag?post=2593"}],"curies":[{"name":"wp","href":"https:\/\/api.w.org\/{rel}","templated":true}]}}