{"id":3018,"date":"2024-04-13T15:53:47","date_gmt":"2024-04-13T13:53:47","guid":{"rendered":"https:\/\/hooliganelf.pl\/?post_type=product&#038;p=3018"},"modified":"2025-12-29T12:50:17","modified_gmt":"2025-12-29T11:50:17","slug":"salvation-balm-tattoo","status":"publish","type":"product","link":"https:\/\/hooliganelf.pl\/pl\/shop\/praktyczne-mazidla\/salvation-balm-tattoo\/","title":{"rendered":"Salvation Balm Tattoo"},"content":{"rendered":"<p>Kuzyn os\u0142awionego \ud83d\ude09 Salvation Balm, kt\u00f3ry w niczym nie ust\u0119puje swojemu poprzednikowi.<\/p>\n<p>Salvation Balm Tattoo czerpie z m\u0105dro\u015bci zbawiennych w\u0142a\u015bciwo\u015bci rodu i dorzuca do swoich umiej\u0119tno\u015bci potrojon\u0105 moc regeneracji i przep\u0119dzania zarazy akysz!<\/p>\n<p><strong>\u017bywica \u015awierkowa,<\/strong> kt\u00f3rej to w\u0142a\u015bnie nale\u017c\u0105 si\u0119 pok\u0142ony, to i\u015bcie le\u015bny plaster opatrunkowy. Zawiera w sobie skarbnic\u0119 terpenoid\u00f3w i innych pinorezynoli, kt\u00f3re s\u0105 jak balsam dla duszy i jednocze\u015bnie siekiera na patogeny.<\/p>\n<p>Dobrze wiemy, \u017ce drzewa w swojej m\u0105dro\u015bci wytwarzaj\u0105 cudowne lekarstwa na swoje rany i my za ich pozwoleniem korzystamy z tych dobrodziejstw.<\/p>\n<p>Tatua\u017ce, czyli rany, kt\u00f3re robimy sobie na w\u0142asne \u017cyczenie, goj\u0105 si\u0119 z t\u0105 ma\u015bci\u0105 arcy dobrze i arcy szybko.<\/p>\n<p>Dziarki pokryte s\u0105 opieku\u0144cz\u0105 warstewk\u0105, ale nie klej\u0105 si\u0119.<\/p>\n<p>Odczuwalny efekt znieczulaj\u0105co-ch\u0142odz\u0105cy\u00a0 daje nam <strong>ekstrakt z mi\u0119ty<\/strong>.<\/p>\n<p>Zimnot\u0142oczony <strong>olej lniany, kokosowy i mas\u0142o shea<\/strong> zajmuj\u0105 si\u0119 piel\u0119gnacj\u0105 i przyspieszeniem odbudowy zdrowego nask\u00f3rka.<\/p>\n<p><strong>Wosk pszczeli<\/strong> to d\u0142ugo by wymienia\u0107, ale czego to on nie robi.. pilnuje, ca\u0142uje, g\u0142aszcze i mieczem macha precz zarazie.<\/p>\n<p><strong>Panthenol<\/strong> zakasa r\u0119kawy, \u017ceby odbudowa sk\u00f3ry sz\u0142a wartko- \u00a0dzia\u0142a przeciwzapalnie, przyspiesza procesy regeneracji , \u0142agodzi podra\u017cnienia, poprawia mo\u017cliwo\u015b\u0107 wi\u0105zania wody przez keratyn\u0119 (czyli nawil\u017ca \ud83d\ude09<\/p>\n<p><strong>Kwas Salicylowy<\/strong> do zada\u0144 przeciwzapalnych, przeciwb\u00f3lowych i antybakteryjnych, dodatkowo wspomaga wymian\u0119 obumar\u0142ego nask\u00f3rka na nowiutki.<\/p>\n<p><strong>Witamina A i E<\/strong> kibicuj\u0105 reszcie i przyspieszaj\u0105 odnow\u0119, wzmacniaj\u0105 funkcj\u0119 ochronn\u0105 i zmniejszaj\u0105 utrat\u0119 wody ze sk\u00f3ry.<\/p>\n<p>Oczywi\u015bcie powiedzenie, \u017ce ta ma\u015b\u0107 nadaje si\u0119 wy\u0142\u0105cznie do gojenia tatua\u017cy by\u0142oby wielkim uproszczeniem, bo jej wszechstronno\u015b\u0107 jest wr\u0119cz onie\u015bmielaj\u0105ca. Mo\u017cna ni\u0105 r\u00f3wnie\u017c smarowa\u0107 bol\u0105ce stawy i mi\u0119\u015bnie, klatk\u0119 piersiow\u0105, wszelkie egzemy i rany powierzchowne, zapalenia czy grzybice.<\/p>\n<p>&nbsp;<\/p>\n<blockquote>\n<p style=\"text-align: center;\"><em><strong>Smaruj cienk\u0105 warstw\u0105 gdzie b\u0105d\u017a<\/strong><\/em><\/p>\n<p style=\"text-align: center;\"><em><strong> dzi\u0119kuj\u0105c pszczo\u0142om i drzewom za lekarstwo<\/strong><\/em><\/p>\n<p>&nbsp;<\/p><\/blockquote>\n<p>Dost\u0119pne dwie pojemno\u015bci 15ml na tyci\u0105, ma\u0142\u0105 i \u015bredni\u0105 dziark\u0119, 60ml na wi\u0119ksz\u0105 i olbrzymi\u0105 albo dla tych, co podchodz\u0105 realistycznie do \u017cycia i wiedz\u0105, \u017ce na jednej ma\u0142ej si\u0119 nie sko\u0144czy \ud83d\ude09 Ma\u015b\u0107 jest bardzo wydajna!<\/p>\n<blockquote><p>&nbsp;<\/p><\/blockquote>\n<p>pssst! do mycia \u015bwie\u017cych tatua\u017cy baaardzo polecam <a href=\"https:\/\/hooliganelf.pl\/pl\/shop\/praktyczne-mazidla\/czyste-bloto\/\">Czyste B\u0142oto<\/a>! Zmywa tylko to co sk\u00f3rze zb\u0119dne. Dzia\u0142a \u015bci\u0105gaj\u0105co, antyseptycznie i \u0142agodz\u0105co. Nie przeszkadza w procesach regeneracyjnych i nie zmienia PH sk\u00f3ry.<\/p>\n<p>&nbsp;<\/p>\n","protected":false},"excerpt":{"rendered":"<p>Nadzwyczajna ma\u015b\u0107 do tatua\u017cy z \u017cywic\u0105 \u015bwierkow\u0105<\/p>\n","protected":false},"featured_media":3022,"comment_status":"open","ping_status":"closed","template":"","meta":[],"product_brand":[],"product_cat":[18],"product_tag":[],"class_list":{"0":"post-3018","1":"product","2":"type-product","3":"status-publish","4":"has-post-thumbnail","6":"product_cat-praktyczne-mazidla","8":"first","9":"outofstock","10":"shipping-taxable","11":"purchasable","12":"product-type-variable"},"yoast_head":"<!-- This site is optimized with the Yoast SEO plugin v27.4 - https:\/\/yoast.com\/product\/yoast-seo-wordpress\/ -->\n<title>Salvation Balm Tattoo - Hooligan Elf<\/title>\n<meta name=\"description\" content=\"Nadzwyczajna ma\u015b\u0107 do tatua\u017cy z \u017cywic\u0105 \u015bwierkow\u0105\" \/>\n<meta name=\"robots\" content=\"index, follow, max-snippet:-1, max-image-preview:large, max-video-preview:-1\" \/>\n<link rel=\"canonical\" href=\"https:\/\/hooliganelf.pl\/pl\/shop\/praktyczne-mazidla\/salvation-balm-tattoo\/\" \/>\n<meta property=\"og:locale\" content=\"pl_PL\" \/>\n<meta property=\"og:type\" content=\"article\" \/>\n<meta property=\"og:title\" content=\"Salvation Balm Tattoo - Hooligan Elf\" \/>\n<meta property=\"og:description\" content=\"Nadzwyczajna ma\u015b\u0107 do tatua\u017cy z \u017cywic\u0105 \u015bwierkow\u0105\" \/>\n<meta property=\"og:url\" content=\"https:\/\/hooliganelf.pl\/pl\/shop\/praktyczne-mazidla\/salvation-balm-tattoo\/\" \/>\n<meta property=\"og:site_name\" content=\"Hooligan Elf\" \/>\n<meta property=\"article:publisher\" content=\"https:\/\/www.facebook.com\/HooliganElf\/\" \/>\n<meta property=\"article:modified_time\" content=\"2025-12-29T11:50:17+00:00\" \/>\n<meta property=\"og:image\" content=\"https:\/\/hooliganelf.pl\/wp-content\/uploads\/2024\/04\/WhatsApp-Image-2024-04-13-at-15.53.05.jpeg\" \/>\n\t<meta property=\"og:image:width\" content=\"1862\" \/>\n\t<meta property=\"og:image:height\" content=\"2048\" \/>\n\t<meta property=\"og:image:type\" content=\"image\/jpeg\" \/>\n<meta name=\"twitter:card\" content=\"summary_large_image\" \/>\n<meta name=\"twitter:label1\" content=\"Szacowany czas czytania\" \/>\n\t<meta name=\"twitter:data1\" content=\"2 minuty\" \/>\n<script type=\"application\/ld+json\" class=\"yoast-schema-graph\">{\"@context\":\"https:\\\/\\\/schema.org\",\"@graph\":[{\"@type\":\"WebPage\",\"@id\":\"https:\\\/\\\/hooliganelf.pl\\\/shop\\\/praktyczne-mazidla\\\/salvation-balm-tattoo\\\/\",\"url\":\"https:\\\/\\\/hooliganelf.pl\\\/shop\\\/praktyczne-mazidla\\\/salvation-balm-tattoo\\\/\",\"name\":\"Salvation Balm Tattoo - Hooligan Elf\",\"isPartOf\":{\"@id\":\"https:\\\/\\\/hooliganelf.pl\\\/#website\"},\"primaryImageOfPage\":{\"@id\":\"https:\\\/\\\/hooliganelf.pl\\\/shop\\\/praktyczne-mazidla\\\/salvation-balm-tattoo\\\/#primaryimage\"},\"image\":{\"@id\":\"https:\\\/\\\/hooliganelf.pl\\\/shop\\\/praktyczne-mazidla\\\/salvation-balm-tattoo\\\/#primaryimage\"},\"thumbnailUrl\":\"https:\\\/\\\/hooliganelf.pl\\\/wp-content\\\/uploads\\\/2024\\\/04\\\/WhatsApp-Image-2024-04-13-at-15.53.05.jpeg\",\"datePublished\":\"2024-04-13T13:53:47+00:00\",\"dateModified\":\"2025-12-29T11:50:17+00:00\",\"description\":\"Nadzwyczajna ma\u015b\u0107 do tatua\u017cy z \u017cywic\u0105 \u015bwierkow\u0105\",\"breadcrumb\":{\"@id\":\"https:\\\/\\\/hooliganelf.pl\\\/shop\\\/praktyczne-mazidla\\\/salvation-balm-tattoo\\\/#breadcrumb\"},\"inLanguage\":\"pl-PL\",\"potentialAction\":[{\"@type\":\"ReadAction\",\"target\":[\"https:\\\/\\\/hooliganelf.pl\\\/shop\\\/praktyczne-mazidla\\\/salvation-balm-tattoo\\\/\"]}]},{\"@type\":\"ImageObject\",\"inLanguage\":\"pl-PL\",\"@id\":\"https:\\\/\\\/hooliganelf.pl\\\/shop\\\/praktyczne-mazidla\\\/salvation-balm-tattoo\\\/#primaryimage\",\"url\":\"https:\\\/\\\/hooliganelf.pl\\\/wp-content\\\/uploads\\\/2024\\\/04\\\/WhatsApp-Image-2024-04-13-at-15.53.05.jpeg\",\"contentUrl\":\"https:\\\/\\\/hooliganelf.pl\\\/wp-content\\\/uploads\\\/2024\\\/04\\\/WhatsApp-Image-2024-04-13-at-15.53.05.jpeg\",\"width\":1862,\"height\":2048},{\"@type\":\"BreadcrumbList\",\"@id\":\"https:\\\/\\\/hooliganelf.pl\\\/shop\\\/praktyczne-mazidla\\\/salvation-balm-tattoo\\\/#breadcrumb\",\"itemListElement\":[{\"@type\":\"ListItem\",\"position\":1,\"name\":\"Strona g\u0142\u00f3wna\",\"item\":\"https:\\\/\\\/hooliganelf.pl\\\/\"},{\"@type\":\"ListItem\",\"position\":2,\"name\":\"Stragan\",\"item\":\"https:\\\/\\\/hooliganelf.pl\\\/pl\\\/shop\\\/\"},{\"@type\":\"ListItem\",\"position\":3,\"name\":\"Salvation Balm Tattoo\"}]},{\"@type\":\"WebSite\",\"@id\":\"https:\\\/\\\/hooliganelf.pl\\\/#website\",\"url\":\"https:\\\/\\\/hooliganelf.pl\\\/\",\"name\":\"Hooligan Elf\",\"description\":\"Le\u015bne wymys\u0142y dzikiej kobiety\",\"publisher\":{\"@id\":\"https:\\\/\\\/hooliganelf.pl\\\/#organization\"},\"potentialAction\":[{\"@type\":\"SearchAction\",\"target\":{\"@type\":\"EntryPoint\",\"urlTemplate\":\"https:\\\/\\\/hooliganelf.pl\\\/?s={search_term_string}\"},\"query-input\":{\"@type\":\"PropertyValueSpecification\",\"valueRequired\":true,\"valueName\":\"search_term_string\"}}],\"inLanguage\":\"pl-PL\"},{\"@type\":\"Organization\",\"@id\":\"https:\\\/\\\/hooliganelf.pl\\\/#organization\",\"name\":\"Hooligan Elf\",\"url\":\"https:\\\/\\\/hooliganelf.pl\\\/\",\"logo\":{\"@type\":\"ImageObject\",\"inLanguage\":\"pl-PL\",\"@id\":\"https:\\\/\\\/hooliganelf.pl\\\/#\\\/schema\\\/logo\\\/image\\\/\",\"url\":\"https:\\\/\\\/hooliganelf.pl\\\/wp-content\\\/uploads\\\/2021\\\/10\\\/logo-nowe-czarne-bez-tla.png\",\"contentUrl\":\"https:\\\/\\\/hooliganelf.pl\\\/wp-content\\\/uploads\\\/2021\\\/10\\\/logo-nowe-czarne-bez-tla.png\",\"width\":1278,\"height\":735,\"caption\":\"Hooligan Elf\"},\"image\":{\"@id\":\"https:\\\/\\\/hooliganelf.pl\\\/#\\\/schema\\\/logo\\\/image\\\/\"},\"sameAs\":[\"https:\\\/\\\/www.facebook.com\\\/HooliganElf\\\/\",\"https:\\\/\\\/www.instagram.com\\\/hooligan.elf\\\/\"]}]}<\/script>\n<!-- \/ Yoast SEO plugin. -->","yoast_head_json":{"title":"Salvation Balm Tattoo - Hooligan Elf","description":"Nadzwyczajna ma\u015b\u0107 do tatua\u017cy z \u017cywic\u0105 \u015bwierkow\u0105","robots":{"index":"index","follow":"follow","max-snippet":"max-snippet:-1","max-image-preview":"max-image-preview:large","max-video-preview":"max-video-preview:-1"},"canonical":"https:\/\/hooliganelf.pl\/pl\/shop\/praktyczne-mazidla\/salvation-balm-tattoo\/","og_locale":"pl_PL","og_type":"article","og_title":"Salvation Balm Tattoo - Hooligan Elf","og_description":"Nadzwyczajna ma\u015b\u0107 do tatua\u017cy z \u017cywic\u0105 \u015bwierkow\u0105","og_url":"https:\/\/hooliganelf.pl\/pl\/shop\/praktyczne-mazidla\/salvation-balm-tattoo\/","og_site_name":"Hooligan Elf","article_publisher":"https:\/\/www.facebook.com\/HooliganElf\/","article_modified_time":"2025-12-29T11:50:17+00:00","og_image":[{"width":1862,"height":2048,"url":"https:\/\/hooliganelf.pl\/wp-content\/uploads\/2024\/04\/WhatsApp-Image-2024-04-13-at-15.53.05.jpeg","type":"image\/jpeg"}],"twitter_card":"summary_large_image","twitter_misc":{"Szacowany czas czytania":"2 minuty"},"schema":{"@context":"https:\/\/schema.org","@graph":[{"@type":"WebPage","@id":"https:\/\/hooliganelf.pl\/shop\/praktyczne-mazidla\/salvation-balm-tattoo\/","url":"https:\/\/hooliganelf.pl\/shop\/praktyczne-mazidla\/salvation-balm-tattoo\/","name":"Salvation Balm Tattoo - Hooligan Elf","isPartOf":{"@id":"https:\/\/hooliganelf.pl\/#website"},"primaryImageOfPage":{"@id":"https:\/\/hooliganelf.pl\/shop\/praktyczne-mazidla\/salvation-balm-tattoo\/#primaryimage"},"image":{"@id":"https:\/\/hooliganelf.pl\/shop\/praktyczne-mazidla\/salvation-balm-tattoo\/#primaryimage"},"thumbnailUrl":"https:\/\/hooliganelf.pl\/wp-content\/uploads\/2024\/04\/WhatsApp-Image-2024-04-13-at-15.53.05.jpeg","datePublished":"2024-04-13T13:53:47+00:00","dateModified":"2025-12-29T11:50:17+00:00","description":"Nadzwyczajna ma\u015b\u0107 do tatua\u017cy z \u017cywic\u0105 \u015bwierkow\u0105","breadcrumb":{"@id":"https:\/\/hooliganelf.pl\/shop\/praktyczne-mazidla\/salvation-balm-tattoo\/#breadcrumb"},"inLanguage":"pl-PL","potentialAction":[{"@type":"ReadAction","target":["https:\/\/hooliganelf.pl\/shop\/praktyczne-mazidla\/salvation-balm-tattoo\/"]}]},{"@type":"ImageObject","inLanguage":"pl-PL","@id":"https:\/\/hooliganelf.pl\/shop\/praktyczne-mazidla\/salvation-balm-tattoo\/#primaryimage","url":"https:\/\/hooliganelf.pl\/wp-content\/uploads\/2024\/04\/WhatsApp-Image-2024-04-13-at-15.53.05.jpeg","contentUrl":"https:\/\/hooliganelf.pl\/wp-content\/uploads\/2024\/04\/WhatsApp-Image-2024-04-13-at-15.53.05.jpeg","width":1862,"height":2048},{"@type":"BreadcrumbList","@id":"https:\/\/hooliganelf.pl\/shop\/praktyczne-mazidla\/salvation-balm-tattoo\/#breadcrumb","itemListElement":[{"@type":"ListItem","position":1,"name":"Strona g\u0142\u00f3wna","item":"https:\/\/hooliganelf.pl\/"},{"@type":"ListItem","position":2,"name":"Stragan","item":"https:\/\/hooliganelf.pl\/pl\/shop\/"},{"@type":"ListItem","position":3,"name":"Salvation Balm Tattoo"}]},{"@type":"WebSite","@id":"https:\/\/hooliganelf.pl\/#website","url":"https:\/\/hooliganelf.pl\/","name":"Hooligan Elf","description":"Le\u015bne wymys\u0142y dzikiej kobiety","publisher":{"@id":"https:\/\/hooliganelf.pl\/#organization"},"potentialAction":[{"@type":"SearchAction","target":{"@type":"EntryPoint","urlTemplate":"https:\/\/hooliganelf.pl\/?s={search_term_string}"},"query-input":{"@type":"PropertyValueSpecification","valueRequired":true,"valueName":"search_term_string"}}],"inLanguage":"pl-PL"},{"@type":"Organization","@id":"https:\/\/hooliganelf.pl\/#organization","name":"Hooligan Elf","url":"https:\/\/hooliganelf.pl\/","logo":{"@type":"ImageObject","inLanguage":"pl-PL","@id":"https:\/\/hooliganelf.pl\/#\/schema\/logo\/image\/","url":"https:\/\/hooliganelf.pl\/wp-content\/uploads\/2021\/10\/logo-nowe-czarne-bez-tla.png","contentUrl":"https:\/\/hooliganelf.pl\/wp-content\/uploads\/2021\/10\/logo-nowe-czarne-bez-tla.png","width":1278,"height":735,"caption":"Hooligan Elf"},"image":{"@id":"https:\/\/hooliganelf.pl\/#\/schema\/logo\/image\/"},"sameAs":["https:\/\/www.facebook.com\/HooliganElf\/","https:\/\/www.instagram.com\/hooligan.elf\/"]}]}},"_links":{"self":[{"href":"https:\/\/hooliganelf.pl\/pl\/wp-json\/wp\/v2\/product\/3018","targetHints":{"allow":["GET"]}}],"collection":[{"href":"https:\/\/hooliganelf.pl\/pl\/wp-json\/wp\/v2\/product"}],"about":[{"href":"https:\/\/hooliganelf.pl\/pl\/wp-json\/wp\/v2\/types\/product"}],"replies":[{"embeddable":true,"href":"https:\/\/hooliganelf.pl\/pl\/wp-json\/wp\/v2\/comments?post=3018"}],"wp:featuredmedia":[{"embeddable":true,"href":"https:\/\/hooliganelf.pl\/pl\/wp-json\/wp\/v2\/media\/3022"}],"wp:attachment":[{"href":"https:\/\/hooliganelf.pl\/pl\/wp-json\/wp\/v2\/media?parent=3018"}],"wp:term":[{"taxonomy":"product_brand","embeddable":true,"href":"https:\/\/hooliganelf.pl\/pl\/wp-json\/wp\/v2\/product_brand?post=3018"},{"taxonomy":"product_cat","embeddable":true,"href":"https:\/\/hooliganelf.pl\/pl\/wp-json\/wp\/v2\/product_cat?post=3018"},{"taxonomy":"product_tag","embeddable":true,"href":"https:\/\/hooliganelf.pl\/pl\/wp-json\/wp\/v2\/product_tag?post=3018"}],"curies":[{"name":"wp","href":"https:\/\/api.w.org\/{rel}","templated":true}]}}