{"id":3042,"date":"2024-04-18T12:59:46","date_gmt":"2024-04-18T10:59:46","guid":{"rendered":"https:\/\/hooliganelf.pl\/?post_type=product&#038;p=3042"},"modified":"2026-04-15T15:10:56","modified_gmt":"2026-04-15T13:10:56","slug":"kremistrz","status":"publish","type":"product","link":"https:\/\/hooliganelf.pl\/pl\/shop\/praktyczne-mazidla\/kremistrz\/","title":{"rendered":"KreMistrz"},"content":{"rendered":"<p>Krem lekki, \u0142agodz\u0105cy, nawil\u017caj\u0105co- matuj\u0105cy, ratuj\u0105cy ale nie przyt\u0142aczaj\u0105cy.<\/p>\n<p><em>By\u0107 mo\u017ce to TEN krem, ktorego szuka\u0142a\u015b.. \ud83d\ude09<\/em><\/p>\n<p>\u017beby si\u0119 sk\u00f3ra nie czerwieni\u0142a, nie \u015bwieci\u0142a, nie suszy\u0142a, nie p\u0142aka\u0142a; \u017ceby za du\u017co na niej le\u017ca\u0142o i oddycha\u0107 mog\u0142a, \u017ceby syfki nie przychodzi\u0142y i \u017ceby przebarwienia wychodzi\u0142y.<\/p>\n<p><strong>Wchodzi w sk\u0142ad zestawu piel\u0119gnacyjnego <a href=\"https:\/\/hooliganelf.pl\/shop\/skladaki-podarunkowe\/skladak-w-strojnej-tekturze\/zestaw-swieta-prostota\/\">\u015awi\u0119ta Prostota<\/a> &lt;klik, \u017ceby poczyta\u0107<\/strong><\/p>\n<p><em>Aloes, zimnot\u0142oczony olej z maku i lnu, macerat z szafranu, shea, alantoina,\u00a0 skwalan z oliwek, krzemu dwutlenek, wit E. <strong>Wystarczy<\/strong>! bo w ka\u017cdym z tych sk\u0142adnik\u00f3w jest masa innych skladnik\u00f3w kryj\u0105cych si\u0119 pod tym jednym s\u0142owem.<\/em><\/p>\n<p>&gt;&gt;Poczytaj opinie poni\u017cej&lt;&lt;<\/p>\n<p>&nbsp;<\/p>\n","protected":false},"excerpt":{"rendered":"<p>Krem lekki, \u0142agodz\u0105cy, nawil\u017caj\u0105co- matuj\u0105cy, ratuj\u0105cy ale nie przyt\u0142aczaj\u0105cy. By\u0107 mo\u017ce to TEN krem, ktorego szuka\u0142a\u015b.. \ud83d\ude09 \u017beby si\u0119 sk\u00f3ra nie czerwieni\u0142a, nie \u015bwieci\u0142a, nie suszy\u0142a, nie p\u0142aka\u0142a; \u017ceby za du\u017co na niej le\u017ca\u0142o i oddycha\u0107 mog\u0142a, \u017ceby syfki nie przychodzi\u0142y i \u017ceby przebarwienia wychodzi\u0142y. Wchodzi w sk\u0142ad zestawu piel\u0119gnacyjnego \u015awi\u0119ta Prostota &lt;klik, \u017ceby poczyta\u0107 Aloes, zimnot\u0142oczony olej z maku i lnu, macerat z szafranu, shea, alantoina,\u00a0 skwalan z oliwek, krzemu dwutlenek, wit E. Wystarczy! bo w ka\u017cdym z tych sk\u0142adnik\u00f3w jest masa innych skladnik\u00f3w kryj\u0105cych si\u0119 pod tym jednym s\u0142owem. &gt;&gt;Poczytaj opinie poni\u017cej&lt;&lt; &nbsp;<\/p>\n","protected":false},"featured_media":3045,"comment_status":"open","ping_status":"closed","template":"","meta":[],"product_brand":[],"product_cat":[18],"product_tag":[],"class_list":{"0":"post-3042","1":"product","2":"type-product","3":"status-publish","4":"has-post-thumbnail","6":"product_cat-praktyczne-mazidla","8":"first","9":"instock","10":"shipping-taxable","11":"purchasable","12":"product-type-variable"},"yoast_head":"<!-- This site is optimized with the Yoast SEO plugin v27.4 - https:\/\/yoast.com\/product\/yoast-seo-wordpress\/ -->\n<title>KreMistrz - Hooligan Elf<\/title>\n<meta name=\"robots\" content=\"index, follow, max-snippet:-1, max-image-preview:large, max-video-preview:-1\" \/>\n<link rel=\"canonical\" href=\"https:\/\/hooliganelf.pl\/pl\/shop\/praktyczne-mazidla\/kremistrz\/\" \/>\n<meta property=\"og:locale\" content=\"pl_PL\" \/>\n<meta property=\"og:type\" content=\"article\" \/>\n<meta property=\"og:title\" content=\"KreMistrz - Hooligan Elf\" \/>\n<meta property=\"og:description\" content=\"Krem lekki, \u0142agodz\u0105cy, nawil\u017caj\u0105co- matuj\u0105cy, ratuj\u0105cy ale nie przyt\u0142aczaj\u0105cy. By\u0107 mo\u017ce to TEN krem, ktorego szuka\u0142a\u015b.. \ud83d\ude09 \u017beby si\u0119 sk\u00f3ra nie czerwieni\u0142a, nie \u015bwieci\u0142a, nie suszy\u0142a, nie p\u0142aka\u0142a; \u017ceby za du\u017co na niej le\u017ca\u0142o i oddycha\u0107 mog\u0142a, \u017ceby syfki nie przychodzi\u0142y i \u017ceby przebarwienia wychodzi\u0142y. Wchodzi w sk\u0142ad zestawu piel\u0119gnacyjnego \u015awi\u0119ta Prostota &lt;klik, \u017ceby poczyta\u0107 Aloes, zimnot\u0142oczony olej z maku i lnu, macerat z szafranu, shea, alantoina,\u00a0 skwalan z oliwek, krzemu dwutlenek, wit E. Wystarczy! bo w ka\u017cdym z tych sk\u0142adnik\u00f3w jest masa innych skladnik\u00f3w kryj\u0105cych si\u0119 pod tym jednym s\u0142owem. &gt;&gt;Poczytaj opinie poni\u017cej&lt;&lt; &nbsp;\" \/>\n<meta property=\"og:url\" content=\"https:\/\/hooliganelf.pl\/pl\/shop\/praktyczne-mazidla\/kremistrz\/\" \/>\n<meta property=\"og:site_name\" content=\"Hooligan Elf\" \/>\n<meta property=\"article:publisher\" content=\"https:\/\/www.facebook.com\/HooliganElf\/\" \/>\n<meta property=\"article:modified_time\" content=\"2026-04-15T13:10:56+00:00\" \/>\n<meta property=\"og:image\" content=\"https:\/\/hooliganelf.pl\/wp-content\/uploads\/2024\/04\/WhatsApp-Image-2024-04-18-at-12.38.20.jpeg\" \/>\n\t<meta property=\"og:image:width\" content=\"1536\" \/>\n\t<meta property=\"og:image:height\" content=\"2048\" \/>\n\t<meta property=\"og:image:type\" content=\"image\/jpeg\" \/>\n<meta name=\"twitter:card\" content=\"summary_large_image\" \/>\n<meta name=\"twitter:label1\" content=\"Szacowany czas czytania\" \/>\n\t<meta name=\"twitter:data1\" content=\"1 minuta\" \/>\n<script type=\"application\/ld+json\" class=\"yoast-schema-graph\">{\"@context\":\"https:\\\/\\\/schema.org\",\"@graph\":[{\"@type\":\"WebPage\",\"@id\":\"https:\\\/\\\/hooliganelf.pl\\\/shop\\\/praktyczne-mazidla\\\/kremistrz\\\/\",\"url\":\"https:\\\/\\\/hooliganelf.pl\\\/shop\\\/praktyczne-mazidla\\\/kremistrz\\\/\",\"name\":\"KreMistrz - Hooligan Elf\",\"isPartOf\":{\"@id\":\"https:\\\/\\\/hooliganelf.pl\\\/#website\"},\"primaryImageOfPage\":{\"@id\":\"https:\\\/\\\/hooliganelf.pl\\\/shop\\\/praktyczne-mazidla\\\/kremistrz\\\/#primaryimage\"},\"image\":{\"@id\":\"https:\\\/\\\/hooliganelf.pl\\\/shop\\\/praktyczne-mazidla\\\/kremistrz\\\/#primaryimage\"},\"thumbnailUrl\":\"https:\\\/\\\/hooliganelf.pl\\\/wp-content\\\/uploads\\\/2024\\\/04\\\/WhatsApp-Image-2024-04-18-at-12.38.20.jpeg\",\"datePublished\":\"2024-04-18T10:59:46+00:00\",\"dateModified\":\"2026-04-15T13:10:56+00:00\",\"breadcrumb\":{\"@id\":\"https:\\\/\\\/hooliganelf.pl\\\/shop\\\/praktyczne-mazidla\\\/kremistrz\\\/#breadcrumb\"},\"inLanguage\":\"pl-PL\",\"potentialAction\":[{\"@type\":\"ReadAction\",\"target\":[\"https:\\\/\\\/hooliganelf.pl\\\/shop\\\/praktyczne-mazidla\\\/kremistrz\\\/\"]}]},{\"@type\":\"ImageObject\",\"inLanguage\":\"pl-PL\",\"@id\":\"https:\\\/\\\/hooliganelf.pl\\\/shop\\\/praktyczne-mazidla\\\/kremistrz\\\/#primaryimage\",\"url\":\"https:\\\/\\\/hooliganelf.pl\\\/wp-content\\\/uploads\\\/2024\\\/04\\\/WhatsApp-Image-2024-04-18-at-12.38.20.jpeg\",\"contentUrl\":\"https:\\\/\\\/hooliganelf.pl\\\/wp-content\\\/uploads\\\/2024\\\/04\\\/WhatsApp-Image-2024-04-18-at-12.38.20.jpeg\",\"width\":1536,\"height\":2048},{\"@type\":\"BreadcrumbList\",\"@id\":\"https:\\\/\\\/hooliganelf.pl\\\/shop\\\/praktyczne-mazidla\\\/kremistrz\\\/#breadcrumb\",\"itemListElement\":[{\"@type\":\"ListItem\",\"position\":1,\"name\":\"Strona g\u0142\u00f3wna\",\"item\":\"https:\\\/\\\/hooliganelf.pl\\\/\"},{\"@type\":\"ListItem\",\"position\":2,\"name\":\"Stragan\",\"item\":\"https:\\\/\\\/hooliganelf.pl\\\/pl\\\/shop\\\/\"},{\"@type\":\"ListItem\",\"position\":3,\"name\":\"KreMistrz\"}]},{\"@type\":\"WebSite\",\"@id\":\"https:\\\/\\\/hooliganelf.pl\\\/#website\",\"url\":\"https:\\\/\\\/hooliganelf.pl\\\/\",\"name\":\"Hooligan Elf\",\"description\":\"Le\u015bne wymys\u0142y dzikiej kobiety\",\"publisher\":{\"@id\":\"https:\\\/\\\/hooliganelf.pl\\\/#organization\"},\"potentialAction\":[{\"@type\":\"SearchAction\",\"target\":{\"@type\":\"EntryPoint\",\"urlTemplate\":\"https:\\\/\\\/hooliganelf.pl\\\/?s={search_term_string}\"},\"query-input\":{\"@type\":\"PropertyValueSpecification\",\"valueRequired\":true,\"valueName\":\"search_term_string\"}}],\"inLanguage\":\"pl-PL\"},{\"@type\":\"Organization\",\"@id\":\"https:\\\/\\\/hooliganelf.pl\\\/#organization\",\"name\":\"Hooligan Elf\",\"url\":\"https:\\\/\\\/hooliganelf.pl\\\/\",\"logo\":{\"@type\":\"ImageObject\",\"inLanguage\":\"pl-PL\",\"@id\":\"https:\\\/\\\/hooliganelf.pl\\\/#\\\/schema\\\/logo\\\/image\\\/\",\"url\":\"https:\\\/\\\/hooliganelf.pl\\\/wp-content\\\/uploads\\\/2021\\\/10\\\/logo-nowe-czarne-bez-tla.png\",\"contentUrl\":\"https:\\\/\\\/hooliganelf.pl\\\/wp-content\\\/uploads\\\/2021\\\/10\\\/logo-nowe-czarne-bez-tla.png\",\"width\":1278,\"height\":735,\"caption\":\"Hooligan Elf\"},\"image\":{\"@id\":\"https:\\\/\\\/hooliganelf.pl\\\/#\\\/schema\\\/logo\\\/image\\\/\"},\"sameAs\":[\"https:\\\/\\\/www.facebook.com\\\/HooliganElf\\\/\",\"https:\\\/\\\/www.instagram.com\\\/hooligan.elf\\\/\"]}]}<\/script>\n<!-- \/ Yoast SEO plugin. -->","yoast_head_json":{"title":"KreMistrz - Hooligan Elf","robots":{"index":"index","follow":"follow","max-snippet":"max-snippet:-1","max-image-preview":"max-image-preview:large","max-video-preview":"max-video-preview:-1"},"canonical":"https:\/\/hooliganelf.pl\/pl\/shop\/praktyczne-mazidla\/kremistrz\/","og_locale":"pl_PL","og_type":"article","og_title":"KreMistrz - Hooligan Elf","og_description":"Krem lekki, \u0142agodz\u0105cy, nawil\u017caj\u0105co- matuj\u0105cy, ratuj\u0105cy ale nie przyt\u0142aczaj\u0105cy. By\u0107 mo\u017ce to TEN krem, ktorego szuka\u0142a\u015b.. \ud83d\ude09 \u017beby si\u0119 sk\u00f3ra nie czerwieni\u0142a, nie \u015bwieci\u0142a, nie suszy\u0142a, nie p\u0142aka\u0142a; \u017ceby za du\u017co na niej le\u017ca\u0142o i oddycha\u0107 mog\u0142a, \u017ceby syfki nie przychodzi\u0142y i \u017ceby przebarwienia wychodzi\u0142y. Wchodzi w sk\u0142ad zestawu piel\u0119gnacyjnego \u015awi\u0119ta Prostota &lt;klik, \u017ceby poczyta\u0107 Aloes, zimnot\u0142oczony olej z maku i lnu, macerat z szafranu, shea, alantoina,\u00a0 skwalan z oliwek, krzemu dwutlenek, wit E. Wystarczy! bo w ka\u017cdym z tych sk\u0142adnik\u00f3w jest masa innych skladnik\u00f3w kryj\u0105cych si\u0119 pod tym jednym s\u0142owem. &gt;&gt;Poczytaj opinie poni\u017cej&lt;&lt; &nbsp;","og_url":"https:\/\/hooliganelf.pl\/pl\/shop\/praktyczne-mazidla\/kremistrz\/","og_site_name":"Hooligan Elf","article_publisher":"https:\/\/www.facebook.com\/HooliganElf\/","article_modified_time":"2026-04-15T13:10:56+00:00","og_image":[{"width":1536,"height":2048,"url":"https:\/\/hooliganelf.pl\/wp-content\/uploads\/2024\/04\/WhatsApp-Image-2024-04-18-at-12.38.20.jpeg","type":"image\/jpeg"}],"twitter_card":"summary_large_image","twitter_misc":{"Szacowany czas czytania":"1 minuta"},"schema":{"@context":"https:\/\/schema.org","@graph":[{"@type":"WebPage","@id":"https:\/\/hooliganelf.pl\/shop\/praktyczne-mazidla\/kremistrz\/","url":"https:\/\/hooliganelf.pl\/shop\/praktyczne-mazidla\/kremistrz\/","name":"KreMistrz - Hooligan Elf","isPartOf":{"@id":"https:\/\/hooliganelf.pl\/#website"},"primaryImageOfPage":{"@id":"https:\/\/hooliganelf.pl\/shop\/praktyczne-mazidla\/kremistrz\/#primaryimage"},"image":{"@id":"https:\/\/hooliganelf.pl\/shop\/praktyczne-mazidla\/kremistrz\/#primaryimage"},"thumbnailUrl":"https:\/\/hooliganelf.pl\/wp-content\/uploads\/2024\/04\/WhatsApp-Image-2024-04-18-at-12.38.20.jpeg","datePublished":"2024-04-18T10:59:46+00:00","dateModified":"2026-04-15T13:10:56+00:00","breadcrumb":{"@id":"https:\/\/hooliganelf.pl\/shop\/praktyczne-mazidla\/kremistrz\/#breadcrumb"},"inLanguage":"pl-PL","potentialAction":[{"@type":"ReadAction","target":["https:\/\/hooliganelf.pl\/shop\/praktyczne-mazidla\/kremistrz\/"]}]},{"@type":"ImageObject","inLanguage":"pl-PL","@id":"https:\/\/hooliganelf.pl\/shop\/praktyczne-mazidla\/kremistrz\/#primaryimage","url":"https:\/\/hooliganelf.pl\/wp-content\/uploads\/2024\/04\/WhatsApp-Image-2024-04-18-at-12.38.20.jpeg","contentUrl":"https:\/\/hooliganelf.pl\/wp-content\/uploads\/2024\/04\/WhatsApp-Image-2024-04-18-at-12.38.20.jpeg","width":1536,"height":2048},{"@type":"BreadcrumbList","@id":"https:\/\/hooliganelf.pl\/shop\/praktyczne-mazidla\/kremistrz\/#breadcrumb","itemListElement":[{"@type":"ListItem","position":1,"name":"Strona g\u0142\u00f3wna","item":"https:\/\/hooliganelf.pl\/"},{"@type":"ListItem","position":2,"name":"Stragan","item":"https:\/\/hooliganelf.pl\/pl\/shop\/"},{"@type":"ListItem","position":3,"name":"KreMistrz"}]},{"@type":"WebSite","@id":"https:\/\/hooliganelf.pl\/#website","url":"https:\/\/hooliganelf.pl\/","name":"Hooligan Elf","description":"Le\u015bne wymys\u0142y dzikiej kobiety","publisher":{"@id":"https:\/\/hooliganelf.pl\/#organization"},"potentialAction":[{"@type":"SearchAction","target":{"@type":"EntryPoint","urlTemplate":"https:\/\/hooliganelf.pl\/?s={search_term_string}"},"query-input":{"@type":"PropertyValueSpecification","valueRequired":true,"valueName":"search_term_string"}}],"inLanguage":"pl-PL"},{"@type":"Organization","@id":"https:\/\/hooliganelf.pl\/#organization","name":"Hooligan Elf","url":"https:\/\/hooliganelf.pl\/","logo":{"@type":"ImageObject","inLanguage":"pl-PL","@id":"https:\/\/hooliganelf.pl\/#\/schema\/logo\/image\/","url":"https:\/\/hooliganelf.pl\/wp-content\/uploads\/2021\/10\/logo-nowe-czarne-bez-tla.png","contentUrl":"https:\/\/hooliganelf.pl\/wp-content\/uploads\/2021\/10\/logo-nowe-czarne-bez-tla.png","width":1278,"height":735,"caption":"Hooligan Elf"},"image":{"@id":"https:\/\/hooliganelf.pl\/#\/schema\/logo\/image\/"},"sameAs":["https:\/\/www.facebook.com\/HooliganElf\/","https:\/\/www.instagram.com\/hooligan.elf\/"]}]}},"_links":{"self":[{"href":"https:\/\/hooliganelf.pl\/pl\/wp-json\/wp\/v2\/product\/3042","targetHints":{"allow":["GET"]}}],"collection":[{"href":"https:\/\/hooliganelf.pl\/pl\/wp-json\/wp\/v2\/product"}],"about":[{"href":"https:\/\/hooliganelf.pl\/pl\/wp-json\/wp\/v2\/types\/product"}],"replies":[{"embeddable":true,"href":"https:\/\/hooliganelf.pl\/pl\/wp-json\/wp\/v2\/comments?post=3042"}],"wp:featuredmedia":[{"embeddable":true,"href":"https:\/\/hooliganelf.pl\/pl\/wp-json\/wp\/v2\/media\/3045"}],"wp:attachment":[{"href":"https:\/\/hooliganelf.pl\/pl\/wp-json\/wp\/v2\/media?parent=3042"}],"wp:term":[{"taxonomy":"product_brand","embeddable":true,"href":"https:\/\/hooliganelf.pl\/pl\/wp-json\/wp\/v2\/product_brand?post=3042"},{"taxonomy":"product_cat","embeddable":true,"href":"https:\/\/hooliganelf.pl\/pl\/wp-json\/wp\/v2\/product_cat?post=3042"},{"taxonomy":"product_tag","embeddable":true,"href":"https:\/\/hooliganelf.pl\/pl\/wp-json\/wp\/v2\/product_tag?post=3042"}],"curies":[{"name":"wp","href":"https:\/\/api.w.org\/{rel}","templated":true}]}}