{"id":3582,"date":"2024-10-23T21:18:18","date_gmt":"2024-10-23T19:18:18","guid":{"rendered":"https:\/\/hooliganelf.pl\/?post_type=product&#038;p=3582"},"modified":"2026-04-16T12:45:52","modified_gmt":"2026-04-16T10:45:52","slug":"serum-trojca","status":"publish","type":"product","link":"https:\/\/hooliganelf.pl\/pl\/shop\/praktyczne-mazidla\/serum-trojca\/","title":{"rendered":"Serum Tr\u00f3jca"},"content":{"rendered":"<p>Serum <strong>&#8220;Tr\u00f3jca&#8221;<\/strong> to formu\u0142a oparta na \u015awi\u0119tej Prostocie, kt\u00f3ra \u0142\u0105czy trzy naturalne sk\u0142adniki o wyj\u0105tkowych w\u0142a\u015bciwo\u015bciach, tworz\u0105c harmonijn\u0105 piel\u0119gnacj\u0119 dla ka\u017cdego rodzaju sk\u00f3ry. Ka\u017cdy sk\u0142adnik jest skarbnic\u0105 substancji i\u00a0 pe\u0142ni wi\u0119cej ni\u017c jedn\u0105 rol\u0119 w tym tr\u00f3jk\u0105cie, aby zapewni\u0107 kompleksow\u0105 regeneracj\u0119, nawil\u017cenie i ochron\u0119.<\/p>\n<p><strong>Mi\u00f3d<\/strong> \u2013 naturalny humektant, kt\u00f3ry doskonale zatrzymuje wilgo\u0107 w sk\u00f3rze, nawil\u017caj\u0105c j\u0105 i poprawiaj\u0105c jej elastyczno\u015b\u0107. Dzia\u0142a antybakteryjnie, koj\u0105co, zmniejszaj\u0105c podra\u017cnienia i nadaj\u0105c cerze zdrowy, promienny wygl\u0105d.<\/p>\n<p><strong>\u017bywica kadzid\u0142owca<\/strong> (olibanum) \u2013 od wiek\u00f3w ceniona za swoje w\u0142a\u015bciwo\u015bci regeneracyjne i oczyszczaj\u0105ce. Pomaga w redukcji zaczerwienie\u0144 i drobnych niedoskona\u0142o\u015bci, wspomaga procesy odbudowy sk\u00f3ry, koi, leczy, i cofa czas. Uj\u0119drnia, roz\u015bwietla i przywracaj\u0105c sk\u00f3rze g\u0142adko\u015b\u0107 i r\u00f3wnowag\u0119.<\/p>\n<p><em>Serum nie zawiera olejku eterycznego z kadzid\u0142owca jak wi\u0119kszo\u015b\u0107 kosmetyk\u00f3w (nie ma w nim cennych kwas\u00f3w bosweliowych i wielu innych sk\u0142adnik\u00f3w) a w\u0142asnor\u0119cznie robiony, bogaty ekstrakt z \u017cywicy.<\/em><\/p>\n<p><strong>Zimnot\u0142oczony olej rycynowy<\/strong> \u2013 g\u0119sty, od\u017cywczy olej, kt\u00f3ry wnika g\u0142\u0119boko w warstwy sk\u00f3ry, wzmacniaj\u0105c jej barier\u0119 ochronn\u0105 i zapobiegaj\u0105c utracie wilgoci. Zawiera kwasy t\u0142uszczowe, kt\u00f3re regeneruj\u0105 i piel\u0119gnuj\u0105 sk\u00f3r\u0119, nadaj\u0105c jej mi\u0119kko\u015b\u0107 i zdrowy wygl\u0105d.<\/p>\n<p>Serum Tr\u00f3jca to doskona\u0142e po\u0142\u0105czenie tych trzech sk\u0142adnik\u00f3w, kt\u00f3re wsp\u00f3lnie dzia\u0142aj\u0105 na sk\u00f3r\u0119 jak intensywny rytua\u0142 przywracaj\u0105cy sk\u00f3rze \u017cycie. Regularne stosowanie szybko i widocznie poprawia wygl\u0105d i kondycj\u0119 sk\u00f3ry, przywracaj\u0105c jej naturalny blask i zdrowie.<\/p>\n<p>Stosowanie: Na oczyszczon\u0105 sk\u00f3r\u0119 twarzy i szyi ((najlepiej Czystym B\u0142otem ;)) wmasuj kilka kropel Serum Tr\u00f3jca. Rano i\/lub wieczorem, do woli. Serum wch\u0142ania si\u0119 i pozostawia aksamitn\u0105 sk\u00f3r\u0119. Nadaje si\u0119 pod makija\u017c. Pierwsze efekty b\u0119d\u0105 widoczne ju\u017c po tygodniu.<\/p>\n<p>Dost\u0119pne dwa rozmiary 10ml i 30ml, buteleczki szklane z pompk\u0105<\/p>\n","protected":false},"excerpt":{"rendered":"<p>Serum &#8220;Tr\u00f3jca&#8221; to formu\u0142a oparta na \u015awi\u0119tej Prostocie, kt\u00f3ra \u0142\u0105czy trzy naturalne sk\u0142adniki o wyj\u0105tkowych w\u0142a\u015bciwo\u015bciach, tworz\u0105c harmonijn\u0105 piel\u0119gnacj\u0119 dla ka\u017cdego rodzaju sk\u00f3ry. Ka\u017cdy sk\u0142adnik jest skarbnic\u0105 substancji i\u00a0 pe\u0142ni wi\u0119cej ni\u017c jedn\u0105 rol\u0119 w tym tr\u00f3jk\u0105cie, aby zapewni\u0107 kompleksow\u0105 regeneracj\u0119, nawil\u017cenie i ochron\u0119. Mi\u00f3d \u2013 naturalny humektant, kt\u00f3ry doskonale zatrzymuje wilgo\u0107 w sk\u00f3rze, nawil\u017caj\u0105c j\u0105 i poprawiaj\u0105c jej elastyczno\u015b\u0107. Dzia\u0142a antybakteryjnie, koj\u0105co, zmniejszaj\u0105c podra\u017cnienia i nadaj\u0105c cerze zdrowy, promienny wygl\u0105d. \u017bywica kadzid\u0142owca (olibanum) \u2013 od wiek\u00f3w ceniona za swoje w\u0142a\u015bciwo\u015bci regeneracyjne i oczyszczaj\u0105ce. Pomaga w redukcji zaczerwienie\u0144 i drobnych niedoskona\u0142o\u015bci, wspomaga procesy odbudowy sk\u00f3ry, koi, leczy, i cofa czas. Uj\u0119drnia, roz\u015bwietla i przywracaj\u0105c sk\u00f3rze g\u0142adko\u015b\u0107 i r\u00f3wnowag\u0119. Serum nie zawiera olejku eterycznego z kadzid\u0142owca jak wi\u0119kszo\u015b\u0107 kosmetyk\u00f3w (nie ma w nim cennych kwas\u00f3w bosweliowych i wielu innych sk\u0142adnik\u00f3w) a w\u0142asnor\u0119cznie robiony, bogaty ekstrakt z \u017cywicy. Zimnot\u0142oczony olej rycynowy \u2013 g\u0119sty, od\u017cywczy olej, kt\u00f3ry wnika g\u0142\u0119boko w warstwy sk\u00f3ry, wzmacniaj\u0105c jej barier\u0119 ochronn\u0105 i zapobiegaj\u0105c utracie wilgoci. Zawiera kwasy t\u0142uszczowe, kt\u00f3re regeneruj\u0105 i piel\u0119gnuj\u0105 sk\u00f3r\u0119, nadaj\u0105c jej mi\u0119kko\u015b\u0107 i zdrowy wygl\u0105d. Serum Tr\u00f3jca to doskona\u0142e po\u0142\u0105czenie tych trzech sk\u0142adnik\u00f3w, kt\u00f3re wsp\u00f3lnie dzia\u0142aj\u0105 na sk\u00f3r\u0119 jak intensywny rytua\u0142 przywracaj\u0105cy sk\u00f3rze \u017cycie. Regularne stosowanie szybko i widocznie poprawia wygl\u0105d i kondycj\u0119 sk\u00f3ry, przywracaj\u0105c jej naturalny blask i zdrowie. Stosowanie: Na oczyszczon\u0105 sk\u00f3r\u0119 twarzy i szyi ((najlepiej Czystym B\u0142otem ;)) wmasuj kilka kropel Serum Tr\u00f3jca. Rano i\/lub wieczorem, do woli. Serum wch\u0142ania si\u0119 i pozostawia aksamitn\u0105 sk\u00f3r\u0119. Nadaje si\u0119 pod makija\u017c. Pierwsze efekty b\u0119d\u0105 widoczne ju\u017c po tygodniu. Dost\u0119pne dwa rozmiary 10ml i 30ml, buteleczki szklane z pompk\u0105<\/p>\n","protected":false},"featured_media":3770,"comment_status":"open","ping_status":"closed","template":"","meta":[],"product_brand":[],"product_cat":[18],"product_tag":[],"class_list":{"0":"post-3582","1":"product","2":"type-product","3":"status-publish","4":"has-post-thumbnail","6":"product_cat-praktyczne-mazidla","8":"first","9":"instock","10":"shipping-taxable","11":"purchasable","12":"product-type-variable"},"yoast_head":"<!-- This site is optimized with the Yoast SEO plugin v27.4 - https:\/\/yoast.com\/product\/yoast-seo-wordpress\/ -->\n<title>Serum Tr\u00f3jca - Hooligan Elf<\/title>\n<meta name=\"robots\" content=\"index, follow, max-snippet:-1, max-image-preview:large, max-video-preview:-1\" \/>\n<link rel=\"canonical\" href=\"https:\/\/hooliganelf.pl\/pl\/shop\/praktyczne-mazidla\/serum-trojca\/\" \/>\n<meta property=\"og:locale\" content=\"pl_PL\" \/>\n<meta property=\"og:type\" content=\"article\" \/>\n<meta property=\"og:title\" content=\"Serum Tr\u00f3jca - Hooligan Elf\" \/>\n<meta property=\"og:description\" content=\"Serum &#8220;Tr\u00f3jca&#8221; to formu\u0142a oparta na \u015awi\u0119tej Prostocie, kt\u00f3ra \u0142\u0105czy trzy naturalne sk\u0142adniki o wyj\u0105tkowych w\u0142a\u015bciwo\u015bciach, tworz\u0105c harmonijn\u0105 piel\u0119gnacj\u0119 dla ka\u017cdego rodzaju sk\u00f3ry. Ka\u017cdy sk\u0142adnik jest skarbnic\u0105 substancji i\u00a0 pe\u0142ni wi\u0119cej ni\u017c jedn\u0105 rol\u0119 w tym tr\u00f3jk\u0105cie, aby zapewni\u0107 kompleksow\u0105 regeneracj\u0119, nawil\u017cenie i ochron\u0119. Mi\u00f3d \u2013 naturalny humektant, kt\u00f3ry doskonale zatrzymuje wilgo\u0107 w sk\u00f3rze, nawil\u017caj\u0105c j\u0105 i poprawiaj\u0105c jej elastyczno\u015b\u0107. Dzia\u0142a antybakteryjnie, koj\u0105co, zmniejszaj\u0105c podra\u017cnienia i nadaj\u0105c cerze zdrowy, promienny wygl\u0105d. \u017bywica kadzid\u0142owca (olibanum) \u2013 od wiek\u00f3w ceniona za swoje w\u0142a\u015bciwo\u015bci regeneracyjne i oczyszczaj\u0105ce. Pomaga w redukcji zaczerwienie\u0144 i drobnych niedoskona\u0142o\u015bci, wspomaga procesy odbudowy sk\u00f3ry, koi, leczy, i cofa czas. Uj\u0119drnia, roz\u015bwietla i przywracaj\u0105c sk\u00f3rze g\u0142adko\u015b\u0107 i r\u00f3wnowag\u0119. Serum nie zawiera olejku eterycznego z kadzid\u0142owca jak wi\u0119kszo\u015b\u0107 kosmetyk\u00f3w (nie ma w nim cennych kwas\u00f3w bosweliowych i wielu innych sk\u0142adnik\u00f3w) a w\u0142asnor\u0119cznie robiony, bogaty ekstrakt z \u017cywicy. Zimnot\u0142oczony olej rycynowy \u2013 g\u0119sty, od\u017cywczy olej, kt\u00f3ry wnika g\u0142\u0119boko w warstwy sk\u00f3ry, wzmacniaj\u0105c jej barier\u0119 ochronn\u0105 i zapobiegaj\u0105c utracie wilgoci. Zawiera kwasy t\u0142uszczowe, kt\u00f3re regeneruj\u0105 i piel\u0119gnuj\u0105 sk\u00f3r\u0119, nadaj\u0105c jej mi\u0119kko\u015b\u0107 i zdrowy wygl\u0105d. Serum Tr\u00f3jca to doskona\u0142e po\u0142\u0105czenie tych trzech sk\u0142adnik\u00f3w, kt\u00f3re wsp\u00f3lnie dzia\u0142aj\u0105 na sk\u00f3r\u0119 jak intensywny rytua\u0142 przywracaj\u0105cy sk\u00f3rze \u017cycie. Regularne stosowanie szybko i widocznie poprawia wygl\u0105d i kondycj\u0119 sk\u00f3ry, przywracaj\u0105c jej naturalny blask i zdrowie. Stosowanie: Na oczyszczon\u0105 sk\u00f3r\u0119 twarzy i szyi ((najlepiej Czystym B\u0142otem ;)) wmasuj kilka kropel Serum Tr\u00f3jca. Rano i\/lub wieczorem, do woli. Serum wch\u0142ania si\u0119 i pozostawia aksamitn\u0105 sk\u00f3r\u0119. Nadaje si\u0119 pod makija\u017c. Pierwsze efekty b\u0119d\u0105 widoczne ju\u017c po tygodniu. Dost\u0119pne dwa rozmiary 10ml i 30ml, buteleczki szklane z pompk\u0105\" \/>\n<meta property=\"og:url\" content=\"https:\/\/hooliganelf.pl\/pl\/shop\/praktyczne-mazidla\/serum-trojca\/\" \/>\n<meta property=\"og:site_name\" content=\"Hooligan Elf\" \/>\n<meta property=\"article:publisher\" content=\"https:\/\/www.facebook.com\/HooliganElf\/\" \/>\n<meta property=\"article:modified_time\" content=\"2026-04-16T10:45:52+00:00\" \/>\n<meta property=\"og:image\" content=\"https:\/\/hooliganelf.pl\/wp-content\/uploads\/2024\/10\/28a1a2b6-ec03-4233-b296-47f4f1d16cc2.jpg\" \/>\n\t<meta property=\"og:image:width\" content=\"1582\" \/>\n\t<meta property=\"og:image:height\" content=\"2048\" \/>\n\t<meta property=\"og:image:type\" content=\"image\/jpeg\" \/>\n<meta name=\"twitter:card\" content=\"summary_large_image\" \/>\n<meta name=\"twitter:label1\" content=\"Szacowany czas czytania\" \/>\n\t<meta name=\"twitter:data1\" content=\"2 minuty\" \/>\n<script type=\"application\/ld+json\" class=\"yoast-schema-graph\">{\"@context\":\"https:\\\/\\\/schema.org\",\"@graph\":[{\"@type\":\"WebPage\",\"@id\":\"https:\\\/\\\/hooliganelf.pl\\\/shop\\\/praktyczne-mazidla\\\/serum-trojca\\\/\",\"url\":\"https:\\\/\\\/hooliganelf.pl\\\/shop\\\/praktyczne-mazidla\\\/serum-trojca\\\/\",\"name\":\"Serum Tr\u00f3jca - Hooligan Elf\",\"isPartOf\":{\"@id\":\"https:\\\/\\\/hooliganelf.pl\\\/#website\"},\"primaryImageOfPage\":{\"@id\":\"https:\\\/\\\/hooliganelf.pl\\\/shop\\\/praktyczne-mazidla\\\/serum-trojca\\\/#primaryimage\"},\"image\":{\"@id\":\"https:\\\/\\\/hooliganelf.pl\\\/shop\\\/praktyczne-mazidla\\\/serum-trojca\\\/#primaryimage\"},\"thumbnailUrl\":\"https:\\\/\\\/hooliganelf.pl\\\/wp-content\\\/uploads\\\/2024\\\/10\\\/28a1a2b6-ec03-4233-b296-47f4f1d16cc2.jpg\",\"datePublished\":\"2024-10-23T19:18:18+00:00\",\"dateModified\":\"2026-04-16T10:45:52+00:00\",\"breadcrumb\":{\"@id\":\"https:\\\/\\\/hooliganelf.pl\\\/shop\\\/praktyczne-mazidla\\\/serum-trojca\\\/#breadcrumb\"},\"inLanguage\":\"pl-PL\",\"potentialAction\":[{\"@type\":\"ReadAction\",\"target\":[\"https:\\\/\\\/hooliganelf.pl\\\/shop\\\/praktyczne-mazidla\\\/serum-trojca\\\/\"]}]},{\"@type\":\"ImageObject\",\"inLanguage\":\"pl-PL\",\"@id\":\"https:\\\/\\\/hooliganelf.pl\\\/shop\\\/praktyczne-mazidla\\\/serum-trojca\\\/#primaryimage\",\"url\":\"https:\\\/\\\/hooliganelf.pl\\\/wp-content\\\/uploads\\\/2024\\\/10\\\/28a1a2b6-ec03-4233-b296-47f4f1d16cc2.jpg\",\"contentUrl\":\"https:\\\/\\\/hooliganelf.pl\\\/wp-content\\\/uploads\\\/2024\\\/10\\\/28a1a2b6-ec03-4233-b296-47f4f1d16cc2.jpg\",\"width\":1582,\"height\":2048},{\"@type\":\"BreadcrumbList\",\"@id\":\"https:\\\/\\\/hooliganelf.pl\\\/shop\\\/praktyczne-mazidla\\\/serum-trojca\\\/#breadcrumb\",\"itemListElement\":[{\"@type\":\"ListItem\",\"position\":1,\"name\":\"Strona g\u0142\u00f3wna\",\"item\":\"https:\\\/\\\/hooliganelf.pl\\\/\"},{\"@type\":\"ListItem\",\"position\":2,\"name\":\"Stragan\",\"item\":\"https:\\\/\\\/hooliganelf.pl\\\/pl\\\/shop\\\/\"},{\"@type\":\"ListItem\",\"position\":3,\"name\":\"Serum Tr\u00f3jca\"}]},{\"@type\":\"WebSite\",\"@id\":\"https:\\\/\\\/hooliganelf.pl\\\/#website\",\"url\":\"https:\\\/\\\/hooliganelf.pl\\\/\",\"name\":\"Hooligan Elf\",\"description\":\"Le\u015bne wymys\u0142y dzikiej kobiety\",\"publisher\":{\"@id\":\"https:\\\/\\\/hooliganelf.pl\\\/#organization\"},\"potentialAction\":[{\"@type\":\"SearchAction\",\"target\":{\"@type\":\"EntryPoint\",\"urlTemplate\":\"https:\\\/\\\/hooliganelf.pl\\\/?s={search_term_string}\"},\"query-input\":{\"@type\":\"PropertyValueSpecification\",\"valueRequired\":true,\"valueName\":\"search_term_string\"}}],\"inLanguage\":\"pl-PL\"},{\"@type\":\"Organization\",\"@id\":\"https:\\\/\\\/hooliganelf.pl\\\/#organization\",\"name\":\"Hooligan Elf\",\"url\":\"https:\\\/\\\/hooliganelf.pl\\\/\",\"logo\":{\"@type\":\"ImageObject\",\"inLanguage\":\"pl-PL\",\"@id\":\"https:\\\/\\\/hooliganelf.pl\\\/#\\\/schema\\\/logo\\\/image\\\/\",\"url\":\"https:\\\/\\\/hooliganelf.pl\\\/wp-content\\\/uploads\\\/2021\\\/10\\\/logo-nowe-czarne-bez-tla.png\",\"contentUrl\":\"https:\\\/\\\/hooliganelf.pl\\\/wp-content\\\/uploads\\\/2021\\\/10\\\/logo-nowe-czarne-bez-tla.png\",\"width\":1278,\"height\":735,\"caption\":\"Hooligan Elf\"},\"image\":{\"@id\":\"https:\\\/\\\/hooliganelf.pl\\\/#\\\/schema\\\/logo\\\/image\\\/\"},\"sameAs\":[\"https:\\\/\\\/www.facebook.com\\\/HooliganElf\\\/\",\"https:\\\/\\\/www.instagram.com\\\/hooligan.elf\\\/\"]}]}<\/script>\n<!-- \/ Yoast SEO plugin. -->","yoast_head_json":{"title":"Serum Tr\u00f3jca - Hooligan Elf","robots":{"index":"index","follow":"follow","max-snippet":"max-snippet:-1","max-image-preview":"max-image-preview:large","max-video-preview":"max-video-preview:-1"},"canonical":"https:\/\/hooliganelf.pl\/pl\/shop\/praktyczne-mazidla\/serum-trojca\/","og_locale":"pl_PL","og_type":"article","og_title":"Serum Tr\u00f3jca - Hooligan Elf","og_description":"Serum &#8220;Tr\u00f3jca&#8221; to formu\u0142a oparta na \u015awi\u0119tej Prostocie, kt\u00f3ra \u0142\u0105czy trzy naturalne sk\u0142adniki o wyj\u0105tkowych w\u0142a\u015bciwo\u015bciach, tworz\u0105c harmonijn\u0105 piel\u0119gnacj\u0119 dla ka\u017cdego rodzaju sk\u00f3ry. Ka\u017cdy sk\u0142adnik jest skarbnic\u0105 substancji i\u00a0 pe\u0142ni wi\u0119cej ni\u017c jedn\u0105 rol\u0119 w tym tr\u00f3jk\u0105cie, aby zapewni\u0107 kompleksow\u0105 regeneracj\u0119, nawil\u017cenie i ochron\u0119. Mi\u00f3d \u2013 naturalny humektant, kt\u00f3ry doskonale zatrzymuje wilgo\u0107 w sk\u00f3rze, nawil\u017caj\u0105c j\u0105 i poprawiaj\u0105c jej elastyczno\u015b\u0107. Dzia\u0142a antybakteryjnie, koj\u0105co, zmniejszaj\u0105c podra\u017cnienia i nadaj\u0105c cerze zdrowy, promienny wygl\u0105d. \u017bywica kadzid\u0142owca (olibanum) \u2013 od wiek\u00f3w ceniona za swoje w\u0142a\u015bciwo\u015bci regeneracyjne i oczyszczaj\u0105ce. Pomaga w redukcji zaczerwienie\u0144 i drobnych niedoskona\u0142o\u015bci, wspomaga procesy odbudowy sk\u00f3ry, koi, leczy, i cofa czas. Uj\u0119drnia, roz\u015bwietla i przywracaj\u0105c sk\u00f3rze g\u0142adko\u015b\u0107 i r\u00f3wnowag\u0119. Serum nie zawiera olejku eterycznego z kadzid\u0142owca jak wi\u0119kszo\u015b\u0107 kosmetyk\u00f3w (nie ma w nim cennych kwas\u00f3w bosweliowych i wielu innych sk\u0142adnik\u00f3w) a w\u0142asnor\u0119cznie robiony, bogaty ekstrakt z \u017cywicy. Zimnot\u0142oczony olej rycynowy \u2013 g\u0119sty, od\u017cywczy olej, kt\u00f3ry wnika g\u0142\u0119boko w warstwy sk\u00f3ry, wzmacniaj\u0105c jej barier\u0119 ochronn\u0105 i zapobiegaj\u0105c utracie wilgoci. Zawiera kwasy t\u0142uszczowe, kt\u00f3re regeneruj\u0105 i piel\u0119gnuj\u0105 sk\u00f3r\u0119, nadaj\u0105c jej mi\u0119kko\u015b\u0107 i zdrowy wygl\u0105d. Serum Tr\u00f3jca to doskona\u0142e po\u0142\u0105czenie tych trzech sk\u0142adnik\u00f3w, kt\u00f3re wsp\u00f3lnie dzia\u0142aj\u0105 na sk\u00f3r\u0119 jak intensywny rytua\u0142 przywracaj\u0105cy sk\u00f3rze \u017cycie. Regularne stosowanie szybko i widocznie poprawia wygl\u0105d i kondycj\u0119 sk\u00f3ry, przywracaj\u0105c jej naturalny blask i zdrowie. Stosowanie: Na oczyszczon\u0105 sk\u00f3r\u0119 twarzy i szyi ((najlepiej Czystym B\u0142otem ;)) wmasuj kilka kropel Serum Tr\u00f3jca. Rano i\/lub wieczorem, do woli. Serum wch\u0142ania si\u0119 i pozostawia aksamitn\u0105 sk\u00f3r\u0119. Nadaje si\u0119 pod makija\u017c. Pierwsze efekty b\u0119d\u0105 widoczne ju\u017c po tygodniu. Dost\u0119pne dwa rozmiary 10ml i 30ml, buteleczki szklane z pompk\u0105","og_url":"https:\/\/hooliganelf.pl\/pl\/shop\/praktyczne-mazidla\/serum-trojca\/","og_site_name":"Hooligan Elf","article_publisher":"https:\/\/www.facebook.com\/HooliganElf\/","article_modified_time":"2026-04-16T10:45:52+00:00","og_image":[{"width":1582,"height":2048,"url":"https:\/\/hooliganelf.pl\/wp-content\/uploads\/2024\/10\/28a1a2b6-ec03-4233-b296-47f4f1d16cc2.jpg","type":"image\/jpeg"}],"twitter_card":"summary_large_image","twitter_misc":{"Szacowany czas czytania":"2 minuty"},"schema":{"@context":"https:\/\/schema.org","@graph":[{"@type":"WebPage","@id":"https:\/\/hooliganelf.pl\/shop\/praktyczne-mazidla\/serum-trojca\/","url":"https:\/\/hooliganelf.pl\/shop\/praktyczne-mazidla\/serum-trojca\/","name":"Serum Tr\u00f3jca - Hooligan Elf","isPartOf":{"@id":"https:\/\/hooliganelf.pl\/#website"},"primaryImageOfPage":{"@id":"https:\/\/hooliganelf.pl\/shop\/praktyczne-mazidla\/serum-trojca\/#primaryimage"},"image":{"@id":"https:\/\/hooliganelf.pl\/shop\/praktyczne-mazidla\/serum-trojca\/#primaryimage"},"thumbnailUrl":"https:\/\/hooliganelf.pl\/wp-content\/uploads\/2024\/10\/28a1a2b6-ec03-4233-b296-47f4f1d16cc2.jpg","datePublished":"2024-10-23T19:18:18+00:00","dateModified":"2026-04-16T10:45:52+00:00","breadcrumb":{"@id":"https:\/\/hooliganelf.pl\/shop\/praktyczne-mazidla\/serum-trojca\/#breadcrumb"},"inLanguage":"pl-PL","potentialAction":[{"@type":"ReadAction","target":["https:\/\/hooliganelf.pl\/shop\/praktyczne-mazidla\/serum-trojca\/"]}]},{"@type":"ImageObject","inLanguage":"pl-PL","@id":"https:\/\/hooliganelf.pl\/shop\/praktyczne-mazidla\/serum-trojca\/#primaryimage","url":"https:\/\/hooliganelf.pl\/wp-content\/uploads\/2024\/10\/28a1a2b6-ec03-4233-b296-47f4f1d16cc2.jpg","contentUrl":"https:\/\/hooliganelf.pl\/wp-content\/uploads\/2024\/10\/28a1a2b6-ec03-4233-b296-47f4f1d16cc2.jpg","width":1582,"height":2048},{"@type":"BreadcrumbList","@id":"https:\/\/hooliganelf.pl\/shop\/praktyczne-mazidla\/serum-trojca\/#breadcrumb","itemListElement":[{"@type":"ListItem","position":1,"name":"Strona g\u0142\u00f3wna","item":"https:\/\/hooliganelf.pl\/"},{"@type":"ListItem","position":2,"name":"Stragan","item":"https:\/\/hooliganelf.pl\/pl\/shop\/"},{"@type":"ListItem","position":3,"name":"Serum Tr\u00f3jca"}]},{"@type":"WebSite","@id":"https:\/\/hooliganelf.pl\/#website","url":"https:\/\/hooliganelf.pl\/","name":"Hooligan Elf","description":"Le\u015bne wymys\u0142y dzikiej kobiety","publisher":{"@id":"https:\/\/hooliganelf.pl\/#organization"},"potentialAction":[{"@type":"SearchAction","target":{"@type":"EntryPoint","urlTemplate":"https:\/\/hooliganelf.pl\/?s={search_term_string}"},"query-input":{"@type":"PropertyValueSpecification","valueRequired":true,"valueName":"search_term_string"}}],"inLanguage":"pl-PL"},{"@type":"Organization","@id":"https:\/\/hooliganelf.pl\/#organization","name":"Hooligan Elf","url":"https:\/\/hooliganelf.pl\/","logo":{"@type":"ImageObject","inLanguage":"pl-PL","@id":"https:\/\/hooliganelf.pl\/#\/schema\/logo\/image\/","url":"https:\/\/hooliganelf.pl\/wp-content\/uploads\/2021\/10\/logo-nowe-czarne-bez-tla.png","contentUrl":"https:\/\/hooliganelf.pl\/wp-content\/uploads\/2021\/10\/logo-nowe-czarne-bez-tla.png","width":1278,"height":735,"caption":"Hooligan Elf"},"image":{"@id":"https:\/\/hooliganelf.pl\/#\/schema\/logo\/image\/"},"sameAs":["https:\/\/www.facebook.com\/HooliganElf\/","https:\/\/www.instagram.com\/hooligan.elf\/"]}]}},"_links":{"self":[{"href":"https:\/\/hooliganelf.pl\/pl\/wp-json\/wp\/v2\/product\/3582","targetHints":{"allow":["GET"]}}],"collection":[{"href":"https:\/\/hooliganelf.pl\/pl\/wp-json\/wp\/v2\/product"}],"about":[{"href":"https:\/\/hooliganelf.pl\/pl\/wp-json\/wp\/v2\/types\/product"}],"replies":[{"embeddable":true,"href":"https:\/\/hooliganelf.pl\/pl\/wp-json\/wp\/v2\/comments?post=3582"}],"wp:featuredmedia":[{"embeddable":true,"href":"https:\/\/hooliganelf.pl\/pl\/wp-json\/wp\/v2\/media\/3770"}],"wp:attachment":[{"href":"https:\/\/hooliganelf.pl\/pl\/wp-json\/wp\/v2\/media?parent=3582"}],"wp:term":[{"taxonomy":"product_brand","embeddable":true,"href":"https:\/\/hooliganelf.pl\/pl\/wp-json\/wp\/v2\/product_brand?post=3582"},{"taxonomy":"product_cat","embeddable":true,"href":"https:\/\/hooliganelf.pl\/pl\/wp-json\/wp\/v2\/product_cat?post=3582"},{"taxonomy":"product_tag","embeddable":true,"href":"https:\/\/hooliganelf.pl\/pl\/wp-json\/wp\/v2\/product_tag?post=3582"}],"curies":[{"name":"wp","href":"https:\/\/api.w.org\/{rel}","templated":true}]}}