{"id":3764,"date":"2024-12-04T22:42:54","date_gmt":"2024-12-04T21:42:54","guid":{"rendered":"https:\/\/hooliganelf.pl\/?post_type=product&#038;p=3764"},"modified":"2026-01-06T16:18:46","modified_gmt":"2026-01-06T15:18:46","slug":"zestaw-swieta-prostota","status":"publish","type":"product","link":"https:\/\/hooliganelf.pl\/pl\/shop\/praktyczne-mazidla\/zestaw-swieta-prostota\/","title":{"rendered":"Zestaw \u015awi\u0119ta Prostota"},"content":{"rendered":"<p>Do wyboru <strong>dwa rozmiary<\/strong> zestaw\u00f3w z mniejsz\u0105 i wi\u0119ksz\u0105 pojemno\u015bci\u0105<\/p>\n<p>W tym walnym zgromadzeniu znajdziesz same sztosy, inaczej zwane bestsellerami. Ka\u017cdy jeden ma ju\u017c sw\u00f3j wianuszek fanek, kt\u00f3re wiernie wracaj\u0105 i szerz\u0105 w\u015br\u00f3d bliskich dobroci.<\/p>\n<p>Koncept \u015awi\u0119tej Prostoty wychodzi na przeciw p\u0119dowi za sk\u0142adnikami, ilo\u015bciami produkt\u00f3w i zbyt natr\u0119tnemu zajmowaniu si\u0119 sk\u00f3r\u0105, naszym najwi\u0119kszym organem. Tym, kt\u00f3ry ma swoj\u0105 m\u0105dro\u015b\u0107, swoje cykle i swoje w\u0142asne kosmetyki produkowane w kooperacji z naturalnym biomem \u017cyj\u0105cym na jej powierzchni.<\/p>\n<p>Cz\u0119sto zbyt du\u017ca ingerencja jest cz\u0119\u015bci\u0105 problemu.<\/p>\n<p>Niepozorny sk\u0142adnik wyst\u0119puj\u0105cy pod jednym s\u0142owem skrywa 100 innych substancji chemicznych.<\/p>\n<p>Do brzegu! Co tu mamy:<\/p>\n<p><strong><a href=\"https:\/\/hooliganelf.pl\/shop\/praktyczne-mazidla\/czyste-bloto\/\">Czyste B\u0142oto<\/a>&#8211;\u00a0<\/strong>czyli vmyj si\u0119 Ziemi\u0105! Glinka kaolin i oleje s\u0105 \u015bwietne w oczyszczaniu twarzy bez zmywania z niej tego, co cenne! S\u0105 te\u017c na tyle delikatne i inteligentne, by nie podra\u017cni\u0107 miejsc intymnych czy z\u0119b\u00f3w, ale doprowadzi\u0107 je homeostazy. W razie zgagi, wzd\u0119\u0107 czy niedoboru minera\u0142\u00f3w glinka kaolin nadaje si\u0119 do zrobienia z niego napoju. (120ml i 240ml)<\/p>\n<p><strong><a href=\"https:\/\/hooliganelf.pl\/shop\/praktyczne-mazidla\/kremistrz\/\">Kremistrz<\/a>&#8211;\u00a0<\/strong>lekki, ale skuteczny. Aloes s\u0142ynie z w\u0142a\u015bciwo\u015bci nawil\u017caj\u0105cych, krzemionka matuje, oleje lniany i makowy reguluj\u0105, szafran roz\u015bwietla i rozja\u015bnia sk\u00f3r\u0119. (30ml i 60ml)<\/p>\n<p><strong><a href=\"https:\/\/hooliganelf.pl\/shop\/praktyczne-mazidla\/serum-trojca\/\">Servm Tr\u00f3jca<\/a>&#8211;\u00a0<\/strong>najnowszy wymys\u0142, kt\u00f3rego przepis sp\u0142yn\u0105\u0142 na mnie jak ol\u015bnienie i szybko zjedna\u0142 sobie wyznawczynie \ud83d\ude09 g\u0119ste servm, kt\u00f3re zaskakuje lekko\u015bci\u0105 i pot\u0119\u017cnym dzia\u0142aniem, kt\u00f3re zawdzi\u0119cza EKSTRAKTOWI Z KADZID\u0141OWCA. Napisa\u0142am wielkimi literami, bo to nie jest \u017caden olejek eteryczny, kt\u00f3ry pachnie \u0142adnie, ale niewiele wi\u0119cej. To ekstrachowana przeze mnie esensja z \u017cywicy kadzid\u0142owca, czyli zawiera wi\u0119cej czynnych sk\u0142adnik\u00f3w, kt\u00f3rych nie zajdziesz w olejkach eterycznych nawet tych z najwy\u017cszej p\u00f3\u0142ki, mi\u0119dzy innymi kwas bosweliowy, odpowiedzialny za cofanie wieku sk\u00f3ry.(10ml i 30ml)<\/p>\n<p><em>Kliknij nazw\u0119 produktu, \u017ceby przeczyta\u0107 opinie wystawione przez zadowolone u\u017cytkowniczki.<\/em><\/p>\n<p>&nbsp;<\/p>\n<p>&nbsp;<\/p>\n<p>&nbsp;<\/p>\n","protected":false},"excerpt":{"rendered":"<p>Do wyboru dwa rozmiary zestaw\u00f3w z mniejsz\u0105 i wi\u0119ksz\u0105 pojemno\u015bci\u0105 W tym walnym zgromadzeniu znajdziesz same sztosy, inaczej zwane bestsellerami. Ka\u017cdy jeden ma ju\u017c sw\u00f3j wianuszek fanek, kt\u00f3re wiernie wracaj\u0105 i szerz\u0105 w\u015br\u00f3d bliskich dobroci. Koncept \u015awi\u0119tej Prostoty wychodzi na przeciw p\u0119dowi za sk\u0142adnikami, ilo\u015bciami produkt\u00f3w i zbyt natr\u0119tnemu zajmowaniu si\u0119 sk\u00f3r\u0105, naszym najwi\u0119kszym organem. Tym, kt\u00f3ry ma swoj\u0105 m\u0105dro\u015b\u0107, swoje cykle i swoje w\u0142asne kosmetyki produkowane w kooperacji z naturalnym biomem \u017cyj\u0105cym na jej powierzchni. Cz\u0119sto zbyt du\u017ca ingerencja jest cz\u0119\u015bci\u0105 problemu. Niepozorny sk\u0142adnik wyst\u0119puj\u0105cy pod jednym s\u0142owem skrywa 100 innych substancji chemicznych. Do brzegu! Co tu mamy: Czyste B\u0142oto&#8211;\u00a0czyli vmyj si\u0119 Ziemi\u0105! Glinka kaolin i oleje s\u0105 \u015bwietne w oczyszczaniu twarzy bez zmywania z niej tego, co cenne! S\u0105 te\u017c na tyle delikatne i inteligentne, by nie podra\u017cni\u0107 miejsc intymnych czy z\u0119b\u00f3w, ale doprowadzi\u0107 je homeostazy. W razie zgagi, wzd\u0119\u0107 czy niedoboru minera\u0142\u00f3w glinka kaolin nadaje si\u0119 do zrobienia z niego napoju. (120ml i 240ml) Kremistrz&#8211;\u00a0lekki, ale skuteczny. Aloes s\u0142ynie z w\u0142a\u015bciwo\u015bci nawil\u017caj\u0105cych, krzemionka matuje, oleje lniany i makowy reguluj\u0105, szafran roz\u015bwietla i rozja\u015bnia sk\u00f3r\u0119. (30ml i 60ml) Servm Tr\u00f3jca&#8211;\u00a0najnowszy wymys\u0142, kt\u00f3rego przepis sp\u0142yn\u0105\u0142 na mnie jak ol\u015bnienie i szybko zjedna\u0142 sobie wyznawczynie \ud83d\ude09 g\u0119ste servm, kt\u00f3re zaskakuje lekko\u015bci\u0105 i pot\u0119\u017cnym dzia\u0142aniem, kt\u00f3re zawdzi\u0119cza EKSTRAKTOWI Z KADZID\u0141OWCA. Napisa\u0142am wielkimi literami, bo to nie jest \u017caden olejek eteryczny, kt\u00f3ry pachnie \u0142adnie, ale niewiele wi\u0119cej. To ekstrachowana przeze mnie esensja z \u017cywicy kadzid\u0142owca, czyli zawiera wi\u0119cej czynnych sk\u0142adnik\u00f3w, kt\u00f3rych nie zajdziesz w olejkach eterycznych nawet tych z najwy\u017cszej p\u00f3\u0142ki, mi\u0119dzy innymi kwas bosweliowy, odpowiedzialny za cofanie wieku sk\u00f3ry.(10ml i 30ml) Kliknij nazw\u0119 produktu, \u017ceby przeczyta\u0107 opinie wystawione przez zadowolone u\u017cytkowniczki. &nbsp; &nbsp; &nbsp;<\/p>\n","protected":false},"featured_media":3768,"comment_status":"open","ping_status":"closed","template":"","meta":[],"product_brand":[],"product_cat":[18],"product_tag":[],"class_list":{"0":"post-3764","1":"product","2":"type-product","3":"status-publish","4":"has-post-thumbnail","6":"product_cat-praktyczne-mazidla","8":"first","9":"outofstock","10":"sale","11":"shipping-taxable","12":"purchasable","13":"product-type-variable","14":"has-default-attributes"},"yoast_head":"<!-- This site is optimized with the Yoast SEO plugin v27.4 - https:\/\/yoast.com\/product\/yoast-seo-wordpress\/ -->\n<title>Zestaw \u015awi\u0119ta Prostota - Hooligan Elf<\/title>\n<meta name=\"robots\" content=\"index, follow, max-snippet:-1, max-image-preview:large, max-video-preview:-1\" \/>\n<link rel=\"canonical\" href=\"https:\/\/hooliganelf.pl\/pl\/shop\/praktyczne-mazidla\/zestaw-swieta-prostota\/\" \/>\n<meta property=\"og:locale\" content=\"pl_PL\" \/>\n<meta property=\"og:type\" content=\"article\" \/>\n<meta property=\"og:title\" content=\"Zestaw \u015awi\u0119ta Prostota - Hooligan Elf\" \/>\n<meta property=\"og:description\" content=\"Do wyboru dwa rozmiary zestaw\u00f3w z mniejsz\u0105 i wi\u0119ksz\u0105 pojemno\u015bci\u0105 W tym walnym zgromadzeniu znajdziesz same sztosy, inaczej zwane bestsellerami. Ka\u017cdy jeden ma ju\u017c sw\u00f3j wianuszek fanek, kt\u00f3re wiernie wracaj\u0105 i szerz\u0105 w\u015br\u00f3d bliskich dobroci. Koncept \u015awi\u0119tej Prostoty wychodzi na przeciw p\u0119dowi za sk\u0142adnikami, ilo\u015bciami produkt\u00f3w i zbyt natr\u0119tnemu zajmowaniu si\u0119 sk\u00f3r\u0105, naszym najwi\u0119kszym organem. Tym, kt\u00f3ry ma swoj\u0105 m\u0105dro\u015b\u0107, swoje cykle i swoje w\u0142asne kosmetyki produkowane w kooperacji z naturalnym biomem \u017cyj\u0105cym na jej powierzchni. Cz\u0119sto zbyt du\u017ca ingerencja jest cz\u0119\u015bci\u0105 problemu. Niepozorny sk\u0142adnik wyst\u0119puj\u0105cy pod jednym s\u0142owem skrywa 100 innych substancji chemicznych. Do brzegu! Co tu mamy: Czyste B\u0142oto&#8211;\u00a0czyli vmyj si\u0119 Ziemi\u0105! Glinka kaolin i oleje s\u0105 \u015bwietne w oczyszczaniu twarzy bez zmywania z niej tego, co cenne! S\u0105 te\u017c na tyle delikatne i inteligentne, by nie podra\u017cni\u0107 miejsc intymnych czy z\u0119b\u00f3w, ale doprowadzi\u0107 je homeostazy. W razie zgagi, wzd\u0119\u0107 czy niedoboru minera\u0142\u00f3w glinka kaolin nadaje si\u0119 do zrobienia z niego napoju. (120ml i 240ml) Kremistrz&#8211;\u00a0lekki, ale skuteczny. Aloes s\u0142ynie z w\u0142a\u015bciwo\u015bci nawil\u017caj\u0105cych, krzemionka matuje, oleje lniany i makowy reguluj\u0105, szafran roz\u015bwietla i rozja\u015bnia sk\u00f3r\u0119. (30ml i 60ml) Servm Tr\u00f3jca&#8211;\u00a0najnowszy wymys\u0142, kt\u00f3rego przepis sp\u0142yn\u0105\u0142 na mnie jak ol\u015bnienie i szybko zjedna\u0142 sobie wyznawczynie \ud83d\ude09 g\u0119ste servm, kt\u00f3re zaskakuje lekko\u015bci\u0105 i pot\u0119\u017cnym dzia\u0142aniem, kt\u00f3re zawdzi\u0119cza EKSTRAKTOWI Z KADZID\u0141OWCA. Napisa\u0142am wielkimi literami, bo to nie jest \u017caden olejek eteryczny, kt\u00f3ry pachnie \u0142adnie, ale niewiele wi\u0119cej. To ekstrachowana przeze mnie esensja z \u017cywicy kadzid\u0142owca, czyli zawiera wi\u0119cej czynnych sk\u0142adnik\u00f3w, kt\u00f3rych nie zajdziesz w olejkach eterycznych nawet tych z najwy\u017cszej p\u00f3\u0142ki, mi\u0119dzy innymi kwas bosweliowy, odpowiedzialny za cofanie wieku sk\u00f3ry.(10ml i 30ml) Kliknij nazw\u0119 produktu, \u017ceby przeczyta\u0107 opinie wystawione przez zadowolone u\u017cytkowniczki. &nbsp; &nbsp; &nbsp;\" \/>\n<meta property=\"og:url\" content=\"https:\/\/hooliganelf.pl\/pl\/shop\/praktyczne-mazidla\/zestaw-swieta-prostota\/\" \/>\n<meta property=\"og:site_name\" content=\"Hooligan Elf\" \/>\n<meta property=\"article:publisher\" content=\"https:\/\/www.facebook.com\/HooliganElf\/\" \/>\n<meta property=\"article:modified_time\" content=\"2026-01-06T15:18:46+00:00\" \/>\n<meta property=\"og:image\" content=\"https:\/\/hooliganelf.pl\/wp-content\/uploads\/2024\/12\/swieta-prostota.jpg\" \/>\n\t<meta property=\"og:image:width\" content=\"1582\" \/>\n\t<meta property=\"og:image:height\" content=\"2048\" \/>\n\t<meta property=\"og:image:type\" content=\"image\/jpeg\" \/>\n<meta name=\"twitter:card\" content=\"summary_large_image\" \/>\n<meta name=\"twitter:label1\" content=\"Szacowany czas czytania\" \/>\n\t<meta name=\"twitter:data1\" content=\"2 minuty\" \/>\n<script type=\"application\/ld+json\" class=\"yoast-schema-graph\">{\"@context\":\"https:\\\/\\\/schema.org\",\"@graph\":[{\"@type\":\"WebPage\",\"@id\":\"https:\\\/\\\/hooliganelf.pl\\\/shop\\\/praktyczne-mazidla\\\/zestaw-swieta-prostota\\\/\",\"url\":\"https:\\\/\\\/hooliganelf.pl\\\/shop\\\/praktyczne-mazidla\\\/zestaw-swieta-prostota\\\/\",\"name\":\"Zestaw \u015awi\u0119ta Prostota - Hooligan Elf\",\"isPartOf\":{\"@id\":\"https:\\\/\\\/hooliganelf.pl\\\/#website\"},\"primaryImageOfPage\":{\"@id\":\"https:\\\/\\\/hooliganelf.pl\\\/shop\\\/praktyczne-mazidla\\\/zestaw-swieta-prostota\\\/#primaryimage\"},\"image\":{\"@id\":\"https:\\\/\\\/hooliganelf.pl\\\/shop\\\/praktyczne-mazidla\\\/zestaw-swieta-prostota\\\/#primaryimage\"},\"thumbnailUrl\":\"https:\\\/\\\/hooliganelf.pl\\\/wp-content\\\/uploads\\\/2024\\\/12\\\/swieta-prostota.jpg\",\"datePublished\":\"2024-12-04T21:42:54+00:00\",\"dateModified\":\"2026-01-06T15:18:46+00:00\",\"breadcrumb\":{\"@id\":\"https:\\\/\\\/hooliganelf.pl\\\/shop\\\/praktyczne-mazidla\\\/zestaw-swieta-prostota\\\/#breadcrumb\"},\"inLanguage\":\"pl-PL\",\"potentialAction\":[{\"@type\":\"ReadAction\",\"target\":[\"https:\\\/\\\/hooliganelf.pl\\\/shop\\\/praktyczne-mazidla\\\/zestaw-swieta-prostota\\\/\"]}]},{\"@type\":\"ImageObject\",\"inLanguage\":\"pl-PL\",\"@id\":\"https:\\\/\\\/hooliganelf.pl\\\/shop\\\/praktyczne-mazidla\\\/zestaw-swieta-prostota\\\/#primaryimage\",\"url\":\"https:\\\/\\\/hooliganelf.pl\\\/wp-content\\\/uploads\\\/2024\\\/12\\\/swieta-prostota.jpg\",\"contentUrl\":\"https:\\\/\\\/hooliganelf.pl\\\/wp-content\\\/uploads\\\/2024\\\/12\\\/swieta-prostota.jpg\",\"width\":1582,\"height\":2048},{\"@type\":\"BreadcrumbList\",\"@id\":\"https:\\\/\\\/hooliganelf.pl\\\/shop\\\/praktyczne-mazidla\\\/zestaw-swieta-prostota\\\/#breadcrumb\",\"itemListElement\":[{\"@type\":\"ListItem\",\"position\":1,\"name\":\"Strona g\u0142\u00f3wna\",\"item\":\"https:\\\/\\\/hooliganelf.pl\\\/\"},{\"@type\":\"ListItem\",\"position\":2,\"name\":\"Stragan\",\"item\":\"https:\\\/\\\/hooliganelf.pl\\\/pl\\\/shop\\\/\"},{\"@type\":\"ListItem\",\"position\":3,\"name\":\"Zestaw \u015awi\u0119ta Prostota\"}]},{\"@type\":\"WebSite\",\"@id\":\"https:\\\/\\\/hooliganelf.pl\\\/#website\",\"url\":\"https:\\\/\\\/hooliganelf.pl\\\/\",\"name\":\"Hooligan Elf\",\"description\":\"Le\u015bne wymys\u0142y dzikiej kobiety\",\"publisher\":{\"@id\":\"https:\\\/\\\/hooliganelf.pl\\\/#organization\"},\"potentialAction\":[{\"@type\":\"SearchAction\",\"target\":{\"@type\":\"EntryPoint\",\"urlTemplate\":\"https:\\\/\\\/hooliganelf.pl\\\/?s={search_term_string}\"},\"query-input\":{\"@type\":\"PropertyValueSpecification\",\"valueRequired\":true,\"valueName\":\"search_term_string\"}}],\"inLanguage\":\"pl-PL\"},{\"@type\":\"Organization\",\"@id\":\"https:\\\/\\\/hooliganelf.pl\\\/#organization\",\"name\":\"Hooligan Elf\",\"url\":\"https:\\\/\\\/hooliganelf.pl\\\/\",\"logo\":{\"@type\":\"ImageObject\",\"inLanguage\":\"pl-PL\",\"@id\":\"https:\\\/\\\/hooliganelf.pl\\\/#\\\/schema\\\/logo\\\/image\\\/\",\"url\":\"https:\\\/\\\/hooliganelf.pl\\\/wp-content\\\/uploads\\\/2021\\\/10\\\/logo-nowe-czarne-bez-tla.png\",\"contentUrl\":\"https:\\\/\\\/hooliganelf.pl\\\/wp-content\\\/uploads\\\/2021\\\/10\\\/logo-nowe-czarne-bez-tla.png\",\"width\":1278,\"height\":735,\"caption\":\"Hooligan Elf\"},\"image\":{\"@id\":\"https:\\\/\\\/hooliganelf.pl\\\/#\\\/schema\\\/logo\\\/image\\\/\"},\"sameAs\":[\"https:\\\/\\\/www.facebook.com\\\/HooliganElf\\\/\",\"https:\\\/\\\/www.instagram.com\\\/hooligan.elf\\\/\"]}]}<\/script>\n<!-- \/ Yoast SEO plugin. -->","yoast_head_json":{"title":"Zestaw \u015awi\u0119ta Prostota - Hooligan Elf","robots":{"index":"index","follow":"follow","max-snippet":"max-snippet:-1","max-image-preview":"max-image-preview:large","max-video-preview":"max-video-preview:-1"},"canonical":"https:\/\/hooliganelf.pl\/pl\/shop\/praktyczne-mazidla\/zestaw-swieta-prostota\/","og_locale":"pl_PL","og_type":"article","og_title":"Zestaw \u015awi\u0119ta Prostota - Hooligan Elf","og_description":"Do wyboru dwa rozmiary zestaw\u00f3w z mniejsz\u0105 i wi\u0119ksz\u0105 pojemno\u015bci\u0105 W tym walnym zgromadzeniu znajdziesz same sztosy, inaczej zwane bestsellerami. Ka\u017cdy jeden ma ju\u017c sw\u00f3j wianuszek fanek, kt\u00f3re wiernie wracaj\u0105 i szerz\u0105 w\u015br\u00f3d bliskich dobroci. Koncept \u015awi\u0119tej Prostoty wychodzi na przeciw p\u0119dowi za sk\u0142adnikami, ilo\u015bciami produkt\u00f3w i zbyt natr\u0119tnemu zajmowaniu si\u0119 sk\u00f3r\u0105, naszym najwi\u0119kszym organem. Tym, kt\u00f3ry ma swoj\u0105 m\u0105dro\u015b\u0107, swoje cykle i swoje w\u0142asne kosmetyki produkowane w kooperacji z naturalnym biomem \u017cyj\u0105cym na jej powierzchni. Cz\u0119sto zbyt du\u017ca ingerencja jest cz\u0119\u015bci\u0105 problemu. Niepozorny sk\u0142adnik wyst\u0119puj\u0105cy pod jednym s\u0142owem skrywa 100 innych substancji chemicznych. Do brzegu! Co tu mamy: Czyste B\u0142oto&#8211;\u00a0czyli vmyj si\u0119 Ziemi\u0105! Glinka kaolin i oleje s\u0105 \u015bwietne w oczyszczaniu twarzy bez zmywania z niej tego, co cenne! S\u0105 te\u017c na tyle delikatne i inteligentne, by nie podra\u017cni\u0107 miejsc intymnych czy z\u0119b\u00f3w, ale doprowadzi\u0107 je homeostazy. W razie zgagi, wzd\u0119\u0107 czy niedoboru minera\u0142\u00f3w glinka kaolin nadaje si\u0119 do zrobienia z niego napoju. (120ml i 240ml) Kremistrz&#8211;\u00a0lekki, ale skuteczny. Aloes s\u0142ynie z w\u0142a\u015bciwo\u015bci nawil\u017caj\u0105cych, krzemionka matuje, oleje lniany i makowy reguluj\u0105, szafran roz\u015bwietla i rozja\u015bnia sk\u00f3r\u0119. (30ml i 60ml) Servm Tr\u00f3jca&#8211;\u00a0najnowszy wymys\u0142, kt\u00f3rego przepis sp\u0142yn\u0105\u0142 na mnie jak ol\u015bnienie i szybko zjedna\u0142 sobie wyznawczynie \ud83d\ude09 g\u0119ste servm, kt\u00f3re zaskakuje lekko\u015bci\u0105 i pot\u0119\u017cnym dzia\u0142aniem, kt\u00f3re zawdzi\u0119cza EKSTRAKTOWI Z KADZID\u0141OWCA. Napisa\u0142am wielkimi literami, bo to nie jest \u017caden olejek eteryczny, kt\u00f3ry pachnie \u0142adnie, ale niewiele wi\u0119cej. To ekstrachowana przeze mnie esensja z \u017cywicy kadzid\u0142owca, czyli zawiera wi\u0119cej czynnych sk\u0142adnik\u00f3w, kt\u00f3rych nie zajdziesz w olejkach eterycznych nawet tych z najwy\u017cszej p\u00f3\u0142ki, mi\u0119dzy innymi kwas bosweliowy, odpowiedzialny za cofanie wieku sk\u00f3ry.(10ml i 30ml) Kliknij nazw\u0119 produktu, \u017ceby przeczyta\u0107 opinie wystawione przez zadowolone u\u017cytkowniczki. &nbsp; &nbsp; &nbsp;","og_url":"https:\/\/hooliganelf.pl\/pl\/shop\/praktyczne-mazidla\/zestaw-swieta-prostota\/","og_site_name":"Hooligan Elf","article_publisher":"https:\/\/www.facebook.com\/HooliganElf\/","article_modified_time":"2026-01-06T15:18:46+00:00","og_image":[{"width":1582,"height":2048,"url":"https:\/\/hooliganelf.pl\/wp-content\/uploads\/2024\/12\/swieta-prostota.jpg","type":"image\/jpeg"}],"twitter_card":"summary_large_image","twitter_misc":{"Szacowany czas czytania":"2 minuty"},"schema":{"@context":"https:\/\/schema.org","@graph":[{"@type":"WebPage","@id":"https:\/\/hooliganelf.pl\/shop\/praktyczne-mazidla\/zestaw-swieta-prostota\/","url":"https:\/\/hooliganelf.pl\/shop\/praktyczne-mazidla\/zestaw-swieta-prostota\/","name":"Zestaw \u015awi\u0119ta Prostota - Hooligan Elf","isPartOf":{"@id":"https:\/\/hooliganelf.pl\/#website"},"primaryImageOfPage":{"@id":"https:\/\/hooliganelf.pl\/shop\/praktyczne-mazidla\/zestaw-swieta-prostota\/#primaryimage"},"image":{"@id":"https:\/\/hooliganelf.pl\/shop\/praktyczne-mazidla\/zestaw-swieta-prostota\/#primaryimage"},"thumbnailUrl":"https:\/\/hooliganelf.pl\/wp-content\/uploads\/2024\/12\/swieta-prostota.jpg","datePublished":"2024-12-04T21:42:54+00:00","dateModified":"2026-01-06T15:18:46+00:00","breadcrumb":{"@id":"https:\/\/hooliganelf.pl\/shop\/praktyczne-mazidla\/zestaw-swieta-prostota\/#breadcrumb"},"inLanguage":"pl-PL","potentialAction":[{"@type":"ReadAction","target":["https:\/\/hooliganelf.pl\/shop\/praktyczne-mazidla\/zestaw-swieta-prostota\/"]}]},{"@type":"ImageObject","inLanguage":"pl-PL","@id":"https:\/\/hooliganelf.pl\/shop\/praktyczne-mazidla\/zestaw-swieta-prostota\/#primaryimage","url":"https:\/\/hooliganelf.pl\/wp-content\/uploads\/2024\/12\/swieta-prostota.jpg","contentUrl":"https:\/\/hooliganelf.pl\/wp-content\/uploads\/2024\/12\/swieta-prostota.jpg","width":1582,"height":2048},{"@type":"BreadcrumbList","@id":"https:\/\/hooliganelf.pl\/shop\/praktyczne-mazidla\/zestaw-swieta-prostota\/#breadcrumb","itemListElement":[{"@type":"ListItem","position":1,"name":"Strona g\u0142\u00f3wna","item":"https:\/\/hooliganelf.pl\/"},{"@type":"ListItem","position":2,"name":"Stragan","item":"https:\/\/hooliganelf.pl\/pl\/shop\/"},{"@type":"ListItem","position":3,"name":"Zestaw \u015awi\u0119ta Prostota"}]},{"@type":"WebSite","@id":"https:\/\/hooliganelf.pl\/#website","url":"https:\/\/hooliganelf.pl\/","name":"Hooligan Elf","description":"Le\u015bne wymys\u0142y dzikiej kobiety","publisher":{"@id":"https:\/\/hooliganelf.pl\/#organization"},"potentialAction":[{"@type":"SearchAction","target":{"@type":"EntryPoint","urlTemplate":"https:\/\/hooliganelf.pl\/?s={search_term_string}"},"query-input":{"@type":"PropertyValueSpecification","valueRequired":true,"valueName":"search_term_string"}}],"inLanguage":"pl-PL"},{"@type":"Organization","@id":"https:\/\/hooliganelf.pl\/#organization","name":"Hooligan Elf","url":"https:\/\/hooliganelf.pl\/","logo":{"@type":"ImageObject","inLanguage":"pl-PL","@id":"https:\/\/hooliganelf.pl\/#\/schema\/logo\/image\/","url":"https:\/\/hooliganelf.pl\/wp-content\/uploads\/2021\/10\/logo-nowe-czarne-bez-tla.png","contentUrl":"https:\/\/hooliganelf.pl\/wp-content\/uploads\/2021\/10\/logo-nowe-czarne-bez-tla.png","width":1278,"height":735,"caption":"Hooligan Elf"},"image":{"@id":"https:\/\/hooliganelf.pl\/#\/schema\/logo\/image\/"},"sameAs":["https:\/\/www.facebook.com\/HooliganElf\/","https:\/\/www.instagram.com\/hooligan.elf\/"]}]}},"_links":{"self":[{"href":"https:\/\/hooliganelf.pl\/pl\/wp-json\/wp\/v2\/product\/3764","targetHints":{"allow":["GET"]}}],"collection":[{"href":"https:\/\/hooliganelf.pl\/pl\/wp-json\/wp\/v2\/product"}],"about":[{"href":"https:\/\/hooliganelf.pl\/pl\/wp-json\/wp\/v2\/types\/product"}],"replies":[{"embeddable":true,"href":"https:\/\/hooliganelf.pl\/pl\/wp-json\/wp\/v2\/comments?post=3764"}],"wp:featuredmedia":[{"embeddable":true,"href":"https:\/\/hooliganelf.pl\/pl\/wp-json\/wp\/v2\/media\/3768"}],"wp:attachment":[{"href":"https:\/\/hooliganelf.pl\/pl\/wp-json\/wp\/v2\/media?parent=3764"}],"wp:term":[{"taxonomy":"product_brand","embeddable":true,"href":"https:\/\/hooliganelf.pl\/pl\/wp-json\/wp\/v2\/product_brand?post=3764"},{"taxonomy":"product_cat","embeddable":true,"href":"https:\/\/hooliganelf.pl\/pl\/wp-json\/wp\/v2\/product_cat?post=3764"},{"taxonomy":"product_tag","embeddable":true,"href":"https:\/\/hooliganelf.pl\/pl\/wp-json\/wp\/v2\/product_tag?post=3764"}],"curies":[{"name":"wp","href":"https:\/\/api.w.org\/{rel}","templated":true}]}}