{"id":4921,"date":"2025-10-29T21:34:04","date_gmt":"2025-10-29T20:34:04","guid":{"rendered":"https:\/\/hooliganelf.pl\/?post_type=product&#038;p=4921"},"modified":"2025-10-29T21:34:46","modified_gmt":"2025-10-29T20:34:46","slug":"amanitowa-lyzka-4","status":"publish","type":"product","link":"https:\/\/hooliganelf.pl\/pl\/shop\/drewutnia\/drewniane-sztucce\/amanitowa-lyzka-4\/","title":{"rendered":"Amanitowa \u0141y\u017cka"},"content":{"rendered":"<h3>\u0141y\u017cka jaka jest ka\u017cdy widzi- pi\u0119kna i urocza.<\/h3>\n<h3>Do czego s\u0142u\u017cy te\u017c wiadomo- mo\u017cna ni\u0105 je\u015b\u0107 zup\u0119 i kasz\u0119 albo wyeksponowa\u0107 jako ozdob\u0119 ciesz\u0105c\u0105 oko.<\/h3>\n<h3>Ale czy wiesz, \u017ce materia\u0142, z kt\u00f3rego wykonane s\u0105 sztu\u0107ce wp\u0142ywa na smak?<\/h3>\n<p>Drewniana \u0142y\u017cka, w przeciwie\u0144stwie do plastikowej czy metalowej, uzupe\u0142nia smak potrawy. Poszczeg\u00f3lne gatunki drzew maj\u0105 pod tym wzgl\u0119dem r\u00f3\u017cne cechy. Na przyk\u0142ad buk oraz drzewa owocowe dodaj\u0105 s\u0142odko\u015bci.<\/p>\n<p><em><strong>Ta oto \u0142y\u017cka wykonana z dba\u0142o\u015bci\u0105 i pasj\u0105, b\u0119dzie b\u0142ogos\u0142awi\u0107 ka\u017cdy k\u0119s jedzenia \ud83d\ude09<\/strong><\/em><\/p>\n<p><strong>Jak dba\u0107 o drewniane sztu\u0107ce<\/strong><\/p>\n<p>Drewno wymaga znacznie wi\u0119cej troski i uwagi ni\u017c inne materia\u0142y. Tego rodzaju przybory i naczynia nie nadaj\u0105 si\u0119 do zmywarki ani do d\u0142ugotrwa\u0142ego namaczania. Po u\u017cyciu nale\u017cy je wyczy\u015bci\u0107 g\u0105bk\u0105 z p\u0142ynem i\u00a0 wysuszy\u0107. Od czasu do czasu dobrze im zrobi potraktowanie ochronnym olejem, np lnianym albo oliw\u0105 lub jakikolwiek masz w kuchni. Odpowiednie nat\u0142uszczenie impregnuje drewno i zapobiega wch\u0142anianiu si\u0119 wody.<\/p>\n","protected":false},"excerpt":{"rendered":"<p>\u0141y\u017cka jaka jest ka\u017cdy widzi- pi\u0119kna i urocza. Do czego s\u0142u\u017cy te\u017c wiadomo- mo\u017cna ni\u0105 je\u015b\u0107 zup\u0119 i kasz\u0119 albo wyeksponowa\u0107 jako ozdob\u0119 ciesz\u0105c\u0105 oko. Ale czy wiesz, \u017ce materia\u0142, z kt\u00f3rego wykonane s\u0105 sztu\u0107ce wp\u0142ywa na smak? Drewniana \u0142y\u017cka, w przeciwie\u0144stwie do plastikowej czy metalowej, uzupe\u0142nia smak potrawy. Poszczeg\u00f3lne gatunki drzew maj\u0105 pod tym wzgl\u0119dem r\u00f3\u017cne cechy. Na przyk\u0142ad buk oraz drzewa owocowe dodaj\u0105 s\u0142odko\u015bci. Ta oto \u0142y\u017cka wykonana z dba\u0142o\u015bci\u0105 i pasj\u0105, b\u0119dzie b\u0142ogos\u0142awi\u0107 ka\u017cdy k\u0119s jedzenia \ud83d\ude09 Jak dba\u0107 o drewniane sztu\u0107ce Drewno wymaga znacznie wi\u0119cej troski i uwagi ni\u017c inne materia\u0142y. Tego rodzaju przybory i naczynia nie nadaj\u0105 si\u0119 do zmywarki ani do d\u0142ugotrwa\u0142ego namaczania. Po u\u017cyciu nale\u017cy je wyczy\u015bci\u0107 g\u0105bk\u0105 z p\u0142ynem i\u00a0 wysuszy\u0107. Od czasu do czasu dobrze im zrobi potraktowanie ochronnym olejem, np lnianym albo oliw\u0105 lub jakikolwiek masz w kuchni. Odpowiednie nat\u0142uszczenie impregnuje drewno i zapobiega wch\u0142anianiu si\u0119 wody.<\/p>\n","protected":false},"featured_media":4910,"comment_status":"open","ping_status":"closed","template":"","meta":[],"product_brand":[],"product_cat":[46,51],"product_tag":[],"class_list":{"0":"post-4921","1":"product","2":"type-product","3":"status-publish","4":"has-post-thumbnail","6":"product_cat-amanita","7":"product_cat-drewniane-sztucce","9":"first","10":"instock","11":"shipping-taxable","12":"purchasable","13":"product-type-simple"},"yoast_head":"<!-- This site is optimized with the Yoast SEO plugin v27.4 - https:\/\/yoast.com\/product\/yoast-seo-wordpress\/ -->\n<title>Amanitowa \u0141y\u017cka - Hooligan Elf<\/title>\n<meta name=\"robots\" content=\"index, follow, max-snippet:-1, max-image-preview:large, max-video-preview:-1\" \/>\n<link rel=\"canonical\" href=\"https:\/\/hooliganelf.pl\/pl\/shop\/drewutnia\/drewniane-sztucce\/amanitowa-lyzka-4\/\" \/>\n<meta property=\"og:locale\" content=\"pl_PL\" \/>\n<meta property=\"og:type\" content=\"article\" \/>\n<meta property=\"og:title\" content=\"Amanitowa \u0141y\u017cka - Hooligan Elf\" \/>\n<meta property=\"og:description\" content=\"\u0141y\u017cka jaka jest ka\u017cdy widzi- pi\u0119kna i urocza. Do czego s\u0142u\u017cy te\u017c wiadomo- mo\u017cna ni\u0105 je\u015b\u0107 zup\u0119 i kasz\u0119 albo wyeksponowa\u0107 jako ozdob\u0119 ciesz\u0105c\u0105 oko. Ale czy wiesz, \u017ce materia\u0142, z kt\u00f3rego wykonane s\u0105 sztu\u0107ce wp\u0142ywa na smak? Drewniana \u0142y\u017cka, w przeciwie\u0144stwie do plastikowej czy metalowej, uzupe\u0142nia smak potrawy. Poszczeg\u00f3lne gatunki drzew maj\u0105 pod tym wzgl\u0119dem r\u00f3\u017cne cechy. Na przyk\u0142ad buk oraz drzewa owocowe dodaj\u0105 s\u0142odko\u015bci. Ta oto \u0142y\u017cka wykonana z dba\u0142o\u015bci\u0105 i pasj\u0105, b\u0119dzie b\u0142ogos\u0142awi\u0107 ka\u017cdy k\u0119s jedzenia \ud83d\ude09 Jak dba\u0107 o drewniane sztu\u0107ce Drewno wymaga znacznie wi\u0119cej troski i uwagi ni\u017c inne materia\u0142y. Tego rodzaju przybory i naczynia nie nadaj\u0105 si\u0119 do zmywarki ani do d\u0142ugotrwa\u0142ego namaczania. Po u\u017cyciu nale\u017cy je wyczy\u015bci\u0107 g\u0105bk\u0105 z p\u0142ynem i\u00a0 wysuszy\u0107. Od czasu do czasu dobrze im zrobi potraktowanie ochronnym olejem, np lnianym albo oliw\u0105 lub jakikolwiek masz w kuchni. Odpowiednie nat\u0142uszczenie impregnuje drewno i zapobiega wch\u0142anianiu si\u0119 wody.\" \/>\n<meta property=\"og:url\" content=\"https:\/\/hooliganelf.pl\/pl\/shop\/drewutnia\/drewniane-sztucce\/amanitowa-lyzka-4\/\" \/>\n<meta property=\"og:site_name\" content=\"Hooligan Elf\" \/>\n<meta property=\"article:publisher\" content=\"https:\/\/www.facebook.com\/HooliganElf\/\" \/>\n<meta property=\"article:modified_time\" content=\"2025-10-29T20:34:46+00:00\" \/>\n<meta property=\"og:image\" content=\"https:\/\/hooliganelf.pl\/wp-content\/uploads\/2025\/10\/WhatsApp-Image-2025-10-29-at-21.05.59-9.jpeg\" \/>\n\t<meta property=\"og:image:width\" content=\"1541\" \/>\n\t<meta property=\"og:image:height\" content=\"2048\" \/>\n\t<meta property=\"og:image:type\" content=\"image\/jpeg\" \/>\n<meta name=\"twitter:card\" content=\"summary_large_image\" \/>\n<meta name=\"twitter:label1\" content=\"Szacowany czas czytania\" \/>\n\t<meta name=\"twitter:data1\" content=\"1 minuta\" \/>\n<script type=\"application\/ld+json\" class=\"yoast-schema-graph\">{\"@context\":\"https:\\\/\\\/schema.org\",\"@graph\":[{\"@type\":\"WebPage\",\"@id\":\"https:\\\/\\\/hooliganelf.pl\\\/shop\\\/drewutnia\\\/drewniane-sztucce\\\/amanitowa-lyzka-4\\\/\",\"url\":\"https:\\\/\\\/hooliganelf.pl\\\/shop\\\/drewutnia\\\/drewniane-sztucce\\\/amanitowa-lyzka-4\\\/\",\"name\":\"Amanitowa \u0141y\u017cka - Hooligan Elf\",\"isPartOf\":{\"@id\":\"https:\\\/\\\/hooliganelf.pl\\\/#website\"},\"primaryImageOfPage\":{\"@id\":\"https:\\\/\\\/hooliganelf.pl\\\/shop\\\/drewutnia\\\/drewniane-sztucce\\\/amanitowa-lyzka-4\\\/#primaryimage\"},\"image\":{\"@id\":\"https:\\\/\\\/hooliganelf.pl\\\/shop\\\/drewutnia\\\/drewniane-sztucce\\\/amanitowa-lyzka-4\\\/#primaryimage\"},\"thumbnailUrl\":\"https:\\\/\\\/hooliganelf.pl\\\/wp-content\\\/uploads\\\/2025\\\/10\\\/WhatsApp-Image-2025-10-29-at-21.05.59-9.jpeg\",\"datePublished\":\"2025-10-29T20:34:04+00:00\",\"dateModified\":\"2025-10-29T20:34:46+00:00\",\"breadcrumb\":{\"@id\":\"https:\\\/\\\/hooliganelf.pl\\\/shop\\\/drewutnia\\\/drewniane-sztucce\\\/amanitowa-lyzka-4\\\/#breadcrumb\"},\"inLanguage\":\"pl-PL\",\"potentialAction\":[{\"@type\":\"ReadAction\",\"target\":[\"https:\\\/\\\/hooliganelf.pl\\\/shop\\\/drewutnia\\\/drewniane-sztucce\\\/amanitowa-lyzka-4\\\/\"]}]},{\"@type\":\"ImageObject\",\"inLanguage\":\"pl-PL\",\"@id\":\"https:\\\/\\\/hooliganelf.pl\\\/shop\\\/drewutnia\\\/drewniane-sztucce\\\/amanitowa-lyzka-4\\\/#primaryimage\",\"url\":\"https:\\\/\\\/hooliganelf.pl\\\/wp-content\\\/uploads\\\/2025\\\/10\\\/WhatsApp-Image-2025-10-29-at-21.05.59-9.jpeg\",\"contentUrl\":\"https:\\\/\\\/hooliganelf.pl\\\/wp-content\\\/uploads\\\/2025\\\/10\\\/WhatsApp-Image-2025-10-29-at-21.05.59-9.jpeg\",\"width\":1541,\"height\":2048},{\"@type\":\"BreadcrumbList\",\"@id\":\"https:\\\/\\\/hooliganelf.pl\\\/shop\\\/drewutnia\\\/drewniane-sztucce\\\/amanitowa-lyzka-4\\\/#breadcrumb\",\"itemListElement\":[{\"@type\":\"ListItem\",\"position\":1,\"name\":\"Strona g\u0142\u00f3wna\",\"item\":\"https:\\\/\\\/hooliganelf.pl\\\/\"},{\"@type\":\"ListItem\",\"position\":2,\"name\":\"Stragan\",\"item\":\"https:\\\/\\\/hooliganelf.pl\\\/pl\\\/shop\\\/\"},{\"@type\":\"ListItem\",\"position\":3,\"name\":\"Amanitowa \u0141y\u017cka\"}]},{\"@type\":\"WebSite\",\"@id\":\"https:\\\/\\\/hooliganelf.pl\\\/#website\",\"url\":\"https:\\\/\\\/hooliganelf.pl\\\/\",\"name\":\"Hooligan Elf\",\"description\":\"Le\u015bne wymys\u0142y dzikiej kobiety\",\"publisher\":{\"@id\":\"https:\\\/\\\/hooliganelf.pl\\\/#organization\"},\"potentialAction\":[{\"@type\":\"SearchAction\",\"target\":{\"@type\":\"EntryPoint\",\"urlTemplate\":\"https:\\\/\\\/hooliganelf.pl\\\/?s={search_term_string}\"},\"query-input\":{\"@type\":\"PropertyValueSpecification\",\"valueRequired\":true,\"valueName\":\"search_term_string\"}}],\"inLanguage\":\"pl-PL\"},{\"@type\":\"Organization\",\"@id\":\"https:\\\/\\\/hooliganelf.pl\\\/#organization\",\"name\":\"Hooligan Elf\",\"url\":\"https:\\\/\\\/hooliganelf.pl\\\/\",\"logo\":{\"@type\":\"ImageObject\",\"inLanguage\":\"pl-PL\",\"@id\":\"https:\\\/\\\/hooliganelf.pl\\\/#\\\/schema\\\/logo\\\/image\\\/\",\"url\":\"https:\\\/\\\/hooliganelf.pl\\\/wp-content\\\/uploads\\\/2021\\\/10\\\/logo-nowe-czarne-bez-tla.png\",\"contentUrl\":\"https:\\\/\\\/hooliganelf.pl\\\/wp-content\\\/uploads\\\/2021\\\/10\\\/logo-nowe-czarne-bez-tla.png\",\"width\":1278,\"height\":735,\"caption\":\"Hooligan Elf\"},\"image\":{\"@id\":\"https:\\\/\\\/hooliganelf.pl\\\/#\\\/schema\\\/logo\\\/image\\\/\"},\"sameAs\":[\"https:\\\/\\\/www.facebook.com\\\/HooliganElf\\\/\",\"https:\\\/\\\/www.instagram.com\\\/hooligan.elf\\\/\"]}]}<\/script>\n<!-- \/ Yoast SEO plugin. -->","yoast_head_json":{"title":"Amanitowa \u0141y\u017cka - Hooligan Elf","robots":{"index":"index","follow":"follow","max-snippet":"max-snippet:-1","max-image-preview":"max-image-preview:large","max-video-preview":"max-video-preview:-1"},"canonical":"https:\/\/hooliganelf.pl\/pl\/shop\/drewutnia\/drewniane-sztucce\/amanitowa-lyzka-4\/","og_locale":"pl_PL","og_type":"article","og_title":"Amanitowa \u0141y\u017cka - Hooligan Elf","og_description":"\u0141y\u017cka jaka jest ka\u017cdy widzi- pi\u0119kna i urocza. Do czego s\u0142u\u017cy te\u017c wiadomo- mo\u017cna ni\u0105 je\u015b\u0107 zup\u0119 i kasz\u0119 albo wyeksponowa\u0107 jako ozdob\u0119 ciesz\u0105c\u0105 oko. Ale czy wiesz, \u017ce materia\u0142, z kt\u00f3rego wykonane s\u0105 sztu\u0107ce wp\u0142ywa na smak? Drewniana \u0142y\u017cka, w przeciwie\u0144stwie do plastikowej czy metalowej, uzupe\u0142nia smak potrawy. Poszczeg\u00f3lne gatunki drzew maj\u0105 pod tym wzgl\u0119dem r\u00f3\u017cne cechy. Na przyk\u0142ad buk oraz drzewa owocowe dodaj\u0105 s\u0142odko\u015bci. Ta oto \u0142y\u017cka wykonana z dba\u0142o\u015bci\u0105 i pasj\u0105, b\u0119dzie b\u0142ogos\u0142awi\u0107 ka\u017cdy k\u0119s jedzenia \ud83d\ude09 Jak dba\u0107 o drewniane sztu\u0107ce Drewno wymaga znacznie wi\u0119cej troski i uwagi ni\u017c inne materia\u0142y. Tego rodzaju przybory i naczynia nie nadaj\u0105 si\u0119 do zmywarki ani do d\u0142ugotrwa\u0142ego namaczania. Po u\u017cyciu nale\u017cy je wyczy\u015bci\u0107 g\u0105bk\u0105 z p\u0142ynem i\u00a0 wysuszy\u0107. Od czasu do czasu dobrze im zrobi potraktowanie ochronnym olejem, np lnianym albo oliw\u0105 lub jakikolwiek masz w kuchni. Odpowiednie nat\u0142uszczenie impregnuje drewno i zapobiega wch\u0142anianiu si\u0119 wody.","og_url":"https:\/\/hooliganelf.pl\/pl\/shop\/drewutnia\/drewniane-sztucce\/amanitowa-lyzka-4\/","og_site_name":"Hooligan Elf","article_publisher":"https:\/\/www.facebook.com\/HooliganElf\/","article_modified_time":"2025-10-29T20:34:46+00:00","og_image":[{"width":1541,"height":2048,"url":"https:\/\/hooliganelf.pl\/wp-content\/uploads\/2025\/10\/WhatsApp-Image-2025-10-29-at-21.05.59-9.jpeg","type":"image\/jpeg"}],"twitter_card":"summary_large_image","twitter_misc":{"Szacowany czas czytania":"1 minuta"},"schema":{"@context":"https:\/\/schema.org","@graph":[{"@type":"WebPage","@id":"https:\/\/hooliganelf.pl\/shop\/drewutnia\/drewniane-sztucce\/amanitowa-lyzka-4\/","url":"https:\/\/hooliganelf.pl\/shop\/drewutnia\/drewniane-sztucce\/amanitowa-lyzka-4\/","name":"Amanitowa \u0141y\u017cka - Hooligan Elf","isPartOf":{"@id":"https:\/\/hooliganelf.pl\/#website"},"primaryImageOfPage":{"@id":"https:\/\/hooliganelf.pl\/shop\/drewutnia\/drewniane-sztucce\/amanitowa-lyzka-4\/#primaryimage"},"image":{"@id":"https:\/\/hooliganelf.pl\/shop\/drewutnia\/drewniane-sztucce\/amanitowa-lyzka-4\/#primaryimage"},"thumbnailUrl":"https:\/\/hooliganelf.pl\/wp-content\/uploads\/2025\/10\/WhatsApp-Image-2025-10-29-at-21.05.59-9.jpeg","datePublished":"2025-10-29T20:34:04+00:00","dateModified":"2025-10-29T20:34:46+00:00","breadcrumb":{"@id":"https:\/\/hooliganelf.pl\/shop\/drewutnia\/drewniane-sztucce\/amanitowa-lyzka-4\/#breadcrumb"},"inLanguage":"pl-PL","potentialAction":[{"@type":"ReadAction","target":["https:\/\/hooliganelf.pl\/shop\/drewutnia\/drewniane-sztucce\/amanitowa-lyzka-4\/"]}]},{"@type":"ImageObject","inLanguage":"pl-PL","@id":"https:\/\/hooliganelf.pl\/shop\/drewutnia\/drewniane-sztucce\/amanitowa-lyzka-4\/#primaryimage","url":"https:\/\/hooliganelf.pl\/wp-content\/uploads\/2025\/10\/WhatsApp-Image-2025-10-29-at-21.05.59-9.jpeg","contentUrl":"https:\/\/hooliganelf.pl\/wp-content\/uploads\/2025\/10\/WhatsApp-Image-2025-10-29-at-21.05.59-9.jpeg","width":1541,"height":2048},{"@type":"BreadcrumbList","@id":"https:\/\/hooliganelf.pl\/shop\/drewutnia\/drewniane-sztucce\/amanitowa-lyzka-4\/#breadcrumb","itemListElement":[{"@type":"ListItem","position":1,"name":"Strona g\u0142\u00f3wna","item":"https:\/\/hooliganelf.pl\/"},{"@type":"ListItem","position":2,"name":"Stragan","item":"https:\/\/hooliganelf.pl\/pl\/shop\/"},{"@type":"ListItem","position":3,"name":"Amanitowa \u0141y\u017cka"}]},{"@type":"WebSite","@id":"https:\/\/hooliganelf.pl\/#website","url":"https:\/\/hooliganelf.pl\/","name":"Hooligan Elf","description":"Le\u015bne wymys\u0142y dzikiej kobiety","publisher":{"@id":"https:\/\/hooliganelf.pl\/#organization"},"potentialAction":[{"@type":"SearchAction","target":{"@type":"EntryPoint","urlTemplate":"https:\/\/hooliganelf.pl\/?s={search_term_string}"},"query-input":{"@type":"PropertyValueSpecification","valueRequired":true,"valueName":"search_term_string"}}],"inLanguage":"pl-PL"},{"@type":"Organization","@id":"https:\/\/hooliganelf.pl\/#organization","name":"Hooligan Elf","url":"https:\/\/hooliganelf.pl\/","logo":{"@type":"ImageObject","inLanguage":"pl-PL","@id":"https:\/\/hooliganelf.pl\/#\/schema\/logo\/image\/","url":"https:\/\/hooliganelf.pl\/wp-content\/uploads\/2021\/10\/logo-nowe-czarne-bez-tla.png","contentUrl":"https:\/\/hooliganelf.pl\/wp-content\/uploads\/2021\/10\/logo-nowe-czarne-bez-tla.png","width":1278,"height":735,"caption":"Hooligan Elf"},"image":{"@id":"https:\/\/hooliganelf.pl\/#\/schema\/logo\/image\/"},"sameAs":["https:\/\/www.facebook.com\/HooliganElf\/","https:\/\/www.instagram.com\/hooligan.elf\/"]}]}},"_links":{"self":[{"href":"https:\/\/hooliganelf.pl\/pl\/wp-json\/wp\/v2\/product\/4921","targetHints":{"allow":["GET"]}}],"collection":[{"href":"https:\/\/hooliganelf.pl\/pl\/wp-json\/wp\/v2\/product"}],"about":[{"href":"https:\/\/hooliganelf.pl\/pl\/wp-json\/wp\/v2\/types\/product"}],"replies":[{"embeddable":true,"href":"https:\/\/hooliganelf.pl\/pl\/wp-json\/wp\/v2\/comments?post=4921"}],"wp:featuredmedia":[{"embeddable":true,"href":"https:\/\/hooliganelf.pl\/pl\/wp-json\/wp\/v2\/media\/4910"}],"wp:attachment":[{"href":"https:\/\/hooliganelf.pl\/pl\/wp-json\/wp\/v2\/media?parent=4921"}],"wp:term":[{"taxonomy":"product_brand","embeddable":true,"href":"https:\/\/hooliganelf.pl\/pl\/wp-json\/wp\/v2\/product_brand?post=4921"},{"taxonomy":"product_cat","embeddable":true,"href":"https:\/\/hooliganelf.pl\/pl\/wp-json\/wp\/v2\/product_cat?post=4921"},{"taxonomy":"product_tag","embeddable":true,"href":"https:\/\/hooliganelf.pl\/pl\/wp-json\/wp\/v2\/product_tag?post=4921"}],"curies":[{"name":"wp","href":"https:\/\/api.w.org\/{rel}","templated":true}]}}