{"id":531,"date":"2021-12-06T15:55:13","date_gmt":"2021-12-06T14:55:13","guid":{"rendered":"https:\/\/hooliganelf.pl\/?post_type=product&#038;p=531"},"modified":"2026-04-01T12:11:52","modified_gmt":"2026-04-01T10:11:52","slug":"probka-2g-winter-wind","status":"publish","type":"product","link":"https:\/\/hooliganelf.pl\/pl\/shop\/ukryte\/gifty\/probka-2g-winter-wind\/","title":{"rendered":"Pr\u00f3bka 2g. Winter Wind"},"content":{"rendered":"<p>Winter Wind, zimowy wiatr nios\u0105cy zmiany. O\u017cywcza chmurka, kt\u00f3ra wietrzy ducha i wykurza stare programy z g\u0142owiny Mieszanka nasycona jest energi\u0105 transformacji, innowacji i zmian na lepsze. Zawiera tatarak, sza\u0142wi\u0119 lecznicz\u0105 i lawend\u0119.<\/p>\n<p>\u015awietnie dogaduje si\u0119 z kolekcjonersk\u0105 Santa Mari\u0105 wspomagaj\u0105c jej podnosz\u0105ce na duchu w\u0142a\u015bciwo\u015bci. Ka\u017cda mieszanka jest r\u0119cznie mielona, wibracyjnie programowana i strojona w misie tybeta\u0144skiej. Dost\u0119pna paczka 25g lub pr\u00f3bka 2g na oko\u0142o 2 skr\u0119taki.<\/p>\n<p>Produkt strickte kolekcjonerski, do postawienia na kominku, o\u0142tarzu czy co tam robicie z zio\u0142ami, kt\u00f3re kolekcjonujecie..<\/p>\n<p>Paczka zawiera 2g. suszu.<\/p>\n","protected":false},"excerpt":{"rendered":"<p>Winter Wind, zimowy wiatr nios\u0105cy zmiany. Programowana jest energi\u0105 transformacji, innowacji i zmian na lepsze. Mieszanka zawiera tatarak, sza\u0142wi\u0119 lecznicz\u0105 i lawend\u0119.<\/p>\n","protected":false},"featured_media":123,"comment_status":"open","ping_status":"closed","template":"","meta":[],"product_brand":[],"product_cat":[43],"product_tag":[],"class_list":{"0":"post-531","1":"product","2":"type-product","3":"status-publish","4":"has-post-thumbnail","6":"product_cat-gifty","8":"first","9":"onbackorder","10":"shipping-taxable","11":"purchasable","12":"product-type-simple"},"yoast_head":"<!-- This site is optimized with the Yoast SEO plugin v27.4 - https:\/\/yoast.com\/product\/yoast-seo-wordpress\/ -->\n<title>Pr\u00f3bka 2g. Winter Wind - Hooligan Elf<\/title>\n<meta name=\"robots\" content=\"index, follow, max-snippet:-1, max-image-preview:large, max-video-preview:-1\" \/>\n<link rel=\"canonical\" href=\"https:\/\/hooliganelf.pl\/pl\/shop\/ukryte\/gifty\/probka-2g-winter-wind\/\" \/>\n<meta property=\"og:locale\" content=\"pl_PL\" \/>\n<meta property=\"og:type\" content=\"article\" \/>\n<meta property=\"og:title\" content=\"Pr\u00f3bka 2g. Winter Wind - Hooligan Elf\" \/>\n<meta property=\"og:description\" content=\"Winter Wind, zimowy wiatr nios\u0105cy zmiany. Programowana jest energi\u0105 transformacji, innowacji i zmian na lepsze. Mieszanka zawiera tatarak, sza\u0142wi\u0119 lecznicz\u0105 i lawend\u0119.\" \/>\n<meta property=\"og:url\" content=\"https:\/\/hooliganelf.pl\/pl\/shop\/ukryte\/gifty\/probka-2g-winter-wind\/\" \/>\n<meta property=\"og:site_name\" content=\"Hooligan Elf\" \/>\n<meta property=\"article:publisher\" content=\"https:\/\/www.facebook.com\/HooliganElf\/\" \/>\n<meta property=\"article:modified_time\" content=\"2026-04-01T10:11:52+00:00\" \/>\n<meta property=\"og:image\" content=\"https:\/\/hooliganelf.pl\/wp-content\/uploads\/2021\/10\/wind-2-scaled.jpg\" \/>\n\t<meta property=\"og:image:width\" content=\"1862\" \/>\n\t<meta property=\"og:image:height\" content=\"2560\" \/>\n\t<meta property=\"og:image:type\" content=\"image\/jpeg\" \/>\n<meta name=\"twitter:card\" content=\"summary_large_image\" \/>\n<meta name=\"twitter:label1\" content=\"Szacowany czas czytania\" \/>\n\t<meta name=\"twitter:data1\" content=\"1 minuta\" \/>\n<script type=\"application\/ld+json\" class=\"yoast-schema-graph\">{\"@context\":\"https:\\\/\\\/schema.org\",\"@graph\":[{\"@type\":\"WebPage\",\"@id\":\"https:\\\/\\\/hooliganelf.pl\\\/shop\\\/ukryte\\\/gifty\\\/probka-2g-winter-wind\\\/\",\"url\":\"https:\\\/\\\/hooliganelf.pl\\\/shop\\\/ukryte\\\/gifty\\\/probka-2g-winter-wind\\\/\",\"name\":\"Pr\u00f3bka 2g. Winter Wind - Hooligan Elf\",\"isPartOf\":{\"@id\":\"https:\\\/\\\/hooliganelf.pl\\\/#website\"},\"primaryImageOfPage\":{\"@id\":\"https:\\\/\\\/hooliganelf.pl\\\/shop\\\/ukryte\\\/gifty\\\/probka-2g-winter-wind\\\/#primaryimage\"},\"image\":{\"@id\":\"https:\\\/\\\/hooliganelf.pl\\\/shop\\\/ukryte\\\/gifty\\\/probka-2g-winter-wind\\\/#primaryimage\"},\"thumbnailUrl\":\"https:\\\/\\\/hooliganelf.pl\\\/wp-content\\\/uploads\\\/2021\\\/10\\\/wind-2-scaled.jpg\",\"datePublished\":\"2021-12-06T14:55:13+00:00\",\"dateModified\":\"2026-04-01T10:11:52+00:00\",\"breadcrumb\":{\"@id\":\"https:\\\/\\\/hooliganelf.pl\\\/shop\\\/ukryte\\\/gifty\\\/probka-2g-winter-wind\\\/#breadcrumb\"},\"inLanguage\":\"pl-PL\",\"potentialAction\":[{\"@type\":\"ReadAction\",\"target\":[\"https:\\\/\\\/hooliganelf.pl\\\/shop\\\/ukryte\\\/gifty\\\/probka-2g-winter-wind\\\/\"]}]},{\"@type\":\"ImageObject\",\"inLanguage\":\"pl-PL\",\"@id\":\"https:\\\/\\\/hooliganelf.pl\\\/shop\\\/ukryte\\\/gifty\\\/probka-2g-winter-wind\\\/#primaryimage\",\"url\":\"https:\\\/\\\/hooliganelf.pl\\\/wp-content\\\/uploads\\\/2021\\\/10\\\/wind-2-scaled.jpg\",\"contentUrl\":\"https:\\\/\\\/hooliganelf.pl\\\/wp-content\\\/uploads\\\/2021\\\/10\\\/wind-2-scaled.jpg\",\"width\":1862,\"height\":2560},{\"@type\":\"BreadcrumbList\",\"@id\":\"https:\\\/\\\/hooliganelf.pl\\\/shop\\\/ukryte\\\/gifty\\\/probka-2g-winter-wind\\\/#breadcrumb\",\"itemListElement\":[{\"@type\":\"ListItem\",\"position\":1,\"name\":\"Strona g\u0142\u00f3wna\",\"item\":\"https:\\\/\\\/hooliganelf.pl\\\/\"},{\"@type\":\"ListItem\",\"position\":2,\"name\":\"Stragan\",\"item\":\"https:\\\/\\\/hooliganelf.pl\\\/pl\\\/shop\\\/\"},{\"@type\":\"ListItem\",\"position\":3,\"name\":\"Pr\u00f3bka 2g. Winter Wind\"}]},{\"@type\":\"WebSite\",\"@id\":\"https:\\\/\\\/hooliganelf.pl\\\/#website\",\"url\":\"https:\\\/\\\/hooliganelf.pl\\\/\",\"name\":\"Hooligan Elf\",\"description\":\"Le\u015bne wymys\u0142y dzikiej kobiety\",\"publisher\":{\"@id\":\"https:\\\/\\\/hooliganelf.pl\\\/#organization\"},\"potentialAction\":[{\"@type\":\"SearchAction\",\"target\":{\"@type\":\"EntryPoint\",\"urlTemplate\":\"https:\\\/\\\/hooliganelf.pl\\\/?s={search_term_string}\"},\"query-input\":{\"@type\":\"PropertyValueSpecification\",\"valueRequired\":true,\"valueName\":\"search_term_string\"}}],\"inLanguage\":\"pl-PL\"},{\"@type\":\"Organization\",\"@id\":\"https:\\\/\\\/hooliganelf.pl\\\/#organization\",\"name\":\"Hooligan Elf\",\"url\":\"https:\\\/\\\/hooliganelf.pl\\\/\",\"logo\":{\"@type\":\"ImageObject\",\"inLanguage\":\"pl-PL\",\"@id\":\"https:\\\/\\\/hooliganelf.pl\\\/#\\\/schema\\\/logo\\\/image\\\/\",\"url\":\"https:\\\/\\\/hooliganelf.pl\\\/wp-content\\\/uploads\\\/2021\\\/10\\\/logo-nowe-czarne-bez-tla.png\",\"contentUrl\":\"https:\\\/\\\/hooliganelf.pl\\\/wp-content\\\/uploads\\\/2021\\\/10\\\/logo-nowe-czarne-bez-tla.png\",\"width\":1278,\"height\":735,\"caption\":\"Hooligan Elf\"},\"image\":{\"@id\":\"https:\\\/\\\/hooliganelf.pl\\\/#\\\/schema\\\/logo\\\/image\\\/\"},\"sameAs\":[\"https:\\\/\\\/www.facebook.com\\\/HooliganElf\\\/\",\"https:\\\/\\\/www.instagram.com\\\/hooligan.elf\\\/\"]}]}<\/script>\n<!-- \/ Yoast SEO plugin. -->","yoast_head_json":{"title":"Pr\u00f3bka 2g. Winter Wind - Hooligan Elf","robots":{"index":"index","follow":"follow","max-snippet":"max-snippet:-1","max-image-preview":"max-image-preview:large","max-video-preview":"max-video-preview:-1"},"canonical":"https:\/\/hooliganelf.pl\/pl\/shop\/ukryte\/gifty\/probka-2g-winter-wind\/","og_locale":"pl_PL","og_type":"article","og_title":"Pr\u00f3bka 2g. Winter Wind - Hooligan Elf","og_description":"Winter Wind, zimowy wiatr nios\u0105cy zmiany. Programowana jest energi\u0105 transformacji, innowacji i zmian na lepsze. Mieszanka zawiera tatarak, sza\u0142wi\u0119 lecznicz\u0105 i lawend\u0119.","og_url":"https:\/\/hooliganelf.pl\/pl\/shop\/ukryte\/gifty\/probka-2g-winter-wind\/","og_site_name":"Hooligan Elf","article_publisher":"https:\/\/www.facebook.com\/HooliganElf\/","article_modified_time":"2026-04-01T10:11:52+00:00","og_image":[{"width":1862,"height":2560,"url":"https:\/\/hooliganelf.pl\/wp-content\/uploads\/2021\/10\/wind-2-scaled.jpg","type":"image\/jpeg"}],"twitter_card":"summary_large_image","twitter_misc":{"Szacowany czas czytania":"1 minuta"},"schema":{"@context":"https:\/\/schema.org","@graph":[{"@type":"WebPage","@id":"https:\/\/hooliganelf.pl\/shop\/ukryte\/gifty\/probka-2g-winter-wind\/","url":"https:\/\/hooliganelf.pl\/shop\/ukryte\/gifty\/probka-2g-winter-wind\/","name":"Pr\u00f3bka 2g. Winter Wind - Hooligan Elf","isPartOf":{"@id":"https:\/\/hooliganelf.pl\/#website"},"primaryImageOfPage":{"@id":"https:\/\/hooliganelf.pl\/shop\/ukryte\/gifty\/probka-2g-winter-wind\/#primaryimage"},"image":{"@id":"https:\/\/hooliganelf.pl\/shop\/ukryte\/gifty\/probka-2g-winter-wind\/#primaryimage"},"thumbnailUrl":"https:\/\/hooliganelf.pl\/wp-content\/uploads\/2021\/10\/wind-2-scaled.jpg","datePublished":"2021-12-06T14:55:13+00:00","dateModified":"2026-04-01T10:11:52+00:00","breadcrumb":{"@id":"https:\/\/hooliganelf.pl\/shop\/ukryte\/gifty\/probka-2g-winter-wind\/#breadcrumb"},"inLanguage":"pl-PL","potentialAction":[{"@type":"ReadAction","target":["https:\/\/hooliganelf.pl\/shop\/ukryte\/gifty\/probka-2g-winter-wind\/"]}]},{"@type":"ImageObject","inLanguage":"pl-PL","@id":"https:\/\/hooliganelf.pl\/shop\/ukryte\/gifty\/probka-2g-winter-wind\/#primaryimage","url":"https:\/\/hooliganelf.pl\/wp-content\/uploads\/2021\/10\/wind-2-scaled.jpg","contentUrl":"https:\/\/hooliganelf.pl\/wp-content\/uploads\/2021\/10\/wind-2-scaled.jpg","width":1862,"height":2560},{"@type":"BreadcrumbList","@id":"https:\/\/hooliganelf.pl\/shop\/ukryte\/gifty\/probka-2g-winter-wind\/#breadcrumb","itemListElement":[{"@type":"ListItem","position":1,"name":"Strona g\u0142\u00f3wna","item":"https:\/\/hooliganelf.pl\/"},{"@type":"ListItem","position":2,"name":"Stragan","item":"https:\/\/hooliganelf.pl\/pl\/shop\/"},{"@type":"ListItem","position":3,"name":"Pr\u00f3bka 2g. Winter Wind"}]},{"@type":"WebSite","@id":"https:\/\/hooliganelf.pl\/#website","url":"https:\/\/hooliganelf.pl\/","name":"Hooligan Elf","description":"Le\u015bne wymys\u0142y dzikiej kobiety","publisher":{"@id":"https:\/\/hooliganelf.pl\/#organization"},"potentialAction":[{"@type":"SearchAction","target":{"@type":"EntryPoint","urlTemplate":"https:\/\/hooliganelf.pl\/?s={search_term_string}"},"query-input":{"@type":"PropertyValueSpecification","valueRequired":true,"valueName":"search_term_string"}}],"inLanguage":"pl-PL"},{"@type":"Organization","@id":"https:\/\/hooliganelf.pl\/#organization","name":"Hooligan Elf","url":"https:\/\/hooliganelf.pl\/","logo":{"@type":"ImageObject","inLanguage":"pl-PL","@id":"https:\/\/hooliganelf.pl\/#\/schema\/logo\/image\/","url":"https:\/\/hooliganelf.pl\/wp-content\/uploads\/2021\/10\/logo-nowe-czarne-bez-tla.png","contentUrl":"https:\/\/hooliganelf.pl\/wp-content\/uploads\/2021\/10\/logo-nowe-czarne-bez-tla.png","width":1278,"height":735,"caption":"Hooligan Elf"},"image":{"@id":"https:\/\/hooliganelf.pl\/#\/schema\/logo\/image\/"},"sameAs":["https:\/\/www.facebook.com\/HooliganElf\/","https:\/\/www.instagram.com\/hooligan.elf\/"]}]}},"_links":{"self":[{"href":"https:\/\/hooliganelf.pl\/pl\/wp-json\/wp\/v2\/product\/531","targetHints":{"allow":["GET"]}}],"collection":[{"href":"https:\/\/hooliganelf.pl\/pl\/wp-json\/wp\/v2\/product"}],"about":[{"href":"https:\/\/hooliganelf.pl\/pl\/wp-json\/wp\/v2\/types\/product"}],"replies":[{"embeddable":true,"href":"https:\/\/hooliganelf.pl\/pl\/wp-json\/wp\/v2\/comments?post=531"}],"wp:featuredmedia":[{"embeddable":true,"href":"https:\/\/hooliganelf.pl\/pl\/wp-json\/wp\/v2\/media\/123"}],"wp:attachment":[{"href":"https:\/\/hooliganelf.pl\/pl\/wp-json\/wp\/v2\/media?parent=531"}],"wp:term":[{"taxonomy":"product_brand","embeddable":true,"href":"https:\/\/hooliganelf.pl\/pl\/wp-json\/wp\/v2\/product_brand?post=531"},{"taxonomy":"product_cat","embeddable":true,"href":"https:\/\/hooliganelf.pl\/pl\/wp-json\/wp\/v2\/product_cat?post=531"},{"taxonomy":"product_tag","embeddable":true,"href":"https:\/\/hooliganelf.pl\/pl\/wp-json\/wp\/v2\/product_tag?post=531"}],"curies":[{"name":"wp","href":"https:\/\/api.w.org\/{rel}","templated":true}]}}