{"id":556,"date":"2021-12-07T19:37:33","date_gmt":"2021-12-07T18:37:33","guid":{"rendered":"https:\/\/hooliganelf.pl\/?post_type=product&#038;p=556"},"modified":"2025-07-14T08:42:01","modified_gmt":"2025-07-14T06:42:01","slug":"muszla-z-turkusem","status":"publish","type":"product","link":"https:\/\/hooliganelf.pl\/pl\/shop\/talizmany\/muszla-z-turkusem\/","title":{"rendered":"Muszla z Turkusem"},"content":{"rendered":"<p class=\"txt\">Jako znak \u017cyciodajnej wody <strong>muszla<\/strong> by\u0142a dla staro\u017cytnych Grek\u00f3w przede wszystkim znakiem szcz\u0119\u015bcia, wynikaj\u0105cego z trwania \u017cycia i narodzin kolejnych pokole\u0144. Uosobieniem tych p\u0142odnych si\u0142 przyrody by\u0142a Afrodyta, tote\u017c muszl\u0119 po\u015bwi\u0119cono w\u0142a\u015bnie tej bogini.<\/p>\n<p class=\"txt\">Z kolei chrze\u015bcija\u0144scy teologowie por\u00f3wnywali skorup\u0119 mi\u0119czak\u00f3w m.in. do ludzkiego cia\u0142a, b\u0119d\u0105cego tylko pow\u0142ok\u0105 dla nie\u015bmiertelnej duszy.<\/p>\n<p>Jak by nie by\u0142o, \u0142adna jest i zgrabna ca\u0142kiem.<\/p>\n<p><strong>Turkus<\/strong> prawdopodobnie jest jednym z najstarszych kamieni u\u017cywanych przez ludzi, by\u0142 i jest ceniony w wielu kulturach. Indianie z plemienia Navajo wrzucali turkus do rzeki prosz\u0105c boga deszczu o opady. Wed\u0142ug legend hinduskich i perskich patrzenie na turkus podczas nowiu ksi\u0119\u017cyca prowadzi cz\u0142owieka do dobrej fortuny, ochrania przed z\u0142em i zwi\u0119ksza bogactwo. Tak\u017ce wiesz, inwestycja zwr\u00f3ci si\u0119 w nast\u0119pnym nowiu \ud83d\ude09<\/p>\n<p>Wierz\u0119, \u017ce wybieraj\u0105c bi\u017cuteri\u0119 nale\u017cy <strong>kierowa\u0107 si\u0119 intuicj\u0105<\/strong>, zwracaj\u0105c szczeg\u00f3ln\u0105 uwag\u0119 na to, co <strong>przyci\u0105ga oko<\/strong>, co si\u0119 podoba z jakiego\u015b powodu. To s\u0105 najlepsze wskaz\u00f3wki \u015bwiadcz\u0105ce o tym, \u017ce dany kamie\u0144 ma w sobie co\u015b, co mo\u017ce nas wesprze\u0107 w danym momencie \u017cycia.<\/p>\n<p>Kiedy ju\u017c wybierzesz kamie\u0144 mo\u017cesz <strong>&#8220;wt\u0142oczy\u0107&#8221; w niego jak\u0105\u015b my\u015blo-pro\u015bb\u0119<\/strong>, nawet niech to b\u0119dzie ochrona przed bogactwem \ud83d\ude09<\/p>\n<p><strong>Je\u015bli wybierasz kamie\u0144 na prezent dla kogo\u015b, obowi\u0105zuje ta sama zasada- my\u015bl o tej osobie i id\u017a za przeczuciem.\u00a0<\/strong><\/p>\n<p>Metale u\u017cyte: mied\u017a, cyna, srebro.<\/p>\n<p>Mied\u017a jest uwa\u017cana za najlepszy przeka\u017anik energii. Lubi\u0119 z ni\u0105 pracowa\u0107 i\u00a0 bardzo cenie jej receptywno\u015b\u0107- wch\u0142ania energi\u0119 jak woda g\u0105bk\u0119, a \u017ce energi\u0105 jest r\u00f3wnie\u017c my\u015bl i emocja, kamienie z miedzi\u0105 wchodz\u0105 w ciekaw\u0105 synergi\u0119 wzmacniaj\u0105c si\u0119 wzajemnie. Mied\u017a posiada r\u00f3wnie\u017c zdolno\u015b\u0107 harmonizowania ludzkiej polaryzacji, dlatego warto czasem mie\u0107 kontakt z miedzianymi przedmiotami.<\/p>\n<p><em><strong>Wisior pakowany jest w \u0142adne, tekturowe pude\u0142ko z wieczkiem wype\u0142nione mchem. Gotowe na prezent!<\/strong><\/em><\/p>\n","protected":false},"excerpt":{"rendered":"<p>Jako znak \u017cyciodajnej wody muszla by\u0142a dla staro\u017cytnych Grek\u00f3w przede wszystkim znakiem szcz\u0119\u015bcia, wynikaj\u0105cego z trwania \u017cycia i narodzin kolejnych pokole\u0144. Uosobieniem tych p\u0142odnych si\u0142 przyrody by\u0142a Afrodyta, tote\u017c muszl\u0119 po\u015bwi\u0119cono w\u0142a\u015bnie tej bogini. Z kolei chrze\u015bcija\u0144scy teologowie por\u00f3wnywali skorup\u0119 mi\u0119czak\u00f3w m.in. do ludzkiego cia\u0142a, b\u0119d\u0105cego tylko pow\u0142ok\u0105 dla nie\u015bmiertelnej duszy. Jak by nie by\u0142o, \u0142adna jest i zgrabna ca\u0142kiem. Turkus prawdopodobnie jest jednym z najstarszych kamieni u\u017cywanych przez ludzi, by\u0142 i jest ceniony w wielu kulturach. Indianie z plemienia Navajo wrzucali turkus do rzeki prosz\u0105c boga deszczu o opady. Wed\u0142ug legend hinduskich i perskich patrzenie na turkus podczas nowiu ksi\u0119\u017cyca prowadzi cz\u0142owieka do dobrej fortuny, ochrania przed z\u0142em i zwi\u0119ksza bogactwo. Tak\u017ce wiesz, inwestycja zwr\u00f3ci si\u0119 w nast\u0119pnym nowiu \ud83d\ude09 Wierz\u0119, \u017ce wybieraj\u0105c bi\u017cuteri\u0119 nale\u017cy kierowa\u0107 si\u0119 intuicj\u0105, zwracaj\u0105c szczeg\u00f3ln\u0105 uwag\u0119 na to, co przyci\u0105ga oko, co si\u0119 podoba z jakiego\u015b powodu. To s\u0105 najlepsze wskaz\u00f3wki \u015bwiadcz\u0105ce o tym, \u017ce dany kamie\u0144 ma w sobie co\u015b, co mo\u017ce nas wesprze\u0107 w danym momencie \u017cycia. Kiedy ju\u017c wybierzesz kamie\u0144 mo\u017cesz &#8220;wt\u0142oczy\u0107&#8221; w niego jak\u0105\u015b my\u015blo-pro\u015bb\u0119, nawet niech to b\u0119dzie ochrona przed bogactwem \ud83d\ude09 Je\u015bli wybierasz kamie\u0144 na prezent dla kogo\u015b, obowi\u0105zuje ta sama zasada- my\u015bl o tej osobie i id\u017a za przeczuciem.\u00a0 Metale u\u017cyte: mied\u017a, cyna, srebro. Mied\u017a jest uwa\u017cana za najlepszy przeka\u017anik energii. Lubi\u0119 z ni\u0105 pracowa\u0107 i\u00a0 bardzo cenie jej receptywno\u015b\u0107- wch\u0142ania energi\u0119 jak woda g\u0105bk\u0119, a \u017ce energi\u0105 jest r\u00f3wnie\u017c my\u015bl i emocja, kamienie z miedzi\u0105 wchodz\u0105 w ciekaw\u0105 synergi\u0119 wzmacniaj\u0105c si\u0119 wzajemnie. Mied\u017a posiada r\u00f3wnie\u017c zdolno\u015b\u0107 harmonizowania ludzkiej polaryzacji, dlatego warto czasem mie\u0107 kontakt z miedzianymi przedmiotami. Wisior pakowany jest w \u0142adne, tekturowe pude\u0142ko z wieczkiem wype\u0142nione mchem. Gotowe na prezent!<\/p>\n","protected":false},"featured_media":557,"comment_status":"open","ping_status":"closed","template":"","meta":[],"product_brand":[],"product_cat":[42],"product_tag":[],"class_list":{"0":"post-556","1":"product","2":"type-product","3":"status-publish","4":"has-post-thumbnail","6":"product_cat-talizmany","8":"first","9":"outofstock","10":"sale","11":"shipping-taxable","12":"purchasable","13":"product-type-simple"},"yoast_head":"<!-- This site is optimized with the Yoast SEO plugin v27.4 - https:\/\/yoast.com\/product\/yoast-seo-wordpress\/ -->\n<title>Muszla z Turkusem - Hooligan Elf<\/title>\n<meta name=\"robots\" content=\"index, follow, max-snippet:-1, max-image-preview:large, max-video-preview:-1\" \/>\n<link rel=\"canonical\" href=\"https:\/\/hooliganelf.pl\/pl\/shop\/talizmany\/muszla-z-turkusem\/\" \/>\n<meta property=\"og:locale\" content=\"pl_PL\" \/>\n<meta property=\"og:type\" content=\"article\" \/>\n<meta property=\"og:title\" content=\"Muszla z Turkusem - Hooligan Elf\" \/>\n<meta property=\"og:description\" content=\"Jako znak \u017cyciodajnej wody muszla by\u0142a dla staro\u017cytnych Grek\u00f3w przede wszystkim znakiem szcz\u0119\u015bcia, wynikaj\u0105cego z trwania \u017cycia i narodzin kolejnych pokole\u0144. Uosobieniem tych p\u0142odnych si\u0142 przyrody by\u0142a Afrodyta, tote\u017c muszl\u0119 po\u015bwi\u0119cono w\u0142a\u015bnie tej bogini. Z kolei chrze\u015bcija\u0144scy teologowie por\u00f3wnywali skorup\u0119 mi\u0119czak\u00f3w m.in. do ludzkiego cia\u0142a, b\u0119d\u0105cego tylko pow\u0142ok\u0105 dla nie\u015bmiertelnej duszy. Jak by nie by\u0142o, \u0142adna jest i zgrabna ca\u0142kiem. Turkus prawdopodobnie jest jednym z najstarszych kamieni u\u017cywanych przez ludzi, by\u0142 i jest ceniony w wielu kulturach. Indianie z plemienia Navajo wrzucali turkus do rzeki prosz\u0105c boga deszczu o opady. Wed\u0142ug legend hinduskich i perskich patrzenie na turkus podczas nowiu ksi\u0119\u017cyca prowadzi cz\u0142owieka do dobrej fortuny, ochrania przed z\u0142em i zwi\u0119ksza bogactwo. Tak\u017ce wiesz, inwestycja zwr\u00f3ci si\u0119 w nast\u0119pnym nowiu \ud83d\ude09 Wierz\u0119, \u017ce wybieraj\u0105c bi\u017cuteri\u0119 nale\u017cy kierowa\u0107 si\u0119 intuicj\u0105, zwracaj\u0105c szczeg\u00f3ln\u0105 uwag\u0119 na to, co przyci\u0105ga oko, co si\u0119 podoba z jakiego\u015b powodu. To s\u0105 najlepsze wskaz\u00f3wki \u015bwiadcz\u0105ce o tym, \u017ce dany kamie\u0144 ma w sobie co\u015b, co mo\u017ce nas wesprze\u0107 w danym momencie \u017cycia. Kiedy ju\u017c wybierzesz kamie\u0144 mo\u017cesz &#8220;wt\u0142oczy\u0107&#8221; w niego jak\u0105\u015b my\u015blo-pro\u015bb\u0119, nawet niech to b\u0119dzie ochrona przed bogactwem \ud83d\ude09 Je\u015bli wybierasz kamie\u0144 na prezent dla kogo\u015b, obowi\u0105zuje ta sama zasada- my\u015bl o tej osobie i id\u017a za przeczuciem.\u00a0 Metale u\u017cyte: mied\u017a, cyna, srebro. Mied\u017a jest uwa\u017cana za najlepszy przeka\u017anik energii. Lubi\u0119 z ni\u0105 pracowa\u0107 i\u00a0 bardzo cenie jej receptywno\u015b\u0107- wch\u0142ania energi\u0119 jak woda g\u0105bk\u0119, a \u017ce energi\u0105 jest r\u00f3wnie\u017c my\u015bl i emocja, kamienie z miedzi\u0105 wchodz\u0105 w ciekaw\u0105 synergi\u0119 wzmacniaj\u0105c si\u0119 wzajemnie. Mied\u017a posiada r\u00f3wnie\u017c zdolno\u015b\u0107 harmonizowania ludzkiej polaryzacji, dlatego warto czasem mie\u0107 kontakt z miedzianymi przedmiotami. Wisior pakowany jest w \u0142adne, tekturowe pude\u0142ko z wieczkiem wype\u0142nione mchem. Gotowe na prezent!\" \/>\n<meta property=\"og:url\" content=\"https:\/\/hooliganelf.pl\/pl\/shop\/talizmany\/muszla-z-turkusem\/\" \/>\n<meta property=\"og:site_name\" content=\"Hooligan Elf\" \/>\n<meta property=\"article:publisher\" content=\"https:\/\/www.facebook.com\/HooliganElf\/\" \/>\n<meta property=\"article:modified_time\" content=\"2025-07-14T06:42:01+00:00\" \/>\n<meta property=\"og:image\" content=\"https:\/\/hooliganelf.pl\/wp-content\/uploads\/2021\/12\/muszla2.jpg\" \/>\n\t<meta property=\"og:image:width\" content=\"800\" \/>\n\t<meta property=\"og:image:height\" content=\"1100\" \/>\n\t<meta property=\"og:image:type\" content=\"image\/jpeg\" \/>\n<meta name=\"twitter:card\" content=\"summary_large_image\" \/>\n<meta name=\"twitter:label1\" content=\"Szacowany czas czytania\" \/>\n\t<meta name=\"twitter:data1\" content=\"2 minuty\" \/>\n<script type=\"application\/ld+json\" class=\"yoast-schema-graph\">{\"@context\":\"https:\\\/\\\/schema.org\",\"@graph\":[{\"@type\":\"WebPage\",\"@id\":\"https:\\\/\\\/hooliganelf.pl\\\/shop\\\/talizmany\\\/muszla-z-turkusem\\\/\",\"url\":\"https:\\\/\\\/hooliganelf.pl\\\/shop\\\/talizmany\\\/muszla-z-turkusem\\\/\",\"name\":\"Muszla z Turkusem - Hooligan Elf\",\"isPartOf\":{\"@id\":\"https:\\\/\\\/hooliganelf.pl\\\/#website\"},\"primaryImageOfPage\":{\"@id\":\"https:\\\/\\\/hooliganelf.pl\\\/shop\\\/talizmany\\\/muszla-z-turkusem\\\/#primaryimage\"},\"image\":{\"@id\":\"https:\\\/\\\/hooliganelf.pl\\\/shop\\\/talizmany\\\/muszla-z-turkusem\\\/#primaryimage\"},\"thumbnailUrl\":\"https:\\\/\\\/hooliganelf.pl\\\/wp-content\\\/uploads\\\/2021\\\/12\\\/muszla2.jpg\",\"datePublished\":\"2021-12-07T18:37:33+00:00\",\"dateModified\":\"2025-07-14T06:42:01+00:00\",\"breadcrumb\":{\"@id\":\"https:\\\/\\\/hooliganelf.pl\\\/shop\\\/talizmany\\\/muszla-z-turkusem\\\/#breadcrumb\"},\"inLanguage\":\"pl-PL\",\"potentialAction\":[{\"@type\":\"ReadAction\",\"target\":[\"https:\\\/\\\/hooliganelf.pl\\\/shop\\\/talizmany\\\/muszla-z-turkusem\\\/\"]}]},{\"@type\":\"ImageObject\",\"inLanguage\":\"pl-PL\",\"@id\":\"https:\\\/\\\/hooliganelf.pl\\\/shop\\\/talizmany\\\/muszla-z-turkusem\\\/#primaryimage\",\"url\":\"https:\\\/\\\/hooliganelf.pl\\\/wp-content\\\/uploads\\\/2021\\\/12\\\/muszla2.jpg\",\"contentUrl\":\"https:\\\/\\\/hooliganelf.pl\\\/wp-content\\\/uploads\\\/2021\\\/12\\\/muszla2.jpg\",\"width\":800,\"height\":1100},{\"@type\":\"BreadcrumbList\",\"@id\":\"https:\\\/\\\/hooliganelf.pl\\\/shop\\\/talizmany\\\/muszla-z-turkusem\\\/#breadcrumb\",\"itemListElement\":[{\"@type\":\"ListItem\",\"position\":1,\"name\":\"Strona g\u0142\u00f3wna\",\"item\":\"https:\\\/\\\/hooliganelf.pl\\\/\"},{\"@type\":\"ListItem\",\"position\":2,\"name\":\"Stragan\",\"item\":\"https:\\\/\\\/hooliganelf.pl\\\/pl\\\/shop\\\/\"},{\"@type\":\"ListItem\",\"position\":3,\"name\":\"Muszla z Turkusem\"}]},{\"@type\":\"WebSite\",\"@id\":\"https:\\\/\\\/hooliganelf.pl\\\/#website\",\"url\":\"https:\\\/\\\/hooliganelf.pl\\\/\",\"name\":\"Hooligan Elf\",\"description\":\"Le\u015bne wymys\u0142y dzikiej kobiety\",\"publisher\":{\"@id\":\"https:\\\/\\\/hooliganelf.pl\\\/#organization\"},\"potentialAction\":[{\"@type\":\"SearchAction\",\"target\":{\"@type\":\"EntryPoint\",\"urlTemplate\":\"https:\\\/\\\/hooliganelf.pl\\\/?s={search_term_string}\"},\"query-input\":{\"@type\":\"PropertyValueSpecification\",\"valueRequired\":true,\"valueName\":\"search_term_string\"}}],\"inLanguage\":\"pl-PL\"},{\"@type\":\"Organization\",\"@id\":\"https:\\\/\\\/hooliganelf.pl\\\/#organization\",\"name\":\"Hooligan Elf\",\"url\":\"https:\\\/\\\/hooliganelf.pl\\\/\",\"logo\":{\"@type\":\"ImageObject\",\"inLanguage\":\"pl-PL\",\"@id\":\"https:\\\/\\\/hooliganelf.pl\\\/#\\\/schema\\\/logo\\\/image\\\/\",\"url\":\"https:\\\/\\\/hooliganelf.pl\\\/wp-content\\\/uploads\\\/2021\\\/10\\\/logo-nowe-czarne-bez-tla.png\",\"contentUrl\":\"https:\\\/\\\/hooliganelf.pl\\\/wp-content\\\/uploads\\\/2021\\\/10\\\/logo-nowe-czarne-bez-tla.png\",\"width\":1278,\"height\":735,\"caption\":\"Hooligan Elf\"},\"image\":{\"@id\":\"https:\\\/\\\/hooliganelf.pl\\\/#\\\/schema\\\/logo\\\/image\\\/\"},\"sameAs\":[\"https:\\\/\\\/www.facebook.com\\\/HooliganElf\\\/\",\"https:\\\/\\\/www.instagram.com\\\/hooligan.elf\\\/\"]}]}<\/script>\n<!-- \/ Yoast SEO plugin. -->","yoast_head_json":{"title":"Muszla z Turkusem - Hooligan Elf","robots":{"index":"index","follow":"follow","max-snippet":"max-snippet:-1","max-image-preview":"max-image-preview:large","max-video-preview":"max-video-preview:-1"},"canonical":"https:\/\/hooliganelf.pl\/pl\/shop\/talizmany\/muszla-z-turkusem\/","og_locale":"pl_PL","og_type":"article","og_title":"Muszla z Turkusem - Hooligan Elf","og_description":"Jako znak \u017cyciodajnej wody muszla by\u0142a dla staro\u017cytnych Grek\u00f3w przede wszystkim znakiem szcz\u0119\u015bcia, wynikaj\u0105cego z trwania \u017cycia i narodzin kolejnych pokole\u0144. Uosobieniem tych p\u0142odnych si\u0142 przyrody by\u0142a Afrodyta, tote\u017c muszl\u0119 po\u015bwi\u0119cono w\u0142a\u015bnie tej bogini. Z kolei chrze\u015bcija\u0144scy teologowie por\u00f3wnywali skorup\u0119 mi\u0119czak\u00f3w m.in. do ludzkiego cia\u0142a, b\u0119d\u0105cego tylko pow\u0142ok\u0105 dla nie\u015bmiertelnej duszy. Jak by nie by\u0142o, \u0142adna jest i zgrabna ca\u0142kiem. Turkus prawdopodobnie jest jednym z najstarszych kamieni u\u017cywanych przez ludzi, by\u0142 i jest ceniony w wielu kulturach. Indianie z plemienia Navajo wrzucali turkus do rzeki prosz\u0105c boga deszczu o opady. Wed\u0142ug legend hinduskich i perskich patrzenie na turkus podczas nowiu ksi\u0119\u017cyca prowadzi cz\u0142owieka do dobrej fortuny, ochrania przed z\u0142em i zwi\u0119ksza bogactwo. Tak\u017ce wiesz, inwestycja zwr\u00f3ci si\u0119 w nast\u0119pnym nowiu \ud83d\ude09 Wierz\u0119, \u017ce wybieraj\u0105c bi\u017cuteri\u0119 nale\u017cy kierowa\u0107 si\u0119 intuicj\u0105, zwracaj\u0105c szczeg\u00f3ln\u0105 uwag\u0119 na to, co przyci\u0105ga oko, co si\u0119 podoba z jakiego\u015b powodu. To s\u0105 najlepsze wskaz\u00f3wki \u015bwiadcz\u0105ce o tym, \u017ce dany kamie\u0144 ma w sobie co\u015b, co mo\u017ce nas wesprze\u0107 w danym momencie \u017cycia. Kiedy ju\u017c wybierzesz kamie\u0144 mo\u017cesz &#8220;wt\u0142oczy\u0107&#8221; w niego jak\u0105\u015b my\u015blo-pro\u015bb\u0119, nawet niech to b\u0119dzie ochrona przed bogactwem \ud83d\ude09 Je\u015bli wybierasz kamie\u0144 na prezent dla kogo\u015b, obowi\u0105zuje ta sama zasada- my\u015bl o tej osobie i id\u017a za przeczuciem.\u00a0 Metale u\u017cyte: mied\u017a, cyna, srebro. Mied\u017a jest uwa\u017cana za najlepszy przeka\u017anik energii. Lubi\u0119 z ni\u0105 pracowa\u0107 i\u00a0 bardzo cenie jej receptywno\u015b\u0107- wch\u0142ania energi\u0119 jak woda g\u0105bk\u0119, a \u017ce energi\u0105 jest r\u00f3wnie\u017c my\u015bl i emocja, kamienie z miedzi\u0105 wchodz\u0105 w ciekaw\u0105 synergi\u0119 wzmacniaj\u0105c si\u0119 wzajemnie. Mied\u017a posiada r\u00f3wnie\u017c zdolno\u015b\u0107 harmonizowania ludzkiej polaryzacji, dlatego warto czasem mie\u0107 kontakt z miedzianymi przedmiotami. Wisior pakowany jest w \u0142adne, tekturowe pude\u0142ko z wieczkiem wype\u0142nione mchem. Gotowe na prezent!","og_url":"https:\/\/hooliganelf.pl\/pl\/shop\/talizmany\/muszla-z-turkusem\/","og_site_name":"Hooligan Elf","article_publisher":"https:\/\/www.facebook.com\/HooliganElf\/","article_modified_time":"2025-07-14T06:42:01+00:00","og_image":[{"width":800,"height":1100,"url":"https:\/\/hooliganelf.pl\/wp-content\/uploads\/2021\/12\/muszla2.jpg","type":"image\/jpeg"}],"twitter_card":"summary_large_image","twitter_misc":{"Szacowany czas czytania":"2 minuty"},"schema":{"@context":"https:\/\/schema.org","@graph":[{"@type":"WebPage","@id":"https:\/\/hooliganelf.pl\/shop\/talizmany\/muszla-z-turkusem\/","url":"https:\/\/hooliganelf.pl\/shop\/talizmany\/muszla-z-turkusem\/","name":"Muszla z Turkusem - Hooligan Elf","isPartOf":{"@id":"https:\/\/hooliganelf.pl\/#website"},"primaryImageOfPage":{"@id":"https:\/\/hooliganelf.pl\/shop\/talizmany\/muszla-z-turkusem\/#primaryimage"},"image":{"@id":"https:\/\/hooliganelf.pl\/shop\/talizmany\/muszla-z-turkusem\/#primaryimage"},"thumbnailUrl":"https:\/\/hooliganelf.pl\/wp-content\/uploads\/2021\/12\/muszla2.jpg","datePublished":"2021-12-07T18:37:33+00:00","dateModified":"2025-07-14T06:42:01+00:00","breadcrumb":{"@id":"https:\/\/hooliganelf.pl\/shop\/talizmany\/muszla-z-turkusem\/#breadcrumb"},"inLanguage":"pl-PL","potentialAction":[{"@type":"ReadAction","target":["https:\/\/hooliganelf.pl\/shop\/talizmany\/muszla-z-turkusem\/"]}]},{"@type":"ImageObject","inLanguage":"pl-PL","@id":"https:\/\/hooliganelf.pl\/shop\/talizmany\/muszla-z-turkusem\/#primaryimage","url":"https:\/\/hooliganelf.pl\/wp-content\/uploads\/2021\/12\/muszla2.jpg","contentUrl":"https:\/\/hooliganelf.pl\/wp-content\/uploads\/2021\/12\/muszla2.jpg","width":800,"height":1100},{"@type":"BreadcrumbList","@id":"https:\/\/hooliganelf.pl\/shop\/talizmany\/muszla-z-turkusem\/#breadcrumb","itemListElement":[{"@type":"ListItem","position":1,"name":"Strona g\u0142\u00f3wna","item":"https:\/\/hooliganelf.pl\/"},{"@type":"ListItem","position":2,"name":"Stragan","item":"https:\/\/hooliganelf.pl\/pl\/shop\/"},{"@type":"ListItem","position":3,"name":"Muszla z Turkusem"}]},{"@type":"WebSite","@id":"https:\/\/hooliganelf.pl\/#website","url":"https:\/\/hooliganelf.pl\/","name":"Hooligan Elf","description":"Le\u015bne wymys\u0142y dzikiej kobiety","publisher":{"@id":"https:\/\/hooliganelf.pl\/#organization"},"potentialAction":[{"@type":"SearchAction","target":{"@type":"EntryPoint","urlTemplate":"https:\/\/hooliganelf.pl\/?s={search_term_string}"},"query-input":{"@type":"PropertyValueSpecification","valueRequired":true,"valueName":"search_term_string"}}],"inLanguage":"pl-PL"},{"@type":"Organization","@id":"https:\/\/hooliganelf.pl\/#organization","name":"Hooligan Elf","url":"https:\/\/hooliganelf.pl\/","logo":{"@type":"ImageObject","inLanguage":"pl-PL","@id":"https:\/\/hooliganelf.pl\/#\/schema\/logo\/image\/","url":"https:\/\/hooliganelf.pl\/wp-content\/uploads\/2021\/10\/logo-nowe-czarne-bez-tla.png","contentUrl":"https:\/\/hooliganelf.pl\/wp-content\/uploads\/2021\/10\/logo-nowe-czarne-bez-tla.png","width":1278,"height":735,"caption":"Hooligan Elf"},"image":{"@id":"https:\/\/hooliganelf.pl\/#\/schema\/logo\/image\/"},"sameAs":["https:\/\/www.facebook.com\/HooliganElf\/","https:\/\/www.instagram.com\/hooligan.elf\/"]}]}},"_links":{"self":[{"href":"https:\/\/hooliganelf.pl\/pl\/wp-json\/wp\/v2\/product\/556","targetHints":{"allow":["GET"]}}],"collection":[{"href":"https:\/\/hooliganelf.pl\/pl\/wp-json\/wp\/v2\/product"}],"about":[{"href":"https:\/\/hooliganelf.pl\/pl\/wp-json\/wp\/v2\/types\/product"}],"replies":[{"embeddable":true,"href":"https:\/\/hooliganelf.pl\/pl\/wp-json\/wp\/v2\/comments?post=556"}],"wp:featuredmedia":[{"embeddable":true,"href":"https:\/\/hooliganelf.pl\/pl\/wp-json\/wp\/v2\/media\/557"}],"wp:attachment":[{"href":"https:\/\/hooliganelf.pl\/pl\/wp-json\/wp\/v2\/media?parent=556"}],"wp:term":[{"taxonomy":"product_brand","embeddable":true,"href":"https:\/\/hooliganelf.pl\/pl\/wp-json\/wp\/v2\/product_brand?post=556"},{"taxonomy":"product_cat","embeddable":true,"href":"https:\/\/hooliganelf.pl\/pl\/wp-json\/wp\/v2\/product_cat?post=556"},{"taxonomy":"product_tag","embeddable":true,"href":"https:\/\/hooliganelf.pl\/pl\/wp-json\/wp\/v2\/product_tag?post=556"}],"curies":[{"name":"wp","href":"https:\/\/api.w.org\/{rel}","templated":true}]}}